{"id":11,"date":"2023-02-19T10:18:59","date_gmt":"2023-02-19T02:18:59","guid":{"rendered":"https:\/\/suncasesupply.com\/?page_id=11"},"modified":"2023-03-08T23:20:26","modified_gmt":"2023-03-08T15:20:26","slug":"cookie-policy","status":"publish","type":"page","link":"https:\/\/suncasesupply.com\/fr\/cookie-policy\/","title":{"rendered":"Politique en mati\u00e8re de cookies"},"content":{"rendered":"<h2 class=\"wp-block-heading\" id=\"how-tatapck-uses-cookies\">COMMENT TATAPCK UTILISE LES COOKIES<\/h2>\n\n\n\n<p>Un cookie est un petit fichier qui demande l&#039;autorisation d&#039;\u00eatre plac\u00e9 sur le disque dur de votre ordinateur. Une fois que vous acceptez, le fichier est ajout\u00e9 et le cookie permet d&#039;analyser le trafic Web ou vous permet de savoir lorsque vous visitez un site particulier. Les cookies permettent aux applications Web de vous r\u00e9pondre en tant qu&#039;individu. L&#039;application Web peut adapter ses op\u00e9rations \u00e0 vos besoins, vos go\u00fbts et vos aversions en collectant et en m\u00e9morisant des informations sur vos pr\u00e9f\u00e9rences.<\/p>\n\n\n\n<p>Nous utilisons des cookies de journal de trafic pour identifier les pages utilis\u00e9es. Cela nous aide \u00e0 analyser les donn\u00e9es sur le trafic des pages Web et \u00e0 am\u00e9liorer notre site Web afin de l&#039;adapter aux besoins des clients. Nous utilisons ces informations uniquement \u00e0 des fins d&#039;analyse statistique, puis les donn\u00e9es sont supprim\u00e9es du syst\u00e8me.<\/p>\n\n\n\n<p>Dans l&#039;ensemble, les cookies nous aident \u00e0 vous offrir un meilleur site Web, en nous permettant de surveiller les pages que vous trouvez utiles et celles qui ne vous sont pas utiles. Un cookie ne nous donne en aucun cas acc\u00e8s \u00e0 votre ordinateur ou \u00e0 toute information vous concernant, autre que les donn\u00e9es que vous choisissez de partager avec nous.<\/p>\n\n\n\n<p>Tu peux choisir d&#039;accepter ou de refuser les cookies. La plupart des navigateurs Web acceptent automatiquement les cookies, mais vous pouvez g\u00e9n\u00e9ralement modifier les param\u00e8tres de votre navigateur pour refuser les cookies si vous pr\u00e9f\u00e9rez. Cela peut vous emp\u00eacher de profiter pleinement du site Web.<\/p>\n\n\n\n<h2 class=\"wp-block-heading\" id=\"links-to-other-websites\">LIENS VERS D&#039;AUTRES SITES WEB<\/h2>\n\n\n\n<p>Notre site Web peut contenir des liens vers d\u2019autres sites Web int\u00e9ressants. Cependant, une fois que vous avez utilis\u00e9 ces liens pour quitter notre site, vous devez noter que nous n&#039;avons aucun contr\u00f4le sur cet autre site Web. Par cons\u00e9quent, nous ne pouvons \u00eatre responsables de la protection et de la confidentialit\u00e9 des informations que vous fournissez lors de votre visite sur ces sites et ces sites ne sont pas r\u00e9gis par cette d\u00e9claration de confidentialit\u00e9. Vous devez faire preuve de prudence et consulter la d\u00e9claration de confidentialit\u00e9 applicable au site Web en question.<\/p>\n\n\n\n<h2 class=\"wp-block-heading\" id=\"controlling-your-personal-information\">CONTR\u00d4LE DE VOS INFORMATIONS PERSONNELLES<\/h2>\n\n\n\n<p>Vous pouvez choisir de restreindre la collecte ou l\u2019utilisation de vos informations personnelles des mani\u00e8res suivantes\u00a0:<\/p>\n\n\n\n<p>Chaque fois que vous \u00eates invit\u00e9 \u00e0 remplir un formulaire sur le site Web, recherchez la case sur laquelle vous pouvez cliquer pour indiquer que vous ne souhaitez pas que les informations soient utilis\u00e9es par quiconque \u00e0 des fins de marketing direct.<\/p>\n\n\n\n<p>Si vous avez pr\u00e9alablement accept\u00e9 que nous utilisions vos informations personnelles \u00e0 des fins de marketing direct, vous pouvez changer d&#039;avis \u00e0 tout moment en nous \u00e9crivant ou en nous envoyant un e-mail \u00e0&nbsp;<a href=\"mailto:arden@tatapack.com\">arden@tatapack.com<\/a><\/p>\n\n\n\n<p>Nous ne vendrons, distribuerons ou louerons pas vos informations personnelles \u00e0 des tiers, sauf si nous avons votre autorisation ou si la loi nous y oblige. Nous pouvons utiliser vos informations personnelles pour vous envoyer des informations promotionnelles sur des tiers qui, selon nous, pourraient vous int\u00e9resser si vous nous dites que vous souhaitez que cela se produise.<\/p>\n\n\n\n<p>Vous pouvez demander des d\u00e9tails sur les informations personnelles que nous d\u00e9tenons \u00e0 votre sujet en vertu de la loi sur la protection des donn\u00e9es de 1998. Une somme modique sera payable. Si vous souhaitez une copie des informations d\u00e9tenues sur vous, veuillez \u00e9crire \u00e0\u00a0;<\/p>\n\n\n\n<p><strong>PACK TATA<\/strong><br>Guoxiangqiao Mid Rd No.1<em><br>Ville de Yuyao<br>Ningbo315400<br>CHINE<\/em><\/p>\n\n\n\n<p>Si vous pensez que les informations que nous d\u00e9tenons sur vous sont incorrectes ou incompl\u00e8tes, veuillez nous \u00e9crire ou nous envoyer un e-mail d\u00e8s que possible, \u00e0 l&#039;adresse ci-dessus. Nous corrigerons rapidement toute information jug\u00e9e incorrecte<\/p>\n\n\n\n<p>TATAPACK s&#039;engage \u00e0 garantir la protection de votre vie priv\u00e9e. Si nous vous demandons de fournir certaines informations permettant de vous identifier lors de l&#039;utilisation de ce site Web, vous pouvez \u00eatre assur\u00e9 qu&#039;elles ne seront utilis\u00e9es que conform\u00e9ment \u00e0 cette d\u00e9claration de confidentialit\u00e9.<\/p>\n\n\n\n<p>TATAPACK peut modifier cette politique de temps \u00e0 autre en mettant \u00e0 jour cette page. Vous devriez consulter cette page de temps en temps pour vous assurer que vous \u00eates satisfait de tout changement. Cette politique est en vigueur depuis ao\u00fbt 2016.<\/p>\n\n\n\n<h2 class=\"wp-block-heading\" id=\"what-we-collect\">CE QUE NOUS COLLECTONS<\/h2>\n\n\n\n<p>Nous pouvons collecter les informations suivantes :<\/p>\n\n\n\n<ol>\n<li>Nom et titre du poste<\/li>\n\n\n\n<li>Coordonn\u00e9es, y compris l&#039;adresse \u00e9lectronique<\/li>\n\n\n\n<li>Informations d\u00e9mographiques telles que le code postal, les pr\u00e9f\u00e9rences et les int\u00e9r\u00eats<\/li>\n\n\n\n<li>Autres informations pertinentes pour les enqu\u00eates clients et\/ou les offres<\/li>\n<\/ol>\n\n\n\n<h2 class=\"wp-block-heading\" id=\"what-we-do-with-the-information-we-gather\">CE QUE NOUS FAISONS AVEC LES INFORMATIONS QUE NOUS RECUEILLONS<\/h2>\n\n\n\n<p>Nous avons besoin de ces informations pour comprendre vos besoins et vous offrir un meilleur service, et notamment pour les raisons suivantes :<\/p>\n\n\n\n<h2 class=\"wp-block-heading\" id=\"internal-record-keeping\">TENUE DE DOSSIERS INTERNES.<\/h2>\n\n\n\n<p>Nous pouvons utiliser ces informations pour am\u00e9liorer nos produits et services.<br>Nous pouvons p\u00e9riodiquement envoyer des e-mails promotionnels concernant de nouveaux produits, des offres sp\u00e9ciales ou d&#039;autres informations que nous pensons susceptibles de vous int\u00e9resser en utilisant l&#039;adresse e-mail que vous avez fournie. Vous aurez toujours la possibilit\u00e9 de vous d\u00e9sabonner de tout envoi ult\u00e9rieur.<\/p>\n\n\n\n<p>Nous pouvons \u00e9galement utiliser vos informations pour vous contacter \u00e0 des fins d&#039;\u00e9tudes de march\u00e9. Nous pouvons vous contacter par e-mail, t\u00e9l\u00e9phone, fax ou courrier. Nous pouvons utiliser les informations pour personnaliser le site Web en fonction de vos int\u00e9r\u00eats.<\/p>\n\n\n\n<h2 class=\"wp-block-heading\" id=\"security\">S\u00c9CURIT\u00c9<\/h2>\n\n\n\n<p>Nous nous engageons \u00e0 garantir la s\u00e9curit\u00e9 de vos informations. Afin d&#039;emp\u00eacher tout acc\u00e8s ou divulgation non autoris\u00e9, nous avons mis en place des proc\u00e9dures physiques, \u00e9lectroniques et de gestion appropri\u00e9es pour sauvegarder et s\u00e9curiser les informations que nous collectons en ligne.<\/p>","protected":false},"excerpt":{"rendered":"<p>COMMENT TATAPCK UTILISE LES COOKIES Un cookie est un petit fichier qui demande l&#039;autorisation d&#039;\u00eatre plac\u00e9 sur le disque dur de votre ordinateur. Une fois que vous acceptez, le fichier est ajout\u00e9 et le cookie permet d&#039;analyser le trafic Web ou vous permet de savoir lorsque vous visitez un site particulier. Les cookies permettent aux applications Web de vous r\u00e9pondre en tant qu&#039;individu. L&#039;application Web peut adapter ses op\u00e9rations \u00e0 vos besoins, vos go\u00fbts et vos aversions en collectant et en m\u00e9morisant des informations sur vos pr\u00e9f\u00e9rences. Nous utilisons des cookies de journal de trafic pour identifier les pages utilis\u00e9es. Cela nous aide \u00e0 analyser les donn\u00e9es sur le trafic des pages Web et \u00e0 am\u00e9liorer\u2026<\/p>","protected":false},"author":1,"featured_media":304,"parent":0,"menu_order":0,"comment_status":"closed","ping_status":"closed","template":"","meta":{"_gspb_post_css":""},"blocksy_meta":"","featured_image_urls":{"full":["https:\/\/suncasesupply.com\/wp-content\/uploads\/2023\/03\/header-1-1.webp",1920,320,false],"thumbnail":["https:\/\/suncasesupply.com\/wp-content\/uploads\/2023\/03\/header-1-1-150x150.webp",150,150,true],"medium":["https:\/\/suncasesupply.com\/wp-content\/uploads\/2023\/03\/header-1-1-300x50.webp",300,50,true],"medium_large":["https:\/\/suncasesupply.com\/wp-content\/uploads\/2023\/03\/header-1-1-768x128.webp",768,128,true],"large":["https:\/\/suncasesupply.com\/wp-content\/uploads\/2023\/03\/header-1-1-1024x171.webp",1024,171,true],"1536x1536":["https:\/\/suncasesupply.com\/wp-content\/uploads\/2023\/03\/header-1-1-1536x256.webp",1536,256,true],"2048x2048":["https:\/\/suncasesupply.com\/wp-content\/uploads\/2023\/03\/header-1-1.webp",1920,320,false],"trp-custom-language-flag":["https:\/\/suncasesupply.com\/wp-content\/uploads\/2023\/03\/header-1-1.webp",18,3,false],"woocommerce_thumbnail":["https:\/\/suncasesupply.com\/wp-content\/uploads\/2023\/03\/header-1-1-300x300.webp",300,300,true],"woocommerce_single":["https:\/\/suncasesupply.com\/wp-content\/uploads\/2023\/03\/header-1-1-600x100.webp",600,100,true],"woocommerce_gallery_thumbnail":["https:\/\/suncasesupply.com\/wp-content\/uploads\/2023\/03\/header-1-1-100x100.webp",100,100,true]},"post_excerpt_stackable":"<p>HOW TATAPCK USES COOKIES A cookie is a small file which asks permission to be placed on your computer\u2019s hard drive. Once you agree, the file is added and the cookie helps analyse web traffic or lets you know when you visit a particular site. Cookies allow web applications to respond to you as an individual. The web application can tailor its operations to your needs, likes and dislikes by gathering and remembering information about your preferences. We use traffic log cookies to identify which pages are being used. This helps us analyse data about web page traffic and improve\u2026<\/p>\n","category_list":"","author_info":{"name":"SUN CASE","url":"https:\/\/suncasesupply.com\/fr\/author\/admin\/"},"comments_num":"0 commentaire","_links":{"self":[{"href":"https:\/\/suncasesupply.com\/fr\/wp-json\/wp\/v2\/pages\/11"}],"collection":[{"href":"https:\/\/suncasesupply.com\/fr\/wp-json\/wp\/v2\/pages"}],"about":[{"href":"https:\/\/suncasesupply.com\/fr\/wp-json\/wp\/v2\/types\/page"}],"author":[{"embeddable":true,"href":"https:\/\/suncasesupply.com\/fr\/wp-json\/wp\/v2\/users\/1"}],"replies":[{"embeddable":true,"href":"https:\/\/suncasesupply.com\/fr\/wp-json\/wp\/v2\/comments?post=11"}],"version-history":[{"count":3,"href":"https:\/\/suncasesupply.com\/fr\/wp-json\/wp\/v2\/pages\/11\/revisions"}],"predecessor-version":[{"id":307,"href":"https:\/\/suncasesupply.com\/fr\/wp-json\/wp\/v2\/pages\/11\/revisions\/307"}],"wp:featuredmedia":[{"embeddable":true,"href":"https:\/\/suncasesupply.com\/fr\/wp-json\/wp\/v2\/media\/304"}],"wp:attachment":[{"href":"https:\/\/suncasesupply.com\/fr\/wp-json\/wp\/v2\/media?parent=11"}],"curies":[{"name":"wp","href":"https:\/\/api.w.org\/{rel}","templated":true}]}}