{"id":26515,"date":"2026-05-15T16:45:28","date_gmt":"2026-05-15T08:45:28","guid":{"rendered":"https:\/\/suncasesupply.com\/?post_type=product&#038;p=26515"},"modified":"2026-05-15T18:21:13","modified_gmt":"2026-05-15T10:21:13","slug":"professional-rolling-makeup-train-case-large-trolley-storage-case-for-nail-technicians-hairstylist","status":"publish","type":"product","link":"https:\/\/suncasesupply.com\/es\/product\/professional-rolling-makeup-train-case-large-trolley-storage-case-for-nail-technicians-hairstylist\/","title":{"rendered":"Malet\u00edn profesional con ruedas para maquillaje, maleta grande con ruedas para t\u00e9cnicos de u\u00f1as y peluqueros."},"content":{"rendered":"<p>El neceser con ruedas es un estuche port\u00e1til de maquillaje o multiusos con varios niveles, dise\u00f1ado para la organizaci\u00f3n y la movilidad. Aqu\u00ed tienes una descripci\u00f3n detallada:<\/p>\n<h4><span style=\"color: #003366;\">Caracter\u00edsticas:<\/span><\/h4>\n<p><strong>Malet\u00edn profesional con ruedas<\/strong> \u2013 El malet\u00edn de maquillaje multifuncional con ruedas, bandejas extra\u00edbles y caj\u00f3n est\u00e1 dise\u00f1ado para satisfacer las necesidades de profesionales como manicuristas, maquilladores y estilistas. Dimensiones del malet\u00edn: 67,6 cm x 35 cm x 23,4 cm.<br \/>\n<strong>Buena portabilidad<\/strong> El asa telesc\u00f3pica, junto con las cuatro ruedas desmontables que giran 360 grados, facilita su transporte. Ofrece gran capacidad de almacenamiento y organizaci\u00f3n, sin ocupar mucho espacio en un veh\u00edculo o estudio. Los cierres de aleaci\u00f3n son bloqueables con llave.<br \/>\n<strong>Almacenamiento flexible<\/strong> Las manicuristas que viajan pueden guardar gran cantidad de esmaltes en gel en los compartimentos superiores y una l\u00e1mpara de u\u00f1as port\u00e1til en el caj\u00f3n. Los peluqueros encontrar\u00e1n \u00fatiles los compartimentos para tijeras, que les permiten tenerlas siempre a mano. Los maquilladores apreciar\u00e1n el pr\u00e1ctico malet\u00edn con ruedas para llevarlo a bodas.<\/p>\n<h4><span style=\"color: #003366;\">Detalles del producto:<\/span><\/h4>\n<div style=\"display: flex; gap: 20px;\">\n<div style=\"flex: 1; text-align: center;\">\n<p><img decoding=\"async\" style=\"max-width: 100%; height: auto; margin-bottom: 10px;\" src=\"https:\/\/suncasesupply.com\/wp-content\/uploads\/2026\/05\/Sturdy-corners-1.jpg\" alt=\"Esquinas resistentes\" \/><\/p>\n<p style=\"font-weight: bold; margin: 5px 0;\">Esquinas resistentes<\/p>\n<p style=\"margin: 0;\">Dise\u00f1ado con una estructura de aluminio resistente y esquinas reforzadas, este malet\u00edn de maquillaje con ruedas es duradero y protege tus accesorios profesionales de u\u00f1as, maquillaje, cosm\u00e9ticos y peluquer\u00eda.<\/p>\n<\/div>\n<p><!-- \u7b2c\u4e8c\u680f --><\/p>\n<div style=\"flex: 1; text-align: center;\">\n<p><img decoding=\"async\" style=\"max-width: 100%; height: auto; margin-bottom: 10px;\" src=\"https:\/\/suncasesupply.com\/wp-content\/uploads\/2026\/05\/Telescopic-Pull-Rod-1.jpg\" alt=\"Varilla de tracci\u00f3n telesc\u00f3pica\" \/><\/p>\n<p style=\"font-weight: bold; margin: 5px 0;\">Varilla de tracci\u00f3n telesc\u00f3pica<\/p>\n<p style=\"margin: 0;\">La barra de tracci\u00f3n se puede extender a diferentes longitudes para tirar de la maleta c\u00f3modamente mientras se rueda; dos barras paralelas para mayor estabilidad y distribuci\u00f3n del peso; el agarre ancho y ergon\u00f3mico garantiza el control al maniobrar incluso con una maleta completamente cargada.<\/p>\n<\/div>\n<p><!-- \u7b2c\u4e09\u680f --><\/p>\n<div style=\"flex: 1; text-align: center;\">\n<p><img decoding=\"async\" style=\"max-width: 100%; height: auto; margin-bottom: 10px;\" src=\"https:\/\/suncasesupply.com\/wp-content\/uploads\/2026\/05\/Removable-drawer.jpg\" alt=\"Caj\u00f3n extra\u00edble\" \/><\/p>\n<p style=\"font-weight: bold; margin: 5px 0;\">Caj\u00f3n extra\u00edble<\/p>\n<p style=\"margin: 0;\">El neceser con ruedas cuenta con un caj\u00f3n extra\u00edble en el lateral, que ofrece un amplio espacio para tus cosm\u00e9ticos y herramientas, como una l\u00e1mpara de u\u00f1as port\u00e1til. El caj\u00f3n es extra\u00edble, lo que facilita enormemente el acceso a tus art\u00edculos.<\/p>\n<\/div>\n<p><!-- \u7b2c\u56db\u680f --><\/p>\n<div style=\"flex: 1; text-align: center;\">\n<p><img decoding=\"async\" src=\"https:\/\/suncasesupply.com\/wp-content\/uploads\/2026\/05\/Large-capacity.jpg\" \/><\/p>\n<p><strong>Gran capacidad<\/strong><\/p>\n<p style=\"margin: 0;\">Este estuche para guardar maquillaje incluye bandejas cuadradas para accesorios, un compartimento superior ajustable y un caj\u00f3n deslizante; todos los componentes juntos pueden albergar brochas, frascos, paletas, herramientas y otros accesorios.<\/p>\n<\/div>\n<\/div>\n<h4><span style=\"color: #003366;\">Proceso de fabricaci\u00f3n del estuche de maquillaje:<\/span><\/h4>\n<p><img decoding=\"async\" style=\"max-width: 100%; height: auto; margin-bottom: 10px;\" src=\"https:\/\/suncasesupply.com\/wp-content\/uploads\/2025\/07\/Manufacturing-Process.png\" alt=\"Proceso de fabricaci\u00f3n de Suncase\" \/><\/p>\n<div style=\"background-color: #29599a; padding: 40px 20px; text-align: center; color: #ffffff; border-radius: 10px; margin: 40px auto; max-width: 960px;\">\n<h2 style=\"font-size: 22px; margin-bottom: 20px; font-weight: bold;\"><span style=\"color: #ffffff;\">Ordene hoy su estuche con ruedas para maquillaje Sun Case, pedido m\u00ednimo de 100 unidades disponible.<\/span><\/h2>\n<p><a style=\"display: inline-block; padding: 12px 28px; background-color: #ffffff; color: #29599a; text-decoration: none; border-radius: 6px; font-weight: bold;\" href=\"https:\/\/suncasesupply.com\/es\/contact-us\/\" target=\"_blank\" rel=\"noopener\">Obtenga una cotizaci\u00f3n hoy<br \/>\n<\/a><\/p>\n<\/div>\n<div style=\"display: flex; gap: 20px;\"><span style=\"color: #003366; font-weight: bold; text-align: center;\">Informaci\u00f3n \u00fatil para compradores al por mayor:<\/span><\/div>\n<ul>\n<li class=\"page-title\" title=\"\u00bfQu\u00e9 hace que las tarjetas deportivas sean tan valiosas?\">\n<p class=\"page-title\" title=\"Estuche con ruedas 4 en 1 para manicura: la soluci\u00f3n definitiva para manicuristas profesionales\"><a href=\"https:\/\/suncasesupply.com\/es\/blog\/makeup-case\/4-in-1-nail-tech-rolling-case-ultimate-tool-for-manicurists\/\">Malet\u00edn con ruedas 4 en 1 para manicura: la soluci\u00f3n definitiva para manicuristas profesionales &gt;&gt;\u00a0<\/a><\/p>\n<\/li>\n<li title=\"\u00bfQu\u00e9 hace que las tarjetas deportivas sean tan valiosas?\">\n<p class=\"page-title\" title=\"C\u00f3mo crear el estuche perfecto para maquilladores: gu\u00eda definitiva para crear estuches\"><a href=\"https:\/\/suncasesupply.com\/es\/blog\/makeup-case\/how-to-build-the-ultimate-makeup-artist-case-for-your-set-bag-needs\/\">C\u00f3mo crear el estuche perfecto para maquilladores: Gu\u00eda definitiva para crear estuches &gt;&gt;\u00a0<\/a><\/p>\n<\/li>\n<li title=\"\u00bfQu\u00e9 hace que las tarjetas deportivas sean tan valiosas?\">\n<p class=\"page-title\" title=\"Estuche de maquillaje: pros y contras\"><a href=\"https:\/\/suncasesupply.com\/es\/blog\/makeup-case\/pros-and-cons-of-makeup-train-case\/\">Estuche de maquillaje: ventajas y desventajas &gt;&gt;\u00a0<\/a><\/p>\n<\/li>\n<\/ul>","protected":false},"excerpt":{"rendered":"<p>Modelo: SC-R002<\/p>\n<p>Dimensiones: 68 cm de largo x 35 cm de ancho x 24 cm de alto.<\/p>\n<p>Colores: Rosa<\/p>\n<p>Materiales: Marco de aluminio + Tablero MDF + Panel ABS + Herrajes.<\/p>\n<p>Logotipo: Logotipo de impresi\u00f3n en seda \/ Logotipo de metal.<\/p>\n<p>Cantidad m\u00ednima de pedido: 100 piezas<\/p>\n<p>Muestra: Disponible<\/p>","protected":false},"featured_media":26522,"template":"","meta":{"_gspb_post_css":""},"product_cat":[34,97],"product_tag":[],"featured_image_urls":{"full":["https:\/\/suncasesupply.com\/wp-content\/uploads\/2026\/05\/1-2.jpg",800,800,false],"thumbnail":["https:\/\/suncasesupply.com\/wp-content\/uploads\/2026\/05\/1-2-150x150.jpg",150,150,true],"medium":["https:\/\/suncasesupply.com\/wp-content\/uploads\/2026\/05\/1-2-300x300.jpg",300,300,true],"medium_large":["https:\/\/suncasesupply.com\/wp-content\/uploads\/2026\/05\/1-2-768x768.jpg",768,768,true],"large":["https:\/\/suncasesupply.com\/wp-content\/uploads\/2026\/05\/1-2.jpg",800,800,false],"1536x1536":["https:\/\/suncasesupply.com\/wp-content\/uploads\/2026\/05\/1-2.jpg",800,800,false],"2048x2048":["https:\/\/suncasesupply.com\/wp-content\/uploads\/2026\/05\/1-2.jpg",800,800,false],"trp-custom-language-flag":["https:\/\/suncasesupply.com\/wp-content\/uploads\/2026\/05\/1-2-12x12.jpg",12,12,true],"woocommerce_thumbnail":["https:\/\/suncasesupply.com\/wp-content\/uploads\/2026\/05\/1-2-300x300.jpg",300,300,true],"woocommerce_single":["https:\/\/suncasesupply.com\/wp-content\/uploads\/2026\/05\/1-2-600x600.jpg",600,600,true],"woocommerce_gallery_thumbnail":["https:\/\/suncasesupply.com\/wp-content\/uploads\/2026\/05\/1-2-100x100.jpg",100,100,true]},"post_excerpt_stackable":"<p>Model: SC-R002<\/p>\n<p>Size: L68 x W35 x H24cm<\/p>\n<p>Colors: Pink<\/p>\n<p>Materials: Aluminum Frame+MDF Board+ABS Panel+Hardware.<\/p>\n<p>Logo: Silk printing logo\u00a0\/ Metal Logo.<\/p>\n<p>MOQ: 100pcs<\/p>\n<p>Sample: Available<\/p>\n","category_list":"","author_info":{"name":"","url":""},"comments_num":"0 comentarios","_links":{"self":[{"href":"https:\/\/suncasesupply.com\/es\/wp-json\/wp\/v2\/product\/26515"}],"collection":[{"href":"https:\/\/suncasesupply.com\/es\/wp-json\/wp\/v2\/product"}],"about":[{"href":"https:\/\/suncasesupply.com\/es\/wp-json\/wp\/v2\/types\/product"}],"wp:featuredmedia":[{"embeddable":true,"href":"https:\/\/suncasesupply.com\/es\/wp-json\/wp\/v2\/media\/26522"}],"wp:attachment":[{"href":"https:\/\/suncasesupply.com\/es\/wp-json\/wp\/v2\/media?parent=26515"}],"wp:term":[{"taxonomy":"product_cat","embeddable":true,"href":"https:\/\/suncasesupply.com\/es\/wp-json\/wp\/v2\/product_cat?post=26515"},{"taxonomy":"product_tag","embeddable":true,"href":"https:\/\/suncasesupply.com\/es\/wp-json\/wp\/v2\/product_tag?post=26515"}],"curies":[{"name":"wp","href":"https:\/\/api.w.org\/{rel}","templated":true}]}}