{"id":26442,"date":"2026-01-29T17:41:15","date_gmt":"2026-01-29T09:41:15","guid":{"rendered":"https:\/\/suncasesupply.com\/?post_type=product&#038;p=26442"},"modified":"2026-01-29T18:02:18","modified_gmt":"2026-01-29T10:02:18","slug":"aluminum-flight-case-with-foam-customized-orange-red-color-trunk-case","status":"publish","type":"product","link":"https:\/\/suncasesupply.com\/es\/product\/aluminum-flight-case-with-foam-customized-orange-red-color-trunk-case\/","title":{"rendered":"Estuche de aluminio para transporte con espuma, personalizado, color naranja y rojo."},"content":{"rendered":"<h4><strong><b>Estuche de aluminio para transporte con espuma, personalizado, color naranja y rojo.<\/b><\/strong><\/h4>\n<h4><span style=\"color: #003366;\">Caracter\u00edsticas:<\/span><\/h4>\n<ul>\n<li><strong><b>Resistencia y durabilidad extremas: <\/b><\/strong>La caja utiliza perfiles de aleaci\u00f3n de aluminio de alta resistencia como marco, con protectores de esquinas de aluminio fundido engrosados en las cuatro esquinas para un soporte firme. Combinada con una tela de tablero ign\u00edfuga de 9 mm y remaches met\u00e1licos para una fijaci\u00f3n segura, resiste el apilamiento pesado, los impactos y la compresi\u00f3n durante el transporte en condiciones dif\u00edciles.<\/li>\n<li><strong><b>Altamente personalizable y funcional: <\/b><\/strong>Dise\u00f1ado \u00edntegramente para adaptarse a las dimensiones, forma y peso del equipo del cliente, optimizando el espacio y minimizando el movimiento del equipo dentro del gabinete. Disponemos de particiones, soportes y acolchado de espuma personalizables.<\/li>\n<li><strong><b>Escenarios de aplicaci\u00f3n: <\/b><\/strong>Estos estuches de vuelo est\u00e1n dise\u00f1ados espec\u00edficamente para equipos de alto valor y alta precisi\u00f3n, como equipos pesados, dispositivos m\u00e9dicos, equipos de iluminaci\u00f3n y escenarios, etc.<\/li>\n<\/ul>\n<h4><span style=\"color: #003366;\">Detalles del producto:<\/span><\/h4>\n<div style=\"display: flex; gap: 20px;\">\n<div style=\"flex: 1; text-align: center;\">\n<p><img decoding=\"async\" style=\"max-width: 100%; height: auto; margin-bottom: 10px;\" src=\"https:\/\/suncasesupply.com\/wp-content\/uploads\/2026\/01\/1-Embedded-Handle.jpg\" alt=\"Mango incrustado\" \/><\/p>\n<p style=\"font-weight: bold; margin: 5px 0;\">Mango integrado<\/p>\n<p style=\"margin: 0;\">El dise\u00f1o empotrado permite que el asa quede integrada en la superficie del flight case, evitando que se golpee o enganche durante el transporte, la manipulaci\u00f3n y el apilado. Esto protege en gran medida el asa y evita da\u00f1os a la estructura del flight case causados por da\u00f1os en el asa expuesta.<\/p>\n<\/div>\n<p><!-- \u7b2c\u4e8c\u680f --><\/p>\n<div style=\"flex: 1; text-align: center;\">\n<p><img decoding=\"async\" style=\"max-width: 100%; height: auto; margin-bottom: 10px;\" src=\"https:\/\/suncasesupply.com\/wp-content\/uploads\/2026\/01\/4-Butterfly-Locks.jpg\" alt=\"Cerraduras de mariposa\" \/><\/p>\n<p style=\"font-weight: bold; margin: 5px 0;\">Cerraduras de mariposa<\/p>\n<p style=\"margin: 0;\">Las cerraduras de mariposa son r\u00e1pidas, intuitivas y se controlan con una sola mano. Adem\u00e1s, ofrecen una excelente resistencia a los impactos y evitan la apertura accidental, garantizando as\u00ed una alta seguridad.<\/p>\n<\/div>\n<p><!-- \u7b2c\u4e09\u680f --><\/p>\n<div style=\"flex: 1; text-align: center;\">\n<p><img decoding=\"async\" style=\"max-width: 100%; height: auto; margin-bottom: 10px;\" src=\"https:\/\/suncasesupply.com\/wp-content\/uploads\/2026\/01\/3-Rubber-Feet.jpg\" alt=\"Patas de goma\" \/><\/p>\n<p style=\"font-weight: bold; margin: 5px 0;\">Patas de goma<\/p>\n<p style=\"margin: 0;\">Fabricadas con patas de goma de gran tama\u00f1o, ofrecen excelente estabilidad y antideslizamiento, evitando eficazmente que la maleta se deslice o se mueva accidentalmente sobre superficies lisas, garantizando as\u00ed la sujeci\u00f3n segura de la maleta y el equipo interno. Adem\u00e1s, proporcionan una amortiguaci\u00f3n y absorci\u00f3n de impactos eficaces, ofreciendo protecci\u00f3n.<\/p>\n<\/div>\n<div style=\"flex: 1; text-align: center;\">\n<p><img decoding=\"async\" style=\"max-width: 100%; height: auto; margin-bottom: 10px;\" src=\"https:\/\/suncasesupply.com\/wp-content\/uploads\/2026\/01\/2-Plywood-Cutting.jpg\" alt=\"Corte de madera contrachapada\" \/><\/p>\n<p style=\"font-weight: bold; margin: 5px 0;\"><strong>Corte de madera contrachapada<\/strong><\/p>\n<p style=\"margin: 0;\">El uso de una m\u00e1quina de corte CNC profesional para cortar tableros ign\u00edfugos se caracteriza por su alt\u00edsima precisi\u00f3n y consistencia. La precisi\u00f3n de corte suele alcanzar \u00b10,1 mm o superior, lo que mejora considerablemente la eficiencia.<\/p>\n<\/div>\n<\/div>\n<h4><\/h4>\n<h4><span style=\"color: #003366;\">Proceso de fabricaci\u00f3n del Flight Case:<\/span><\/h4>\n<p><img decoding=\"async\" style=\"max-width: 100%; height: auto; margin-bottom: 10px;\" src=\"https:\/\/suncasesupply.com\/wp-content\/uploads\/2025\/07\/Flight-Cases-Manufacturing-Process.png\" alt=\"Proceso de fabricaci\u00f3n de Suncase\" \/><\/p>\n<h4><span style=\"color: #003366;\">Informaci\u00f3n \u00fatil para compradores al por mayor:<\/span><\/h4>\n<ul>\n<li><a href=\"https:\/\/suncasesupply.com\/es\/blog\/what-is-an-ata-case\/\">\u00bfQu\u00e9 es un caso ATA? Todo lo que necesitas saber<\/a><\/li>\n<li><a href=\"https:\/\/suncasesupply.com\/es\/blog\/flight-case\/how-to-choose\/\">C\u00f3mo elegir las mejores maletas de vuelo<\/a><\/li>\n<li><a href=\"https:\/\/suncasesupply.com\/es\/blog\/flight-case\/how-to-clean\/\">\u00bfC\u00f3mo se limpia un estuche de vuelo?<\/a><\/li>\n<li><a href=\"https:\/\/suncasesupply.com\/es\/blog\/flight-case\/guide-for-musician\/\">Todo lo que los m\u00fasicos necesitan saber sobre los Flight Cases<\/a><\/li>\n<\/ul>","protected":false},"excerpt":{"rendered":"<p>Modelo: SC-B9013<\/p>\n<p>Colores: Plata \/ Negro<\/p>\n<p>Tama\u00f1o: 1500x530x350mm<\/p>\n<p>Materiales: Marco de aluminio + madera contrachapada de 9 mm + revestimiento de espuma + herrajes.<\/p>\n<p>Logotipo: Logotipo de impresi\u00f3n en seda \/ Logotipo de metal.<\/p>\n<p>Cantidad m\u00ednima de pedido: 10 piezas<\/p>\n<p>Muestra: Disponible<\/p>","protected":false},"featured_media":26441,"template":"","meta":{"_gspb_post_css":""},"product_cat":[91],"product_tag":[],"featured_image_urls":{"full":["https:\/\/suncasesupply.com\/wp-content\/uploads\/2026\/01\/Orange-Red-Flight-Case-3.jpg",800,800,false],"thumbnail":["https:\/\/suncasesupply.com\/wp-content\/uploads\/2026\/01\/Orange-Red-Flight-Case-3-150x150.jpg",150,150,true],"medium":["https:\/\/suncasesupply.com\/wp-content\/uploads\/2026\/01\/Orange-Red-Flight-Case-3-300x300.jpg",300,300,true],"medium_large":["https:\/\/suncasesupply.com\/wp-content\/uploads\/2026\/01\/Orange-Red-Flight-Case-3-768x768.jpg",768,768,true],"large":["https:\/\/suncasesupply.com\/wp-content\/uploads\/2026\/01\/Orange-Red-Flight-Case-3.jpg",800,800,false],"1536x1536":["https:\/\/suncasesupply.com\/wp-content\/uploads\/2026\/01\/Orange-Red-Flight-Case-3.jpg",800,800,false],"2048x2048":["https:\/\/suncasesupply.com\/wp-content\/uploads\/2026\/01\/Orange-Red-Flight-Case-3.jpg",800,800,false],"trp-custom-language-flag":["https:\/\/suncasesupply.com\/wp-content\/uploads\/2026\/01\/Orange-Red-Flight-Case-3-12x12.jpg",12,12,true],"woocommerce_thumbnail":["https:\/\/suncasesupply.com\/wp-content\/uploads\/2026\/01\/Orange-Red-Flight-Case-3-300x300.jpg",300,300,true],"woocommerce_single":["https:\/\/suncasesupply.com\/wp-content\/uploads\/2026\/01\/Orange-Red-Flight-Case-3-600x600.jpg",600,600,true],"woocommerce_gallery_thumbnail":["https:\/\/suncasesupply.com\/wp-content\/uploads\/2026\/01\/Orange-Red-Flight-Case-3-100x100.jpg",100,100,true]},"post_excerpt_stackable":"<p>Model :SC-B9013<\/p>\n<p>Colors: Silver \/ Black<\/p>\n<p>Size: 1500x530x350mm<\/p>\n<p>Materials: Aluminum frame+9mm Plywood+Foam Lining+Hardware.<\/p>\n<p>Logo: Silk printing logo\u00a0\/ Metal Logo.<\/p>\n<p>MOQ: 10pcs<\/p>\n<p>Sample: Available<\/p>\n","category_list":"","author_info":{"name":"","url":""},"comments_num":"0 comentarios","_links":{"self":[{"href":"https:\/\/suncasesupply.com\/es\/wp-json\/wp\/v2\/product\/26442"}],"collection":[{"href":"https:\/\/suncasesupply.com\/es\/wp-json\/wp\/v2\/product"}],"about":[{"href":"https:\/\/suncasesupply.com\/es\/wp-json\/wp\/v2\/types\/product"}],"wp:featuredmedia":[{"embeddable":true,"href":"https:\/\/suncasesupply.com\/es\/wp-json\/wp\/v2\/media\/26441"}],"wp:attachment":[{"href":"https:\/\/suncasesupply.com\/es\/wp-json\/wp\/v2\/media?parent=26442"}],"wp:term":[{"taxonomy":"product_cat","embeddable":true,"href":"https:\/\/suncasesupply.com\/es\/wp-json\/wp\/v2\/product_cat?post=26442"},{"taxonomy":"product_tag","embeddable":true,"href":"https:\/\/suncasesupply.com\/es\/wp-json\/wp\/v2\/product_tag?post=26442"}],"curies":[{"name":"wp","href":"https:\/\/api.w.org\/{rel}","templated":true}]}}