{"id":26432,"date":"2026-01-29T15:03:41","date_gmt":"2026-01-29T07:03:41","guid":{"rendered":"https:\/\/suncasesupply.com\/?post_type=product&#038;p=26432"},"modified":"2026-03-17T02:47:33","modified_gmt":"2026-03-16T18:47:33","slug":"34-inch-wide-x-22-inch-deep-portable-showcase-with-locks-for-jewelry-trading-cards-display-case","status":"publish","type":"product","link":"https:\/\/suncasesupply.com\/es\/product\/34-inch-wide-x-22-inch-deep-portable-showcase-with-locks-for-jewelry-trading-cards-display-case\/","title":{"rendered":"Vitrina port\u00e1til de 86 cm de ancho x 56 cm de profundidad con cerraduras para joyas y tarjetas coleccionables."},"content":{"rendered":"<p><strong><b>Vitrina port\u00e1til de 86 cm de ancho x 56 cm de profundidad con cerraduras para joyas y tarjetas coleccionables.<\/b><\/strong><\/p>\n<h4><span style=\"color: #003366;\">Caracter\u00edsticas:<\/span><\/h4>\n<ul>\n<li><strong><b>De gran tama\u00f1o y panor\u00e1mica: <\/b><\/strong>Dise\u00f1ada para exhibidores, esta vitrina para ferias comerciales permite exhibir f\u00e1cilmente m\u00faltiples tarjetas coleccionables, joyas o exhibiciones comerciales. Su panel acr\u00edlico plano garantiza una visi\u00f3n n\u00edtida y sin \u00e1ngulos muertos, lo que la convierte en la vitrina de aluminio ideal para exhibidores de tarjetas, ideal para tiendas, exposiciones o colecciones privadas.<\/li>\n<li><strong><b>Suave y seguro: <\/b><\/strong>Forrado con terciopelo negro suave para proteger objetos como tarjetas deportivas y medallas de ara\u00f1azos. El acolchado de alta densidad absorbe los golpes, asegurando la estabilidad de sus objetos de colecci\u00f3n. Esto lo hace ideal como vitrina port\u00e1til de aluminio para joyas, ideal para eventos o viajes.<\/li>\n<li><b><\/b><strong><b>Sistema de seguridad: <\/b><\/strong>Las cerraduras integradas y los paneles laterales reforzados convierten esta vitrina para tarjetas en una opci\u00f3n segura para guardar objetos de valor. El enganche para candado proporciona mayor protecci\u00f3n antirrobo, tanto para exhibir en ferias comerciales como en casa, y tambi\u00e9n funciona como una gran vitrina de aluminio para joyas.<\/li>\n<li><strong><b>Dise\u00f1o port\u00e1til: <\/b><\/strong>Con asas antideslizantes y un marco ligero, esta vitrina para tarjetas es f\u00e1cil de transportar para eventos o uso diario. Las alfombrillas antideslizantes opcionales mejoran la estabilidad en cualquier superficie.<\/li>\n<li><strong><b>Uso en m\u00faltiples escenas:<\/b><\/strong>Ya sea para exhibir tarjetas deportivas, tarjetas coleccionables, joyas o pasteles, esta vitrina tambi\u00e9n funciona como un elegante regalo para coleccionistas y perfectamente como una vitrina de mesa port\u00e1til de aluminio.<\/li>\n<\/ul>\n<div style=\"background-color: #29599a; padding: 40px 20px; text-align: center; color: #ffffff; border-radius: 10px; margin: 40px auto; max-width: 960px;\">\n<h2 style=\"font-size: 22px; margin-bottom: 20px; font-weight: bold;\"><span style=\"color: #ffffff;\">Solicite ahora las vitrinas de aluminio para joyer\u00eda Sun Case, pedido m\u00ednimo de f\u00e1brica 100 disponible.<\/span><\/h2>\n<p><a style=\"display: inline-block; padding: 12px 28px; background-color: #ffffff; color: #29599a; text-decoration: none; border-radius: 6px; font-weight: bold;\" href=\"https:\/\/suncasesupply.com\/es\/contact-us\/\" target=\"_blank\" rel=\"noopener\">Obtenga una cotizaci\u00f3n hoy<\/a><\/p>\n<\/div>\n<h4><span style=\"color: #003366;\">Detalles del producto:<\/span><\/h4>\n<div style=\"display: flex; gap: 20px;\">\n<p><!-- \u7b2c\u4e00\u680f --><\/p>\n<div style=\"flex: 1; text-align: center;\">\n<p><img decoding=\"async\" style=\"max-width: 100%; height: auto; margin-bottom: 10px;\" src=\"https:\/\/suncasesupply.com\/wp-content\/uploads\/2025\/12\/1-Handle.jpg\" alt=\"Manejar\" \/><\/p>\n<p><b><\/b><strong><b>Manejar<\/b><\/strong><\/p>\n<p style=\"margin: 0;\">El asa proporciona a los usuarios un agarre seguro, estable y ergon\u00f3mico. Al transportar las vitrinas de aluminio para joyas, el asa concentra la fuerza en el usuario, evitando que los dedos o las herramientas rayen, abollen o desgasten directamente la superficie de la caja.<\/p>\n<p>&nbsp;<\/p>\n<\/div>\n<p><!-- \u7b2c\u4e8c\u680f --><\/p>\n<div style=\"flex: 1; text-align: center;\">\n<p><img decoding=\"async\" style=\"max-width: 100%; height: auto; margin-bottom: 10px;\" src=\"https:\/\/suncasesupply.com\/wp-content\/uploads\/2025\/12\/2-Locks.jpg\" alt=\"Cerraduras\" \/><\/p>\n<p><b><\/b><strong><b>Cerraduras<\/b><\/strong><\/p>\n<p style=\"margin: 0;\">La vitrina de acr\u00edlico incluye dos cerraduras, cada una con dos llaves. Al exhibir objetos valiosos en ferias con mucha gente o al transportar las vitrinas, las cerraduras suelen estar aseguradas con llaves para garantizar la seguridad de las vitrinas de aluminio y vidrio para tarjetas.<\/p>\n<\/div>\n<p><!-- \u7b2c\u4e09\u680f --><\/p>\n<div style=\"flex: 1; text-align: center;\">\n<p><img decoding=\"async\" style=\"max-width: 100%; height: auto; margin-bottom: 10px;\" src=\"https:\/\/suncasesupply.com\/wp-content\/uploads\/2025\/12\/3-Curved-Hinge.jpg\" alt=\"Bisagra curva\" \/><\/p>\n<p><b><\/b><strong><b>Bisagra curva<\/b><\/strong><\/p>\n<p>Con la vitrina en uso y apertura total, la bisagra curva act\u00faa como un fuerte soporte para evitar que la tapa superior se caiga, evitando as\u00ed lesiones en la mano del usuario y da\u00f1os a los productos dentro de las vitrinas de joyer\u00eda port\u00e1tiles de aluminio.<\/p>\n<\/div>\n<p><!-- \u7b2c\u56db\u680f --><\/p>\n<div style=\"flex: 1; text-align: center;\">\n<p><img decoding=\"async\" style=\"max-width: 100%; height: auto; margin-bottom: 10px;\" src=\"https:\/\/suncasesupply.com\/wp-content\/uploads\/2025\/12\/4-Acrylic-Cover.jpg\" alt=\"Cubierta de acr\u00edlico\" \/><\/p>\n<p><b><\/b><strong><b>Cubierta de acr\u00edlico<\/b><\/strong><\/p>\n<p style=\"margin: 0;\">La cubierta superior de acr\u00edlico transparente permite la visualizaci\u00f3n desde arriba y desde todos los \u00e1ngulos, mostrando perfectamente los detalles superiores, la estructura intrincada y la forma general de la colecci\u00f3n en esta vitrina de tarjetas de aluminio.<\/p>\n<\/div>\n<\/div>\n<h4><span style=\"color: #003366;\">Proceso de fabricaci\u00f3n:<\/span><\/h4>\n<p><img decoding=\"async\" style=\"max-width: 100%; height: auto; margin-bottom: 10px;\" src=\"https:\/\/suncasesupply.com\/wp-content\/uploads\/2025\/07\/Manufacturing-Process.png\" alt=\"Proceso de fabricaci\u00f3n de Suncase\" \/><\/p>\n<div style=\"background-color: #29599a; padding: 40px 20px; text-align: center; color: #ffffff; border-radius: 10px; margin: 40px auto; max-width: 960px;\">\n<h2 style=\"font-size: 22px; margin-bottom: 20px; font-weight: bold;\"><span style=\"color: #ffffff;\">Elija la vitrina de tarjetas de aluminio Sun Case, soluciones de alta calidad desde MOQ 100.<\/span><\/h2>\n<p><a style=\"display: inline-block; padding: 12px 28px; background-color: #ffffff; color: #29599a; text-decoration: none; border-radius: 6px; font-weight: bold;\" href=\"https:\/\/suncasesupply.com\/es\/contact-us\/\" target=\"_blank\" rel=\"noopener\">Obtenga una cotizaci\u00f3n hoy<\/a><\/p>\n<\/div>\n<h4><span style=\"color: #003366;\">Informaci\u00f3n \u00fatil para compradores al por mayor:<\/span><\/h4>\n<ul>\n<li class=\"page-title\" title=\"\u00bfQu\u00e9 hace que las tarjetas deportivas sean tan valiosas?\">\n<p class=\"page-title\" title=\"C\u00f3mo proteger su colecci\u00f3n de tarjetas coleccionables\"><a href=\"https:\/\/suncasesupply.com\/es\/blog\/how-protect-trading-cards-collection\/\">C\u00f3mo proteger su colecci\u00f3n de tarjetas coleccionables &gt;&gt;<\/a><\/p>\n<\/li>\n<li title=\"\u00bfQu\u00e9 hace que las tarjetas deportivas sean tan valiosas?\">\n<p class=\"page-title\" title=\"Eleve su exposici\u00f3n: el poder de las vitrinas de aluminio para ferias comerciales\"><a href=\"https:\/\/suncasesupply.com\/es\/blog\/custom-aluminum-case\/dvantages-of-aluminum-trade-show-display-cases\/\">Eleve su exposici\u00f3n: el poder de las vitrinas de aluminio para ferias comerciales &gt;&gt;<\/a><\/p>\n<\/li>\n<li title=\"\u00bfQu\u00e9 hace que las tarjetas deportivas sean tan valiosas?\">\n<p class=\"page-title\" title=\"Pros y contras de las vitrinas de aluminio: una gu\u00eda completa\"><a href=\"https:\/\/suncasesupply.com\/es\/blog\/custom-aluminum-case\/pros-and-cons-of-aluminum-display-case\/\">Ventajas y desventajas de las vitrinas de aluminio: una gu\u00eda completa &gt;&gt;<\/a><\/p>\n<\/li>\n<\/ul>","protected":false},"excerpt":{"rendered":"<p>Modelo: SC-B9012<\/p>\n<p>Tama\u00f1o: 36x24x3 pulgadas \/ 34x22x3 pulgadas \/ 24x20x3 pulgadas o tama\u00f1o personalizado<\/p>\n<p>Colores: Plata \/ Negro<\/p>\n<p>Materiales: Marco de aluminio + Tablero MDF + Panel ABS \/ Panel acr\u00edlico + Herrajes.<\/p>\n<p>Logotipo: Logotipo de impresi\u00f3n en seda \/ Logotipo de metal.<\/p>\n<p>Cantidad m\u00ednima de pedido: 100 piezas<\/p>\n<p>Muestra: Disponible<\/p>","protected":false},"featured_media":26402,"template":"","meta":{"_gspb_post_css":""},"product_cat":[119],"product_tag":[],"featured_image_urls":{"full":["https:\/\/suncasesupply.com\/wp-content\/uploads\/2026\/01\/Acrylic-Display-Case-3.jpg",800,800,false],"thumbnail":["https:\/\/suncasesupply.com\/wp-content\/uploads\/2026\/01\/Acrylic-Display-Case-3-150x150.jpg",150,150,true],"medium":["https:\/\/suncasesupply.com\/wp-content\/uploads\/2026\/01\/Acrylic-Display-Case-3-300x300.jpg",300,300,true],"medium_large":["https:\/\/suncasesupply.com\/wp-content\/uploads\/2026\/01\/Acrylic-Display-Case-3-768x768.jpg",768,768,true],"large":["https:\/\/suncasesupply.com\/wp-content\/uploads\/2026\/01\/Acrylic-Display-Case-3.jpg",800,800,false],"1536x1536":["https:\/\/suncasesupply.com\/wp-content\/uploads\/2026\/01\/Acrylic-Display-Case-3.jpg",800,800,false],"2048x2048":["https:\/\/suncasesupply.com\/wp-content\/uploads\/2026\/01\/Acrylic-Display-Case-3.jpg",800,800,false],"trp-custom-language-flag":["https:\/\/suncasesupply.com\/wp-content\/uploads\/2026\/01\/Acrylic-Display-Case-3-12x12.jpg",12,12,true],"woocommerce_thumbnail":["https:\/\/suncasesupply.com\/wp-content\/uploads\/2026\/01\/Acrylic-Display-Case-3-300x300.jpg",300,300,true],"woocommerce_single":["https:\/\/suncasesupply.com\/wp-content\/uploads\/2026\/01\/Acrylic-Display-Case-3-600x600.jpg",600,600,true],"woocommerce_gallery_thumbnail":["https:\/\/suncasesupply.com\/wp-content\/uploads\/2026\/01\/Acrylic-Display-Case-3-100x100.jpg",100,100,true]},"post_excerpt_stackable":"<p>Model: SC-B9012<\/p>\n<p>Size: 36x24x3 inch \/ 34x22x3 inch \/ 24x20x3 inch or Customized size<\/p>\n<p>Colors: Silver \/ Black<\/p>\n<p>Materials: Aluminum frame+MDF Board+ABS Panel\/Acrylic Panel+Hardware.<\/p>\n<p>Logo: Silk printing logo\u00a0\/ Metal Logo.<\/p>\n<p>MOQ: 100pcs<\/p>\n<p>Sample: Available<\/p>\n","category_list":"","author_info":{"name":"","url":""},"comments_num":"0 comentarios","_links":{"self":[{"href":"https:\/\/suncasesupply.com\/es\/wp-json\/wp\/v2\/product\/26432"}],"collection":[{"href":"https:\/\/suncasesupply.com\/es\/wp-json\/wp\/v2\/product"}],"about":[{"href":"https:\/\/suncasesupply.com\/es\/wp-json\/wp\/v2\/types\/product"}],"wp:featuredmedia":[{"embeddable":true,"href":"https:\/\/suncasesupply.com\/es\/wp-json\/wp\/v2\/media\/26402"}],"wp:attachment":[{"href":"https:\/\/suncasesupply.com\/es\/wp-json\/wp\/v2\/media?parent=26432"}],"wp:term":[{"taxonomy":"product_cat","embeddable":true,"href":"https:\/\/suncasesupply.com\/es\/wp-json\/wp\/v2\/product_cat?post=26432"},{"taxonomy":"product_tag","embeddable":true,"href":"https:\/\/suncasesupply.com\/es\/wp-json\/wp\/v2\/product_tag?post=26432"}],"curies":[{"name":"wp","href":"https:\/\/api.w.org\/{rel}","templated":true}]}}