{"id":26339,"date":"2025-12-10T20:10:25","date_gmt":"2025-12-10T12:10:25","guid":{"rendered":"https:\/\/suncasesupply.com\/?post_type=product&#038;p=26339"},"modified":"2026-03-17T02:42:37","modified_gmt":"2026-03-16T18:42:37","slug":"luxury-aluminum-briefcase-for-celebrations-mission-briefcase","status":"publish","type":"product","link":"https:\/\/suncasesupply.com\/es\/product\/luxury-aluminum-briefcase-for-celebrations-mission-briefcase\/","title":{"rendered":"Malet\u00edn de aluminio de lujo para celebraciones Mission Briefcase"},"content":{"rendered":"<h4><span style=\"color: #000000;\"><strong><b>Malet\u00edn de aluminio de lujo para celebraciones Mission Briefcase<\/b><\/strong><\/span><\/h4>\n<h4><span style=\"color: #003366;\">Caracter\u00edsticas:<\/span><\/h4>\n<ul>\n<li><strong><b>Funcionalidad: <\/b><\/strong>Por lo general, los maletines se dise\u00f1an con practicidad y compartimentos transparentes, como compartimentos acolchados para port\u00e1tiles, bolsillos para documentos, portabol\u00edgrafos, ranuras para tarjetas, bolsillos con cremallera o bolsillos de malla. Este tipo de malet\u00edn de aluminio con cierre se utiliza habitualmente para misiones o celebraciones religiosas.<\/li>\n<li><strong><b>\u00a0<\/b><\/strong><strong><b>Estructura fuerte: <\/b><\/strong>El robusto marco de aluminio garantiza que el malet\u00edn de metal de aluminio se mantenga absolutamente resistente bajo cualquier circunstancia y no se colapsar\u00e1 ni se deformar\u00e1 debido a la presi\u00f3n externa o al relleno interno excesivo, manteniendo as\u00ed una apariencia perfecta durante mucho tiempo.<\/li>\n<li><strong><b>Personalizaci\u00f3n interna<\/b><\/strong>Las tapas superior e inferior interiores est\u00e1n forradas seg\u00fan los art\u00edculos que se vayan a guardar. El forro del malet\u00edn es de color rojo para necesidades especiales y tambi\u00e9n se puede personalizar, lo que lo hace ideal como malet\u00edn de aluminio para herramientas y un almacenamiento organizado.<\/li>\n<\/ul>\n<h4><span style=\"color: #003366;\">Detalles del producto:<\/span><\/h4>\n<div style=\"display: flex; gap: 20px;\">\n<p><!-- \u7b2c\u4e00\u680f --><\/p>\n<div style=\"flex: 1; text-align: center;\">\n<p><img decoding=\"async\" style=\"max-width: 100%; height: auto; margin-bottom: 10px;\" src=\"https:\/\/suncasesupply.com\/wp-content\/uploads\/2025\/12\/1-Pocket.jpg\" alt=\"Bolsillo\" \/><\/p>\n<p><b><\/b><strong><b>Bolsillo<\/b><\/strong><\/p>\n<p style=\"margin: 0;\">En la tapa superior interior, se han creado dos compartimentos para documentos, archivos, port\u00e1tiles u otros art\u00edculos. Esto permite que los art\u00edculos dentro del malet\u00edn de aluminio se guarden de forma ordenada, cumpliendo una funci\u00f3n tanto de organizaci\u00f3n como de protecci\u00f3n.<\/p>\n<p>&nbsp;<\/p>\n<\/div>\n<p><!-- \u7b2c\u4e8c\u680f --><\/p>\n<div style=\"flex: 1; text-align: center;\">\n<p><img decoding=\"async\" style=\"max-width: 100%; height: auto; margin-bottom: 10px;\" src=\"https:\/\/suncasesupply.com\/wp-content\/uploads\/2025\/12\/2-Holders.jpg\" alt=\"Titulares\" \/><\/p>\n<p><b><\/b><strong><b>Titulares<\/b><\/strong><\/p>\n<p style=\"margin: 0;\">Personalizamos los soportes de PU, bandas el\u00e1sticas, soportes de velcro o bolsillos para vinagreras herm\u00e9ticas, para altar port\u00e1til, para c\u00e1liz, para cop\u00f3n y patena, para manteles de altar, para frasco de aceite santo dorado, para cruces, etc.<\/p>\n<\/div>\n<p><!-- \u7b2c\u4e09\u680f --><\/p>\n<div style=\"flex: 1; text-align: center;\">\n<p><img decoding=\"async\" style=\"max-width: 100%; height: auto; margin-bottom: 10px;\" src=\"https:\/\/suncasesupply.com\/wp-content\/uploads\/2025\/12\/3-Tool-Locks.jpg\" alt=\"Cerraduras para herramientas\" \/><\/p>\n<p><b><\/b><strong><b>Cerraduras para herramientas<\/b><\/strong><\/p>\n<p>El cuerpo de la cerradura para herramientas est\u00e1 fabricado en aleaci\u00f3n de aluminio de alta resistencia y se integra perfectamente con el cuerpo del malet\u00edn, resistiendo ataques f\u00edsicos fuertes como palancas y martillos. Esta estructura forma un malet\u00edn de aluminio con cerradura de combinaci\u00f3n, lo que mejora la seguridad, la fiabilidad y la profesionalidad.<\/p>\n<\/div>\n<p><!-- \u7b2c\u56db\u680f --><\/p>\n<div style=\"flex: 1; text-align: center;\">\n<p><img decoding=\"async\" style=\"max-width: 100%; height: auto; margin-bottom: 10px;\" src=\"https:\/\/suncasesupply.com\/wp-content\/uploads\/2025\/12\/4-Back-Hinge.jpg\" alt=\"Bisagra trasera\" \/><\/p>\n<p><b><\/b><strong><b>Bisagra trasera<\/b><\/strong><\/p>\n<p style=\"margin: 0;\">En la parte trasera del malet\u00edn de aluminio con cerradura, hay dos resistentes hebillas de bisagra trasera. Por un lado, conectan la tapa superior con la inferior del malet\u00edn. Por otro lado, las hebillas de bisagra trasera tambi\u00e9n proporcionan soporte para mantener la tapa superior abierta.<\/p>\n<\/div>\n<\/div>\n<h4><span style=\"color: #003366;\">Proceso de fabricaci\u00f3n:<\/span><\/h4>\n<p><img decoding=\"async\" style=\"max-width: 100%; height: auto; margin-bottom: 10px;\" src=\"https:\/\/suncasesupply.com\/wp-content\/uploads\/2025\/07\/Manufacturing-Process.png\" alt=\"Proceso de fabricaci\u00f3n de Suncase\" \/><\/p>\n<div style=\"background-color: #29599a; padding: 40px 20px; text-align: center; color: #ffffff; border-radius: 10px; margin: 40px auto; max-width: 960px;\">\n<h2 style=\"font-size: 22px; margin-bottom: 20px; font-weight: bold;\"><span style=\"color: #ffffff;\">Solicite hoy mismo su malet\u00edn de aluminio de Sun Case, pedido m\u00ednimo de 300 unidades disponible.<\/span><\/h2>\n<p><a style=\"display: inline-block; padding: 12px 28px; background-color: #ffffff; color: #29599a; text-decoration: none; border-radius: 6px; font-weight: bold;\" href=\"https:\/\/suncasesupply.com\/es\/contact-us\/\" target=\"_blank\" rel=\"noopener\">Obtenga una cotizaci\u00f3n hoy<br \/>\n<\/a><\/p>\n<\/div>\n<h4><span style=\"color: #003366;\">Informaci\u00f3n \u00fatil para compradores al por mayor:<\/span><\/h4>\n<ul>\n<li class=\"page-title\" title=\"\u00bfQu\u00e9 hace que las tarjetas deportivas sean tan valiosas?\">\n<p class=\"page-title\" title=\"Malet\u00edn vs. malet\u00edn: \u00bfcu\u00e1l es la diferencia entre ambos?\"><a href=\"https:\/\/suncasesupply.com\/es\/blog\/custom-aluminum-case\/attache-vs-briefcase\/\">Malet\u00edn vs. malet\u00edn: \u00bfCu\u00e1l es la diferencia? &gt;&gt;<\/a><\/p>\n<\/li>\n<li title=\"\u00bfQu\u00e9 hace que las tarjetas deportivas sean tan valiosas?\">\n<p class=\"page-title\" title=\"\u00bfPor qu\u00e9 los maletines de aluminio son tan caros?\"><a href=\"https:\/\/suncasesupply.com\/es\/blog\/custom-aluminum-case\/why-aluminum-briefcase-expensive\/\">\u00bfPor qu\u00e9 son tan caras las maletas de aluminio? &gt;&gt;\u00a0<\/a><\/p>\n<\/li>\n<li title=\"\u00bfQu\u00e9 hace que las tarjetas deportivas sean tan valiosas?\">\n<p class=\"page-title\" title=\"8 razones por las que los maletines de aluminio son la mejor opci\u00f3n para viajes de negocios\"><a href=\"https:\/\/suncasesupply.com\/es\/blog\/custom-aluminum-case\/8-reasons-why-aluminum-briefcases-is-your-best-choice-for-business-travel\/\">8 razones por las que los maletines de aluminio son la mejor opci\u00f3n para viajes de negocios &gt;&gt;<\/a><\/p>\n<\/li>\n<\/ul>","protected":false},"excerpt":{"rendered":"<p>Modelo: SC-B9010<\/p>\n<p>Tama\u00f1o: 45x33x15cm<\/p>\n<p>Colores: Marco de aluminio plateado + forro rojo.<\/p>\n<p>Materiales: Marco de aluminio + Tablero MDF + Panel ABS + Accesorios.<\/p>\n<p>Logotipo: Logotipo de impresi\u00f3n en seda \/ Logotipo de metal.<\/p>\n<p>Cantidad m\u00ednima de pedido: 300 piezas<\/p>\n<p>Muestra: Proporcionar muestra.<\/p>","protected":false},"featured_media":26331,"template":"","meta":{"_gspb_post_css":""},"product_cat":[42,82],"product_tag":[],"featured_image_urls":{"full":["https:\/\/suncasesupply.com\/wp-content\/uploads\/2025\/12\/mission-briefcase-5.jpg",800,800,false],"thumbnail":["https:\/\/suncasesupply.com\/wp-content\/uploads\/2025\/12\/mission-briefcase-5-150x150.jpg",150,150,true],"medium":["https:\/\/suncasesupply.com\/wp-content\/uploads\/2025\/12\/mission-briefcase-5-300x300.jpg",300,300,true],"medium_large":["https:\/\/suncasesupply.com\/wp-content\/uploads\/2025\/12\/mission-briefcase-5-768x768.jpg",768,768,true],"large":["https:\/\/suncasesupply.com\/wp-content\/uploads\/2025\/12\/mission-briefcase-5.jpg",800,800,false],"1536x1536":["https:\/\/suncasesupply.com\/wp-content\/uploads\/2025\/12\/mission-briefcase-5.jpg",800,800,false],"2048x2048":["https:\/\/suncasesupply.com\/wp-content\/uploads\/2025\/12\/mission-briefcase-5.jpg",800,800,false],"trp-custom-language-flag":["https:\/\/suncasesupply.com\/wp-content\/uploads\/2025\/12\/mission-briefcase-5-12x12.jpg",12,12,true],"woocommerce_thumbnail":["https:\/\/suncasesupply.com\/wp-content\/uploads\/2025\/12\/mission-briefcase-5-300x300.jpg",300,300,true],"woocommerce_single":["https:\/\/suncasesupply.com\/wp-content\/uploads\/2025\/12\/mission-briefcase-5-600x600.jpg",600,600,true],"woocommerce_gallery_thumbnail":["https:\/\/suncasesupply.com\/wp-content\/uploads\/2025\/12\/mission-briefcase-5-100x100.jpg",100,100,true]},"post_excerpt_stackable":"<p>Model :SC-B9010<\/p>\n<p>Size: 45x33x15cm<\/p>\n<p>Colors: Silver Aluminum frame+Red Lining.<\/p>\n<p>Materials: Aluminum frame+MDF Board+ABS Panel+Accessories.<\/p>\n<p>Logo: Silk printing logo\u00a0\/ Metal Logo.<\/p>\n<p>MOQ: 300pcs<\/p>\n<p>Sample: Providing Sample.<\/p>\n","category_list":"","author_info":{"name":"","url":""},"comments_num":"0 comentarios","_links":{"self":[{"href":"https:\/\/suncasesupply.com\/es\/wp-json\/wp\/v2\/product\/26339"}],"collection":[{"href":"https:\/\/suncasesupply.com\/es\/wp-json\/wp\/v2\/product"}],"about":[{"href":"https:\/\/suncasesupply.com\/es\/wp-json\/wp\/v2\/types\/product"}],"wp:featuredmedia":[{"embeddable":true,"href":"https:\/\/suncasesupply.com\/es\/wp-json\/wp\/v2\/media\/26331"}],"wp:attachment":[{"href":"https:\/\/suncasesupply.com\/es\/wp-json\/wp\/v2\/media?parent=26339"}],"wp:term":[{"taxonomy":"product_cat","embeddable":true,"href":"https:\/\/suncasesupply.com\/es\/wp-json\/wp\/v2\/product_cat?post=26339"},{"taxonomy":"product_tag","embeddable":true,"href":"https:\/\/suncasesupply.com\/es\/wp-json\/wp\/v2\/product_tag?post=26339"}],"curies":[{"name":"wp","href":"https:\/\/api.w.org\/{rel}","templated":true}]}}