{"id":26325,"date":"2025-12-09T18:04:39","date_gmt":"2025-12-09T10:04:39","guid":{"rendered":"https:\/\/suncasesupply.com\/?post_type=product&#038;p=26325"},"modified":"2026-03-17T02:27:07","modified_gmt":"2026-03-16T18:27:07","slug":"transparent-acrylic-display-aluminum-case-cards-show-box","status":"publish","type":"product","link":"https:\/\/suncasesupply.com\/es\/product\/transparent-acrylic-display-aluminum-case-cards-show-box\/","title":{"rendered":"Caja de exhibici\u00f3n de tarjetas de aluminio con estuche de exhibici\u00f3n de acr\u00edlico transparente"},"content":{"rendered":"<h4><span style=\"color: #000000;\">Caja de exhibici\u00f3n de tarjetas de aluminio con estuche de exhibici\u00f3n de acr\u00edlico transparente<\/span><\/h4>\n<h4><span style=\"color: #003366;\">Caracter\u00edsticas:<\/span><\/h4>\n<ul>\n<li><strong><b>Practicidad y est\u00e9tica<\/b><\/strong><strong><b>: <\/b><\/strong>La vitrina de aluminio con acr\u00edlico transparente combina las ventajas estructurales de un marco de aluminio con el atractivo visual de una tapa totalmente transparente, lo que la convierte en una opci\u00f3n popular para aplicaciones de vitrinas de mostrador de aluminio en soluciones de exhibici\u00f3n de gama media a alta.<\/li>\n<li><strong><b>Robusto y confiable: <\/b><\/strong>La estructura de aluminio, combinada con paneles de MDF, forma una robusta estructura de &quot;jaula met\u00e1lica&quot;. El conjunto no se deforma ni se deforma f\u00e1cilmente y soporta la presi\u00f3n del apilamiento durante mucho tiempo, lo que lo hace ideal como vitrina de sobremesa de aluminio resistente para grandes colecciones.<\/li>\n<li><strong><b>Experiencia \u00f3ptima de apertura y cierre:<\/b><\/strong> La cubierta superior transparente de la caja est\u00e1 montada de forma segura y firme sobre bisagras de marco de aluminio resistentes, lo que permite una apertura y un cierre suaves y duraderos, y permite que esta vitrina de aluminio con cerradura se suspenda de forma estable en cualquier \u00e1ngulo con la ayuda de los dos paneles laterales.<\/li>\n<li><strong><b>Adecuado para<\/b><\/strong>:Coleccionista de tarjetas de calificaci\u00f3n, coleccionista de tarjetas deportivas, entusiasta de joyas y relojes, coleccionista de juguetes\/figuras coleccionables de alta gama, entusiasta de la mec\u00e1nica y modelos, ferias de exhibici\u00f3n, etc., lo que lo convierte en una vitrina port\u00e1til de aluminio ideal para exhibiciones y mostradores.<\/li>\n<\/ul>\n<h4><span style=\"color: #003366;\">Detalles del producto:<\/span><\/h4>\n<div style=\"display: flex; gap: 20px;\">\n<p><!-- \u7b2c\u4e00\u680f --><\/p>\n<div style=\"flex: 1; text-align: center;\">\n<p><img decoding=\"async\" style=\"max-width: 100%; height: auto; margin-bottom: 10px;\" src=\"https:\/\/suncasesupply.com\/wp-content\/uploads\/2025\/12\/1-Handle.jpg\" alt=\"Manejar\" \/><\/p>\n<p><b><\/b><strong><b>Manejar<\/b><\/strong><\/p>\n<p style=\"margin: 0;\">El asa proporciona a los usuarios un agarre seguro, estable y ergon\u00f3mico. Al transportar la vitrina de aluminio para mostrador, el asa concentra la fuerza en el usuario, evitando que los dedos o las herramientas rayen, abollen o desgasten directamente la superficie de la caja.<\/p>\n<p>&nbsp;<\/p>\n<\/div>\n<p><!-- \u7b2c\u4e8c\u680f --><\/p>\n<div style=\"flex: 1; text-align: center;\">\n<p><img decoding=\"async\" style=\"max-width: 100%; height: auto; margin-bottom: 10px;\" src=\"https:\/\/suncasesupply.com\/wp-content\/uploads\/2025\/12\/2-Locks.jpg\" alt=\"Cerraduras\" \/><\/p>\n<p><b><\/b><strong><b>Cerraduras<\/b><\/strong><\/p>\n<p style=\"margin: 0;\">La vitrina de acr\u00edlico incluye dos cerraduras, cada una con dos llaves. Al exhibir objetos valiosos en ferias con mucho tr\u00e1fico o durante el transporte, las cerraduras est\u00e1n aseguradas para garantizar la seguridad, lo que la convierte en una vitrina de aluminio con cerradura muy eficaz.<\/p>\n<\/div>\n<p><!-- \u7b2c\u4e09\u680f --><\/p>\n<div style=\"flex: 1; text-align: center;\">\n<p><img decoding=\"async\" style=\"max-width: 100%; height: auto; margin-bottom: 10px;\" src=\"https:\/\/suncasesupply.com\/wp-content\/uploads\/2025\/12\/3-Curved-Hinge.jpg\" alt=\"Bisagra curva\" \/><\/p>\n<p><b><\/b><strong><b>Bisagra curva<\/b><\/strong><\/p>\n<p>Con la vitrina completamente abierta, la bisagra curva proporciona un soporte fuerte para evitar que la tapa superior se caiga, evitando lesiones en las manos del usuario y previniendo da\u00f1os a los productos dentro de las vitrinas de mesa de aluminio.<\/p>\n<\/div>\n<p><!-- \u7b2c\u56db\u680f --><\/p>\n<div style=\"flex: 1; text-align: center;\">\n<p><img decoding=\"async\" style=\"max-width: 100%; height: auto; margin-bottom: 10px;\" src=\"https:\/\/suncasesupply.com\/wp-content\/uploads\/2025\/12\/4-Acrylic-Cover.jpg\" alt=\"Cubierta de acr\u00edlico\" \/><\/p>\n<p><b><\/b><strong><b>Cubierta de acr\u00edlico<\/b><\/strong><\/p>\n<p style=\"margin: 0;\">La cubierta superior de acr\u00edlico transparente permite la visualizaci\u00f3n desde arriba y desde todos los \u00e1ngulos, mostrando perfectamente los detalles superiores, la estructura intrincada y la forma general de la colecci\u00f3n dentro de esta vitrina port\u00e1til de aluminio.<\/p>\n<\/div>\n<\/div>\n<h4><span style=\"color: #003366;\">Proceso de fabricaci\u00f3n:<\/span><\/h4>\n<p><img decoding=\"async\" style=\"max-width: 100%; height: auto; margin-bottom: 10px;\" src=\"https:\/\/suncasesupply.com\/wp-content\/uploads\/2025\/07\/Manufacturing-Process.png\" alt=\"Proceso de fabricaci\u00f3n de Suncase\" \/><\/p>\n<div style=\"background-color: #29599a; padding: 40px 20px; text-align: center; color: #ffffff; border-radius: 10px; margin: 40px auto; max-width: 960px;\">\n<h2 style=\"font-size: 22px; margin-bottom: 20px; font-weight: bold;\"><span style=\"color: #ffffff;\">Solicite una vitrina port\u00e1til de aluminio de Sun Case con un pedido m\u00ednimo de 100.<\/span><\/h2>\n<p><a style=\"display: inline-block; padding: 12px 28px; background-color: #ffffff; color: #29599a; text-decoration: none; border-radius: 6px; font-weight: bold;\" href=\"https:\/\/suncasesupply.com\/es\/contact-us\/\" target=\"_blank\" rel=\"noopener\">Obtenga una cotizaci\u00f3n hoy<br \/>\n<\/a><\/p>\n<\/div>\n<h4><span style=\"color: #003366;\">Informaci\u00f3n \u00fatil para compradores al por mayor:<\/span><\/h4>\n<ul>\n<li class=\"page-title\" title=\"\u00bfQu\u00e9 hace que las tarjetas deportivas sean tan valiosas?\">\n<p class=\"page-title\" title=\"C\u00f3mo proteger su colecci\u00f3n de tarjetas coleccionables\"><a href=\"https:\/\/suncasesupply.com\/es\/blog\/how-protect-trading-cards-collection\/\">C\u00f3mo proteger su colecci\u00f3n de tarjetas coleccionables &gt;&gt;<\/a><\/p>\n<\/li>\n<li title=\"\u00bfQu\u00e9 hace que las tarjetas deportivas sean tan valiosas?\">\n<p class=\"page-title\" title=\"Eleve su exposici\u00f3n: el poder de las vitrinas de aluminio para ferias comerciales\"><a href=\"https:\/\/suncasesupply.com\/es\/blog\/custom-aluminum-case\/dvantages-of-aluminum-trade-show-display-cases\/\">Eleve su exposici\u00f3n: el poder de las vitrinas de aluminio para ferias comerciales &gt;&gt;<\/a><\/p>\n<\/li>\n<li title=\"\u00bfQu\u00e9 hace que las tarjetas deportivas sean tan valiosas?\">\n<p class=\"page-title\" title=\"Pros y contras de las vitrinas de aluminio: una gu\u00eda completa\"><a href=\"https:\/\/suncasesupply.com\/es\/blog\/custom-aluminum-case\/pros-and-cons-of-aluminum-display-case\/\">Ventajas y desventajas de las vitrinas de aluminio: una gu\u00eda completa &gt;&gt;<\/a><\/p>\n<\/li>\n<\/ul>","protected":false},"excerpt":{"rendered":"<p>Modelo: SC-B9009<\/p>\n<p>Tama\u00f1o: 36x24x3 pulgadas \/ 34x22x3 pulgadas \/ 24x20x3 pulgadas o tama\u00f1o personalizado<\/p>\n<p>Colores: Negro completo \/ Plata<\/p>\n<p>Materiales: Marco de aluminio + tablero MDF + panel ABS, panel superior de acr\u00edlico.<\/p>\n<p>Logotipo: Logotipo de impresi\u00f3n en seda \/ Logotipo l\u00e1ser.<\/p>\n<p>Cantidad m\u00ednima de pedido: 100 piezas<\/p>\n<p>Muestra: Proporcionar muestra.<\/p>","protected":false},"featured_media":26350,"template":"","meta":{"_gspb_post_css":""},"product_cat":[119],"product_tag":[],"featured_image_urls":{"full":["https:\/\/suncasesupply.com\/wp-content\/uploads\/2025\/12\/Acrylic-Display-Case-5-1.jpg",800,800,false],"thumbnail":["https:\/\/suncasesupply.com\/wp-content\/uploads\/2025\/12\/Acrylic-Display-Case-5-1-150x150.jpg",150,150,true],"medium":["https:\/\/suncasesupply.com\/wp-content\/uploads\/2025\/12\/Acrylic-Display-Case-5-1-300x300.jpg",300,300,true],"medium_large":["https:\/\/suncasesupply.com\/wp-content\/uploads\/2025\/12\/Acrylic-Display-Case-5-1-768x768.jpg",768,768,true],"large":["https:\/\/suncasesupply.com\/wp-content\/uploads\/2025\/12\/Acrylic-Display-Case-5-1.jpg",800,800,false],"1536x1536":["https:\/\/suncasesupply.com\/wp-content\/uploads\/2025\/12\/Acrylic-Display-Case-5-1.jpg",800,800,false],"2048x2048":["https:\/\/suncasesupply.com\/wp-content\/uploads\/2025\/12\/Acrylic-Display-Case-5-1.jpg",800,800,false],"trp-custom-language-flag":["https:\/\/suncasesupply.com\/wp-content\/uploads\/2025\/12\/Acrylic-Display-Case-5-1-12x12.jpg",12,12,true],"woocommerce_thumbnail":["https:\/\/suncasesupply.com\/wp-content\/uploads\/2025\/12\/Acrylic-Display-Case-5-1-300x300.jpg",300,300,true],"woocommerce_single":["https:\/\/suncasesupply.com\/wp-content\/uploads\/2025\/12\/Acrylic-Display-Case-5-1-600x600.jpg",600,600,true],"woocommerce_gallery_thumbnail":["https:\/\/suncasesupply.com\/wp-content\/uploads\/2025\/12\/Acrylic-Display-Case-5-1-100x100.jpg",100,100,true]},"post_excerpt_stackable":"<p>Model :SC-B9009<\/p>\n<p>Size: 36x24x3 inch \/ 34x22x3 inch \/ 24x20x3 inch or Customized size<\/p>\n<p>Colors: Full Black \/ Silver<\/p>\n<p>Materials: Aluminum frame+MDF Board+ABS Panel, Acrylic Top Panel.<\/p>\n<p>Logo: Silk printing logo\u00a0\/ Laser Logo.<\/p>\n<p>MOQ: 100pcs<\/p>\n<p>Sample: Providing Sample.<\/p>\n","category_list":"","author_info":{"name":"","url":""},"comments_num":"0 comentarios","_links":{"self":[{"href":"https:\/\/suncasesupply.com\/es\/wp-json\/wp\/v2\/product\/26325"}],"collection":[{"href":"https:\/\/suncasesupply.com\/es\/wp-json\/wp\/v2\/product"}],"about":[{"href":"https:\/\/suncasesupply.com\/es\/wp-json\/wp\/v2\/types\/product"}],"wp:featuredmedia":[{"embeddable":true,"href":"https:\/\/suncasesupply.com\/es\/wp-json\/wp\/v2\/media\/26350"}],"wp:attachment":[{"href":"https:\/\/suncasesupply.com\/es\/wp-json\/wp\/v2\/media?parent=26325"}],"wp:term":[{"taxonomy":"product_cat","embeddable":true,"href":"https:\/\/suncasesupply.com\/es\/wp-json\/wp\/v2\/product_cat?post=26325"},{"taxonomy":"product_tag","embeddable":true,"href":"https:\/\/suncasesupply.com\/es\/wp-json\/wp\/v2\/product_tag?post=26325"}],"curies":[{"name":"wp","href":"https:\/\/api.w.org\/{rel}","templated":true}]}}