{"id":26309,"date":"2025-12-09T14:28:02","date_gmt":"2025-12-09T06:28:02","guid":{"rendered":"https:\/\/suncasesupply.com\/?post_type=product&#038;p=26309"},"modified":"2026-03-17T02:19:13","modified_gmt":"2026-03-16T18:19:13","slug":"black-aluminum-acrylic-display-case-show-cases-for-collectibles","status":"publish","type":"product","link":"https:\/\/suncasesupply.com\/es\/product\/black-aluminum-acrylic-display-case-show-cases-for-collectibles\/","title":{"rendered":"Vitrina de acr\u00edlico de aluminio negro para exhibir objetos de colecci\u00f3n"},"content":{"rendered":"<h4><span style=\"color: #000000;\">Vitrina de acr\u00edlico de aluminio negro para exhibir objetos de colecci\u00f3n<\/span><\/h4>\n<h4><span style=\"color: #003366;\">Caracter\u00edsticas:<\/span><\/h4>\n<ul>\n<li><strong><b>Funci\u00f3n principal:<\/b><\/strong>Las vitrinas de acr\u00edlico se suelen usar para exhibir los productos de los clientes en ferias o exposiciones comerciales. Por ejemplo, se pueden exhibir tarjetas graduadas, placas de tarjetas deportivas, tarjetas de Pok\u00e9mon, objetos de colecci\u00f3n, joyas, relojes de aluminio, etc.<\/li>\n<li><strong><b>Puntos clave: <\/b><\/strong>La vitrina de acr\u00edlico combina a la perfecci\u00f3n exhibici\u00f3n y protecci\u00f3n gracias a su excelente transparencia, dise\u00f1o flexible y protecci\u00f3n superior, realzando as\u00ed el valor y el atractivo visual de los art\u00edculos expuestos. Adem\u00e1s, es un producto de Suncase, fabricante de vitrinas de aluminio de confianza.<\/li>\n<li><strong><b>Personalizaci\u00f3n:<\/b><\/strong>El tama\u00f1o de la vitrina se puede personalizar seg\u00fan las necesidades del cliente. Las dimensiones habituales m\u00e1s vendidas son 36 \u00d7 24 \u00d7 3 pulgadas \/ 34 \u00d7 22 \u00d7 3 pulgadas \/ 24 \u00d7 20 \u00d7 3 pulgadas. Si las dimensiones habituales no le convienen, puede contactarnos para fabricar una vitrina de aluminio a medida.<\/li>\n<\/ul>\n<h4><span style=\"color: #003366;\">Detalles del producto:<\/span><\/h4>\n<div style=\"display: flex; gap: 20px;\">\n<p><!-- \u7b2c\u4e00\u680f --><\/p>\n<div style=\"flex: 1; text-align: center;\">\n<p><img decoding=\"async\" style=\"max-width: 100%; height: auto; margin-bottom: 10px;\" src=\"https:\/\/suncasesupply.com\/wp-content\/uploads\/2025\/12\/1-Side-Panel.jpg\" alt=\"Panel de 1 lado\" \/><\/p>\n<p><b><\/b><strong><b>Panel lateral<\/b><\/strong><\/p>\n<p style=\"margin: 0;\">Cada vitrina incluye dos paneles laterales de acr\u00edlico. Al usar esta vitrina, los dos paneles laterales sostienen completamente el panel superior, lo que permite abrirla parcialmente para una mejor exhibici\u00f3n de los productos. Adem\u00e1s, los paneles laterales permiten la apertura del panel superior en diferentes grados.<\/p>\n<p>&nbsp;<\/p>\n<\/div>\n<p><!-- \u7b2c\u4e8c\u680f --><\/p>\n<div style=\"flex: 1; text-align: center;\">\n<p><img decoding=\"async\" style=\"max-width: 100%; height: auto; margin-bottom: 10px;\" src=\"https:\/\/suncasesupply.com\/wp-content\/uploads\/2025\/12\/2-Feet.jpg\" alt=\"Pies\" \/><\/p>\n<p><b><\/b><strong><b>Pies<\/b><\/strong><\/p>\n<p style=\"margin: 0;\">En la parte inferior de la vitrina, hay cuatro patas. Estas patas, generalmente de goma, combinan practicidad, protecci\u00f3n y est\u00e9tica. Su funci\u00f3n principal es evitar resbalones, absorber impactos, evitar el desgaste y proteger de la humedad, ideales para vitrinas de aluminio para joyer\u00eda.<\/p>\n<\/div>\n<p><!-- \u7b2c\u4e09\u680f --><\/p>\n<div style=\"flex: 1; text-align: center;\">\n<p><img decoding=\"async\" style=\"max-width: 100%; height: auto; margin-bottom: 10px;\" src=\"https:\/\/suncasesupply.com\/wp-content\/uploads\/2025\/12\/3-Lock-with-Keys.jpg\" alt=\"Cerradura con llaves\" \/><\/p>\n<p><b><\/b><b><\/b><strong><b>Cerradura con llaves<\/b><\/strong><\/p>\n<p>La vitrina incluye dos cerraduras, cada una con dos llaves. Este dise\u00f1o impide que ni\u00f1os, visitantes o personal de limpieza la abran a voluntad, protegiendo as\u00ed las valiosas colecciones dentro de la vitrina de aluminio con tapa de cristal.<\/p>\n<\/div>\n<p><!-- \u7b2c\u56db\u680f --><\/p>\n<div style=\"flex: 1; text-align: center;\">\n<p><img decoding=\"async\" style=\"max-width: 100%; height: auto; margin-bottom: 10px;\" src=\"https:\/\/suncasesupply.com\/wp-content\/uploads\/2025\/12\/4-Acrylic-Top-Panel.jpg\" alt=\"Panel superior de acr\u00edlico\" \/><\/p>\n<p><b><\/b><strong><b>Panel superior de acr\u00edlico<\/b><\/strong><\/p>\n<p style=\"margin: 0;\">La cubierta superior de acr\u00edlico transparente permite la visualizaci\u00f3n desde todos los \u00e1ngulos, lo que la hace perfecta para exhibir objetos de colecci\u00f3n, joyas o relojes, y tambi\u00e9n funciona como vitrina de aluminio para relojes. Tener una vitrina con panel superior de acr\u00edlico es como tener una sala de exposiciones panor\u00e1mica en miniatura, dise\u00f1ada a medida para su colecci\u00f3n.<\/p>\n<\/div>\n<\/div>\n<h4><span style=\"color: #003366;\">Proceso de fabricaci\u00f3n:<\/span><\/h4>\n<p><img decoding=\"async\" style=\"max-width: 100%; height: auto; margin-bottom: 10px;\" src=\"https:\/\/suncasesupply.com\/wp-content\/uploads\/2025\/07\/Manufacturing-Process.png\" alt=\"Proceso de fabricaci\u00f3n de Suncase\" \/><\/p>\n<div style=\"background-color: #29599a; padding: 40px 20px; text-align: center; color: #ffffff; border-radius: 10px; margin: 40px auto; max-width: 960px;\">\n<h2 style=\"font-size: 22px; margin-bottom: 20px; font-weight: bold;\"><span style=\"color: #ffffff;\">Elija la vitrina de aluminio Sun Case, soluciones de exhibici\u00f3n de alta calidad a partir de MOQ 50.<\/span><\/h2>\n<p><a style=\"display: inline-block; padding: 12px 28px; background-color: #ffffff; color: #29599a; text-decoration: none; border-radius: 6px; font-weight: bold;\" href=\"https:\/\/suncasesupply.com\/es\/contact-us\/\" target=\"_blank\" rel=\"noopener\">Obtenga una cotizaci\u00f3n hoy<br \/>\n<\/a><\/p>\n<\/div>\n<p><span style=\"color: #003366; font-weight: bold; text-align: center;\">Informaci\u00f3n \u00fatil para compradores al por mayor:<\/span><\/p>\n<ul>\n<li class=\"page-title\" title=\"\u00bfQu\u00e9 hace que las tarjetas deportivas sean tan valiosas?\">\n<p class=\"page-title\" title=\"C\u00f3mo proteger su colecci\u00f3n de tarjetas coleccionables\"><a href=\"https:\/\/suncasesupply.com\/es\/blog\/how-protect-trading-cards-collection\/\">C\u00f3mo proteger su colecci\u00f3n de tarjetas coleccionables &gt;&gt;<\/a><\/p>\n<\/li>\n<li title=\"\u00bfQu\u00e9 hace que las tarjetas deportivas sean tan valiosas?\">\n<p class=\"page-title\" title=\"Eleve su exposici\u00f3n: el poder de las vitrinas de aluminio para ferias comerciales\"><a href=\"https:\/\/suncasesupply.com\/es\/blog\/custom-aluminum-case\/dvantages-of-aluminum-trade-show-display-cases\/\">Eleve su exposici\u00f3n: el poder de las vitrinas de aluminio para ferias comerciales &gt;&gt;<\/a><\/p>\n<\/li>\n<li title=\"\u00bfQu\u00e9 hace que las tarjetas deportivas sean tan valiosas?\">\n<p class=\"page-title\" title=\"Pros y contras de las vitrinas de aluminio: una gu\u00eda completa\"><a href=\"https:\/\/suncasesupply.com\/es\/blog\/custom-aluminum-case\/pros-and-cons-of-aluminum-display-case\/\">Ventajas y desventajas de las vitrinas de aluminio: una gu\u00eda completa &gt;&gt;<\/a><\/p>\n<\/li>\n<\/ul>","protected":false},"excerpt":{"rendered":"<p>Modelo: SC-B9008<\/p>\n<p>Tama\u00f1o: 36x24x3 pulgadas \/ 34x22x3 pulgadas \/ 24x20x3 pulgadas\u2026<\/p>\n<p>Colores: Negro completo \/ Plata<\/p>\n<p>Materiales: Marco de aluminio + tablero MDF + panel ABS, panel superior de acr\u00edlico.<\/p>\n<p>Logotipo: Logotipo impreso en seda<\/p>\n<p>Cantidad m\u00ednima de pedido: 50 piezas<\/p>\n<p>Muestra: Proporcionar muestra para control de calidad.<\/p>","protected":false},"featured_media":26346,"template":"","meta":{"_gspb_post_css":""},"product_cat":[42,119],"product_tag":[],"featured_image_urls":{"full":["https:\/\/suncasesupply.com\/wp-content\/uploads\/2025\/12\/Acrylic-Display-Case-7.jpg",800,800,false],"thumbnail":["https:\/\/suncasesupply.com\/wp-content\/uploads\/2025\/12\/Acrylic-Display-Case-7-150x150.jpg",150,150,true],"medium":["https:\/\/suncasesupply.com\/wp-content\/uploads\/2025\/12\/Acrylic-Display-Case-7-300x300.jpg",300,300,true],"medium_large":["https:\/\/suncasesupply.com\/wp-content\/uploads\/2025\/12\/Acrylic-Display-Case-7-768x768.jpg",768,768,true],"large":["https:\/\/suncasesupply.com\/wp-content\/uploads\/2025\/12\/Acrylic-Display-Case-7.jpg",800,800,false],"1536x1536":["https:\/\/suncasesupply.com\/wp-content\/uploads\/2025\/12\/Acrylic-Display-Case-7.jpg",800,800,false],"2048x2048":["https:\/\/suncasesupply.com\/wp-content\/uploads\/2025\/12\/Acrylic-Display-Case-7.jpg",800,800,false],"trp-custom-language-flag":["https:\/\/suncasesupply.com\/wp-content\/uploads\/2025\/12\/Acrylic-Display-Case-7-12x12.jpg",12,12,true],"woocommerce_thumbnail":["https:\/\/suncasesupply.com\/wp-content\/uploads\/2025\/12\/Acrylic-Display-Case-7-300x300.jpg",300,300,true],"woocommerce_single":["https:\/\/suncasesupply.com\/wp-content\/uploads\/2025\/12\/Acrylic-Display-Case-7-600x600.jpg",600,600,true],"woocommerce_gallery_thumbnail":["https:\/\/suncasesupply.com\/wp-content\/uploads\/2025\/12\/Acrylic-Display-Case-7-100x100.jpg",100,100,true]},"post_excerpt_stackable":"<p>Model :SC-B9008<\/p>\n<p>Size: 36x24x3 inch \/ 34x22x3 inch \/ 24x20x3 inch&#8230;<\/p>\n<p>Colors: Full Black \/ Silver<\/p>\n<p>Materials: Aluminum frame+MDF Board+ABS Panel, Acrylic Top Panel.<\/p>\n<p>Logo: Silk printing logo<\/p>\n<p>MOQ: 50pcs<\/p>\n<p>Sample: Providing sample for quality checking.<\/p>\n","category_list":"","author_info":{"name":"","url":""},"comments_num":"0 comentarios","_links":{"self":[{"href":"https:\/\/suncasesupply.com\/es\/wp-json\/wp\/v2\/product\/26309"}],"collection":[{"href":"https:\/\/suncasesupply.com\/es\/wp-json\/wp\/v2\/product"}],"about":[{"href":"https:\/\/suncasesupply.com\/es\/wp-json\/wp\/v2\/types\/product"}],"wp:featuredmedia":[{"embeddable":true,"href":"https:\/\/suncasesupply.com\/es\/wp-json\/wp\/v2\/media\/26346"}],"wp:attachment":[{"href":"https:\/\/suncasesupply.com\/es\/wp-json\/wp\/v2\/media?parent=26309"}],"wp:term":[{"taxonomy":"product_cat","embeddable":true,"href":"https:\/\/suncasesupply.com\/es\/wp-json\/wp\/v2\/product_cat?post=26309"},{"taxonomy":"product_tag","embeddable":true,"href":"https:\/\/suncasesupply.com\/es\/wp-json\/wp\/v2\/product_tag?post=26309"}],"curies":[{"name":"wp","href":"https:\/\/api.w.org\/{rel}","templated":true}]}}