{"id":26296,"date":"2025-12-03T17:46:52","date_gmt":"2025-12-03T09:46:52","guid":{"rendered":"https:\/\/suncasesupply.com\/?post_type=product&#038;p=26296"},"modified":"2026-03-17T02:11:32","modified_gmt":"2026-03-16T18:11:32","slug":"customized-aluminum-trolley-case-full-black-aluminum-box-with-wheels-pull-rod","status":"publish","type":"product","link":"https:\/\/suncasesupply.com\/es\/product\/customized-aluminum-trolley-case-full-black-aluminum-box-with-wheels-pull-rod\/","title":{"rendered":"Maleta de aluminio personalizada con ruedas y barra de tracci\u00f3n. Caja de aluminio negra."},"content":{"rendered":"<h4><span style=\"color: #000000;\">Maleta de aluminio personalizada con ruedas y barra de tracci\u00f3n. Caja de aluminio negra.<\/span><\/h4>\n<h4><span style=\"color: #003366;\">Caracter\u00edsticas:<\/span><\/h4>\n<ul>\n<li><strong><b>Composici\u00f3n y estructura: <\/b><\/strong>La maleta con ruedas de aluminio personalizada<strong><b>\u00a0<\/b><\/strong>Fabricado con una barra de carro y dos ruedas. La parte superior cuenta con divisores, dos cajones con divisores, dos asas laterales y forro de espuma EVA negra. Esta estructura es ideal para un carrito de maquillaje con cajones.<\/li>\n<li><strong><b>Se admite personalizaci\u00f3n completa: <\/b><\/strong>Puede elegir combinaciones de colores, materiales, tama\u00f1os, etc. espec\u00edficos para que coincidan con su estilo personal o las necesidades del producto, lo que lo hace adecuado como un gran carrito de maquillaje para uso profesional.<\/li>\n<li><strong><b>Varias funciones: <\/b><\/strong>Su dise\u00f1o permite llevarlo con la mano y arrastrarlo, lo que lo hace ideal para transportar herramientas, instrumentos, equipos u objetos de valor pesados. Se utiliza com\u00fanmente como maleta con ruedas para maquilladores profesionales, as\u00ed como para equipos de espect\u00e1culos, instrumentos de precisi\u00f3n, equipos de fotograf\u00eda y kits de reparaci\u00f3n de herramientas.<\/li>\n<\/ul>\n<h4><span style=\"color: #003366;\">Detalles del producto:<\/span><\/h4>\n<div style=\"display: flex; gap: 20px;\">\n<p><!-- \u7b2c\u4e00\u680f --><\/p>\n<div style=\"flex: 1; text-align: center;\">\n<p><img decoding=\"async\" style=\"max-width: 100%; height: auto; margin-bottom: 10px;\" src=\"https:\/\/suncasesupply.com\/wp-content\/uploads\/2025\/12\/1-Spring-Handle.jpg\" alt=\"Mango de 1 resorte\" \/><\/p>\n<p><b><\/b><strong><b>Mango de resorte<\/b><\/strong><\/p>\n<p style=\"margin: 0;\">El mecanismo de resorte del mango de resorte absorbe eficazmente los golpes e impactos durante la caminata (como superficies irregulares y vibraciones durante tirones r\u00e1pidos), lo que reduce la carga en los brazos y las mu\u00f1ecas y mejora la comodidad al usar este estuche de maquillaje con ruedas.<\/p>\n<p>&nbsp;<\/p>\n<\/div>\n<p><!-- \u7b2c\u4e8c\u680f --><\/p>\n<div style=\"flex: 1; text-align: center;\">\n<p><img decoding=\"async\" style=\"max-width: 100%; height: auto; margin-bottom: 10px;\" src=\"https:\/\/suncasesupply.com\/wp-content\/uploads\/2025\/12\/2-Drawers.jpg\" alt=\"2 cajones\" \/><\/p>\n<p><b><\/b><strong><b>Calzoncillos<\/b><\/strong><\/p>\n<p style=\"margin: 0;\">Esta maleta de aluminio con ruedas cuenta con 6 cajones personalizados, cada uno de 40 x 30 x 4,5 cm de alto. Adem\u00e1s, cada caj\u00f3n incluye 2 piezas de espuma lisa, lo que permite que al colocar sus productos en su interior, se ajusten perfectamente y los protejan.<\/p>\n<\/div>\n<p><!-- \u7b2c\u4e09\u680f --><\/p>\n<div style=\"flex: 1; text-align: center;\">\n<p><img decoding=\"async\" style=\"max-width: 100%; height: auto; margin-bottom: 10px;\" src=\"https:\/\/suncasesupply.com\/wp-content\/uploads\/2025\/12\/3-Feet.jpg\" alt=\"3 pies\" \/><\/p>\n<p><b><\/b><strong><b>Pies<\/b><\/strong><\/p>\n<p>Por un lado, las patas sirven como mecanismo de aislamiento y protecci\u00f3n, elevando la carcasa del suelo para evitar el contacto directo con la humedad, la acumulaci\u00f3n de agua y el polvo. Por otro lado, las patas suelen estar hechas de materiales el\u00e1sticos como goma y silicona, lo que proporciona amortiguaci\u00f3n y absorci\u00f3n de impactos.<\/p>\n<\/div>\n<p><!-- \u7b2c\u56db\u680f --><\/p>\n<div style=\"flex: 1; text-align: center;\">\n<p><img decoding=\"async\" style=\"max-width: 100%; height: auto; margin-bottom: 10px;\" src=\"https:\/\/suncasesupply.com\/wp-content\/uploads\/2025\/12\/4-Wheels.jpg\" alt=\"4 ruedas\" \/><\/p>\n<p><b><\/b><strong><b>Ruedas<\/b><\/strong><\/p>\n<p style=\"margin: 0;\">Despu\u00e9s de equiparlo con ruedas, el estuche de aluminio se transforma de un \u201cestuche de almacenamiento\u201d a una \u201cestaci\u00f3n de trabajo m\u00f3vil\u201d, ahorrando en gran medida mano de obra y tiempo y mejorando la eficiencia del trabajo, lo cual es esencial para un estuche con ruedas de un maquillador profesional.<\/p>\n<\/div>\n<\/div>\n<h4><span style=\"color: #003366;\">Proceso de fabricaci\u00f3n:<\/span><\/h4>\n<p><img decoding=\"async\" style=\"max-width: 100%; height: auto; margin-bottom: 10px;\" src=\"https:\/\/suncasesupply.com\/wp-content\/uploads\/2025\/07\/Manufacturing-Process.png\" alt=\"Proceso de fabricaci\u00f3n de Suncase\" \/><\/p>\n<div style=\"background-color: #29599a; padding: 40px 20px; text-align: center; color: #ffffff; border-radius: 10px; margin: 40px auto; max-width: 960px;\">\n<h2 style=\"font-size: 22px; margin-bottom: 20px; font-weight: bold;\"><span style=\"color: #ffffff;\">Solicite un carrito de maquillaje de aluminio de Sun Case con un pedido m\u00ednimo de 100.<\/span><\/h2>\n<p><a style=\"display: inline-block; padding: 12px 28px; background-color: #ffffff; color: #29599a; text-decoration: none; border-radius: 6px; font-weight: bold;\" href=\"https:\/\/suncasesupply.com\/es\/contact-us\/\" target=\"_blank\" rel=\"noopener\">Obtenga una cotizaci\u00f3n hoy<br \/>\n<\/a><\/p>\n<\/div>\n<h4><span style=\"color: #003366;\">Informaci\u00f3n \u00fatil para compradores al por mayor:<\/span><\/h4>\n<ul>\n<li class=\"page-title\" title=\"\u00bfQu\u00e9 hace que las tarjetas deportivas sean tan valiosas?\">\n<p class=\"page-title\" title=\"\u00bfC\u00f3mo elegir la carcasa de aluminio adecuada?\"><a href=\"https:\/\/suncasesupply.com\/es\/blog\/selection-of-aluminum-case\/\">\u00bfC\u00f3mo elegir la caja de aluminio adecuada? &gt;&gt;<\/a><\/p>\n<\/li>\n<li title=\"\u00bfQu\u00e9 hace que las tarjetas deportivas sean tan valiosas?\">\n<p class=\"page-title\" title=\"\u00bfCu\u00e1les son las ventajas de una caja de aluminio?\"><a href=\"https:\/\/suncasesupply.com\/es\/blog\/advantages-of-aluminum-case\/\">\u00bfCu\u00e1les son las ventajas de una caja de aluminio?<\/a><\/p>\n<\/li>\n<\/ul>","protected":false},"excerpt":{"rendered":"<p>Modelo: SC-B9007<\/p>\n<p>Tama\u00f1o: Tama\u00f1o exterior L435 x W280 x H690mm<\/p>\n<p>Colores: Negro completo<\/p>\n<p>Materiales: Marco de aluminio + Tablero MDF + Panel ABS<\/p>\n<p>Logotipo: Logotipo impreso en seda \/ Logotipo de metal<\/p>\n<p>Cantidad m\u00ednima de pedido: 100 piezas<\/p>\n<p>Muestra: Proporcionar muestra para control de calidad.<\/p>","protected":false},"featured_media":26289,"template":"","meta":{"_gspb_post_css":""},"product_cat":[42],"product_tag":[],"featured_image_urls":{"full":["https:\/\/suncasesupply.com\/wp-content\/uploads\/2025\/12\/Customized-Trolley-Aluminum-Case-2.jpg",800,800,false],"thumbnail":["https:\/\/suncasesupply.com\/wp-content\/uploads\/2025\/12\/Customized-Trolley-Aluminum-Case-2-150x150.jpg",150,150,true],"medium":["https:\/\/suncasesupply.com\/wp-content\/uploads\/2025\/12\/Customized-Trolley-Aluminum-Case-2-300x300.jpg",300,300,true],"medium_large":["https:\/\/suncasesupply.com\/wp-content\/uploads\/2025\/12\/Customized-Trolley-Aluminum-Case-2-768x768.jpg",768,768,true],"large":["https:\/\/suncasesupply.com\/wp-content\/uploads\/2025\/12\/Customized-Trolley-Aluminum-Case-2.jpg",800,800,false],"1536x1536":["https:\/\/suncasesupply.com\/wp-content\/uploads\/2025\/12\/Customized-Trolley-Aluminum-Case-2.jpg",800,800,false],"2048x2048":["https:\/\/suncasesupply.com\/wp-content\/uploads\/2025\/12\/Customized-Trolley-Aluminum-Case-2.jpg",800,800,false],"trp-custom-language-flag":["https:\/\/suncasesupply.com\/wp-content\/uploads\/2025\/12\/Customized-Trolley-Aluminum-Case-2-12x12.jpg",12,12,true],"woocommerce_thumbnail":["https:\/\/suncasesupply.com\/wp-content\/uploads\/2025\/12\/Customized-Trolley-Aluminum-Case-2-300x300.jpg",300,300,true],"woocommerce_single":["https:\/\/suncasesupply.com\/wp-content\/uploads\/2025\/12\/Customized-Trolley-Aluminum-Case-2-600x600.jpg",600,600,true],"woocommerce_gallery_thumbnail":["https:\/\/suncasesupply.com\/wp-content\/uploads\/2025\/12\/Customized-Trolley-Aluminum-Case-2-100x100.jpg",100,100,true]},"post_excerpt_stackable":"<p>Model :SC-B9007<\/p>\n<p>Size: Outside size L435 x W280 x H690mm<\/p>\n<p>Colors: Full Black<\/p>\n<p>Materials: Aluminum frame+MDF Board+ABS Panel<\/p>\n<p>Logo: Silk printing logo\u00a0\/ Metal Logo<\/p>\n<p>MOQ: 100pcs<\/p>\n<p>Sample: Providing sample for quality checking.<\/p>\n","category_list":"","author_info":{"name":"","url":""},"comments_num":"0 comentarios","_links":{"self":[{"href":"https:\/\/suncasesupply.com\/es\/wp-json\/wp\/v2\/product\/26296"}],"collection":[{"href":"https:\/\/suncasesupply.com\/es\/wp-json\/wp\/v2\/product"}],"about":[{"href":"https:\/\/suncasesupply.com\/es\/wp-json\/wp\/v2\/types\/product"}],"wp:featuredmedia":[{"embeddable":true,"href":"https:\/\/suncasesupply.com\/es\/wp-json\/wp\/v2\/media\/26289"}],"wp:attachment":[{"href":"https:\/\/suncasesupply.com\/es\/wp-json\/wp\/v2\/media?parent=26296"}],"wp:term":[{"taxonomy":"product_cat","embeddable":true,"href":"https:\/\/suncasesupply.com\/es\/wp-json\/wp\/v2\/product_cat?post=26296"},{"taxonomy":"product_tag","embeddable":true,"href":"https:\/\/suncasesupply.com\/es\/wp-json\/wp\/v2\/product_tag?post=26296"}],"curies":[{"name":"wp","href":"https:\/\/api.w.org\/{rel}","templated":true}]}}