{"id":26284,"date":"2025-11-28T17:46:50","date_gmt":"2025-11-28T09:46:50","guid":{"rendered":"https:\/\/suncasesupply.com\/?post_type=product&#038;p=26284"},"modified":"2026-03-17T02:04:29","modified_gmt":"2026-03-16T18:04:29","slug":"plastic-graded-card-slab-collector-case-pp-cards-box","status":"publish","type":"product","link":"https:\/\/suncasesupply.com\/es\/product\/plastic-graded-card-slab-collector-case-pp-cards-box\/","title":{"rendered":"Caja de tarjetas de pl\u00e1stico PP para colecci\u00f3n de tarjetas graduadas"},"content":{"rendered":"<h4><span style=\"color: #000000;\">Caja de tarjetas de pl\u00e1stico PP para colecci\u00f3n de tarjetas graduadas<\/span><\/h4>\n<h4><span style=\"color: #003366;\">Caracter\u00edsticas:<\/span><\/h4>\n<ul>\n<li><strong><b>Durabilidad excepcional: <\/b><\/strong>El estuche de PP para cartas coleccionables ofrece una excelente dureza y resistencia a los impactos, lo que lo hace resistente a roturas incluso en caso de ca\u00eddas accidentales. Adem\u00e1s, es resistente a la deformaci\u00f3n y mantiene su forma estable a temperatura ambiente durante largos periodos, evitando que las cartas se da\u00f1en por deformaci\u00f3n. Ideal para usar como estuche para tarjetas de b\u00e9isbol o Pok\u00e9mon.<\/li>\n<li><strong><b>Ligero y f\u00e1cil de usar<\/b><\/strong><strong><b>: <\/b><\/strong>La baja densidad del pl\u00e1stico PP hace que este estuche sea muy ligero. Es muy pr\u00e1ctico para el uso diario, para transportarlo o para llevarlo a cualquier parte, y no supone una carga excesiva, lo que lo hace ideal para el almacenamiento y transporte de estuches de tarjetas coleccionables.<\/li>\n<li><strong><b>Bien dise\u00f1ado y f\u00e1cil de usar: <\/b><\/strong>La mayor\u00eda de los estuches para tarjetas clasificados PP tienen ranuras para tarjetas o dise\u00f1os antideslizantes en la parte superior e inferior, lo que permite un apilamiento seguro y estable de m\u00faltiples capas, ahorrando espacio de almacenamiento y manteniendo una apariencia ordenada y hermosa, satisfaciendo las necesidades de diferentes estuches para tarjetas.<\/li>\n<\/ul>\n<h4><span style=\"color: #003366;\">Detalles del producto:<\/span><\/h4>\n<div style=\"display: flex; gap: 20px;\">\n<p><!-- \u7b2c\u4e00\u680f --><\/p>\n<div style=\"flex: 1; text-align: center;\">\n<p><img decoding=\"async\" style=\"max-width: 100%; height: auto; margin-bottom: 10px;\" src=\"https:\/\/suncasesupply.com\/wp-content\/uploads\/2025\/11\/1-Cutom-EVA-Slots.jpg\" alt=\"1 ranura para EVA personalizada\" \/><\/p>\n<p><b><\/b><strong><b>Ranuras EVA personalizadas<\/b><\/strong><\/p>\n<p style=\"margin: 0;\">Cada ranura de EVA tiene un ancho personalizado de 9 mm para adaptarse a tus cartas coleccionables, cartas clasificadas y cartas Pok\u00e9mon de PSA\/SGC\/BGS\/CGC. Normalmente, hay modelos de 3, 4 o 5 filas para que elijas. Colocaremos varios bloques de espuma dentro de cada ranura para facilitar la organizaci\u00f3n y el almacenamiento de las cartas en este estuche para cartas clasificadas.<\/p>\n<p>&nbsp;<\/p>\n<\/div>\n<p><!-- \u7b2c\u4e8c\u680f --><\/p>\n<div style=\"flex: 1; text-align: center;\">\n<p><img decoding=\"async\" style=\"max-width: 100%; height: auto; margin-bottom: 10px;\" src=\"https:\/\/suncasesupply.com\/wp-content\/uploads\/2025\/11\/2-Handle-with-Rubber-1.jpg\" alt=\"2 asas con goma\" \/><\/p>\n<p><b><\/b><b><\/b><strong><b>Mango con goma<\/b><\/strong><\/p>\n<p style=\"margin: 0;\">El asa del tarjetero de PP est\u00e1 hecha de goma suave, lo que ofrece excelente comodidad y resistencia al deslizamiento, adem\u00e1s de una excelente amortiguaci\u00f3n y absorci\u00f3n de impactos. Esto aumenta la practicidad y ofrece a los clientes una experiencia m\u00e1s c\u00f3moda, segura y c\u00f3moda al transportar el tarjetero graduado.<\/p>\n<\/div>\n<p><!-- \u7b2c\u4e09\u680f --><\/p>\n<div style=\"flex: 1; text-align: center;\">\n<p><img decoding=\"async\" style=\"max-width: 100%; height: auto; margin-bottom: 10px;\" src=\"https:\/\/suncasesupply.com\/wp-content\/uploads\/2025\/11\/3-Hard-PP-Material.jpg\" alt=\"3-Material PP duro\" \/><\/p>\n<p><b><\/b><b><\/b><b><\/b><strong><b>Material PP duro<\/b><\/strong><\/p>\n<p>El PP es un pol\u00edmero muy estable con buena resistencia a la mayor\u00eda de los \u00e1cidos, sales y otros productos qu\u00edmicos, as\u00ed como a alcoholes y aceites. Es robusto y duradero, resistente a altas y bajas temperaturas, y posee buenas propiedades de sellado para un uso prolongado en cajas de cart\u00f3n.<\/p>\n<\/div>\n<p><!-- \u7b2c\u56db\u680f --><\/p>\n<div style=\"flex: 1; text-align: center;\">\n<p><img decoding=\"async\" style=\"max-width: 100%; height: auto; margin-bottom: 10px;\" src=\"https:\/\/suncasesupply.com\/wp-content\/uploads\/2025\/11\/4-Egg-Foam.jpg\" alt=\"Espuma de 4 huevos\" \/><\/p>\n<p><b><\/b><b><\/b><strong><b>Espuma de huevo<\/b><\/strong><\/p>\n<p style=\"margin: 0;\">La tapa superior del estuche de PP est\u00e1 revestida con espuma de huevo. Esto cumple dos funciones: primero, amortigua los impactos y protege las cartas dentro de la caja; segundo, fija las cartas colocadas bajo la tapa inferior, impidiendo que se muevan dentro del estuche.<\/p>\n<\/div>\n<\/div>\n<h4><span style=\"color: #003366;\">Proceso de fabricaci\u00f3n:<\/span><\/h4>\n<p><img decoding=\"async\" style=\"max-width: 100%; height: auto; margin-bottom: 10px;\" src=\"https:\/\/suncasesupply.com\/wp-content\/uploads\/2025\/07\/Manufacturing-Process.png\" alt=\"Proceso de fabricaci\u00f3n de Suncase\" \/><\/p>\n<div style=\"background-color: #29599a; padding: 40px 20px; text-align: center; color: #ffffff; border-radius: 10px; margin: 40px auto; max-width: 960px;\">\n<h2 style=\"font-size: 22px; margin-bottom: 20px; font-weight: bold;\"><span style=\"color: #ffffff;\">Estuche de cart\u00f3n graduado Sun Case disponible a partir de un pedido m\u00ednimo de 300 unidades<\/span><\/h2>\n<p><a style=\"display: inline-block; padding: 12px 28px; background-color: #ffffff; color: #29599a; text-decoration: none; border-radius: 6px; font-weight: bold;\" href=\"https:\/\/suncasesupply.com\/es\/contact-us\/\" target=\"_blank\" rel=\"noopener\">Obtenga una cotizaci\u00f3n hoy<br \/>\n<\/a><\/p>\n<\/div>\n<div style=\"display: flex; gap: 20px;\">\n<div style=\"flex: 1; text-align: center;\">\n<p style=\"font-weight: bold; margin: 5px 0;\">\n<\/div>\n<\/div>\n<h4><span style=\"color: #003366;\">Informaci\u00f3n \u00fatil para compradores al por mayor:<\/span><\/h4>\n<ul>\n<li class=\"page-title\" title=\"\u00bfQu\u00e9 hace que las tarjetas deportivas sean tan valiosas?\">\n<p class=\"page-title\" title=\"C\u00f3mo proteger su colecci\u00f3n de tarjetas coleccionables\"><a href=\"https:\/\/suncasesupply.com\/es\/blog\/how-protect-trading-cards-collection\/\">C\u00f3mo proteger su colecci\u00f3n de tarjetas coleccionables &gt;&gt;<\/a><\/p>\n<\/li>\n<li title=\"\u00bfQu\u00e9 hace que las tarjetas deportivas sean tan valiosas?\">\n<p class=\"page-title\" title=\"\u00bfQu\u00e9 hace que las tarjetas deportivas sean tan valiosas?\"><a href=\"https:\/\/suncasesupply.com\/es\/blog\/custom-aluminum-case\/commercial-value-of-sports-cards\/\">\u00bfQu\u00e9 hace que las tarjetas deportivas sean tan valiosas? &gt;&gt;<\/a><\/p>\n<\/li>\n<li title=\"\u00bfQu\u00e9 hace que las tarjetas deportivas sean tan valiosas?\">\n<p class=\"product_title entry-title\"><a href=\"https:\/\/suncasesupply.com\/es\/product\/aluminum-card-display-case-psa-graded-cards-sport-trading-card-storage-case\/\">Vitrina de aluminio para tarjetas, estuche para guardar tarjetas graduadas PSA, deportivas y coleccionables<\/a><\/p>\n<\/li>\n<\/ul>","protected":false},"excerpt":{"rendered":"<p>Modelo: SC-B9006<\/p>\n<p>Tama\u00f1o: Tama\u00f1o exterior L384 x W366 x H183mm, Tama\u00f1o interior L350 x W300 x H165mm.<\/p>\n<p>Adecuado para: tarjetas coleccionables, tarjetas clasificadas y tarjetas Pok\u00e9mon de PSA, SGC, BGS y CGC.<\/p>\n<p>Colores: Color negro<\/p>\n<p>Materiales: Estuche de pl\u00e1stico PP, con espuma de huevo y espuma EVA personalizada.<\/p>\n<p>Logotipo: Logotipo de epoxi\/Logotipo de PVC\/Logotipo de impresi\u00f3n en seda<\/p>\n<p>Cantidad m\u00ednima de pedido: 300 piezas<\/p>\n<p>Muestra: Proporcionar muestra para control de calidad.<\/p>","protected":false},"featured_media":26278,"template":"","meta":{"_gspb_post_css":""},"product_cat":[16],"product_tag":[],"featured_image_urls":{"full":["https:\/\/suncasesupply.com\/wp-content\/uploads\/2025\/11\/PP-Cards-Storage-Box-4.jpg",800,800,false],"thumbnail":["https:\/\/suncasesupply.com\/wp-content\/uploads\/2025\/11\/PP-Cards-Storage-Box-4-150x150.jpg",150,150,true],"medium":["https:\/\/suncasesupply.com\/wp-content\/uploads\/2025\/11\/PP-Cards-Storage-Box-4-300x300.jpg",300,300,true],"medium_large":["https:\/\/suncasesupply.com\/wp-content\/uploads\/2025\/11\/PP-Cards-Storage-Box-4-768x768.jpg",768,768,true],"large":["https:\/\/suncasesupply.com\/wp-content\/uploads\/2025\/11\/PP-Cards-Storage-Box-4.jpg",800,800,false],"1536x1536":["https:\/\/suncasesupply.com\/wp-content\/uploads\/2025\/11\/PP-Cards-Storage-Box-4.jpg",800,800,false],"2048x2048":["https:\/\/suncasesupply.com\/wp-content\/uploads\/2025\/11\/PP-Cards-Storage-Box-4.jpg",800,800,false],"trp-custom-language-flag":["https:\/\/suncasesupply.com\/wp-content\/uploads\/2025\/11\/PP-Cards-Storage-Box-4-12x12.jpg",12,12,true],"woocommerce_thumbnail":["https:\/\/suncasesupply.com\/wp-content\/uploads\/2025\/11\/PP-Cards-Storage-Box-4-300x300.jpg",300,300,true],"woocommerce_single":["https:\/\/suncasesupply.com\/wp-content\/uploads\/2025\/11\/PP-Cards-Storage-Box-4-600x600.jpg",600,600,true],"woocommerce_gallery_thumbnail":["https:\/\/suncasesupply.com\/wp-content\/uploads\/2025\/11\/PP-Cards-Storage-Box-4-100x100.jpg",100,100,true]},"post_excerpt_stackable":"<p>Model :SC-B9006<\/p>\n<p>Size: Outside size L384 x W366 x H183mm, Internal size L350 x W300 x H165mm.<\/p>\n<p>Suitable: For Trading Cards \/ Graded Card \/ Pok\u00e9mon Cards of PSA\/SGC\/BGS\/CGC&#8230;<\/p>\n<p>Colors: Black Color<\/p>\n<p>Materials: PP Plastic Case, with Egg foam\u00a0&amp; Cutom EVA Foam.<\/p>\n<p>Logo: Epoxy logo\/PVC logo\/Silk printing logo<\/p>\n<p>MOQ: 300pcs<\/p>\n<p>Sample: Providing sample for quality checking.<\/p>\n","category_list":"","author_info":{"name":"","url":""},"comments_num":"0 comentarios","_links":{"self":[{"href":"https:\/\/suncasesupply.com\/es\/wp-json\/wp\/v2\/product\/26284"}],"collection":[{"href":"https:\/\/suncasesupply.com\/es\/wp-json\/wp\/v2\/product"}],"about":[{"href":"https:\/\/suncasesupply.com\/es\/wp-json\/wp\/v2\/types\/product"}],"wp:featuredmedia":[{"embeddable":true,"href":"https:\/\/suncasesupply.com\/es\/wp-json\/wp\/v2\/media\/26278"}],"wp:attachment":[{"href":"https:\/\/suncasesupply.com\/es\/wp-json\/wp\/v2\/media?parent=26284"}],"wp:term":[{"taxonomy":"product_cat","embeddable":true,"href":"https:\/\/suncasesupply.com\/es\/wp-json\/wp\/v2\/product_cat?post=26284"},{"taxonomy":"product_tag","embeddable":true,"href":"https:\/\/suncasesupply.com\/es\/wp-json\/wp\/v2\/product_tag?post=26284"}],"curies":[{"name":"wp","href":"https:\/\/api.w.org\/{rel}","templated":true}]}}