{"id":26259,"date":"2025-11-26T17:21:55","date_gmt":"2025-11-26T09:21:55","guid":{"rendered":"https:\/\/suncasesupply.com\/?post_type=product&#038;p=26259"},"modified":"2026-03-17T01:54:27","modified_gmt":"2026-03-16T17:54:27","slug":"aluminum-gun-storage-case-carry-pistol-box","status":"publish","type":"product","link":"https:\/\/suncasesupply.com\/es\/product\/aluminum-gun-storage-case-carry-pistol-box\/","title":{"rendered":"Estuche de aluminio para guardar armas y transportar pistolas"},"content":{"rendered":"<h4><span style=\"color: #003366;\">Estuche de aluminio para guardar armas y transportar pistolas<\/span><\/h4>\n<h4><span style=\"color: #003366;\">Caracter\u00edsticas:<\/span><\/h4>\n<ul>\n<li><strong>Ligero y port\u00e1til: <\/strong>En comparaci\u00f3n con las cajas de acero con el mismo nivel de protecci\u00f3n, las cajas de aluminio para armas son significativamente m\u00e1s ligeras. Esto supone una gran ventaja para quienes necesitan transportar sus armas a largas distancias o se desplazan con frecuencia, lo que las convierte en una excelente opci\u00f3n para el almacenamiento a largo plazo y el transporte diario.<\/li>\n<li><strong>Amortiguaci\u00f3n incorporada y forro personalizado:<\/strong><br \/>\nEl estuche para armas suele estar prellenado con espuma de alta densidad (como esponja, EVA o espuma Pick N Pluck, un tipo de espuma que se adapta al usuario). Los usuarios pueden cortar ranuras con precisi\u00f3n para adaptarlas a la forma del arma, la mira telesc\u00f3pica, la munici\u00f3n y los accesorios, lo que permite su uso como estuche para guardar varias armas y evita colisiones durante el transporte.<\/li>\n<\/ul>\n<h4><span style=\"color: #003366;\">Detalles del producto:<\/span><\/h4>\n<div style=\"display: flex; gap: 20px;\">\n<div style=\"flex: 1; text-align: center;\">\n<p><img decoding=\"async\" style=\"max-width: 100%; height: auto; margin-bottom: 10px;\" src=\"https:\/\/suncasesupply.com\/wp-content\/uploads\/2025\/11\/egg-foam.jpg\" alt=\"espuma de huevo\" \/><\/p>\n<p><b><\/b><strong><b>espuma protectora<\/b><\/strong><\/p>\n<p style=\"margin: 0;\">Los estuches de armas est\u00e1n rellenos de espuma de huevo de alta densidad para evitar colisiones durante el transporte y garantizar la seguridad de las armas de fuego, cumpliendo con los requisitos de los compradores mayoristas de estuches de almacenamiento de armas profesionales.<\/p>\n<p>&nbsp;<\/p>\n<\/div>\n<p><!-- \u7b2c\u4e8c\u680f --><\/p>\n<div style=\"flex: 1; text-align: center;\">\n<p><img decoding=\"async\" style=\"max-width: 100%; height: auto; margin-bottom: 10px;\" src=\"https:\/\/suncasesupply.com\/wp-content\/uploads\/2025\/11\/Removable-inner-foam.jpg\" alt=\"Espuma interior extra\u00edble\" \/><\/p>\n<p><b><\/b><strong>Espuma interior extra\u00edble<\/strong><\/p>\n<p style=\"margin: 0;\">La espuma del huevo en el interior es extra\u00edble, puedes quitarla cuando necesites m\u00e1s espacio para guardar m\u00e1s herramientas.<\/p>\n<\/div>\n<p><!-- \u7b2c\u4e09\u680f --><\/p>\n<div style=\"flex: 1; text-align: center;\">\n<p><img decoding=\"async\" style=\"max-width: 100%; height: auto; margin-bottom: 10px;\" src=\"https:\/\/suncasesupply.com\/wp-content\/uploads\/2025\/11\/Hard-Structure.jpg\" alt=\"Estructura dura\" \/><\/p>\n<p><b><\/b><strong>Estructura robusta<\/strong><\/p>\n<p>Este estuche cuenta con una robusta protecci\u00f3n en las esquinas para resistir eficazmente impactos externos, pisoteos y ca\u00eddas, protegiendo as\u00ed el contenido de da\u00f1os. Es ampliamente suministrado por fabricantes de estuches para armas para exportaci\u00f3n.<\/p>\n<\/div>\n<p><!-- \u7b2c\u56db\u680f --><\/p>\n<div style=\"flex: 1; text-align: center;\">\n<p><img decoding=\"async\" style=\"max-width: 100%; height: auto; margin-bottom: 10px;\" src=\"https:\/\/suncasesupply.com\/wp-content\/uploads\/2025\/11\/Diamond-ABS-Surface.jpg\" alt=\"Superficie ABS de diamante\" \/><\/p>\n<p><b><\/b>Superficie ABS de diamante<\/p>\n<p style=\"margin: 0;\">La superficie ABS con patr\u00f3n de diamantes no solo hace que la caja se vea hermosa, sino que la textura tambi\u00e9n evita eficazmente que la caja se raye.<\/p>\n<\/div>\n<\/div>\n<h4><span style=\"color: #003366;\">Proceso de fabricaci\u00f3n:<\/span><\/h4>\n<p><img decoding=\"async\" style=\"max-width: 100%; height: auto; margin-bottom: 10px;\" src=\"https:\/\/suncasesupply.com\/wp-content\/uploads\/2025\/07\/Manufacturing-Process.png\" alt=\"Proceso de fabricaci\u00f3n de Suncase\" \/><\/p>\n<div style=\"background-color: #29599a; padding: 40px 20px; text-align: center; color: #ffffff; border-radius: 10px; margin: 40px auto; max-width: 960px;\">\n<h2 style=\"font-size: 22px; margin-bottom: 20px; font-weight: bold;\"><span style=\"color: #ffffff;\">Estuche para guardar armas Sun Case disponible con pedido m\u00ednimo de 100.<\/span><\/h2>\n<p><a style=\"display: inline-block; padding: 12px 28px; background-color: #ffffff; color: #29599a; text-decoration: none; border-radius: 6px; font-weight: bold;\" href=\"https:\/\/suncasesupply.com\/es\/contact-us\/\" target=\"_blank\" rel=\"noopener\">Contacte con nuestra f\u00e1brica hoy mismo<br \/>\n<\/a><\/p>\n<\/div>\n<h4><span style=\"color: #003366;\">Informaci\u00f3n \u00fatil para compradores al por mayor:<\/span><\/h4>\n<ul>\n<li class=\"page-title\" title=\"\u00bfQu\u00e9 hace que las tarjetas deportivas sean tan valiosas?\"><a href=\"https:\/\/suncasesupply.com\/es\/blog\/aluminum-gun-case\/best-foam-for-aluminum-gun-cases\/\">La mejor espuma para una funda de aluminio para pistola<\/a><\/li>\n<li title=\"\u00bfQu\u00e9 hace que las tarjetas deportivas sean tan valiosas?\"><a href=\"https:\/\/suncasesupply.com\/es\/blog\/aluminum-gun-case\/consider-gun-case-factors\/\">\u00bfQu\u00e9 buscas al considerar diferentes estuches para armas?<\/a><\/li>\n<li title=\"\u00bfQu\u00e9 hace que las tarjetas deportivas sean tan valiosas?\"><a href=\"https:\/\/suncasesupply.com\/es\/blog\/aluminum-gun-case\/hard-vs-soft-rifle-case\/\">Estuche r\u00edgido o blando para rifle: \u00bfQu\u00e9 estuche de aluminio para rifle es mejor?<\/a><\/li>\n<\/ul>","protected":false},"excerpt":{"rendered":"<p>Modelo: SC-FL0016<\/p>\n<p>Tama\u00f1o: 45 x 35 x 14 cm<\/p>\n<p>Cantidad m\u00ednima de pedido: 100 piezas<\/p>\n<p>Tiempo de entrega: 15-25 d\u00edas<\/p>\n<p>Muestra: Disponible<\/p>","protected":false},"featured_media":26264,"template":"","meta":{"_gspb_post_css":""},"product_cat":[85],"product_tag":[],"featured_image_urls":{"full":["https:\/\/suncasesupply.com\/wp-content\/uploads\/2025\/11\/1-2.jpg",800,800,false],"thumbnail":["https:\/\/suncasesupply.com\/wp-content\/uploads\/2025\/11\/1-2-150x150.jpg",150,150,true],"medium":["https:\/\/suncasesupply.com\/wp-content\/uploads\/2025\/11\/1-2-300x300.jpg",300,300,true],"medium_large":["https:\/\/suncasesupply.com\/wp-content\/uploads\/2025\/11\/1-2-768x768.jpg",768,768,true],"large":["https:\/\/suncasesupply.com\/wp-content\/uploads\/2025\/11\/1-2.jpg",800,800,false],"1536x1536":["https:\/\/suncasesupply.com\/wp-content\/uploads\/2025\/11\/1-2.jpg",800,800,false],"2048x2048":["https:\/\/suncasesupply.com\/wp-content\/uploads\/2025\/11\/1-2.jpg",800,800,false],"trp-custom-language-flag":["https:\/\/suncasesupply.com\/wp-content\/uploads\/2025\/11\/1-2-12x12.jpg",12,12,true],"woocommerce_thumbnail":["https:\/\/suncasesupply.com\/wp-content\/uploads\/2025\/11\/1-2-300x300.jpg",300,300,true],"woocommerce_single":["https:\/\/suncasesupply.com\/wp-content\/uploads\/2025\/11\/1-2-600x600.jpg",600,600,true],"woocommerce_gallery_thumbnail":["https:\/\/suncasesupply.com\/wp-content\/uploads\/2025\/11\/1-2-100x100.jpg",100,100,true]},"post_excerpt_stackable":"<p>Model : SC-FL0016<\/p>\n<p>Size: 45 x 35 x 14 cm<\/p>\n<p>MOQ: 100pcs<\/p>\n<p>Delivery Time : 15-25 Days<\/p>\n<p>Sample : Available<\/p>\n","category_list":"","author_info":{"name":"","url":""},"comments_num":"0 comentarios","_links":{"self":[{"href":"https:\/\/suncasesupply.com\/es\/wp-json\/wp\/v2\/product\/26259"}],"collection":[{"href":"https:\/\/suncasesupply.com\/es\/wp-json\/wp\/v2\/product"}],"about":[{"href":"https:\/\/suncasesupply.com\/es\/wp-json\/wp\/v2\/types\/product"}],"wp:featuredmedia":[{"embeddable":true,"href":"https:\/\/suncasesupply.com\/es\/wp-json\/wp\/v2\/media\/26264"}],"wp:attachment":[{"href":"https:\/\/suncasesupply.com\/es\/wp-json\/wp\/v2\/media?parent=26259"}],"wp:term":[{"taxonomy":"product_cat","embeddable":true,"href":"https:\/\/suncasesupply.com\/es\/wp-json\/wp\/v2\/product_cat?post=26259"},{"taxonomy":"product_tag","embeddable":true,"href":"https:\/\/suncasesupply.com\/es\/wp-json\/wp\/v2\/product_tag?post=26259"}],"curies":[{"name":"wp","href":"https:\/\/api.w.org\/{rel}","templated":true}]}}