{"id":26248,"date":"2025-11-26T15:58:43","date_gmt":"2025-11-26T07:58:43","guid":{"rendered":"https:\/\/suncasesupply.com\/?post_type=product&#038;p=26248"},"modified":"2026-03-17T01:44:54","modified_gmt":"2026-03-16T17:44:54","slug":"pp-waterproof-graded-slab-card-storage-case-ip7-pp-trading-card-storage-case","status":"publish","type":"product","link":"https:\/\/suncasesupply.com\/es\/product\/pp-waterproof-graded-slab-card-storage-case-ip7-pp-trading-card-storage-case\/","title":{"rendered":"Estuche de pl\u00e1stico para tarjetas coleccionables, resistente al agua y con clasificaci\u00f3n IP7."},"content":{"rendered":"<h4><span style=\"color: #000000;\">Estuche de pl\u00e1stico para tarjetas coleccionables, resistente al agua y con clasificaci\u00f3n IP7.<\/span><\/h4>\n<p>Este alto rendimiento <strong data-start=\"1089\" data-end=\"1116\"><em data-start=\"1091\" data-end=\"1114\">Estuche para tarjetas deportivas<\/em><\/strong> Combina durabilidad, protecci\u00f3n impermeable y un dise\u00f1o interno flexible, lo que lo hace adecuado para almacenamiento, transporte y exhibici\u00f3n.<\/p>\n<h4><span style=\"color: #003366;\">Caracter\u00edsticas:<\/span><\/h4>\n<ul>\n<li><strong><b>Durable y robusto: <\/b><\/strong>Fabricado con material PP de alta calidad con clasificaci\u00f3n IP7, el estuche para guardar tarjetas PP es muy r\u00edgido y resistente a impactos, resistiendo eficazmente la presi\u00f3n externa y las colisiones, evitando da\u00f1os en las tarjetas clasificadas internamente. Esto lo convierte en un estuche confiable para tarjetas deportivas, ideal para el almacenamiento y transporte a largo plazo.<\/li>\n<li><strong><b>Sellado y a prueba de polvo: <\/b><\/strong>Generalmente equipados con tiras de sellado o dise\u00f1os de ajuste herm\u00e9tico, a\u00edslan completamente el polvo, la humedad y los contaminantes del aire, manteniendo limpias las tarjetas clasificadas en su interior. Ideales para su uso como vitrina protectora para tarjetas.<\/li>\n<li><strong><b>V\u00e1lvula de alivio de presi\u00f3n: <\/b><\/strong>El estuche PP est\u00e1 equipado con esta v\u00e1lvula para equilibrar la presi\u00f3n del aire dentro y fuera del gabinete cuando cambia la altitud, lo que facilita su apertura y cierre. Especialmente adecuado para el almacenamiento de tarjetas PSA de alta calidad.<\/li>\n<li><strong><b>Amortiguaci\u00f3n y absorci\u00f3n de impactos: <\/b><\/strong>Interior del estuche PP fabricado con EVA o relleno de esponja para proporcionar amortiguaci\u00f3n adicional al m\u00e1ximo incluso durante el transporte o ca\u00eddas accidentales, funcionando como un estuche seguro para tarjetas.<\/li>\n<\/ul>\n<h4><span style=\"color: #003366;\">Detalles del producto:<\/span><\/h4>\n<div style=\"display: flex; gap: 20px;\">\n<p><!-- \u7b2c\u4e00\u680f --><\/p>\n<div style=\"flex: 1; text-align: center;\">\n<p><img decoding=\"async\" style=\"max-width: 100%; height: auto; margin-bottom: 10px;\" src=\"https:\/\/suncasesupply.com\/wp-content\/uploads\/2025\/11\/1-EVA-Dividers.jpg\" alt=\"1-Divisores de EVA\" \/><\/p>\n<p><b><\/b><strong><b>Divisores de EVA<\/b><\/strong><\/p>\n<p style=\"margin: 0;\">En la tapa inferior interior, hecha con divisores de EVA, los divisores son ajustables y extra\u00edbles, se pueden hacer t\u00fa mismo para adaptarse a tus cartas clasificadas\/cartas coleccionables\/cartas Pok\u00e9mon PSA\/SGC\/BGS\/CGC\u2026, adecuadas para diferentes requisitos de estuches para cartas de losa.<\/p>\n<p>&nbsp;<\/p>\n<\/div>\n<p><!-- \u7b2c\u4e8c\u680f --><\/p>\n<div style=\"flex: 1; text-align: center;\">\n<p><img decoding=\"async\" style=\"max-width: 100%; height: auto; margin-bottom: 10px;\" src=\"https:\/\/suncasesupply.com\/wp-content\/uploads\/2025\/11\/2-Handle-with-Rubber.jpg\" alt=\"2 asas con goma\" \/><\/p>\n<p><b><\/b><b><\/b><strong><b>Mango con goma<\/b><\/strong><\/p>\n<p style=\"margin: 0;\">El asa tambi\u00e9n est\u00e1 hecha de PP muy resistente, con un dise\u00f1o ergon\u00f3mico y un suave ribete de goma. Esto facilita el transporte del estuche a exposiciones, ferias o casas de amigos para exhibirlo e intercambiarlo.<\/p>\n<\/div>\n<p><!-- \u7b2c\u4e09\u680f --><\/p>\n<div style=\"flex: 1; text-align: center;\">\n<p><img decoding=\"async\" style=\"max-width: 100%; height: auto; margin-bottom: 10px;\" src=\"https:\/\/suncasesupply.com\/wp-content\/uploads\/2025\/11\/3-Metal-Reinforcement-on-Locks-Holes.jpg\" alt=\"Refuerzo de 3 metales en los orificios de las cerraduras\" \/><\/p>\n<p><b><\/b><b><\/b><strong><b>Refuerzo met\u00e1lico en los orificios de las cerraduras<\/b><\/strong><\/p>\n<p>Para los orificios de las cerraduras de este modelo de estuche de PP para tarjetas, podemos a\u00f1adir un refuerzo met\u00e1lico para mayor resistencia y seguridad. Por supuesto, esto es opcional, seg\u00fan las necesidades individuales.<\/p>\n<\/div>\n<p><!-- \u7b2c\u56db\u680f --><\/p>\n<div style=\"flex: 1; text-align: center;\">\n<p><img decoding=\"async\" style=\"max-width: 100%; height: auto; margin-bottom: 10px;\" src=\"https:\/\/suncasesupply.com\/wp-content\/uploads\/2025\/11\/4-Locks.jpg\" alt=\"4 cerraduras\" \/><\/p>\n<p><b><\/b><strong><b>Cerraduras<\/b><\/strong><\/p>\n<p style=\"margin: 0;\">Combina seguridad y flexibilidad. Utiliza principalmente un orificio para candado, complementado con una cerradura integrada. Tanto la tapa superior como la inferior del estuche PP cuentan con un resistente anillo met\u00e1lico que forma una &quot;oreja de bloqueo&quot; y permite colocar un candado adicional, garantizando as\u00ed la seguridad de las tarjetas guardadas en este estuche.<\/p>\n<\/div>\n<\/div>\n<h4><span style=\"color: #003366;\">Proceso de fabricaci\u00f3n:<\/span><\/h4>\n<p><img decoding=\"async\" style=\"max-width: 100%; height: auto; margin-bottom: 10px;\" src=\"https:\/\/suncasesupply.com\/wp-content\/uploads\/2025\/07\/Manufacturing-Process.png\" alt=\"Proceso de fabricaci\u00f3n de Suncase\" \/><\/p>\n<div style=\"background-color: #29599a; padding: 40px 20px; text-align: center; color: #ffffff; border-radius: 10px; margin: 40px auto; max-width: 960px;\">\n<h2 style=\"font-size: 22px; margin-bottom: 20px; font-weight: bold;\"><span style=\"color: #ffffff;\">Solicite una caja de cart\u00f3n para tarjetas de Sun Case con un pedido m\u00ednimo de 300 unidades.<\/span><\/h2>\n<p><a style=\"display: inline-block; padding: 12px 28px; background-color: #ffffff; color: #29599a; text-decoration: none; border-radius: 6px; font-weight: bold;\" href=\"https:\/\/suncasesupply.com\/es\/contact-us\/\" target=\"_blank\" rel=\"noopener\">Solicitar precios ahora<br \/>\n<\/a><\/p>\n<\/div>\n<h4><span style=\"color: #003366;\">Informaci\u00f3n \u00fatil para compradores al por mayor:<\/span><\/h4>\n<ul>\n<li class=\"page-title\" title=\"\u00bfQu\u00e9 hace que las tarjetas deportivas sean tan valiosas?\">\n<p class=\"page-title\" title=\"C\u00f3mo proteger su colecci\u00f3n de tarjetas coleccionables\"><a href=\"https:\/\/suncasesupply.com\/es\/blog\/how-protect-trading-cards-collection\/\">C\u00f3mo proteger su colecci\u00f3n de tarjetas coleccionables &gt;&gt;<\/a><\/p>\n<\/li>\n<li title=\"\u00bfQu\u00e9 hace que las tarjetas deportivas sean tan valiosas?\">\n<p class=\"page-title\" title=\"\u00bfQu\u00e9 hace que las tarjetas deportivas sean tan valiosas?\"><a href=\"https:\/\/suncasesupply.com\/es\/blog\/custom-aluminum-case\/commercial-value-of-sports-cards\/\">\u00bfQu\u00e9 hace que las tarjetas deportivas sean tan valiosas? &gt;&gt;<\/a><\/p>\n<\/li>\n<li title=\"\u00bfQu\u00e9 hace que las tarjetas deportivas sean tan valiosas?\">\n<p class=\"product_title entry-title\"><a href=\"https:\/\/suncasesupply.com\/es\/product\/aluminum-card-display-case-psa-graded-cards-sport-trading-card-storage-case\/\">Vitrina de aluminio para tarjetas, estuche para guardar tarjetas graduadas PSA, deportivas y coleccionables<\/a><\/p>\n<\/li>\n<\/ul>","protected":false},"excerpt":{"rendered":"<p>Modelo: SC-B9005<\/p>\n<p>Tama\u00f1o: Tama\u00f1o exterior L410 x W370 x H198mm, Tama\u00f1o interior L385 x W313 x H180mm.<\/p>\n<p>Adecuado para: tarjetas coleccionables, tarjetas clasificadas y tarjetas Pok\u00e9mon de PSA, SGC, BGS y CGC.<\/p>\n<p>Colores: Color negro<\/p>\n<p>Materiales: Estuche de pl\u00e1stico PP, con espuma de huevo en la tapa superior.<\/p>\n<p>Logotipo: Logotipo de epoxi\/Logotipo de PVC\/Logotipo de impresi\u00f3n en seda<\/p>\n<p>Cantidad m\u00ednima de pedido: 300 piezas<\/p>\n<p>Muestra: Proporcionar muestra para control de calidad.<\/p>","protected":false},"featured_media":26253,"template":"","meta":{"_gspb_post_css":""},"product_cat":[16],"product_tag":[],"featured_image_urls":{"full":["https:\/\/suncasesupply.com\/wp-content\/uploads\/2025\/11\/1.jpg",800,800,false],"thumbnail":["https:\/\/suncasesupply.com\/wp-content\/uploads\/2025\/11\/1-150x150.jpg",150,150,true],"medium":["https:\/\/suncasesupply.com\/wp-content\/uploads\/2025\/11\/1-300x300.jpg",300,300,true],"medium_large":["https:\/\/suncasesupply.com\/wp-content\/uploads\/2025\/11\/1-768x768.jpg",768,768,true],"large":["https:\/\/suncasesupply.com\/wp-content\/uploads\/2025\/11\/1.jpg",800,800,false],"1536x1536":["https:\/\/suncasesupply.com\/wp-content\/uploads\/2025\/11\/1.jpg",800,800,false],"2048x2048":["https:\/\/suncasesupply.com\/wp-content\/uploads\/2025\/11\/1.jpg",800,800,false],"trp-custom-language-flag":["https:\/\/suncasesupply.com\/wp-content\/uploads\/2025\/11\/1-12x12.jpg",12,12,true],"woocommerce_thumbnail":["https:\/\/suncasesupply.com\/wp-content\/uploads\/2025\/11\/1-300x300.jpg",300,300,true],"woocommerce_single":["https:\/\/suncasesupply.com\/wp-content\/uploads\/2025\/11\/1-600x600.jpg",600,600,true],"woocommerce_gallery_thumbnail":["https:\/\/suncasesupply.com\/wp-content\/uploads\/2025\/11\/1-100x100.jpg",100,100,true]},"post_excerpt_stackable":"<p>Model :SC-B9005<\/p>\n<p>Size: Outside size L410 x W370 x H198mm, Internal size L385 x W313 x H180mm.<\/p>\n<p>Suitable: For Trading Cards \/ Graded Card \/ Pok\u00e9mon Cards of PSA\/SGC\/BGS\/CGC&#8230;<\/p>\n<p>Colors: Black Color<\/p>\n<p>Materials: PP Plastic Case, with Egg foam on the upper lid.<\/p>\n<p>Logo: Epoxy logo\/PVC logo\/Silk printing logo<\/p>\n<p>MOQ: 300pcs<\/p>\n<p>Sample: Providing sample for quality checking.<\/p>\n","category_list":"","author_info":{"name":"","url":""},"comments_num":"0 comentarios","_links":{"self":[{"href":"https:\/\/suncasesupply.com\/es\/wp-json\/wp\/v2\/product\/26248"}],"collection":[{"href":"https:\/\/suncasesupply.com\/es\/wp-json\/wp\/v2\/product"}],"about":[{"href":"https:\/\/suncasesupply.com\/es\/wp-json\/wp\/v2\/types\/product"}],"wp:featuredmedia":[{"embeddable":true,"href":"https:\/\/suncasesupply.com\/es\/wp-json\/wp\/v2\/media\/26253"}],"wp:attachment":[{"href":"https:\/\/suncasesupply.com\/es\/wp-json\/wp\/v2\/media?parent=26248"}],"wp:term":[{"taxonomy":"product_cat","embeddable":true,"href":"https:\/\/suncasesupply.com\/es\/wp-json\/wp\/v2\/product_cat?post=26248"},{"taxonomy":"product_tag","embeddable":true,"href":"https:\/\/suncasesupply.com\/es\/wp-json\/wp\/v2\/product_tag?post=26248"}],"curies":[{"name":"wp","href":"https:\/\/api.w.org\/{rel}","templated":true}]}}