{"id":25696,"date":"2025-07-11T16:37:21","date_gmt":"2025-07-11T08:37:21","guid":{"rendered":"https:\/\/suncasesupply.com\/?post_type=product&#038;p=25696"},"modified":"2025-08-26T16:10:32","modified_gmt":"2025-08-26T08:10:32","slug":"double-makeup-vanity-case-pu-makeup-vanity-bag-with-rmovable-dividers","status":"publish","type":"product","link":"https:\/\/suncasesupply.com\/es\/product\/double-makeup-vanity-case-pu-makeup-vanity-bag-with-rmovable-dividers\/","title":{"rendered":"Neceser doble de maquillaje de poliuretano con divisores extra\u00edbles"},"content":{"rendered":"<h4><span style=\"color: #003366;\">Caracter\u00edsticas:<\/span><\/h4>\n<p>Neceser doble de maquillaje de PU con divisores extra\u00edbles<\/p>\n<ul>\n<li data-start=\"164\" data-end=\"361\">\n<p data-start=\"166\" data-end=\"361\"><strong data-start=\"166\" data-end=\"182\">Tama\u00f1o perfecto: <\/strong>Suficientemente alto para botellas verticales, ancho para paletas y con espacio para todos tus art\u00edculos esenciales. El espejo plegable es pr\u00e1ctico, ideal como neceser de viaje.<\/p>\n<\/li>\n<li data-start=\"363\" data-end=\"563\">\n<p data-start=\"365\" data-end=\"563\"><strong data-start=\"365\" data-end=\"385\">Almacenamiento flexible: <\/strong>Dise\u00f1o de dos niveles con compartimentos separables con cremallera y separadores de PU extra\u00edbles para personalizar los compartimentos. Una excelente opci\u00f3n para quienes necesitan un estuche de maquillaje con separadores ajustables.<\/p>\n<\/li>\n<li data-start=\"565\" data-end=\"728\">\n<p data-start=\"567\" data-end=\"728\"><strong data-start=\"567\" data-end=\"587\">Dise\u00f1o de usos m\u00faltiples: <\/strong>Sirve como estuche de maquillaje con divisores, estuche divisor de maquillaje o estuche de tocador de maquillaje port\u00e1til, perfecto para el hogar o para viajar.<\/p>\n<\/li>\n<\/ul>\n<h4><span style=\"color: #003366;\">Detalles del producto:<\/span><\/h4>\n<p><!-- \u7b2c\u4e00\u680f --><\/p>\n<div style=\"display: flex; gap: 20px;\">\n<div style=\"flex: 1; text-align: center;\">\n<p><img decoding=\"async\" style=\"max-width: 100%; height: auto; margin-bottom: 10px;\" src=\"https:\/\/suncasesupply.com\/wp-content\/uploads\/2025\/07\/metal-zippers.jpg\" alt=\"cremalleras met\u00e1licas\" \/><\/p>\n<p style=\"font-weight: bold; margin: 5px 0;\"><b><\/b><strong><b>Cremalleras met\u00e1licas<\/b><\/strong><\/p>\n<p style=\"margin: 0;\">Este neceser de viaje de maquillaje de dos niveles con separadores cuenta con una exclusiva cremallera que forma una barrera sellada al cerrarse para evitar que los cosm\u00e9ticos (como productos en polvo o l\u00edquidos) se derramen o se llenen de polvo. El brillo met\u00e1lico plateado se combina con el cuero lichi verde claro, realzando el estilo y la practicidad de este neceser.<\/p>\n<\/div>\n<p><!-- \u7b2c\u4e8c\u680f --><\/p>\n<div style=\"flex: 1; text-align: center;\">\n<p><img decoding=\"async\" style=\"max-width: 100%; height: auto; margin-bottom: 10px;\" src=\"https:\/\/suncasesupply.com\/wp-content\/uploads\/2025\/07\/brushes-holders.jpg\" alt=\"portaescobillas\" \/><\/p>\n<p style=\"font-weight: bold; margin: 5px 0;\"><b><\/b><b><\/b><strong><b>Mango empotrado<\/b><\/strong><\/p>\n<p data-start=\"1318\" data-end=\"1662\">La tapa tiene una banda el\u00e1stica cosida en la parte superior para guardar varias brochas. El suave forro de terciopelo garantiza que tus productos se mantengan seguros y organizados, tanto en casa como fuera de ella. Es un estuche divisor de maquillaje ideal para mantener las brochas limpias y protegidas.<\/p>\n<\/div>\n<p><!-- \u7b2c\u4e09\u680f --><\/p>\n<div style=\"flex: 1; text-align: center;\">\n<p><img decoding=\"async\" style=\"max-width: 100%; height: auto; margin-bottom: 10px;\" src=\"https:\/\/suncasesupply.com\/wp-content\/uploads\/2025\/07\/handel.jpg\" alt=\"manejar\" \/><\/p>\n<p style=\"font-weight: bold; margin: 5px 0;\"><strong><b>Mango fuerte<\/b><\/strong><\/p>\n<p data-start=\"1689\" data-end=\"2022\">Equipada con una elegante asa de PU, con dos clavos met\u00e1licos que aumentan su firmeza y capacidad de carga, garantizando as\u00ed su durabilidad y facilidad de transporte. Complementa el dise\u00f1o general de este neceser de viaje port\u00e1til.<\/p>\n<\/div>\n<p><!-- \u7b2c\u56db\u680f --><\/p>\n<div style=\"flex: 1; text-align: center;\">\n<p><img decoding=\"async\" style=\"max-width: 100%; height: auto; margin-bottom: 10px;\" src=\"https:\/\/suncasesupply.com\/wp-content\/uploads\/2025\/07\/PU-storage-dividers.jpg\" alt=\"Divisores de almacenamiento de PU\" \/><\/p>\n<p style=\"font-weight: bold; margin: 5px 0;\"><strong><b>Divisor interior<\/b><\/strong><\/p>\n<p style=\"margin: 0;\">Los divisores de PU en el interior mantienen tus productos seguros y organizados, ofreciendo una soluci\u00f3n elegante y pr\u00e1ctica para organizar tus accesorios de maquillaje y belleza. Es extra\u00edble: cuando no lo necesites, puedes sacarlo y aprovechar el amplio espacio interior. Esta configuraci\u00f3n flexible lo convierte en un vers\u00e1til estuche de maquillaje con divisores para uso diario o profesional.<\/p>\n<\/div>\n<\/div>\n<div style=\"background-color: #29599a; padding: 40px 20px; text-align: center; color: #ffffff; border-radius: 10px; margin: 40px auto; max-width: 960px;\">\n<h2 style=\"font-size: 22px; margin-bottom: 20px; font-weight: bold;\"><span style=\"color: #ffffff;\">Comience su pedido personalizado hoy: pedido m\u00ednimo desde 1000, precio directo de f\u00e1brica garantizado.<\/span><\/h2>\n<p><a style=\"display: inline-block; padding: 12px 28px; background-color: #ffffff; color: #29599a; text-decoration: none; border-radius: 6px; font-weight: bold;\" href=\"https:\/\/suncasesupply.com\/es\/contact-us\/\" target=\"_blank\" rel=\"noopener\">Obtenga una cotizaci\u00f3n<br \/>\n<\/a><\/p>\n<\/div>\n<h4><span style=\"color: #003366;\">Proceso de fabricaci\u00f3n:<\/span><\/h4>\n<p><img decoding=\"async\" style=\"max-width: 100%; height: auto; margin-bottom: 10px;\" src=\"https:\/\/suncasesupply.com\/wp-content\/uploads\/2025\/07\/manufacture-process.png\" alt=\"Proceso de fabricaci\u00f3n de Suncase\" \/><\/p>\n<h4><span style=\"color: #003366;\">Informaci\u00f3n \u00fatil para compradores al por mayor:<\/span><\/h4>\n<ul>\n<li><a href=\"https:\/\/suncasesupply.com\/es\/blog\/makeup-case\/hard-vs-soft-makeup-bags\/\">Bolsas de maquillaje duras o blandas: \u00bfcu\u00e1l es mejor para viajar y guardar?<\/a><\/li>\n<li><a href=\"https:\/\/suncasesupply.com\/es\/blog\/makeup-case\/why-choose-a-trolley-makeup-case-over-a-soft-makeup-bag\/\">\u00bfPor qu\u00e9 elegir un estuche de maquillaje con ruedas en lugar de una bolsa de maquillaje blanda?<\/a><\/li>\n<li><a href=\"https:\/\/suncasesupply.com\/es\/blog\/makeup-case\/top-5-suppliers-of-australia\/\">Los 5 principales fabricantes mayoristas de bolsas de maquillaje de Australia<\/a><\/li>\n<\/ul>\n<p><a href=\"https:\/\/suncasesupply.com\/es\/product-category\/luggage-suitcase\/\">\u00a1Solicite una cotizaci\u00f3n ahora! &gt;&gt;<\/a><\/p>","protected":false},"excerpt":{"rendered":"<p>Modelo: MB-0051<\/p>\n<p>Tama\u00f1o: 24 x 18 x 17 cm<\/p>\n<p>Colores: verde claro, se aceptan otros colores.<\/p>\n<p>Materiales: PU + Terciopelo + Cremalleras met\u00e1licas<\/p>\n<p>Logotipo: Logotipo en bajorrelieve, logotipo impreso en seda<\/p>\n<p>Cantidad m\u00ednima de pedido: 1000 piezas<\/p>\n<p>Muestra: Proporcionar muestra.<\/p>","protected":false},"featured_media":25699,"template":"","meta":{"_gspb_post_css":""},"product_cat":[34,95],"product_tag":[],"featured_image_urls":{"full":["https:\/\/suncasesupply.com\/wp-content\/uploads\/2025\/07\/double-vanity-case.jpg",800,800,false],"thumbnail":["https:\/\/suncasesupply.com\/wp-content\/uploads\/2025\/07\/double-vanity-case-150x150.jpg",150,150,true],"medium":["https:\/\/suncasesupply.com\/wp-content\/uploads\/2025\/07\/double-vanity-case-300x300.jpg",300,300,true],"medium_large":["https:\/\/suncasesupply.com\/wp-content\/uploads\/2025\/07\/double-vanity-case-768x768.jpg",768,768,true],"large":["https:\/\/suncasesupply.com\/wp-content\/uploads\/2025\/07\/double-vanity-case.jpg",800,800,false],"1536x1536":["https:\/\/suncasesupply.com\/wp-content\/uploads\/2025\/07\/double-vanity-case.jpg",800,800,false],"2048x2048":["https:\/\/suncasesupply.com\/wp-content\/uploads\/2025\/07\/double-vanity-case.jpg",800,800,false],"trp-custom-language-flag":["https:\/\/suncasesupply.com\/wp-content\/uploads\/2025\/07\/double-vanity-case-12x12.jpg",12,12,true],"woocommerce_thumbnail":["https:\/\/suncasesupply.com\/wp-content\/uploads\/2025\/07\/double-vanity-case-300x300.jpg",300,300,true],"woocommerce_single":["https:\/\/suncasesupply.com\/wp-content\/uploads\/2025\/07\/double-vanity-case-600x600.jpg",600,600,true],"woocommerce_gallery_thumbnail":["https:\/\/suncasesupply.com\/wp-content\/uploads\/2025\/07\/double-vanity-case-100x100.jpg",100,100,true]},"post_excerpt_stackable":"<p>Model:MB-0051<\/p>\n<p>Size: 24*18*17cm<\/p>\n<p>Colors: light green, other colors acceptable<\/p>\n<p>Materials: PU+Velvet+Metal zippers<\/p>\n<p>Logo: Deboss Logo, Silk Printing Logo<\/p>\n<p>MOQ: 1000pcs<\/p>\n<p>Sample: Provide sample.<\/p>\n","category_list":"","author_info":{"name":"","url":""},"comments_num":"0 comentarios","_links":{"self":[{"href":"https:\/\/suncasesupply.com\/es\/wp-json\/wp\/v2\/product\/25696"}],"collection":[{"href":"https:\/\/suncasesupply.com\/es\/wp-json\/wp\/v2\/product"}],"about":[{"href":"https:\/\/suncasesupply.com\/es\/wp-json\/wp\/v2\/types\/product"}],"wp:featuredmedia":[{"embeddable":true,"href":"https:\/\/suncasesupply.com\/es\/wp-json\/wp\/v2\/media\/25699"}],"wp:attachment":[{"href":"https:\/\/suncasesupply.com\/es\/wp-json\/wp\/v2\/media?parent=25696"}],"wp:term":[{"taxonomy":"product_cat","embeddable":true,"href":"https:\/\/suncasesupply.com\/es\/wp-json\/wp\/v2\/product_cat?post=25696"},{"taxonomy":"product_tag","embeddable":true,"href":"https:\/\/suncasesupply.com\/es\/wp-json\/wp\/v2\/product_tag?post=25696"}],"curies":[{"name":"wp","href":"https:\/\/api.w.org\/{rel}","templated":true}]}}