{"id":25644,"date":"2025-07-10T16:19:07","date_gmt":"2025-07-10T08:19:07","guid":{"rendered":"https:\/\/suncasesupply.com\/?post_type=product&#038;p=25644"},"modified":"2025-07-15T11:20:22","modified_gmt":"2025-07-15T03:20:22","slug":"printer-flight-case-for-hiti-p525l-custom-printers-storage-box","status":"publish","type":"product","link":"https:\/\/suncasesupply.com\/es\/product\/printer-flight-case-for-hiti-p525l-custom-printers-storage-box\/","title":{"rendered":"Estuche de transporte para impresora HiTi P525L, caja de almacenamiento personalizada"},"content":{"rendered":"<h4><span style=\"color: #003366;\">Caracter\u00edsticas:<\/span><\/h4>\n<ul>\n<li><strong><b>Proteccion<\/b><\/strong><strong><b>: <\/b><\/strong>El estuche de vuelo de la impresora es un estuche especial dise\u00f1ado para proteger la impresora contra da\u00f1os durante el transporte, la manipulaci\u00f3n o entornos hostiles.<\/li>\n<li><strong><b>Personalizaci\u00f3n<\/b><\/strong><strong><b>: <\/b><\/strong>Este estuche de transporte para impresora es compatible con la HiTi P525L. Su tama\u00f1o interior se adapta al tama\u00f1o de la impresora. La impresora queda protegida y encaja perfectamente en su interior.<\/li>\n<li><strong><b>Estructura port\u00e1til<\/b><\/strong><strong><b>:<\/b><\/strong>\u00a0La impresora cuenta con un asa resistente en la parte superior, f\u00e1cil de transportar. Adem\u00e1s, incluye una barra de transporte y dos ruedas, lo que reduce el peso durante el transporte.<\/li>\n<li><strong><b>Durabilidad: <\/b><\/strong>El estuche de vuelo de la impresora est\u00e1 hecho con un marco de aluminio de alta calidad y accesorios resistentes, que es resistente a los ara\u00f1azos y al desgaste, altamente protector y muy confiable.<\/li>\n<\/ul>\n<h4><span style=\"color: #003366;\">Detalles del producto:<\/span><\/h4>\n<p><!-- \u7b2c\u4e00\u680f --><\/p>\n<div style=\"display: flex; gap: 20px;\">\n<div style=\"flex: 1; text-align: center;\">\n<p><img decoding=\"async\" style=\"max-width: 100%; height: auto; margin-bottom: 10px;\" src=\"https:\/\/suncasesupply.com\/wp-content\/uploads\/2025\/07\/1-Reinforced-Corners.jpg\" alt=\"1-Esquinas reforzadas\" \/><\/p>\n<p style=\"font-weight: bold; margin: 5px 0;\"><b><\/b><strong><b>Esquinas reforzadas<\/b><\/strong><\/p>\n<p style=\"margin: 0;\">Fabricadas con esquinas de bolas de acero resistentes, ofrecen m\u00e1xima resistencia al impacto.<\/p>\n<\/div>\n<p><!-- \u7b2c\u4e8c\u680f --><\/p>\n<div style=\"flex: 1; text-align: center;\">\n<p><img decoding=\"async\" style=\"max-width: 100%; height: auto; margin-bottom: 10px;\" src=\"https:\/\/suncasesupply.com\/wp-content\/uploads\/2025\/07\/2-Recessed-Handle.jpg\" alt=\"2 manijas empotradas\" \/><\/p>\n<p style=\"font-weight: bold; margin: 5px 0;\"><b><\/b><b><\/b><strong><b>Mango empotrado<\/b><\/strong><\/p>\n<p data-start=\"1318\" data-end=\"1662\">Sus manijas y pestillos acolchados de acero empotrados garantizan el cierre y una f\u00e1cil elevaci\u00f3n.<\/p>\n<\/div>\n<p><!-- \u7b2c\u4e09\u680f --><\/p>\n<div style=\"flex: 1; text-align: center;\">\n<p><img decoding=\"async\" style=\"max-width: 100%; height: auto; margin-bottom: 10px;\" src=\"https:\/\/suncasesupply.com\/wp-content\/uploads\/2025\/07\/3-Wheels.jpg\" alt=\"3 ruedas\" \/><\/p>\n<p style=\"font-weight: bold; margin: 5px 0;\"><strong><b>Ruedas<\/b><\/strong><\/p>\n<p data-start=\"1689\" data-end=\"2022\">Dos ruedas en la parte inferior de la carcasa de la impresora permiten transportarla m\u00e1s f\u00e1cilmente.<\/p>\n<\/div>\n<p><!-- \u7b2c\u56db\u680f --><\/p>\n<div style=\"flex: 1; text-align: center;\">\n<p><img decoding=\"async\" style=\"max-width: 100%; height: auto; margin-bottom: 10px;\" src=\"https:\/\/suncasesupply.com\/wp-content\/uploads\/2025\/07\/4-Trolley-Rod.jpg\" alt=\"Varilla de 4 carros\" \/><\/p>\n<p style=\"font-weight: bold; margin: 5px 0;\"><strong><b>Varilla de carro<\/b><\/strong><\/p>\n<p style=\"margin: 0;\">La longitud de la barra del carrito es ajustable y se adapta a diferentes alturas de usuario. Facilita la movilidad.<\/p>\n<\/div>\n<\/div>\n<div style=\"background-color: #29599a; padding: 40px 20px; text-align: center; color: #ffffff; border-radius: 10px; margin: 40px auto; max-width: 960px;\">\n<h2 style=\"font-size: 22px; margin-bottom: 20px; font-weight: bold;\"><span style=\"color: #ffffff;\">Comience su pedido personalizado hoy: pedido m\u00ednimo desde 50, precio directo de f\u00e1brica garantizado.<\/span><\/h2>\n<p><a style=\"display: inline-block; padding: 12px 28px; background-color: #ffffff; color: #29599a; text-decoration: none; border-radius: 6px; font-weight: bold;\" href=\"https:\/\/suncasesupply.com\/es\/contact-us\/\" target=\"_blank\" rel=\"noopener\">Obtenga una cotizaci\u00f3n<br \/>\n<\/a><\/p>\n<\/div>\n<h4><span style=\"color: #003366;\">Proceso de fabricaci\u00f3n:<\/span><\/h4>\n<p><img decoding=\"async\" style=\"max-width: 100%; height: auto; margin-bottom: 10px;\" src=\"https:\/\/suncasesupply.com\/wp-content\/uploads\/2025\/07\/Flight-Cases-Manufacturing-Process.png\" alt=\"Proceso de fabricaci\u00f3n de cajas de vuelo\" \/><\/p>\n<h4><span style=\"color: #003366;\">Informaci\u00f3n \u00fatil para compradores al por mayor:<\/span><\/h4>\n<ul>\n<li class=\"page-title\" title=\"\u00bfQu\u00e9 hace que las tarjetas deportivas sean tan valiosas?\">\n<p class=\"page-title\" title=\"\u00bfQu\u00e9 es un caso ATA? Todo lo que necesitas saber\"><a href=\"https:\/\/suncasesupply.com\/es\/blog\/what-is-an-ata-case\/\">\u00bfQu\u00e9 es un caso ATA? Todo lo que necesitas saber<\/a><\/p>\n<\/li>\n<\/ul>\n<p>Ya sea que necesites un <strong data-start=\"2725\" data-end=\"2752\">Estuche de transporte para impresora<\/strong>, a <strong data-start=\"2756\" data-end=\"2788\">estuche de vuelo con cable<\/strong>, o una <strong data-start=\"2795\" data-end=\"2818\">Estuche de transporte para TV<\/strong>Sun Case lo tiene cubierto con opciones personalizables de alta calidad.<\/p>\n<p><a href=\"https:\/\/suncasesupply.com\/es\/product-category\/luggage-suitcase\/\">\u00a1Solicite una cotizaci\u00f3n ahora! &gt;&gt;<\/a><\/p>","protected":false},"excerpt":{"rendered":"<p>Modelo: PT-0050<\/p>\n<p>Tama\u00f1o: Tama\u00f1o personalizado seg\u00fan el tama\u00f1o de las impresoras.<\/p>\n<p>Colores: generalmente color negro, se aceptan otros colores.<\/p>\n<p>Materiales: Estructura de aluminio + madera contrachapada + revestimiento + herrajes<\/p>\n<p>Logotipo: Logotipo de placa de metal, logotipo de impresi\u00f3n en seda<\/p>\n<p>Cantidad m\u00ednima de pedido: 50 piezas<\/p>\n<p>Muestra: Proporcionar muestra.<\/p>","protected":false},"featured_media":25653,"template":"","meta":{"_gspb_post_css":""},"product_cat":[39],"product_tag":[],"featured_image_urls":{"full":["https:\/\/suncasesupply.com\/wp-content\/uploads\/2025\/07\/Printer-Flight-Case-3.jpg",800,800,false],"thumbnail":["https:\/\/suncasesupply.com\/wp-content\/uploads\/2025\/07\/Printer-Flight-Case-3-150x150.jpg",150,150,true],"medium":["https:\/\/suncasesupply.com\/wp-content\/uploads\/2025\/07\/Printer-Flight-Case-3-300x300.jpg",300,300,true],"medium_large":["https:\/\/suncasesupply.com\/wp-content\/uploads\/2025\/07\/Printer-Flight-Case-3-768x768.jpg",768,768,true],"large":["https:\/\/suncasesupply.com\/wp-content\/uploads\/2025\/07\/Printer-Flight-Case-3.jpg",800,800,false],"1536x1536":["https:\/\/suncasesupply.com\/wp-content\/uploads\/2025\/07\/Printer-Flight-Case-3.jpg",800,800,false],"2048x2048":["https:\/\/suncasesupply.com\/wp-content\/uploads\/2025\/07\/Printer-Flight-Case-3.jpg",800,800,false],"trp-custom-language-flag":["https:\/\/suncasesupply.com\/wp-content\/uploads\/2025\/07\/Printer-Flight-Case-3-12x12.jpg",12,12,true],"woocommerce_thumbnail":["https:\/\/suncasesupply.com\/wp-content\/uploads\/2025\/07\/Printer-Flight-Case-3-300x300.jpg",300,300,true],"woocommerce_single":["https:\/\/suncasesupply.com\/wp-content\/uploads\/2025\/07\/Printer-Flight-Case-3-600x600.jpg",600,600,true],"woocommerce_gallery_thumbnail":["https:\/\/suncasesupply.com\/wp-content\/uploads\/2025\/07\/Printer-Flight-Case-3-100x100.jpg",100,100,true]},"post_excerpt_stackable":"<p>Model:PT-0050<\/p>\n<p>Size: Custom size according to the size of Printers<\/p>\n<p>Colors:\u00a0Black color usually, other colors acceptable<\/p>\n<p>Materials: Aluminum Frame+Plywood+Lining+Hardware<\/p>\n<p>Logo:\u00a0Metal Plate Logo, Silk Printing Logo<\/p>\n<p>MOQ: 50pcs<\/p>\n<p>Sample: Provide sample.<\/p>\n","category_list":"","author_info":{"name":"","url":""},"comments_num":"0 comentarios","_links":{"self":[{"href":"https:\/\/suncasesupply.com\/es\/wp-json\/wp\/v2\/product\/25644"}],"collection":[{"href":"https:\/\/suncasesupply.com\/es\/wp-json\/wp\/v2\/product"}],"about":[{"href":"https:\/\/suncasesupply.com\/es\/wp-json\/wp\/v2\/types\/product"}],"wp:featuredmedia":[{"embeddable":true,"href":"https:\/\/suncasesupply.com\/es\/wp-json\/wp\/v2\/media\/25653"}],"wp:attachment":[{"href":"https:\/\/suncasesupply.com\/es\/wp-json\/wp\/v2\/media?parent=25644"}],"wp:term":[{"taxonomy":"product_cat","embeddable":true,"href":"https:\/\/suncasesupply.com\/es\/wp-json\/wp\/v2\/product_cat?post=25644"},{"taxonomy":"product_tag","embeddable":true,"href":"https:\/\/suncasesupply.com\/es\/wp-json\/wp\/v2\/product_tag?post=25644"}],"curies":[{"name":"wp","href":"https:\/\/api.w.org\/{rel}","templated":true}]}}