{"id":25366,"date":"2025-05-27T09:52:32","date_gmt":"2025-05-27T01:52:32","guid":{"rendered":"https:\/\/suncasesupply.com\/?post_type=product&#038;p=25366"},"modified":"2025-07-14T14:32:35","modified_gmt":"2025-07-14T06:32:35","slug":"aluminum-medical-box-carrying-first-aid-medicine-storage-case-with-tray","status":"publish","type":"product","link":"https:\/\/suncasesupply.com\/es\/product\/aluminum-medical-box-carrying-first-aid-medicine-storage-case-with-tray\/","title":{"rendered":"Caja m\u00e9dica de aluminio con bandeja para medicamentos de primeros auxilios"},"content":{"rendered":"<h4><span style=\"color: #003366;\">Caracter\u00edsticas:<\/span><\/h4>\n<ul>\n<li><strong><b>Ligero y duradero<\/b><\/strong>:Hecho de aleaci\u00f3n de aluminio de alta resistencia, marco de aluminio, panel de melamina, tablero MDF, hardware, es liviano pero con una gran capacidad de carga.<\/li>\n<li><strong><b>Estructura fuerte<\/b><\/strong>:La caja m\u00e9dica de aluminio tiene esquinas reforzadas, que son resistentes a ca\u00eddas y presiones, adecuadas para manipulaci\u00f3n frecuente y entornos hostiles.<\/li>\n<li><strong><b>Alto rendimiento de protecci\u00f3n<\/b><\/strong>:Amortiguador a prueba de golpes y generalmente forrado con esponja EVA, podr\u00eda proteger bien los art\u00edculos dentro de la caja.<\/li>\n<li><strong><b>Personalizaci\u00f3n profesional<\/b><\/strong>Dise\u00f1ado para almacenar suministros b\u00e1sicos de primeros auxilios, herramientas m\u00e9dicas de emergencia, medicamentos, etc. Se utiliza com\u00fanmente en exteriores, rescates de emergencia, situaciones militares, emergencias prehospitalarias y otros escenarios.<\/li>\n<\/ul>\n<h4><span style=\"color: #003366;\">Detalles del producto:<\/span><\/h4>\n<div style=\"display: flex; gap: 20px;\">\n<p><!-- \u7b2c\u4e00\u680f --><\/p>\n<div style=\"flex: 1; text-align: center;\">\n<p><img decoding=\"async\" style=\"max-width: 100%; height: auto; margin-bottom: 10px;\" src=\"https:\/\/suncasesupply.com\/wp-content\/uploads\/2025\/05\/1-Printing.jpg\" alt=\"1-Impresi\u00f3n\" \/><\/p>\n<p><strong><b>Impresi\u00f3n<\/b><\/strong><\/p>\n<p style=\"margin: 0;\">Este botiqu\u00edn de aluminio para primeros auxilios est\u00e1 impreso con el logotipo de primeros auxilios y las letras &quot;First Aid Box&quot;, lo que demuestra claramente su funci\u00f3n. Si desea imprimir su propio logotipo o dise\u00f1o, podemos personalizarlo.<\/p>\n<p>&nbsp;<\/p>\n<\/div>\n<p><!-- \u7b2c\u4e8c\u680f --><\/p>\n<div style=\"flex: 1; text-align: center;\">\n<p><img decoding=\"async\" style=\"max-width: 100%; height: auto; margin-bottom: 10px;\" src=\"https:\/\/suncasesupply.com\/wp-content\/uploads\/2025\/05\/2-Tool-Locks.jpg\" alt=\"Cerraduras para 2 herramientas\" \/><\/p>\n<p><b><\/b><strong><b>Cerraduras para herramientas<\/b><\/strong><\/p>\n<p style=\"margin: 0;\">La caja, compuesta por dos cerraduras para herramientas, se utiliza principalmente para brindar seguridad y comodidad. Evita que los art\u00edculos se pierdan o se roben. Adem\u00e1s, evita que se abra accidentalmente por vibraciones o golpes, y que los art\u00edculos se dispersen o se da\u00f1en.<\/p>\n<\/div>\n<p><!-- \u7b2c\u4e09\u680f --><\/p>\n<div style=\"flex: 1; text-align: center;\">\n<p><img decoding=\"async\" style=\"max-width: 100%; height: auto; margin-bottom: 10px;\" src=\"https:\/\/suncasesupply.com\/wp-content\/uploads\/2025\/05\/3-Tray-Plate.jpg\" alt=\"Plato de 3 bandejas\" \/><\/p>\n<p><b><\/b><strong><b>Plato de bandeja<\/b><\/strong><\/p>\n<p>El botiqu\u00edn cuenta con una bandeja dentro, que se utiliza principalmente para clasificar y organizar art\u00edculos. El almacenamiento en capas facilita la clasificaci\u00f3n de medicamentos e instrumentos como tijeras, pinzas, ap\u00f3sitos, etc., evitando que se mezclen y optimizando la recuperaci\u00f3n.<\/p>\n<\/div>\n<p><!-- \u7b2c\u56db\u680f --><\/p>\n<div style=\"flex: 1; text-align: center;\">\n<p><img decoding=\"async\" style=\"max-width: 100%; height: auto; margin-bottom: 10px;\" src=\"https:\/\/suncasesupply.com\/wp-content\/uploads\/2025\/05\/4-Storage-Pocket.jpg\" alt=\"4 bolsillos de almacenamiento\" \/><\/p>\n<p><b><\/b><strong><b>Bolsillo de almacenamiento<\/b><\/strong><\/p>\n<p style=\"margin: 0;\">El bolsillo de almacenamiento de la caja m\u00e9dica permite clasificar y guardar los art\u00edculos m\u00e9dicos, manteni\u00e9ndolos limpios y ordenados. Generalmente se encuentra en el interior de la tapa superior, lo que lo hace muy pr\u00e1ctico.<\/p>\n<\/div>\n<\/div>\n<h4><span style=\"color: #003366;\">Proceso de fabricaci\u00f3n:<\/span><\/h4>\n<p><img decoding=\"async\" style=\"max-width: 100%; height: auto; margin-bottom: 10px;\" src=\"https:\/\/suncasesupply.com\/wp-content\/uploads\/2025\/07\/Manufacturing-Process.png\" alt=\"Proceso de fabricaci\u00f3n de Suncase\" \/><\/p>\n<h4><span style=\"color: #003366;\">Informaci\u00f3n \u00fatil para compradores al por mayor:<\/span><\/h4>\n<ul>\n<li class=\"page-title\" title=\"\u00bfQu\u00e9 hace que las tarjetas deportivas sean tan valiosas?\">\n<p class=\"page-title\" title=\"\u00bfCu\u00e1l es el tama\u00f1o de la caja del disco de vinilo?\"><a href=\"https:\/\/suncasesupply.com\/es\/blog\/custom-aluminum-case\/types-of-materials-used-in-tool-cases\/\">Explorando cajas de herramientas de aluminio y otros tipos de materiales&gt;&gt;<\/a><\/p>\n<\/li>\n<li title=\"\u00bfQu\u00e9 hace que las tarjetas deportivas sean tan valiosas?\"><a href=\"https:\/\/suncasesupply.com\/es\/blog\/reason-to-have-aluminum-tool-case\/\">\u00bfPor qu\u00e9 necesitas una caja de herramientas de aluminio?<\/a><\/li>\n<\/ul>","protected":false},"excerpt":{"rendered":"<p>Modelo: MC-0001<\/p>\n<p>Tama\u00f1o: 36 x 20 x 22 cm<\/p>\n<p>Colores: Color plata<\/p>\n<p>Materiales: Marco de aluminio, Panel de Melamina, Tablero MDF, Herrajes.<\/p>\n<p>Logotipo: Logotipo de impresi\u00f3n en seda<\/p>\n<p>Cantidad m\u00ednima de pedido: 100 piezas<\/p>\n<p>Muestra: Disponible, tiempo de muestra aproximadamente 7 d\u00edas.<\/p>\n<p>Tiempo de entrega: Aproximadamente 25 d\u00edas<\/p>","protected":false},"featured_media":25367,"template":"","meta":{"_gspb_post_css":""},"product_cat":[81],"product_tag":[],"featured_image_urls":{"full":["https:\/\/suncasesupply.com\/wp-content\/uploads\/2025\/05\/sun-case-\u4e3b\u56fe.jpg",800,800,false],"thumbnail":["https:\/\/suncasesupply.com\/wp-content\/uploads\/2025\/05\/sun-case-\u4e3b\u56fe-150x150.jpg",150,150,true],"medium":["https:\/\/suncasesupply.com\/wp-content\/uploads\/2025\/05\/sun-case-\u4e3b\u56fe-300x300.jpg",300,300,true],"medium_large":["https:\/\/suncasesupply.com\/wp-content\/uploads\/2025\/05\/sun-case-\u4e3b\u56fe-768x768.jpg",768,768,true],"large":["https:\/\/suncasesupply.com\/wp-content\/uploads\/2025\/05\/sun-case-\u4e3b\u56fe.jpg",800,800,false],"1536x1536":["https:\/\/suncasesupply.com\/wp-content\/uploads\/2025\/05\/sun-case-\u4e3b\u56fe.jpg",800,800,false],"2048x2048":["https:\/\/suncasesupply.com\/wp-content\/uploads\/2025\/05\/sun-case-\u4e3b\u56fe.jpg",800,800,false],"trp-custom-language-flag":["https:\/\/suncasesupply.com\/wp-content\/uploads\/2025\/05\/sun-case-\u4e3b\u56fe-12x12.jpg",12,12,true],"woocommerce_thumbnail":["https:\/\/suncasesupply.com\/wp-content\/uploads\/2025\/05\/sun-case-\u4e3b\u56fe-300x300.jpg",300,300,true],"woocommerce_single":["https:\/\/suncasesupply.com\/wp-content\/uploads\/2025\/05\/sun-case-\u4e3b\u56fe-600x600.jpg",600,600,true],"woocommerce_gallery_thumbnail":["https:\/\/suncasesupply.com\/wp-content\/uploads\/2025\/05\/sun-case-\u4e3b\u56fe-100x100.jpg",100,100,true]},"post_excerpt_stackable":"<p>Model:MC-0001<\/p>\n<p>Size: 36 x 20 x 22 cm<\/p>\n<p>Colors:\u00a0Silver color<\/p>\n<p>Materials: Aluminum\u00a0frame,\u00a0Melamine Panel,\u00a0MDF Board, Hardware.<\/p>\n<p>Logo:\u00a0Silk Printing logo<\/p>\n<p>MOQ: 100pcs<\/p>\n<p>Sample: Available, sample time about 7 days.<\/p>\n<p>Deliver Time: About 25 days<\/p>\n","category_list":"","author_info":{"name":"","url":""},"comments_num":"0 comentarios","_links":{"self":[{"href":"https:\/\/suncasesupply.com\/es\/wp-json\/wp\/v2\/product\/25366"}],"collection":[{"href":"https:\/\/suncasesupply.com\/es\/wp-json\/wp\/v2\/product"}],"about":[{"href":"https:\/\/suncasesupply.com\/es\/wp-json\/wp\/v2\/types\/product"}],"wp:featuredmedia":[{"embeddable":true,"href":"https:\/\/suncasesupply.com\/es\/wp-json\/wp\/v2\/media\/25367"}],"wp:attachment":[{"href":"https:\/\/suncasesupply.com\/es\/wp-json\/wp\/v2\/media?parent=25366"}],"wp:term":[{"taxonomy":"product_cat","embeddable":true,"href":"https:\/\/suncasesupply.com\/es\/wp-json\/wp\/v2\/product_cat?post=25366"},{"taxonomy":"product_tag","embeddable":true,"href":"https:\/\/suncasesupply.com\/es\/wp-json\/wp\/v2\/product_tag?post=25366"}],"curies":[{"name":"wp","href":"https:\/\/api.w.org\/{rel}","templated":true}]}}