{"id":24212,"date":"2024-11-20T17:52:13","date_gmt":"2024-11-20T09:52:13","guid":{"rendered":"https:\/\/suncasesupply.com\/?post_type=product&#038;p=24212"},"modified":"2025-08-21T14:02:52","modified_gmt":"2025-08-21T06:02:52","slug":"aluminum-attache-case-full-black-aluminum-lockable-briefcase-with-pickpluck-foam","status":"publish","type":"product","link":"https:\/\/suncasesupply.com\/es\/product\/aluminum-attache-case-full-black-aluminum-lockable-briefcase-with-pickpluck-foam\/","title":{"rendered":"Malet\u00edn de aluminio con cerradura, de color negro, con espuma Pick&amp;Pluck"},"content":{"rendered":"<h4><span style=\"color: #003366;\">Caracter\u00edsticas:<\/span><\/h4>\n<ul>\n<li><strong><b>Seguridad<\/b><\/strong>El malet\u00edn de aluminio con cerradura fabricado con cerraduras combinadas, que se pueden configurar con sus propias contrase\u00f1as, es mucho m\u00e1s seguro de usar que el malet\u00edn fabricado con cerraduras de herramientas normales.<\/li>\n<li><strong><b>mi<\/b><\/strong><strong><b>Durabilidad excepcional:<\/b><\/strong>La composici\u00f3n de aluminio del malet\u00edn lo hace muy resistente y robusto. El panel exterior de ABS, impermeable y resistente a los ara\u00f1azos, se une al grueso tablero de MDF y al forro interior de tela, lo que le confiere una durabilidad excepcional. Generalmente, su capacidad de carga m\u00e1xima puede alcanzar los 15 kg.<\/li>\n<li><strong><strong><b><strong><b>F\u00e1cil de transportar<\/b><\/strong>:<\/b><\/strong><\/strong>El asa de rebote cr\u00f3nico, que reduce la presi\u00f3n y las vibraciones, facilita el transporte de este malet\u00edn de aluminio. Si lo necesita con correa para el hombro, tambi\u00e9n ser\u00e1 una buena opci\u00f3n, especialmente para quienes buscan un malet\u00edn ligero de aluminio para port\u00e1til.<strong><strong><b><br \/>\n<\/b><\/strong><\/strong><\/li>\n<\/ul>\n<div style=\"background-color: #29599a; padding: 40px 20px; text-align: center; color: #ffffff; border-radius: 10px; margin: 40px auto; max-width: 960px;\">\n<h2 style=\"font-size: 22px; margin-bottom: 20px; font-weight: bold;\">\u00a1MOQ 100! Malet\u00edn de aluminio Sun Case, ideal para distribuidores globales.<\/h2>\n<p><a style=\"display: inline-block; padding: 12px 28px; background-color: #ffffff; color: #29599a; text-decoration: none; border-radius: 6px; font-weight: bold;\" href=\"https:\/\/suncasesupply.com\/es\/contact-us\/\" target=\"_blank\" rel=\"noopener\">Obtenga una cotizaci\u00f3n hoy<br \/>\n<\/a><\/p>\n<\/div>\n<h4><span style=\"color: #003366;\">Detalles del producto:<\/span><\/h4>\n<div style=\"display: flex; gap: 20px;\">\n<p><!-- \u7b2c\u4e00\u680f --><\/p>\n<div style=\"flex: 1; text-align: center;\">\n<p><img decoding=\"async\" style=\"max-width: 100%; height: auto; margin-bottom: 10px;\" src=\"https:\/\/suncasesupply.com\/wp-content\/uploads\/2025\/03\/1-ABS-Panel.jpg\" alt=\"1-Panel ABS\" \/><\/p>\n<p style=\"font-weight: bold; margin: 5px 0;\"><strong><b>Panel ABS<\/b><\/strong><\/p>\n<p style=\"margin: 0;\">El panel de este malet\u00edn de aluminio est\u00e1 hecho de ABS con patr\u00f3n de rayas negras. Es ligeramente impermeable y resistente a los ara\u00f1azos, protegiendo eficazmente sus productos. Si desea personalizarlo con otros colores o patrones, podemos hacerlo.<\/p>\n<\/div>\n<p><!-- \u7b2c\u4e8c\u680f --><\/p>\n<div style=\"flex: 1; text-align: center;\">\n<p><img decoding=\"async\" style=\"max-width: 100%; height: auto; margin-bottom: 10px;\" src=\"https:\/\/suncasesupply.com\/wp-content\/uploads\/2025\/03\/2-Handle.jpg\" alt=\"2 manijas\" \/><\/p>\n<p style=\"font-weight: bold; margin: 5px 0;\"><strong><b>Manejar<\/b><\/strong><\/p>\n<p style=\"margin: 0;\">Un asa resistente es un factor importante en el peso de la carga del malet\u00edn. Es muy duradera y flexible, se puede girar 180 grados y rebotar por s\u00ed sola. Muy f\u00e1cil de llevar cuando se sale. Por lo general, el asa ser\u00e1 de color negro, pero se puede personalizar con el color que necesite.<\/p>\n<\/div>\n<p><!-- \u7b2c\u4e09\u680f --><\/p>\n<div style=\"flex: 1; text-align: center;\">\n<p><img decoding=\"async\" style=\"max-width: 100%; height: auto; margin-bottom: 10px;\" src=\"https:\/\/suncasesupply.com\/wp-content\/uploads\/2025\/03\/3-Lid-Stay.jpg\" alt=\"Soporte de 3 tapas\" \/><\/p>\n<p style=\"font-weight: bold; margin: 5px 0;\"><strong><b>Tapa de sujeci\u00f3n<\/b><\/strong><\/p>\n<p style=\"margin: 0;\">La bisagra de soporte de tapa tambi\u00e9n se llama bisagra de soporte de tapa y conecta la tapa superior con la tapa inferior de la funda. Su funci\u00f3n principal es mantener la tapa superior en su lugar cuando est\u00e1 abierta para garantizar que la tapa superior no se caiga de repente cuando la est\u00e9 usando. Una funda puede estar hecha con uno o dos soportes de tapa, depende de usted.<\/p>\n<\/div>\n<p><!-- \u7b2c\u56db\u680f --><\/p>\n<div style=\"flex: 1; text-align: center;\">\n<p><img decoding=\"async\" style=\"max-width: 100%; height: auto; margin-bottom: 10px;\" src=\"https:\/\/suncasesupply.com\/wp-content\/uploads\/2025\/03\/4-Combination-Locks.jpg\" alt=\"Cerraduras de 4 combinaciones\" \/><\/p>\n<p style=\"font-weight: bold; margin: 5px 0;\"><strong><b>Cerraduras de combinaci\u00f3n<\/b><\/strong><\/p>\n<p style=\"margin: 0;\">Las cerraduras de combinaci\u00f3n sin duda a\u00f1aden una capa de protecci\u00f3n al malet\u00edn. Antes de utilizar el malet\u00edn, puede configurar su propia combinaci\u00f3n para el malet\u00edn. Con las cerraduras de combinaci\u00f3n, es seguro guardar sus archivos importantes, su computadora port\u00e1til y cualquier otro art\u00edculo.<\/p>\n<\/div>\n<\/div>\n<div style=\"background-color: #29599a; padding: 40px 20px; text-align: center; color: #ffffff; border-radius: 10px; margin: 40px auto; max-width: 960px;\">\n<h2 style=\"font-size: 22px; margin-bottom: 20px; font-weight: bold;\">Malet\u00edn de aluminio Sun Case: tama\u00f1o personalizado, carga resistente, plazo de entrega r\u00e1pido.<\/h2>\n<p><a style=\"display: inline-block; padding: 12px 28px; background-color: #ffffff; color: #29599a; text-decoration: none; border-radius: 6px; font-weight: bold;\" href=\"https:\/\/suncasesupply.com\/es\/contact-us\/\" target=\"_blank\" rel=\"noopener\">Obtenga una cotizaci\u00f3n hoy<br \/>\n<\/a><\/p>\n<\/div>\n<h4><span style=\"color: #003366;\">Proceso de fabricaci\u00f3n:<\/span><\/h4>\n<p><img decoding=\"async\" style=\"max-width: 100%; height: auto; margin-bottom: 10px;\" src=\"https:\/\/suncasesupply.com\/wp-content\/uploads\/2025\/07\/Manufacturing-Process.png\" alt=\"Proceso de fabricaci\u00f3n de Suncase\" \/><\/p>\n<div style=\"display: flex; gap: 20px;\">\n<p><!-- \u7b2c\u4e00\u680f \u6d41\u7a0b1--><\/p>\n<div style=\"flex: 1; text-align: center;\"><\/div>\n<\/div>\n<div style=\"display: flex; gap: 20px;\">\n<div style=\"flex: 1; text-align: center;\">\n<p style=\"font-weight: bold; margin: 5px 0;\">\n<\/div>\n<\/div>\n<h4><span style=\"color: #003366;\">Informaci\u00f3n \u00fatil para compradores al por mayor:<\/span><\/h4>\n<ul>\n<li class=\"page-title\" title=\"\u00bfQu\u00e9 hace que las tarjetas deportivas sean tan valiosas?\">\n<p class=\"page-title\" title=\"Por qu\u00e9 deber\u00eda considerar una funda de aluminio para su computadora port\u00e1til como protecci\u00f3n\"><a href=\"https:\/\/suncasesupply.com\/es\/blog\/custom-aluminum-case\/benefits-of-aluminum-laptop-case\/\">Por qu\u00e9 deber\u00eda considerar una funda de aluminio para su computadora port\u00e1til como protecci\u00f3n &gt;&gt;<\/a><\/p>\n<\/li>\n<li title=\"\u00bfQu\u00e9 hace que las tarjetas deportivas sean tan valiosas?\">\n<p class=\"page-title\" title=\"\u00bfPor qu\u00e9 los maletines de aluminio son tan caros?\"><a href=\"https:\/\/suncasesupply.com\/es\/blog\/custom-aluminum-case\/why-aluminum-briefcase-expensive\/\">\u00bfPor qu\u00e9 son tan caras las maletas de aluminio? &gt;&gt;<\/a><\/p>\n<\/li>\n<li title=\"\u00bfQu\u00e9 hace que las tarjetas deportivas sean tan valiosas?\">\n<p class=\"page-title\" title=\"8 razones por las que los maletines de aluminio son la mejor opci\u00f3n para viajes de negocios\"><a href=\"https:\/\/suncasesupply.com\/es\/blog\/custom-aluminum-case\/8-reasons-why-aluminum-briefcases-is-your-best-choice-for-business-travel\/\">8 razones por las que los maletines de aluminio son la mejor opci\u00f3n para viajes de negocios &gt;&gt;<\/a><\/p>\n<\/li>\n<\/ul>","protected":false},"excerpt":{"rendered":"<p>Modelo: SC-BA002<\/p>\n<p>Tama\u00f1o: 450*330*120 mm o tama\u00f1o personalizado<\/p>\n<p>Colores: Color negro u otros colores.<\/p>\n<p>Materiales: Marco de aluminio, Tablero MDF, Panel ABS, Accesorios.<\/p>\n<p>Logotipo: Logotipo en placa de metal, Logotipo serigrafiado<\/p>\n<p><span style=\"color: #000000;\">Cantidad m\u00ednima de pedido: 100 piezas<\/span><\/p>","protected":false},"featured_media":25368,"template":"","meta":{"_gspb_post_css":""},"product_cat":[82],"product_tag":[],"featured_image_urls":{"full":["https:\/\/suncasesupply.com\/wp-content\/uploads\/2025\/05\/briefcase.jpg",800,800,false],"thumbnail":["https:\/\/suncasesupply.com\/wp-content\/uploads\/2025\/05\/briefcase-150x150.jpg",150,150,true],"medium":["https:\/\/suncasesupply.com\/wp-content\/uploads\/2025\/05\/briefcase-300x300.jpg",300,300,true],"medium_large":["https:\/\/suncasesupply.com\/wp-content\/uploads\/2025\/05\/briefcase-768x768.jpg",768,768,true],"large":["https:\/\/suncasesupply.com\/wp-content\/uploads\/2025\/05\/briefcase.jpg",800,800,false],"1536x1536":["https:\/\/suncasesupply.com\/wp-content\/uploads\/2025\/05\/briefcase.jpg",800,800,false],"2048x2048":["https:\/\/suncasesupply.com\/wp-content\/uploads\/2025\/05\/briefcase.jpg",800,800,false],"trp-custom-language-flag":["https:\/\/suncasesupply.com\/wp-content\/uploads\/2025\/05\/briefcase-12x12.jpg",12,12,true],"woocommerce_thumbnail":["https:\/\/suncasesupply.com\/wp-content\/uploads\/2025\/05\/briefcase-300x300.jpg",300,300,true],"woocommerce_single":["https:\/\/suncasesupply.com\/wp-content\/uploads\/2025\/05\/briefcase-600x600.jpg",600,600,true],"woocommerce_gallery_thumbnail":["https:\/\/suncasesupply.com\/wp-content\/uploads\/2025\/05\/briefcase-100x100.jpg",100,100,true]},"post_excerpt_stackable":"<p>Model :SC-BA002<\/p>\n<p>Size: 450*330*120mm or Customize\u00a0Size<\/p>\n<p>Colors: Black color or other colors<\/p>\n<p>Materials: Aluminum\u00a0frame, MDF Board, ABS\u00a0Panel, Accessories.<\/p>\n<p>Logo: Metal plate logo, Silk screen printing logo<\/p>\n<p><span style=\"color: #000000;\">MOQ: 100pcs<\/span><\/p>\n","category_list":"","author_info":{"name":"","url":""},"comments_num":"0 comentarios","_links":{"self":[{"href":"https:\/\/suncasesupply.com\/es\/wp-json\/wp\/v2\/product\/24212"}],"collection":[{"href":"https:\/\/suncasesupply.com\/es\/wp-json\/wp\/v2\/product"}],"about":[{"href":"https:\/\/suncasesupply.com\/es\/wp-json\/wp\/v2\/types\/product"}],"wp:featuredmedia":[{"embeddable":true,"href":"https:\/\/suncasesupply.com\/es\/wp-json\/wp\/v2\/media\/25368"}],"wp:attachment":[{"href":"https:\/\/suncasesupply.com\/es\/wp-json\/wp\/v2\/media?parent=24212"}],"wp:term":[{"taxonomy":"product_cat","embeddable":true,"href":"https:\/\/suncasesupply.com\/es\/wp-json\/wp\/v2\/product_cat?post=24212"},{"taxonomy":"product_tag","embeddable":true,"href":"https:\/\/suncasesupply.com\/es\/wp-json\/wp\/v2\/product_tag?post=24212"}],"curies":[{"name":"wp","href":"https:\/\/api.w.org\/{rel}","templated":true}]}}