{"id":24134,"date":"2024-11-18T17:38:18","date_gmt":"2024-11-18T09:38:18","guid":{"rendered":"https:\/\/suncasesupply.com\/?post_type=product&#038;p=24134"},"modified":"2025-09-04T15:13:54","modified_gmt":"2025-09-04T07:13:54","slug":"black-aluminum-box-with-pre-cutting-foam-insert-high-density-pick-pluck-toolbox","status":"publish","type":"product","link":"https:\/\/suncasesupply.com\/es\/product\/black-aluminum-box-with-pre-cutting-foam-insert-high-density-pick-pluck-toolbox\/","title":{"rendered":"Caja de aluminio negra con inserto de espuma precortada Caja de herramientas de p\u00faas de alta densidad"},"content":{"rendered":"<h4><span style=\"color: #003366;\">Caracter\u00edsticas:<\/span><\/h4>\n<ul>\n<li><strong><b>Dimensi\u00f3n personalizada aceptable<\/b><\/strong>:La dimensi\u00f3n regular de este estuche para herramientas de aluminio es de 400 x 320 x 120 mm, pero se acepta un tama\u00f1o personalizado; el largo, el ancho y la altura se pueden hacer seg\u00fan sus solicitudes.<\/li>\n<li><strong><b>Espuma DIY personalizada<\/b><\/strong><strong><b>:<\/b><\/strong><strong><b>\u00a0<\/b><\/strong>La espuma ya est\u00e1 cortada. Puedes crearla t\u00fa mismo seg\u00fan el tama\u00f1o del art\u00edculo dentro de esta caja de herramientas de aluminio con espuma.<\/li>\n<li><strong><b>Construcci\u00f3n de aleaci\u00f3n de aluminio de primera calidad: <\/b><\/strong>La construcci\u00f3n del estuche de herramientas de barbero de aluminio es resistente y duradera, lo que puede proteger sus productos de ca\u00eddas e impactos repentinos.<\/li>\n<li><strong><b>Hermoso <\/b><\/strong><strong><b>A<\/b><\/strong><strong><b>apariencia<\/b><\/strong><strong><b>: <\/b><\/strong>La combinaci\u00f3n de colores es avanzada y muy texturizada. Es un malet\u00edn de herramientas de aluminio para barber\u00eda de muy alta calidad y atractivo.<\/li>\n<\/ul>\n<h4><span style=\"color: #003366;\">Detalles del producto:<\/span><\/h4>\n<div style=\"display: flex; gap: 20px;\">\n<p><!-- \u7b2c\u4e00\u680f --><\/p>\n<div style=\"flex: 1; text-align: center;\">\n<p><img decoding=\"async\" style=\"max-width: 100%; height: auto; margin-bottom: 10px;\" src=\"https:\/\/suncasesupply.com\/wp-content\/uploads\/2025\/03\/1-K-Type-Corner-Wrap-.jpg\" alt=\"Envoltura de esquina tipo K\" \/><\/p>\n<p><strong><b>Esquina tipo K<\/b><\/strong><\/p>\n<p style=\"margin: 0;\">El protector de esquinas de una caja de aluminio de f\u00e1brica de China es un accesorio dise\u00f1ado para proteger las esquinas de la caja contra deformaciones por impacto. La esquina tipo K ofrece mayor capacidad anticolisi\u00f3n y protecci\u00f3n que el protector de esquinas est\u00e1ndar.<\/p>\n<p>Adem\u00e1s, es m\u00e1s bonito y tiene mejor textura.<\/p>\n<p>&nbsp;<\/p>\n<\/div>\n<p><!-- \u7b2c\u4e8c\u680f --><\/p>\n<div style=\"flex: 1; text-align: center;\">\n<p><img decoding=\"async\" style=\"max-width: 100%; height: auto; margin-bottom: 10px;\" src=\"https:\/\/suncasesupply.com\/wp-content\/uploads\/2025\/03\/2-PickPluck-Foam.jpg\" alt=\"Espuma Pick&amp;Pluck\" \/><\/p>\n<p><strong><b>Espuma Pick&amp;Pluck<\/b><\/strong><\/p>\n<p style=\"margin: 0;\">Espuma Pick&amp;Pluck, que se coloca en la tapa inferior de la caja de herramientas de aluminio, y cuya altura y densidad se pueden personalizar seg\u00fan las necesidades del cliente. Es una espuma DIY que se puede cortar en diferentes formas y tama\u00f1os para adaptarse a las necesidades de diversos art\u00edculos. Adem\u00e1s, amortigua, a\u00edsla, protege y fija los art\u00edculos dentro de la caja para evitar que se da\u00f1en durante el transporte o almacenamiento.<\/p>\n<\/div>\n<p><!-- \u7b2c\u4e09\u680f --><\/p>\n<div style=\"flex: 1; text-align: center;\">\n<p><img decoding=\"async\" style=\"max-width: 100%; height: auto; margin-bottom: 10px;\" src=\"https:\/\/suncasesupply.com\/wp-content\/uploads\/2025\/03\/3-Hing.jpg\" alt=\"Soporte de bisagra\" \/><\/p>\n<p><strong><b>Soporte de bisagra<\/b><\/strong><\/p>\n<p>La bisagra se encuentra entre la tapa superior y la inferior de la caja de herramientas de aluminio. Esta bisagra permite ajustar y fijar el \u00e1ngulo de apertura. Al abrir la caja, evita que la tapa superior se caiga y golpee los productos o las manos del usuario.<\/p>\n<\/div>\n<p><!-- \u7b2c\u56db\u680f --><\/p>\n<div style=\"flex: 1; text-align: center;\">\n<p><img decoding=\"async\" style=\"max-width: 100%; height: auto; margin-bottom: 10px;\" src=\"https:\/\/suncasesupply.com\/wp-content\/uploads\/2025\/03\/4-Handle.jpg\" alt=\"Manejar\" \/><\/p>\n<p><strong><b>Manejar<\/b><\/strong><\/p>\n<p style=\"margin: 0;\">El asa es un accesorio esencial para las maletas de aluminio, ya que facilita su transporte. Generalmente, son duraderas y resistentes. Los estilos son opcionales para combinar con diferentes maletas.<\/p>\n<\/div>\n<\/div>\n<div style=\"background-color: #29599a; padding: 40px 20px; text-align: center; color: #ffffff; border-radius: 10px; margin: 40px auto; max-width: 960px;\">\n<h2 style=\"font-size: 22px; margin-bottom: 20px; font-weight: bold;\">\u00a1Ordene hoy mismo la caja de herramientas de aluminio con espuma Sun Case, pedido m\u00ednimo de solo 100!<\/h2>\n<p><a style=\"display: inline-block; padding: 12px 28px; background-color: #ffffff; color: #29599a; text-decoration: none; border-radius: 6px; font-weight: bold;\" href=\"https:\/\/suncasesupply.com\/es\/contact-us\/\" target=\"_blank\" rel=\"noopener\">Obtenga una cotizaci\u00f3n hoy<br \/>\n<\/a><\/p>\n<\/div>\n<h4><span style=\"color: #003366;\">Proceso de fabricaci\u00f3n:<\/span><\/h4>\n<p><img decoding=\"async\" style=\"max-width: 100%; height: auto; margin-bottom: 10px;\" src=\"https:\/\/suncasesupply.com\/wp-content\/uploads\/2025\/07\/Manufacturing-Process.png\" alt=\"Proceso de fabricaci\u00f3n de Suncase\" \/><\/p>\n<div style=\"display: flex; gap: 20px;\">\n<p><!-- \u7b2c\u4e00\u680f \u6d41\u7a0b1--><\/p>\n<div style=\"flex: 1; text-align: center;\"><\/div>\n<\/div>\n<div style=\"display: flex; gap: 20px;\">\n<div style=\"flex: 1; text-align: center;\">\n<p style=\"font-weight: bold; margin: 5px 0;\">\n<\/div>\n<\/div>\n<h4><span style=\"color: #003366;\">Informaci\u00f3n \u00fatil para compradores al por mayor:<\/span><\/h4>\n<ul>\n<li class=\"page-title\" title=\"\u00bfQu\u00e9 hace que las tarjetas deportivas sean tan valiosas?\">\n<p class=\"page-title\" title=\"6 razones por las que deber\u00edas organizarte con cajas de almacenamiento de aluminio\"><a href=\"https:\/\/suncasesupply.com\/es\/blog\/custom-aluminum-case\/6-reasons-to-use-aluminum-storage-box-today\/\">6 razones por las que deber\u00edas organizarte con una caja de almacenamiento de aluminio &gt;&gt;<\/a><\/p>\n<\/li>\n<li title=\"\u00bfQu\u00e9 hace que las tarjetas deportivas sean tan valiosas?\">\n<p class=\"page-title\" title=\"Todo lo que necesita saber sobre las cajas de aluminio\"><a href=\"https:\/\/suncasesupply.com\/es\/blog\/all-you-need-to-know-about-aluminum-cases\/\">Todo lo que necesita saber sobre las cajas de aluminio &gt;&gt;<\/a><\/p>\n<\/li>\n<\/ul>","protected":false},"excerpt":{"rendered":"<p>Modelo: SC-BA0006<\/p>\n<p>Tama\u00f1o: 400x320x120 mm o tama\u00f1o personalizado<\/p>\n<p>Colores: Color plata, color negro u otros colores personalizados.<\/p>\n<p>Materiales: Esquina tipo K<strong><b>\u00a0<\/b><\/strong>Marco de aluminio, tablero MDF, panel ABS, espuma Pick&amp;Pluck, herrajes.<\/p>\n<p>Logotipo: Se aceptan logotipos en placa de metal, serigraf\u00eda y marcas personalizadas.<\/p>\n<p>Cantidad m\u00ednima de pedido: 100 piezas<\/p>\n<p>Muestra: Disponible, tiempo de muestra aproximadamente 7 d\u00edas.<\/p>","protected":false},"featured_media":25370,"template":"","meta":{"_gspb_post_css":""},"product_cat":[42,80],"product_tag":[],"featured_image_urls":{"full":["https:\/\/suncasesupply.com\/wp-content\/uploads\/2025\/05\/black-aluminum-box.jpg",800,800,false],"thumbnail":["https:\/\/suncasesupply.com\/wp-content\/uploads\/2025\/05\/black-aluminum-box-150x150.jpg",150,150,true],"medium":["https:\/\/suncasesupply.com\/wp-content\/uploads\/2025\/05\/black-aluminum-box-300x300.jpg",300,300,true],"medium_large":["https:\/\/suncasesupply.com\/wp-content\/uploads\/2025\/05\/black-aluminum-box-768x768.jpg",768,768,true],"large":["https:\/\/suncasesupply.com\/wp-content\/uploads\/2025\/05\/black-aluminum-box.jpg",800,800,false],"1536x1536":["https:\/\/suncasesupply.com\/wp-content\/uploads\/2025\/05\/black-aluminum-box.jpg",800,800,false],"2048x2048":["https:\/\/suncasesupply.com\/wp-content\/uploads\/2025\/05\/black-aluminum-box.jpg",800,800,false],"trp-custom-language-flag":["https:\/\/suncasesupply.com\/wp-content\/uploads\/2025\/05\/black-aluminum-box-12x12.jpg",12,12,true],"woocommerce_thumbnail":["https:\/\/suncasesupply.com\/wp-content\/uploads\/2025\/05\/black-aluminum-box-300x300.jpg",300,300,true],"woocommerce_single":["https:\/\/suncasesupply.com\/wp-content\/uploads\/2025\/05\/black-aluminum-box-600x600.jpg",600,600,true],"woocommerce_gallery_thumbnail":["https:\/\/suncasesupply.com\/wp-content\/uploads\/2025\/05\/black-aluminum-box-100x100.jpg",100,100,true]},"post_excerpt_stackable":"<p>Model :SC-BA0006<\/p>\n<p>Size: 400x320x120mm or customize size<\/p>\n<p>Colors: Silver color, Black color or other customized colors.<\/p>\n<p>Materials: K-Type Corner<strong><b>\u00a0<\/b><\/strong>Aluminum\u00a0frame, MDF Board, ABS\u00a0Panel,\u00a0Pick&amp;Pluck Foam, Hardware.<\/p>\n<p>Logo: Metal plate logo, Silk screen printing logo, custom brand logo acceptable.<\/p>\n<p>MOQ: 100pcs<\/p>\n<p>Sample: Available, sample time about 7 days.<\/p>\n","category_list":"","author_info":{"name":"","url":""},"comments_num":"0 comentarios","_links":{"self":[{"href":"https:\/\/suncasesupply.com\/es\/wp-json\/wp\/v2\/product\/24134"}],"collection":[{"href":"https:\/\/suncasesupply.com\/es\/wp-json\/wp\/v2\/product"}],"about":[{"href":"https:\/\/suncasesupply.com\/es\/wp-json\/wp\/v2\/types\/product"}],"wp:featuredmedia":[{"embeddable":true,"href":"https:\/\/suncasesupply.com\/es\/wp-json\/wp\/v2\/media\/25370"}],"wp:attachment":[{"href":"https:\/\/suncasesupply.com\/es\/wp-json\/wp\/v2\/media?parent=24134"}],"wp:term":[{"taxonomy":"product_cat","embeddable":true,"href":"https:\/\/suncasesupply.com\/es\/wp-json\/wp\/v2\/product_cat?post=24134"},{"taxonomy":"product_tag","embeddable":true,"href":"https:\/\/suncasesupply.com\/es\/wp-json\/wp\/v2\/product_tag?post=24134"}],"curies":[{"name":"wp","href":"https:\/\/api.w.org\/{rel}","templated":true}]}}