{"id":24120,"date":"2024-11-18T17:23:39","date_gmt":"2024-11-18T09:23:39","guid":{"rendered":"https:\/\/suncasesupply.com\/?post_type=product&#038;p=24120"},"modified":"2025-09-04T15:17:40","modified_gmt":"2025-09-04T07:17:40","slug":"rose-gold-water-cube-pattern-grooming-case-aluminum-pets-goods-storage-cases","status":"publish","type":"product","link":"https:\/\/suncasesupply.com\/es\/product\/rose-gold-water-cube-pattern-grooming-case-aluminum-pets-goods-storage-cases\/","title":{"rendered":"Estuche de aluminio para art\u00edculos de aseo para mascotas con dise\u00f1o de cubo de agua en color oro rosa"},"content":{"rendered":"<h4>Estuche de aluminio para art\u00edculos de aseo para mascotas con dise\u00f1o de cubo de agua en color oro rosa<\/h4>\n<h4><span style=\"color: #003366;\">Caracter\u00edsticas:<\/span><\/h4>\n<ul>\n<li><strong>Extremadamente durable<\/strong>Su aleaci\u00f3n de aluminio le confiere resistencia a la oxidaci\u00f3n, la corrosi\u00f3n y los impactos. No se parece a las cajas de madera, que se agrietan, ni a las de pl\u00e1stico, que son propensas al envejecimiento y al agrietamiento. Esta caja r\u00edgida para el aseo de caballos soporta entornos hostiles, como granjas de caballos y transporte en cami\u00f3n, y tiene una larga vida \u00fatil.<\/li>\n<li><strong><b>Apariencia dise\u00f1ada<\/b><\/strong><strong><b>:<\/b><\/strong> La caja de aluminio para aperos tiene una apariencia sencilla y elegante, con un toque moderno y profesional, y suele reflejar la seriedad y el profesionalismo del jinete hacia los deportes ecuestres. A la vez, su elegante dise\u00f1o la hace pr\u00e1ctica como malet\u00edn para el cuidado canino.<\/li>\n<li><strong>Gran capacidad<\/strong>:Proporciona el espacio de almacenamiento principal para acomodar varios equipos para caballos, como sillas de montar, bridas, almohadillas para el sudor, mantas para caballos, etc. Su espacio interno est\u00e1 optimizado con varias particiones y dispositivos de fijaci\u00f3n para garantizar que el costoso equipo para caballos no choque, se apriete o se desgaste durante el transporte.<\/li>\n<\/ul>\n<h4><span style=\"color: #003366;\">Detalles del producto:<\/span><\/h4>\n<div style=\"display: flex; gap: 20px;\">\n<p><!-- \u7b2c\u4e00\u680f --><\/p>\n<div style=\"flex: 1; text-align: center;\">\n<p><img decoding=\"async\" style=\"max-width: 100%; height: auto; margin-bottom: 10px;\" src=\"https:\/\/suncasesupply.com\/wp-content\/uploads\/2025\/08\/Sturdy-lock.jpg\" alt=\"Cerradura robusta\" \/><\/p>\n<p><strong><b>Cerradura fuerte<\/b><\/strong><\/p>\n<p style=\"margin: 0;\">Los maletines de aseo suelen estar equipados con un sistema de cierre multipunto (es decir, dos o m\u00e1s pestillos) y un cilindro de cierre. Esto no solo garantiza que la tapa no se abra accidentalmente durante el transporte, sino que tambi\u00e9n proporciona seguridad antirrobo, lo que protege eficazmente el valioso equipo del caballo en su interior.<\/p>\n<\/div>\n<p><!-- \u7b2c\u4e8c\u680f --><\/p>\n<div style=\"flex: 1; text-align: center;\">\n<p><img decoding=\"async\" style=\"max-width: 100%; height: auto; margin-bottom: 10px;\" src=\"https:\/\/suncasesupply.com\/wp-content\/uploads\/2025\/08\/Strong-Corner.jpg\" alt=\"Esquina fuerte\" \/><\/p>\n<p><strong><b>Rinc\u00f3n robusto<\/b><\/strong><\/p>\n<p style=\"margin: 0;\">Las cantoneras met\u00e1licas dispersan los impactos externos cubriendo las esquinas, evitando que la caja se abolle o agriete. Durante el apilado, la manipulaci\u00f3n o el transporte, las cantoneras met\u00e1licas absorben parte de la presi\u00f3n y evitan que la caja se deforme.<\/p>\n<\/div>\n<p><!-- \u7b2c\u4e09\u680f --><\/p>\n<div style=\"flex: 1; text-align: center;\">\n<p><img decoding=\"async\" style=\"max-width: 100%; height: auto; margin-bottom: 10px;\" src=\"https:\/\/suncasesupply.com\/wp-content\/uploads\/2025\/08\/Inside-tray.jpg\" alt=\"Bandeja interior\" \/><\/p>\n<p><strong>Disposici\u00f3n interna<\/strong><\/p>\n<p>Su dise\u00f1o interior, bien dise\u00f1ado, permite organizar diversas herramientas de belleza y art\u00edculos de competici\u00f3n. Todo el equipo est\u00e1 bien organizado y se puede acceder f\u00e1cilmente durante las competiciones o entrenamientos sin perder nada. Una opci\u00f3n pr\u00e1ctica para un estuche de viaje de peluquer\u00eda canina.<\/p>\n<\/div>\n<div style=\"flex: 1; text-align: center;\">\n<p><img decoding=\"async\" style=\"max-width: 100%; height: auto; margin-bottom: 10px;\" src=\"https:\/\/suncasesupply.com\/wp-content\/uploads\/2025\/08\/Hard-aluminum-frame.jpg\" alt=\"Estructura duradera\" \/><\/p>\n<p><strong><b>Manejar<\/b><\/strong><\/p>\n<p style=\"margin: 0;\">Bien equipado con marco de aleaci\u00f3n de aluminio, asegura que la caja no se deforme cuando se llena con art\u00edculos pesados y no se colapse durante el transporte y el apilado, protegiendo as\u00ed de manera efectiva el costoso y sofisticado arn\u00e9s en el interior.<\/p>\n<\/div>\n<\/div>\n<div style=\"background-color: #29599a; padding: 40px 20px; text-align: center; color: #ffffff; border-radius: 10px; margin: 40px auto; max-width: 960px;\">\n<h2 style=\"font-size: 22px; margin-bottom: 20px; font-weight: bold;\">Estuche para herramientas de aseo de mascotas Sun Case, suministro al por mayor, MOQ 100 piezas.<\/h2>\n<p><a style=\"display: inline-block; padding: 12px 28px; background-color: #ffffff; color: #29599a; text-decoration: none; border-radius: 6px; font-weight: bold;\" href=\"https:\/\/suncasesupply.com\/es\/contact-us\/\" target=\"_blank\" rel=\"noopener\">Obtenga una cotizaci\u00f3n hoy<br \/>\n<\/a><\/p>\n<\/div>\n<h4><span style=\"color: #003366;\">Proceso de fabricaci\u00f3n:<\/span><\/h4>\n<p><img decoding=\"async\" style=\"max-width: 100%; height: auto; margin-bottom: 10px;\" src=\"https:\/\/suncasesupply.com\/wp-content\/uploads\/2025\/07\/Manufacturing-Process.png\" alt=\"Proceso de fabricaci\u00f3n de Suncase\" \/><\/p>\n<div style=\"display: flex; gap: 20px;\">\n<p><!-- \u7b2c\u4e00\u680f \u6d41\u7a0b1--><\/p>\n<div style=\"flex: 1; text-align: center;\"><\/div>\n<\/div>\n<div style=\"display: flex; gap: 20px;\">\n<div style=\"flex: 1; text-align: center;\">\n<p style=\"font-weight: bold; margin: 5px 0;\">\n<\/div>\n<\/div>\n<h4><span style=\"color: #003366;\">Informaci\u00f3n \u00fatil para compradores al por mayor:<\/span><\/h4>\n<ul>\n<li class=\"page-title\" title=\"\u00bfQu\u00e9 hace que las tarjetas deportivas sean tan valiosas?\">\n<p class=\"page-title\" title=\"6 razones por las que deber\u00edas organizarte con cajas de almacenamiento de aluminio\"><a href=\"https:\/\/suncasesupply.com\/es\/blog\/aluminum-horse-grooming-box\/top-3-picks-of-aluminum-groom-box-for-horses\/\">Las 3 mejores opciones de boxes de aluminio para caballos en 2024<\/a><\/p>\n<\/li>\n<li class=\"page-title\" title=\"\u00bfQu\u00e9 hace que las tarjetas deportivas sean tan valiosas?\">\n<p class=\"page-title\" title=\"6 razones por las que deber\u00edas organizarte con cajas de almacenamiento de aluminio\"><a href=\"https:\/\/suncasesupply.com\/es\/blog\/aluminum-horse-grooming-box\/how-to-choose-your-horse-grooming-box\/\">C\u00f3mo elegir un box de aluminio para el cuidado de caballos<\/a><\/p>\n<\/li>\n<\/ul>","protected":false},"excerpt":{"rendered":"<p>Modelo: SC-BA0004<\/p>\n<p>Tama\u00f1o: 38x 28x 30 cm<\/p>\n<p>Colores: Oro rosa u otros colores.<\/p>\n<p>Materiales: Marco de aluminio, Tablero MDF, Panel ABS, Accesorios.<\/p>\n<p>Logotipo: Logotipo en placa de metal, Logotipo serigrafiado<\/p>\n<p><span style=\"color: #000000;\">Cantidad m\u00ednima de pedido: 100 piezas<\/span><\/p>","protected":false},"featured_media":25374,"template":"","meta":{"_gspb_post_css":""},"product_cat":[86],"product_tag":[],"featured_image_urls":{"full":["https:\/\/suncasesupply.com\/wp-content\/uploads\/2025\/05\/rose-gold-grooming-box.jpg",800,800,false],"thumbnail":["https:\/\/suncasesupply.com\/wp-content\/uploads\/2025\/05\/rose-gold-grooming-box-150x150.jpg",150,150,true],"medium":["https:\/\/suncasesupply.com\/wp-content\/uploads\/2025\/05\/rose-gold-grooming-box-300x300.jpg",300,300,true],"medium_large":["https:\/\/suncasesupply.com\/wp-content\/uploads\/2025\/05\/rose-gold-grooming-box-768x768.jpg",768,768,true],"large":["https:\/\/suncasesupply.com\/wp-content\/uploads\/2025\/05\/rose-gold-grooming-box.jpg",800,800,false],"1536x1536":["https:\/\/suncasesupply.com\/wp-content\/uploads\/2025\/05\/rose-gold-grooming-box.jpg",800,800,false],"2048x2048":["https:\/\/suncasesupply.com\/wp-content\/uploads\/2025\/05\/rose-gold-grooming-box.jpg",800,800,false],"trp-custom-language-flag":["https:\/\/suncasesupply.com\/wp-content\/uploads\/2025\/05\/rose-gold-grooming-box-12x12.jpg",12,12,true],"woocommerce_thumbnail":["https:\/\/suncasesupply.com\/wp-content\/uploads\/2025\/05\/rose-gold-grooming-box-300x300.jpg",300,300,true],"woocommerce_single":["https:\/\/suncasesupply.com\/wp-content\/uploads\/2025\/05\/rose-gold-grooming-box-600x600.jpg",600,600,true],"woocommerce_gallery_thumbnail":["https:\/\/suncasesupply.com\/wp-content\/uploads\/2025\/05\/rose-gold-grooming-box-100x100.jpg",100,100,true]},"post_excerpt_stackable":"<p>Model : SC-BA0004<\/p>\n<p>Size: 38x 28x 30 cm<\/p>\n<p>Colors: Rose gold or other colors<\/p>\n<p>Materials: Aluminum\u00a0frame, MDF Board, ABS\u00a0Panel, Accessories.<\/p>\n<p>Logo: Metal plate logo, Silk screen printing logo<\/p>\n<p><span style=\"color: #000000;\">MOQ: 100pcs<\/span><\/p>\n","category_list":"","author_info":{"name":"","url":""},"comments_num":"0 comentarios","_links":{"self":[{"href":"https:\/\/suncasesupply.com\/es\/wp-json\/wp\/v2\/product\/24120"}],"collection":[{"href":"https:\/\/suncasesupply.com\/es\/wp-json\/wp\/v2\/product"}],"about":[{"href":"https:\/\/suncasesupply.com\/es\/wp-json\/wp\/v2\/types\/product"}],"wp:featuredmedia":[{"embeddable":true,"href":"https:\/\/suncasesupply.com\/es\/wp-json\/wp\/v2\/media\/25374"}],"wp:attachment":[{"href":"https:\/\/suncasesupply.com\/es\/wp-json\/wp\/v2\/media?parent=24120"}],"wp:term":[{"taxonomy":"product_cat","embeddable":true,"href":"https:\/\/suncasesupply.com\/es\/wp-json\/wp\/v2\/product_cat?post=24120"},{"taxonomy":"product_tag","embeddable":true,"href":"https:\/\/suncasesupply.com\/es\/wp-json\/wp\/v2\/product_tag?post=24120"}],"curies":[{"name":"wp","href":"https:\/\/api.w.org\/{rel}","templated":true}]}}