{"id":24037,"date":"2024-11-15T15:15:06","date_gmt":"2024-11-15T07:15:06","guid":{"rendered":"https:\/\/suncasesupply.com\/?post_type=product&#038;p=24037"},"modified":"2026-03-16T22:49:22","modified_gmt":"2026-03-16T14:49:22","slug":"aluminum-vinyl-record-case-silver-lp-collection-and-storage-case-7-lp-record-box","status":"publish","type":"product","link":"https:\/\/suncasesupply.com\/es\/product\/aluminum-vinyl-record-case-silver-lp-collection-and-storage-case-7-lp-record-box\/","title":{"rendered":"Estuche de aluminio para discos de vinilo Estuche plateado para colecci\u00f3n y almacenamiento de LP Caja para discos de vinilo de 7\u2033"},"content":{"rendered":"<h4><span style=\"color: #003366;\">Caracter\u00edsticas:<\/span><\/h4>\n<ul>\n<li><strong>Materiales resistentes<\/strong>\u00a0 Este estuche de aluminio para discos de vinilo est\u00e1 dise\u00f1ado para guardar discos de 7\u2033. Est\u00e1 fabricado con aluminio resistente, panel de ABS, tablero de MDF, revestimiento de EVA y accesorios met\u00e1licos resistentes que lo protegen eficazmente de la abrasi\u00f3n.<\/li>\n<li><strong>Gran espacio de almacenamiento<\/strong>\u00a0 El tama\u00f1o de la caja est\u00e1 totalmente adaptado a discos de 7 pulgadas y tiene capacidad para hasta 120 discos. Esta caja para discos LP es la opci\u00f3n perfecta para coleccionar discos.<\/li>\n<li><strong>Almacenamiento seguro y confiable<\/strong>\u00a0 El interior de la caja para discos LP est\u00e1 revestido con un suave forro de EVA para proteger los discos de posibles da\u00f1os, y la cerradura protege eficazmente tu colecci\u00f3n de discos contra robos, lo que la hace extremadamente segura.<\/li>\n<\/ul>\n<h4><span style=\"color: #003366;\">Detalles del producto:<\/span><\/h4>\n<div style=\"display: flex; gap: 20px;\">\n<p><!-- \u7b2c\u4e00\u680f --><\/p>\n<div style=\"flex: 1; text-align: center;\">\n<p><img decoding=\"async\" style=\"max-width: 100%; height: auto; margin-bottom: 10px;\" src=\"https:\/\/suncasesupply.com\/wp-content\/uploads\/2025\/03\/Inside-Compartent.png\" alt=\"Compartimento interior\" \/><\/p>\n<p style=\"font-weight: bold; margin: 5px 0;\">Compartimento interior<\/p>\n<p style=\"margin: 0;\">El estuche est\u00e1 forrado con un suave acolchado de EVA para proteger tus discos. El separador central divide el espacio en dos secciones, con capacidad para dos filas de LP de 7 pulgadas, manteniendo tu colecci\u00f3n organizada y ordenada. Es una de las cajas de almacenamiento de discos LP m\u00e1s pr\u00e1cticas para coleccionistas.<\/p>\n<\/div>\n<div style=\"flex: 1; text-align: center;\">\n<p><img decoding=\"async\" style=\"max-width: 100%; height: auto; margin-bottom: 10px;\" src=\"https:\/\/suncasesupply.com\/wp-content\/uploads\/2025\/03\/ABS-surface.png\" alt=\"Superficie ABS\" \/><\/p>\n<p style=\"font-weight: bold; margin: 5px 0;\">Superficie ABS<\/p>\n<p style=\"margin: 0;\">La superficie est\u00e1 hecha de un material con patr\u00f3n de diamante, lo que le da un aspecto muy bonito y moderno. Este material protege eficazmente la caja del disco de vinilo de los ara\u00f1azos durante su uso, haci\u00e9ndola m\u00e1s duradera.<\/p>\n<\/div>\n<div style=\"flex: 1; text-align: center;\">\n<p><img decoding=\"async\" style=\"max-width: 100%; height: auto; margin-bottom: 10px;\" src=\"https:\/\/suncasesupply.com\/wp-content\/uploads\/2025\/03\/Sturdy-handle-2.png\" alt=\"Mango resistente\" \/><\/p>\n<p style=\"font-weight: bold; margin: 5px 0;\">Mango resistente<\/p>\n<p style=\"margin: 0;\">El asa est\u00e1 hecha de metal s\u00f3lido y goma suave, lo que la hace resistente y c\u00f3moda para transportarla f\u00e1cilmente. Su buena calidad permite que la caja soporte bastante peso. Tanto si la guardas en casa como si la llevas contigo, esta caja para discos de vinilo es la opci\u00f3n perfecta.<\/p>\n<\/div>\n<p><!-- \u7b2c\u56db\u680f --><\/p>\n<div style=\"flex: 1; text-align: center;\">\n<p><img decoding=\"async\" style=\"max-width: 100%; height: auto; margin-bottom: 10px;\" src=\"https:\/\/suncasesupply.com\/wp-content\/uploads\/2025\/03\/Feet.png\" alt=\"Pies antifricci\u00f3n\" \/><\/p>\n<p style=\"font-weight: bold; margin: 5px 0;\">Pies antifricci\u00f3n<\/p>\n<p style=\"margin: 0;\">La caja cuenta con 4 patas instaladas en la parte posterior, lo que evita la fricci\u00f3n y la protege al colocarla sobre una mesa o en el suelo, haci\u00e9ndola m\u00e1s duradera y asegurando que las cajas de almacenamiento de discos LP se mantengan en buen estado incluso con un uso frecuente.<\/p>\n<\/div>\n<\/div>\n<div style=\"background-color: #29599a; padding: 40px 20px; text-align: center; color: #ffffff; border-radius: 10px; margin: 40px auto; max-width: 960px;\">\n<h2 style=\"font-size: 22px; margin-bottom: 20px; font-weight: bold;\"><span style=\"color: #ffffff;\">\u00a1Obtenga protecci\u00f3n premium y precios al por mayor para sus pedidos de estuches de aluminio para discos de vinilo! \u00a1Contacte hoy mismo con Sun Case!<\/span><\/h2>\n<p><a style=\"display: inline-block; padding: 12px 28px; background-color: #ffffff; color: #29599a; text-decoration: none; border-radius: 6px; font-weight: bold;\" href=\"https:\/\/suncasesupply.com\/es\/contact-us\/\" target=\"_blank\" rel=\"noopener\">Obtenga una cotizaci\u00f3n<br \/>\n<\/a><\/p>\n<\/div>\n<h4><span style=\"color: #003366;\">Proceso de fabricaci\u00f3n de estuches para discos de vinilo de aluminio:<\/span><\/h4>\n<p><img decoding=\"async\" style=\"max-width: 100%; height: auto; margin-bottom: 10px;\" src=\"https:\/\/suncasesupply.com\/wp-content\/uploads\/2025\/07\/Manufacturing-Process.png\" alt=\"Proceso de fabricaci\u00f3n de Suncase\" \/><\/p>\n<div style=\"display: flex; gap: 20px;\">\n<p><!-- \u7b2c\u4e00\u680f \u6d41\u7a0b1--><\/p>\n<div style=\"flex: 1; text-align: center;\"><\/div>\n<\/div>\n<div style=\"display: flex; gap: 20px;\">\n<div style=\"flex: 1; text-align: center;\">\n<p style=\"font-weight: bold; margin: 5px 0;\">\n<\/div>\n<\/div>\n<h4><span style=\"color: #003366;\">Informaci\u00f3n \u00fatil para compradores al por mayor:<\/span><\/h4>\n<ul>\n<li><a href=\"https:\/\/suncasesupply.com\/es\/blog\/size-of-the-vinyl-record-case\/\">\u00bfCu\u00e1l es el tama\u00f1o del estuche del disco de vinilo? &gt;&gt;<\/a><\/li>\n<li><a href=\"https:\/\/suncasesupply.com\/es\/blog\/what-vinyl-record-case-made-of\/\">\u00bfDe qu\u00e9 est\u00e1n hechos los estuches de discos de vinilo?<\/a><\/li>\n<li><a href=\"https:\/\/suncasesupply.com\/es\/blog\/custom-aluminum-case\/aluminum-storage-box-for-organization\/\">\u00bfC\u00f3mo almacenar discos de vinilo con un estuche de aluminio?<\/a><\/li>\n<\/ul>","protected":false},"excerpt":{"rendered":"<p>Modelo : Z49<\/p>\n<p>Tama\u00f1o: 43 x 37 x 22,5cm<\/p>\n<p>Capacidad: 120 LP de 7 \u2033<\/p>\n<p>Cantidad m\u00ednima de pedido: 100 piezas<\/p>\n<p>Tiempo de entrega: 15-25 d\u00edas<\/p>\n<p>Muestra: Disponible<\/p>","protected":false},"featured_media":25377,"template":"","meta":{"_gspb_post_css":""},"product_cat":[83],"product_tag":[],"featured_image_urls":{"full":["https:\/\/suncasesupply.com\/wp-content\/uploads\/2025\/05\/aluminum-lp-case.jpg",800,800,false],"thumbnail":["https:\/\/suncasesupply.com\/wp-content\/uploads\/2025\/05\/aluminum-lp-case-150x150.jpg",150,150,true],"medium":["https:\/\/suncasesupply.com\/wp-content\/uploads\/2025\/05\/aluminum-lp-case-300x300.jpg",300,300,true],"medium_large":["https:\/\/suncasesupply.com\/wp-content\/uploads\/2025\/05\/aluminum-lp-case-768x768.jpg",768,768,true],"large":["https:\/\/suncasesupply.com\/wp-content\/uploads\/2025\/05\/aluminum-lp-case.jpg",800,800,false],"1536x1536":["https:\/\/suncasesupply.com\/wp-content\/uploads\/2025\/05\/aluminum-lp-case.jpg",800,800,false],"2048x2048":["https:\/\/suncasesupply.com\/wp-content\/uploads\/2025\/05\/aluminum-lp-case.jpg",800,800,false],"trp-custom-language-flag":["https:\/\/suncasesupply.com\/wp-content\/uploads\/2025\/05\/aluminum-lp-case-12x12.jpg",12,12,true],"woocommerce_thumbnail":["https:\/\/suncasesupply.com\/wp-content\/uploads\/2025\/05\/aluminum-lp-case-300x300.jpg",300,300,true],"woocommerce_single":["https:\/\/suncasesupply.com\/wp-content\/uploads\/2025\/05\/aluminum-lp-case-600x600.jpg",600,600,true],"woocommerce_gallery_thumbnail":["https:\/\/suncasesupply.com\/wp-content\/uploads\/2025\/05\/aluminum-lp-case-100x100.jpg",100,100,true]},"post_excerpt_stackable":"<p>Model : Z49<\/p>\n<p>Size: 43x 37 x 22,5cm<\/p>\n<p>Capacity: 120 x 7&#8243; LPs<\/p>\n<p>MOQ: 100pcs<\/p>\n<p>Delivery Time : 15-25 Days<\/p>\n<p>Sample : Available<\/p>\n","category_list":"","author_info":{"name":"","url":""},"comments_num":"0 comentarios","_links":{"self":[{"href":"https:\/\/suncasesupply.com\/es\/wp-json\/wp\/v2\/product\/24037"}],"collection":[{"href":"https:\/\/suncasesupply.com\/es\/wp-json\/wp\/v2\/product"}],"about":[{"href":"https:\/\/suncasesupply.com\/es\/wp-json\/wp\/v2\/types\/product"}],"wp:featuredmedia":[{"embeddable":true,"href":"https:\/\/suncasesupply.com\/es\/wp-json\/wp\/v2\/media\/25377"}],"wp:attachment":[{"href":"https:\/\/suncasesupply.com\/es\/wp-json\/wp\/v2\/media?parent=24037"}],"wp:term":[{"taxonomy":"product_cat","embeddable":true,"href":"https:\/\/suncasesupply.com\/es\/wp-json\/wp\/v2\/product_cat?post=24037"},{"taxonomy":"product_tag","embeddable":true,"href":"https:\/\/suncasesupply.com\/es\/wp-json\/wp\/v2\/product_tag?post=24037"}],"curies":[{"name":"wp","href":"https:\/\/api.w.org\/{rel}","templated":true}]}}