{"id":24017,"date":"2024-11-15T14:08:02","date_gmt":"2024-11-15T06:08:02","guid":{"rendered":"https:\/\/suncasesupply.com\/?post_type=product&#038;p=24017"},"modified":"2025-11-04T16:03:15","modified_gmt":"2025-11-04T08:03:15","slug":"pu-lp-storage-case-vinyl-record-box-for-50-lps-cherry-pattern","status":"publish","type":"product","link":"https:\/\/suncasesupply.com\/es\/product\/pu-lp-storage-case-vinyl-record-box-for-50-lps-cherry-pattern\/","title":{"rendered":"Estuche de almacenamiento de PU para LP, caja para discos de vinilo con dise\u00f1o de cerezas para 50 LP"},"content":{"rendered":"<h4><span style=\"color: #003366;\">Caracter\u00edsticas:<\/span><\/h4>\n<ul>\n<li data-start=\"78\" data-end=\"221\"><strong>Soluci\u00f3n de almacenamiento perfecta:<\/strong> Este estuche de almacenamiento de PU LP est\u00e1 dise\u00f1ado para almacenar y coleccionar de manera segura todos sus preciados discos de vinilo de 12\u2033.<\/li>\n<li data-start=\"223\" data-end=\"470\"><strong>Dise\u00f1o elegante y retro:<\/strong> Presenta un estampado de cerezas rosas y discos de vinilo con forro rojo en el interior, mostrando un estilo t\u00edpicamente americano. Esto lo convierte no solo en un accesorio funcional, sino tambi\u00e9n en una hermosa decoraci\u00f3n para tu hogar o un regalo ideal.<\/li>\n<li data-start=\"472\" data-end=\"621\"><strong>Gran capacidad:<\/strong> El estuche tiene una capacidad perfecta para 30 a 50 LP de 12\u2033, lo que lo convierte en una opci\u00f3n pr\u00e1ctica para coleccionistas con colecciones en crecimiento.<\/li>\n<li data-start=\"623\" data-end=\"824\"><strong>Protecci\u00f3n completa:<\/strong> El interior completamente forrado protege tus vinilos de da\u00f1os. No solo es un elegante estuche para guardar discos LP, sino tambi\u00e9n un estuche protector para entusiastas.<\/li>\n<li data-start=\"826\" data-end=\"1006\"><strong>M\u00faltiples usos y nombres:<\/strong> Muchos usuarios tambi\u00e9n lo llaman estuche para guardar discos de vinilo LP o incluso una vers\u00e1til caja para guardar discos de vinilo, gracias a su dise\u00f1o multifuncional.<\/li>\n<\/ul>\n<h4><span style=\"color: #003366;\">Detalles del producto:<\/span><\/h4>\n<div style=\"display: flex; gap: 20px;\">\n<div style=\"flex: 1; text-align: center;\">\n<p><img decoding=\"async\" style=\"max-width: 100%; height: auto; margin-bottom: 10px;\" src=\"https:\/\/suncasesupply.com\/wp-content\/uploads\/2025\/03\/Sturdy-handle.png\" alt=\"Mango resistente\" \/><\/p>\n<p style=\"font-weight: bold; margin: 5px 0;\"><strong><b>Mango resistente<\/b><\/strong><\/p>\n<p style=\"margin: 0;\">El mango est\u00e1 hecho de metal de alta calidad y es muy resistente. Est\u00e1 recubierto de cuero sint\u00e9tico con el mismo patr\u00f3n, a juego con el metal bronce y con un toque retro americano.<\/p>\n<\/div>\n<p><!-- \u7b2c\u4e8c\u680f --><\/p>\n<div style=\"flex: 1; text-align: center;\">\n<p><img decoding=\"async\" style=\"max-width: 100%; height: auto; margin-bottom: 10px;\" src=\"https:\/\/suncasesupply.com\/wp-content\/uploads\/2025\/03\/Strong-hardware.png\" alt=\"Hardware resistente\" \/><\/p>\n<p style=\"font-weight: bold; margin: 5px 0;\"><strong><b>Hardware resistente<\/b><\/strong><\/p>\n<p style=\"margin: 0;\">Esta caja est\u00e1 equipada con asas, esquinas, cerraduras y otros accesorios met\u00e1licos. Ofrece una excelente protecci\u00f3n para sus discos de vinilo. Todos los accesorios son de bronce, a juego con los dise\u00f1os de cereza rosa y labios, creando un ambiente retro. Es la opci\u00f3n perfecta para coleccionistas de discos.<\/p>\n<\/div>\n<p><!-- \u7b2c\u4e09\u680f --><\/p>\n<div style=\"flex: 1; text-align: center;\">\n<p><img decoding=\"async\" style=\"max-width: 100%; height: auto; margin-bottom: 10px;\" src=\"https:\/\/suncasesupply.com\/wp-content\/uploads\/2025\/03\/Soft-interior.png\" alt=\"Interior suave\" \/><\/p>\n<p style=\"font-weight: bold; margin: 5px 0;\">Interior suave<\/p>\n<p style=\"margin: 0;\">El suave terciopelo interior protege tus discos de da\u00f1os. El color de la franela combina con el estampado del exterior de PU.<\/p>\n<\/div>\n<p><!-- \u7b2c\u56db\u680f --><\/p>\n<div style=\"flex: 1; text-align: center;\">\n<p><img decoding=\"async\" style=\"max-width: 100%; height: auto; margin-bottom: 10px;\" src=\"https:\/\/suncasesupply.com\/wp-content\/uploads\/2025\/03\/Retro-Pattern.png\" alt=\"Patr\u00f3n retro\" \/><\/p>\n<p style=\"font-weight: bold; margin: 5px 0;\">Patr\u00f3n retro<\/p>\n<p style=\"margin: 0;\">Est\u00e1 hecho de cuero PU impermeable y es f\u00e1cil de limpiar. Los estampados de cerezas y labios rojos le dan un toque retro americano. No solo es un excelente estuche para guardar discos de vinilo, sino tambi\u00e9n una excelente decoraci\u00f3n para tu hogar.<\/p>\n<\/div>\n<\/div>\n<div style=\"background-color: #29599a; padding: 40px 20px; text-align: center; color: #ffffff; border-radius: 10px; margin: 40px auto; max-width: 960px;\">\n<h2 style=\"font-size: 22px; margin-bottom: 20px; font-weight: bold;\"><span style=\"color: #ffffff;\">Ordene hoy el estuche de almacenamiento Sun Case Pu LP, pedido m\u00ednimo de 100 piezas disponibles.<\/span><\/h2>\n<p><a style=\"display: inline-block; padding: 12px 28px; background-color: #ffffff; color: #29599a; text-decoration: none; border-radius: 6px; font-weight: bold;\" href=\"https:\/\/suncasesupply.com\/es\/contact-us\/\" target=\"_blank\" rel=\"noopener\">Obtenga una cotizaci\u00f3n hoy<br \/>\n<\/a><\/p>\n<\/div>\n<h4><span style=\"color: #003366;\">Proceso de fabricaci\u00f3n de cajas de almacenamiento de LP:<\/span><\/h4>\n<p><img decoding=\"async\" style=\"max-width: 100%; height: auto; margin-bottom: 10px;\" src=\"https:\/\/suncasesupply.com\/wp-content\/uploads\/2025\/07\/Manufacturing-Process.png\" alt=\"Proceso de fabricaci\u00f3n de Suncase\" \/><\/p>\n<div style=\"display: flex; gap: 20px;\"><\/div>\n<div style=\"display: flex; gap: 20px;\">\n<div style=\"flex: 1; text-align: center;\">\n<p style=\"font-weight: bold; margin: 5px 0;\">\n<\/div>\n<\/div>\n<h4><span style=\"color: #003366;\">Informaci\u00f3n \u00fatil para compradores al por mayor:<\/span><\/h4>\n<ul>\n<li class=\"page-title\" title=\"\u00bfQu\u00e9 hace que las tarjetas deportivas sean tan valiosas?\">\n<p class=\"page-title\" title=\"\u00bfCu\u00e1l es el tama\u00f1o de la caja del disco de vinilo?\"><a href=\"https:\/\/suncasesupply.com\/es\/blog\/size-of-the-vinyl-record-case\/\">\u00bfCu\u00e1l es el tama\u00f1o del estuche del disco de vinilo? &gt;&gt;<\/a><\/p>\n<\/li>\n<li title=\"\u00bfQu\u00e9 hace que las tarjetas deportivas sean tan valiosas?\"><a href=\"https:\/\/suncasesupply.com\/es\/blog\/what-vinyl-record-case-made-of\/\">\u00bfDe qu\u00e9 est\u00e1n hechos los estuches de discos de vinilo?<\/a><\/li>\n<li title=\"\u00bfQu\u00e9 hace que las tarjetas deportivas sean tan valiosas?\"><a href=\"https:\/\/suncasesupply.com\/es\/blog\/custom-aluminum-case\/aluminum-storage-box-for-organization\/\">\u00bfC\u00f3mo almacenar discos de vinilo con un estuche de aluminio?<\/a><\/li>\n<\/ul>","protected":false},"excerpt":{"rendered":"<p>Modelo : Z46<\/p>\n<p>Tama\u00f1o: 36 x 18 x 36 cm<\/p>\n<p>Capacidad: 50 LP de 12\u2033<\/p>\n<p>Cantidad m\u00ednima de pedido: 100 piezas<\/p>\n<p>Tiempo de entrega: 15-25 d\u00edas<\/p>\n<p>Muestra: Disponible<\/p>","protected":false},"featured_media":25373,"template":"","meta":{"_gspb_post_css":""},"product_cat":[83],"product_tag":[],"featured_image_urls":{"full":["https:\/\/suncasesupply.com\/wp-content\/uploads\/2025\/05\/PU-Record-box.jpg",800,800,false],"thumbnail":["https:\/\/suncasesupply.com\/wp-content\/uploads\/2025\/05\/PU-Record-box-150x150.jpg",150,150,true],"medium":["https:\/\/suncasesupply.com\/wp-content\/uploads\/2025\/05\/PU-Record-box-300x300.jpg",300,300,true],"medium_large":["https:\/\/suncasesupply.com\/wp-content\/uploads\/2025\/05\/PU-Record-box-768x768.jpg",768,768,true],"large":["https:\/\/suncasesupply.com\/wp-content\/uploads\/2025\/05\/PU-Record-box.jpg",800,800,false],"1536x1536":["https:\/\/suncasesupply.com\/wp-content\/uploads\/2025\/05\/PU-Record-box.jpg",800,800,false],"2048x2048":["https:\/\/suncasesupply.com\/wp-content\/uploads\/2025\/05\/PU-Record-box.jpg",800,800,false],"trp-custom-language-flag":["https:\/\/suncasesupply.com\/wp-content\/uploads\/2025\/05\/PU-Record-box-12x12.jpg",12,12,true],"woocommerce_thumbnail":["https:\/\/suncasesupply.com\/wp-content\/uploads\/2025\/05\/PU-Record-box-300x300.jpg",300,300,true],"woocommerce_single":["https:\/\/suncasesupply.com\/wp-content\/uploads\/2025\/05\/PU-Record-box-600x600.jpg",600,600,true],"woocommerce_gallery_thumbnail":["https:\/\/suncasesupply.com\/wp-content\/uploads\/2025\/05\/PU-Record-box-100x100.jpg",100,100,true]},"post_excerpt_stackable":"<p>Model : Z46<\/p>\n<p>Size: 36x 18x 36cm<\/p>\n<p>Capacity: 50x 12&#8243; LPs<\/p>\n<p>MOQ: 100pcs<\/p>\n<p>Delivery Time : 15-25 Days<\/p>\n<p>Sample : Available<\/p>\n","category_list":"","author_info":{"name":"","url":""},"comments_num":"0 comentarios","_links":{"self":[{"href":"https:\/\/suncasesupply.com\/es\/wp-json\/wp\/v2\/product\/24017"}],"collection":[{"href":"https:\/\/suncasesupply.com\/es\/wp-json\/wp\/v2\/product"}],"about":[{"href":"https:\/\/suncasesupply.com\/es\/wp-json\/wp\/v2\/types\/product"}],"wp:featuredmedia":[{"embeddable":true,"href":"https:\/\/suncasesupply.com\/es\/wp-json\/wp\/v2\/media\/25373"}],"wp:attachment":[{"href":"https:\/\/suncasesupply.com\/es\/wp-json\/wp\/v2\/media?parent=24017"}],"wp:term":[{"taxonomy":"product_cat","embeddable":true,"href":"https:\/\/suncasesupply.com\/es\/wp-json\/wp\/v2\/product_cat?post=24017"},{"taxonomy":"product_tag","embeddable":true,"href":"https:\/\/suncasesupply.com\/es\/wp-json\/wp\/v2\/product_tag?post=24017"}],"curies":[{"name":"wp","href":"https:\/\/api.w.org\/{rel}","templated":true}]}}