{"id":23935,"date":"2024-11-08T15:25:39","date_gmt":"2024-11-08T07:25:39","guid":{"rendered":"https:\/\/suncasesupply.com\/?post_type=product&#038;p=23935"},"modified":"2025-09-04T15:19:01","modified_gmt":"2025-09-04T07:19:01","slug":"100-graded-coin-slab-case-aluminum-coin-storage-box","status":"publish","type":"product","link":"https:\/\/suncasesupply.com\/es\/product\/100-graded-coin-slab-case-aluminum-coin-storage-box\/","title":{"rendered":"Caja de almacenamiento de monedas de aluminio con 100 ranuras para monedas"},"content":{"rendered":"<h4><span style=\"color: #003366;\">Caracter\u00edsticas:<\/span><\/h4>\n<ul>\n<li><strong><b>Construcci\u00f3n<\/b><\/strong>La caja de aluminio para guardar monedas es robusta y duradera, resistente a la presi\u00f3n y a los golpes. Su estructura suele estar reforzada con aluminio y esquinas resistentes, lo que la hace resistente a impactos externos, extrusiones y ca\u00eddas.<\/li>\n<li><strong><b>Dise\u00f1o profesional<\/b><\/strong>:Esta vitrina de losas de monedas con dise\u00f1o de 5 filas, cada fila puede acomodar 20 vitrinas de losas de monedas NGC o PCGS y proteger su colecci\u00f3n de losas de monedas contra da\u00f1os.<\/li>\n<li><strong><b>Proteccion<\/b><\/strong>Protege tus monedas y mant\u00e9n todo organizado para facilitar su almacenamiento, viaje y transporte. Los coleccionistas tambi\u00e9n pueden usarlo junto con... <strong data-start=\"669\" data-end=\"696\">cajas de almacenamiento de losas de monedas<\/strong> Para m\u00e1xima seguridad.<\/li>\n<li><strong><b>Capacidad diversa<\/b><\/strong>Hay varios tama\u00f1os para elegir, desde peque\u00f1o a grande, para satisfacer las necesidades de diferentes colecciones, incluso es adecuado como vitrina de tarjetas clasificadas al 100 para coleccionistas de tarjetas.<\/li>\n<\/ul>\n<h4><span style=\"color: #003366;\">Detalles del producto:<\/span><\/h4>\n<div style=\"display: flex; gap: 20px;\">\n<p><!-- \u7b2c\u4e00\u680f --><\/p>\n<div style=\"flex: 1; text-align: center;\">\n<p><img decoding=\"async\" style=\"max-width: 100%; height: auto; margin-bottom: 10px;\" src=\"https:\/\/suncasesupply.com\/wp-content\/uploads\/2025\/08\/1-EVA-Slots.jpg\" alt=\"Ranuras EVA\" \/><\/p>\n<p style=\"font-weight: bold; margin: 5px 0;\"><strong><b>Ranuras EVA<\/b><\/strong><\/p>\n<p style=\"margin: 0;\">La tapa inferior del monedero est\u00e1 hecha de ranuras negras de EVA. El tama\u00f1o de cada ranura se adapta al tama\u00f1o de las placas. Cada ranura permite fijar f\u00e1cilmente cada placa y tambi\u00e9n sirve como expositor, adapt\u00e1ndose perfectamente a los estuches de almacenamiento.<\/p>\n<\/div>\n<div style=\"flex: 1; text-align: center;\">\n<p><img decoding=\"async\" style=\"max-width: 100%; height: auto; margin-bottom: 10px;\" src=\"https:\/\/suncasesupply.com\/wp-content\/uploads\/2025\/08\/2-Rubber-Feet.jpg\" alt=\"Patas de goma\" \/><\/p>\n<p style=\"font-weight: bold; margin: 5px 0;\"><strong><b>Patas de goma<\/b><\/strong><\/p>\n<p style=\"margin: 0;\">La caja de monedas cuenta con cuatro patas de goma en la parte inferior que evitan que toque el suelo al colocarla en posici\u00f3n vertical. Ofrece amortiguaci\u00f3n, absorci\u00f3n de impactos, antideslizamiento y estabilidad.<\/p>\n<\/div>\n<div style=\"flex: 1; text-align: center;\">\n<p><img decoding=\"async\" style=\"max-width: 100%; height: auto; margin-bottom: 10px;\" src=\"https:\/\/suncasesupply.com\/wp-content\/uploads\/2025\/08\/3-Lock-with-Key.jpg\" alt=\"Cerradura con llave\" \/><\/p>\n<p style=\"font-weight: bold; margin: 5px 0;\"><strong><b>Cerradura con llave<\/b><\/strong><\/p>\n<p style=\"margin: 0;\">Cada estuche para monedas incluye dos cerraduras para herramientas, cada una con dos llaves. Protege y aumenta la seguridad de los estuches para monedas.<\/p>\n<\/div>\n<p><!-- \u7b2c\u56db\u680f --><\/p>\n<div style=\"flex: 1; text-align: center;\">\n<p><img decoding=\"async\" style=\"max-width: 100%; height: auto; margin-bottom: 10px;\" src=\"https:\/\/suncasesupply.com\/wp-content\/uploads\/2025\/08\/4-Handle.jpg\" alt=\"Manejar\" \/><\/p>\n<p style=\"font-weight: bold; margin: 5px 0;\"><strong><b>Manejar<\/b><\/strong><\/p>\n<p style=\"margin: 0;\">El asa facilita el transporte de la vitrina. Es muy robusta y resistente, y est\u00e1 fabricada con materiales de alta calidad. Ofrece practicidad y comodidad.<\/p>\n<\/div>\n<\/div>\n<div style=\"background-color: #29599a; padding: 40px 20px; text-align: center; color: #ffffff; border-radius: 10px; margin: 40px auto; max-width: 960px;\">\n<h2 style=\"font-size: 22px; margin-bottom: 20px; font-weight: bold;\">Suministro al por mayor de vitrinas para monedas Sun Case, MOQ 100 para coleccionistas.<\/h2>\n<p><a style=\"display: inline-block; padding: 12px 28px; background-color: #ffffff; color: #29599a; text-decoration: none; border-radius: 6px; font-weight: bold;\" href=\"https:\/\/suncasesupply.com\/es\/contact-us\/\" target=\"_blank\" rel=\"noopener\">Obtenga una cotizaci\u00f3n hoy<br \/>\n<\/a><\/p>\n<\/div>\n<h4><span style=\"color: #003366;\">Proceso de fabricaci\u00f3n de la caja de monedas:<\/span><\/h4>\n<p><img decoding=\"async\" style=\"max-width: 100%; height: auto; margin-bottom: 10px;\" src=\"https:\/\/suncasesupply.com\/wp-content\/uploads\/2025\/07\/Manufacturing-Process.png\" alt=\"Proceso de fabricaci\u00f3n de Suncase\" \/><\/p>\n<h4><span style=\"color: #003366;\">Informaci\u00f3n \u00fatil para compradores al por mayor:<\/span><\/h4>\n<ul>\n<li>\n<p class=\"page-title\" title=\"\u00bfC\u00f3mo se almacenan las losas de monedas?\"><a href=\"https:\/\/suncasesupply.com\/es\/blog\/how-do-you-store-coin-slabs\/\">\u00bfC\u00f3mo se almacenan las losas de monedas?<\/a><\/p>\n<\/li>\n<li>\n<p class=\"page-title\" title=\"Las 3 mejores selecciones de estuches para monedas de aluminio\"><a href=\"https:\/\/suncasesupply.com\/es\/blog\/custom-aluminum-case\/top-3-picks-of-aluminum-coin-case\/\">Las 3 mejores selecciones de estuches para monedas de aluminio<\/a><\/p>\n<\/li>\n<li>\n<p class=\"page-title\" title=\"Cajas de almacenamiento de monedas de aluminio para mantener la calidad de las monedas\"><a href=\"https:\/\/suncasesupply.com\/es\/blog\/custom-aluminum-case\/how-to-maintain-aluminum-coin-cases\/\">Cajas de almacenamiento de monedas de aluminio para mantener la calidad de las monedas<\/a><\/p>\n<\/li>\n<\/ul>","protected":false},"excerpt":{"rendered":"<p>Modelo: KY210<\/p>\n<p>Tama\u00f1o: 42 x 32 x 11,5 cm<\/p>\n<p>Colores: Marco de aluminio plateado + Panel negro<\/p>\n<p>Materiales: Marco de aluminio, Tablero MDF, Panel ABS, Accesorios.<\/p>\n<p>Logotipo: Logotipo de placa de metal<\/p>\n<p>Cantidad m\u00ednima de pedido: 100 piezas<\/p>\n<p>Tiempo de entrega: 15-25 d\u00edas<\/p>","protected":false},"featured_media":25376,"template":"","meta":{"_gspb_post_css":""},"product_cat":[84],"product_tag":[],"featured_image_urls":{"full":["https:\/\/suncasesupply.com\/wp-content\/uploads\/2025\/05\/coin-case.jpg",800,800,false],"thumbnail":["https:\/\/suncasesupply.com\/wp-content\/uploads\/2025\/05\/coin-case-150x150.jpg",150,150,true],"medium":["https:\/\/suncasesupply.com\/wp-content\/uploads\/2025\/05\/coin-case-300x300.jpg",300,300,true],"medium_large":["https:\/\/suncasesupply.com\/wp-content\/uploads\/2025\/05\/coin-case-768x768.jpg",768,768,true],"large":["https:\/\/suncasesupply.com\/wp-content\/uploads\/2025\/05\/coin-case.jpg",800,800,false],"1536x1536":["https:\/\/suncasesupply.com\/wp-content\/uploads\/2025\/05\/coin-case.jpg",800,800,false],"2048x2048":["https:\/\/suncasesupply.com\/wp-content\/uploads\/2025\/05\/coin-case.jpg",800,800,false],"trp-custom-language-flag":["https:\/\/suncasesupply.com\/wp-content\/uploads\/2025\/05\/coin-case-12x12.jpg",12,12,true],"woocommerce_thumbnail":["https:\/\/suncasesupply.com\/wp-content\/uploads\/2025\/05\/coin-case-300x300.jpg",300,300,true],"woocommerce_single":["https:\/\/suncasesupply.com\/wp-content\/uploads\/2025\/05\/coin-case-600x600.jpg",600,600,true],"woocommerce_gallery_thumbnail":["https:\/\/suncasesupply.com\/wp-content\/uploads\/2025\/05\/coin-case-100x100.jpg",100,100,true]},"post_excerpt_stackable":"<p>Model :KY210<\/p>\n<p>Size: 42\u00a0x 32\u00a0x 11.5cm<\/p>\n<p>Colors: Silver Aluminum frame+Black Panel<\/p>\n<p>Materials: Aluminum\u00a0frame, MDF Board, ABS\u00a0Panel, Accessories.<\/p>\n<p>Logo: Metal plate logo<\/p>\n<p>MOQ: 100pcs<\/p>\n<p>Delivery Time : 15-25 Days<\/p>\n","category_list":"","author_info":{"name":"","url":""},"comments_num":"0 comentarios","_links":{"self":[{"href":"https:\/\/suncasesupply.com\/es\/wp-json\/wp\/v2\/product\/23935"}],"collection":[{"href":"https:\/\/suncasesupply.com\/es\/wp-json\/wp\/v2\/product"}],"about":[{"href":"https:\/\/suncasesupply.com\/es\/wp-json\/wp\/v2\/types\/product"}],"wp:featuredmedia":[{"embeddable":true,"href":"https:\/\/suncasesupply.com\/es\/wp-json\/wp\/v2\/media\/25376"}],"wp:attachment":[{"href":"https:\/\/suncasesupply.com\/es\/wp-json\/wp\/v2\/media?parent=23935"}],"wp:term":[{"taxonomy":"product_cat","embeddable":true,"href":"https:\/\/suncasesupply.com\/es\/wp-json\/wp\/v2\/product_cat?post=23935"},{"taxonomy":"product_tag","embeddable":true,"href":"https:\/\/suncasesupply.com\/es\/wp-json\/wp\/v2\/product_tag?post=23935"}],"curies":[{"name":"wp","href":"https:\/\/api.w.org\/{rel}","templated":true}]}}