{"id":23780,"date":"2024-10-25T16:32:04","date_gmt":"2024-10-25T08:32:04","guid":{"rendered":"https:\/\/suncasesupply.com\/?post_type=product&#038;p=23780"},"modified":"2026-03-17T01:22:47","modified_gmt":"2026-03-16T17:22:47","slug":"professional-aluminum-makeup-case-customized-carry-nail-storage-box-goldblack","status":"publish","type":"product","link":"https:\/\/suncasesupply.com\/es\/product\/professional-aluminum-makeup-case-customized-carry-nail-storage-box-goldblack\/","title":{"rendered":"Estuche de maquillaje profesional de aluminio personalizado, caja de almacenamiento para u\u00f1as, dorado y negro"},"content":{"rendered":"<h4><span style=\"color: #003366;\">Caracter\u00edsticas:<\/span><\/h4>\n<ul>\n<li><strong><b>Sentido del lujo: <\/b><\/strong>El oro rosa es un color met\u00e1lico que representa un lujo discreto y un estilo sofisticado. El marco de aluminio de este estuche de maquillaje est\u00e1 fabricado en oro rosa y combinado con un panel negro, lo que realza instant\u00e1neamente la elegancia del estuche y lo convierte en un accesorio de moda.<\/li>\n<li><strong><b>Ventajas del marco de aluminio<\/b><\/strong>El material de aleaci\u00f3n de aluminio es ligero pero resistente, lo que protege eficazmente los cosm\u00e9ticos de alta gama de golpes y roces durante el transporte y el uso. Este estuche es un malet\u00edn de maquillaje de aluminio de alta calidad para profesionales.<\/li>\n<li><strong><b>Resistencia a la compresi\u00f3n y al impacto<\/b><\/strong>En comparaci\u00f3n con los neceseres blandos, las cajas r\u00edgidas o semirr\u00edgidas ofrecen una protecci\u00f3n m\u00e1s fiable para art\u00edculos fr\u00e1giles como frascos de vidrio de base de maquillaje l\u00edquida y paletas de sombras de ojos. Esto resulta ideal para un estuche de maquillaje de aluminio econ\u00f3mico que no sacrifica la calidad.<\/li>\n<li><strong><b>Partici\u00f3n cient\u00edfica<\/b><\/strong>:El dise\u00f1o interno tiene m\u00faltiples bandejas y particiones, que pueden fijar pinceles, base, sombras de ojos, l\u00e1piz labial y otros cosm\u00e9ticos de diferentes formas en diferentes categor\u00edas y hacerlos claros de un vistazo.<\/li>\n<\/ul>\n<div style=\"background-color: #29599a; padding: 40px 20px; text-align: center; color: #ffffff; border-radius: 10px; margin: 40px auto; max-width: 960px;\">\n<h2 style=\"font-size: 22px; margin-bottom: 20px; font-weight: bold;\"><span style=\"color: #ffffff;\">\u00a1Consigue ya tu malet\u00edn de peluquer\u00eda Sun Case! Pedido m\u00ednimo: 100 unidades. \u00a1Venta al por mayor disponible!<\/span><\/h2>\n<p><a style=\"display: inline-block; padding: 12px 28px; background-color: #ffffff; color: #29599a; text-decoration: none; border-radius: 6px; font-weight: bold;\" href=\"https:\/\/suncasesupply.com\/es\/contact-us\/\" target=\"_blank\" rel=\"noopener\">Obtenga una cotizaci\u00f3n<br \/>\n<\/a><\/p>\n<\/div>\n<h4><span style=\"color: #003366;\">Detalles del producto:<\/span><\/h4>\n<div style=\"display: flex; gap: 20px;\">\n<p><!-- \u7b2c\u4e00\u680f --><\/p>\n<div style=\"flex: 1; text-align: center;\">\n<p><img decoding=\"async\" style=\"max-width: 100%; height: auto; margin-bottom: 10px;\" src=\"https:\/\/suncasesupply.com\/wp-content\/uploads\/2025\/09\/2-Handle.jpg\" alt=\"Manejar\" \/><\/p>\n<p><strong><b>Manejar<\/b><\/strong><\/p>\n<p style=\"margin: 0;\">El asa de un estuche de cosm\u00e9ticos es un accesorio clave que combina funcionalidad, comodidad, seguridad y est\u00e9tica. La zona que entra en contacto con la palma de la mano suele estar recubierta de goma suave, flexible y que disipa eficazmente la presi\u00f3n del estuche, evitando pellizcos en los dedos. Ideal para guardar utensilios de manicura.<\/p>\n<p>&nbsp;<\/p>\n<\/div>\n<p><!-- \u7b2c\u4e8c\u680f --><\/p>\n<div style=\"flex: 1; text-align: center;\">\n<p><img decoding=\"async\" style=\"max-width: 100%; height: auto; margin-bottom: 10px;\" src=\"https:\/\/suncasesupply.com\/wp-content\/uploads\/2025\/09\/1-Protective-Corner.jpg\" alt=\"Esquina protectora\" \/><\/p>\n<p><strong><b>PAG<\/b><\/strong><strong><b>Rinc\u00f3n protector<\/b><\/strong><\/p>\n<p style=\"margin: 0;\">La esquina protectora de este estuche para cosm\u00e9ticos, a diferencia de las esquinas cuadradas o redondas comunes, se llama esquina de flor de ciruelo por su forma. No solo es un elemento distintivo del dise\u00f1o de estuches de aluminio, sino que tambi\u00e9n cumple una funci\u00f3n pr\u00e1ctica esencial. Ofrece una gran resistencia a los impactos y al desgaste.<\/p>\n<\/div>\n<p><!-- \u7b2c\u4e09\u680f --><\/p>\n<div style=\"flex: 1; text-align: center;\">\n<p><img decoding=\"async\" style=\"max-width: 100%; height: auto; margin-bottom: 10px;\" src=\"https:\/\/suncasesupply.com\/wp-content\/uploads\/2025\/09\/4-EVA-Dividers.jpg\" alt=\"Divisores de EVA\" \/><\/p>\n<p><strong><b>Divisores de EVA<\/b><\/strong><\/p>\n<p>La base del estuche de maquillaje est\u00e1 hecha con separadores de EVA. Es un material de espuma de celda cerrada ecol\u00f3gico, no t\u00f3xico e inodoro, con caracter\u00edsticas como suavidad, resistencia a los impactos, buena elasticidad, resistencia a la corrosi\u00f3n y f\u00e1cil de cortar. El separador de EVA optimiza el uso del espacio y facilita la inducci\u00f3n.<\/p>\n<\/div>\n<p><!-- \u7b2c\u56db\u680f --><\/p>\n<div style=\"flex: 1; text-align: center;\">\n<p><img decoding=\"async\" style=\"max-width: 100%; height: auto; margin-bottom: 10px;\" src=\"https:\/\/suncasesupply.com\/wp-content\/uploads\/2025\/09\/3-Divider-for-Tray.jpg\" alt=\"Divisor para bandeja\" \/><\/p>\n<p><strong><b>Divisor para bandeja<\/b><\/strong><\/p>\n<p style=\"margin: 0;\">Este estuche para cosm\u00e9ticos cuenta con seis bandejas largas de pl\u00e1stico para guardar y organizar el maquillaje. Cada bandeja cuenta con varios separadores de pl\u00e1stico, lo que permite ajustarlos al tama\u00f1o de sus productos. Los separadores tambi\u00e9n se pueden quitar cuando no se usan. Son muy flexibles.<\/p>\n<\/div>\n<\/div>\n<div style=\"background-color: #29599a; padding: 40px 20px; text-align: center; color: #ffffff; border-radius: 10px; margin: 40px auto; max-width: 960px;\">\n<h2 style=\"font-size: 22px; margin-bottom: 20px; font-weight: bold;\"><span style=\"color: #ffffff;\">\u00a1Pide hoy mismo tu estuche de maquillaje de aluminio Sun Case! \u00a1Pedido m\u00ednimo garantizado de 100 unidades!<\/span><\/h2>\n<p><a style=\"display: inline-block; padding: 12px 28px; background-color: #ffffff; color: #29599a; text-decoration: none; border-radius: 6px; font-weight: bold;\" href=\"https:\/\/suncasesupply.com\/es\/contact-us\/\" target=\"_blank\" rel=\"noopener\">Obtenga una cotizaci\u00f3n hoy<br \/>\n<\/a><\/p>\n<\/div>\n<h4><span style=\"color: #003366;\">Proceso de fabricaci\u00f3n:<\/span><\/h4>\n<p><img decoding=\"async\" style=\"max-width: 100%; height: auto; margin-bottom: 10px;\" src=\"https:\/\/suncasesupply.com\/wp-content\/uploads\/2025\/07\/Manufacturing-Process.png\" alt=\"Proceso de fabricaci\u00f3n de Suncase\" \/><\/p>\n<div style=\"display: flex; gap: 20px;\">\n<p><!-- \u7b2c\u4e00\u680f \u6d41\u7a0b1--><\/p>\n<div style=\"flex: 1; text-align: center;\"><\/div>\n<\/div>\n<div style=\"display: flex; gap: 20px;\">\n<div style=\"flex: 1; text-align: center;\">\n<p style=\"font-weight: bold; margin: 5px 0;\">\n<\/div>\n<\/div>\n<h4><span style=\"color: #003366;\">Informaci\u00f3n \u00fatil para compradores al por mayor:<\/span><\/h4>\n<ul>\n<li class=\"page-title\" title=\"\u00bfQu\u00e9 hace que las tarjetas deportivas sean tan valiosas?\">\n<p class=\"page-title\" title=\"Estuches de maquillaje port\u00e1tiles imprescindibles para tu rutina de belleza\"><a href=\"https:\/\/suncasesupply.com\/es\/blog\/makeup-case\/best-portable-makeup-case\/\">Estuches de maquillaje port\u00e1tiles imprescindibles para tu rutina de belleza &gt;&gt;<\/a><\/p>\n<\/li>\n<li title=\"\u00bfQu\u00e9 hace que las tarjetas deportivas sean tan valiosas?\">\n<p class=\"page-title\" title=\"C\u00f3mo organizar adecuadamente su estuche de maquillaje para viajar\"><a href=\"https:\/\/suncasesupply.com\/es\/blog\/makeup-case\/how-to-packing\/\">C\u00f3mo organizar correctamente tu estuche de maquillaje para viajar &gt;&gt;<\/a><\/p>\n<\/li>\n<li title=\"\u00bfQu\u00e9 hace que las tarjetas deportivas sean tan valiosas?\">\n<p class=\"page-title\" title=\"\u00bfQu\u00e9 es un estuche de tren de maquillaje?\"><a href=\"https:\/\/suncasesupply.com\/es\/blog\/makeup-case\/what-is-a-makeup-train-case\/\">\u00bfQu\u00e9 es un estuche de tren de maquillaje?<\/a><\/p>\n<\/li>\n<\/ul>","protected":false},"excerpt":{"rendered":"<p>Modelo: K2109<\/p>\n<p>Tama\u00f1o: 360*220*270m<\/p>\n<p>Colores: Marco oro rosa + Panel negro<\/p>\n<p>Materiales: Marco de aluminio, Tablero MDF, Panel ABS, Accesorios.<\/p>\n<p>Logotipo: Logotipo en placa de metal, Logotipo serigrafiado<\/p>\n<p>Cantidad m\u00ednima de pedido: 100 piezas<\/p>\n<p>Muestra: Disponible<\/p>","protected":false},"featured_media":25380,"template":"","meta":{"_gspb_post_css":""},"product_cat":[34,96],"product_tag":[],"featured_image_urls":{"full":["https:\/\/suncasesupply.com\/wp-content\/uploads\/2025\/05\/black-and-rose-gold-makeup-case.jpg",800,800,false],"thumbnail":["https:\/\/suncasesupply.com\/wp-content\/uploads\/2025\/05\/black-and-rose-gold-makeup-case-150x150.jpg",150,150,true],"medium":["https:\/\/suncasesupply.com\/wp-content\/uploads\/2025\/05\/black-and-rose-gold-makeup-case-300x300.jpg",300,300,true],"medium_large":["https:\/\/suncasesupply.com\/wp-content\/uploads\/2025\/05\/black-and-rose-gold-makeup-case-768x768.jpg",768,768,true],"large":["https:\/\/suncasesupply.com\/wp-content\/uploads\/2025\/05\/black-and-rose-gold-makeup-case.jpg",800,800,false],"1536x1536":["https:\/\/suncasesupply.com\/wp-content\/uploads\/2025\/05\/black-and-rose-gold-makeup-case.jpg",800,800,false],"2048x2048":["https:\/\/suncasesupply.com\/wp-content\/uploads\/2025\/05\/black-and-rose-gold-makeup-case.jpg",800,800,false],"trp-custom-language-flag":["https:\/\/suncasesupply.com\/wp-content\/uploads\/2025\/05\/black-and-rose-gold-makeup-case-12x12.jpg",12,12,true],"woocommerce_thumbnail":["https:\/\/suncasesupply.com\/wp-content\/uploads\/2025\/05\/black-and-rose-gold-makeup-case-300x300.jpg",300,300,true],"woocommerce_single":["https:\/\/suncasesupply.com\/wp-content\/uploads\/2025\/05\/black-and-rose-gold-makeup-case-600x600.jpg",600,600,true],"woocommerce_gallery_thumbnail":["https:\/\/suncasesupply.com\/wp-content\/uploads\/2025\/05\/black-and-rose-gold-makeup-case-100x100.jpg",100,100,true]},"post_excerpt_stackable":"<p>Model :K2109<\/p>\n<p>Size: 360*220*270m<\/p>\n<p>Colors: Rose gold Frame+Black Panel<\/p>\n<p>Materials: Aluminum\u00a0frame, MDF Board, ABS\u00a0Panel, Accessories.<\/p>\n<p>Logo: Metal plate logo, Silk screen printing logo<\/p>\n<p>MOQ: 100pcs<\/p>\n<p>Sample: Available<\/p>\n","category_list":"","author_info":{"name":"","url":""},"comments_num":"0 comentarios","_links":{"self":[{"href":"https:\/\/suncasesupply.com\/es\/wp-json\/wp\/v2\/product\/23780"}],"collection":[{"href":"https:\/\/suncasesupply.com\/es\/wp-json\/wp\/v2\/product"}],"about":[{"href":"https:\/\/suncasesupply.com\/es\/wp-json\/wp\/v2\/types\/product"}],"wp:featuredmedia":[{"embeddable":true,"href":"https:\/\/suncasesupply.com\/es\/wp-json\/wp\/v2\/media\/25380"}],"wp:attachment":[{"href":"https:\/\/suncasesupply.com\/es\/wp-json\/wp\/v2\/media?parent=23780"}],"wp:term":[{"taxonomy":"product_cat","embeddable":true,"href":"https:\/\/suncasesupply.com\/es\/wp-json\/wp\/v2\/product_cat?post=23780"},{"taxonomy":"product_tag","embeddable":true,"href":"https:\/\/suncasesupply.com\/es\/wp-json\/wp\/v2\/product_tag?post=23780"}],"curies":[{"name":"wp","href":"https:\/\/api.w.org\/{rel}","templated":true}]}}