{"id":23054,"date":"2024-06-05T15:31:59","date_gmt":"2024-06-05T07:31:59","guid":{"rendered":"https:\/\/suncasesupply.com\/?post_type=product&#038;p=23054"},"modified":"2025-10-28T17:59:57","modified_gmt":"2025-10-28T09:59:57","slug":"black-aluminum-storage-case-customized-hard-case-carrying-tool-case-with-foam","status":"publish","type":"product","link":"https:\/\/suncasesupply.com\/es\/product\/black-aluminum-storage-case-customized-hard-case-carrying-tool-case-with-foam\/","title":{"rendered":"Caja de almacenamiento de aluminio negra, estuche r\u00edgido personalizado, caja de herramientas con espuma"},"content":{"rendered":"<h4><span style=\"color: #003366;\">Caracter\u00edsticas:<\/span><\/h4>\n<ul>\n<li><strong><b>Calidad Premium<\/b><\/strong>:Hecho de aleaci\u00f3n de aluminio de alta calidad y tablero MDF grueso, no es f\u00e1cil que se da\u00f1e o deforme y se puede utilizar durante mucho tiempo.<\/li>\n<li><strong><b>Doble protecci\u00f3n<\/b><\/strong>Dise\u00f1o con cerradura para garantizar la seguridad y la privacidad. El forro interior de espuma y las esquinas reforzadas antigolpes protegen sus art\u00edculos de da\u00f1os durante el transporte o almacenamiento.<\/li>\n<li><strong><b>F\u00e1cil de usar<\/b><\/strong>Mantenga sus art\u00edculos en orden con los cierres y bisagras de liberaci\u00f3n r\u00e1pida intuitivos de este estuche de aluminio.<\/li>\n<li><strong><b>Funciones de la espuma<\/b><\/strong>:La espuma DIY dentro del estuche de aluminio se puede cortar en cualquier forma para adaptarse a sus productos.<\/li>\n<\/ul>\n<div style=\"display: flex; gap: 20px;\">\n<p><!-- \u7b2c\u4e00\u680f --><\/p>\n<div style=\"flex: 1; text-align: center;\">\n<p><img decoding=\"async\" style=\"max-width: 100%; height: auto; margin-bottom: 10px;\" src=\"https:\/\/suncasesupply.com\/wp-content\/uploads\/2025\/03\/1-Round-Corner-Aluminum-Frame.jpg\" alt=\"Marco de aluminio con esquinas redondeadas\" \/><\/p>\n<p><b><\/b><strong><b>Marco de aluminio con esquinas redondeadas<\/b><\/strong><\/p>\n<p style=\"margin: 0;\">La carcasa de aluminio hecha con marco de aluminio con esquinas redondeadas y esquinas de metal redondeadas, no solo mejora la capacidad anticolisi\u00f3n y desempe\u00f1a un papel protector, sino que tambi\u00e9n hace que la apariencia de toda la carcasa sea m\u00e1s lujosa.<\/p>\n<p>&nbsp;<\/p>\n<\/div>\n<p><!-- \u7b2c\u4e8c\u680f --><\/p>\n<div style=\"flex: 1; text-align: center;\">\n<p><img decoding=\"async\" style=\"max-width: 100%; height: auto; margin-bottom: 10px;\" src=\"https:\/\/suncasesupply.com\/wp-content\/uploads\/2025\/03\/2-Middle-Protect-Corner.jpg\" alt=\"Esquina de protecci\u00f3n media\" \/><\/p>\n<p><b><\/b><strong><b>Esquina de protecci\u00f3n media<\/b><\/strong><\/p>\n<p style=\"margin: 0;\">En general, los lados largo y ancho de la caja de aluminio se fabrican con esquinas protectoras intermedias para aumentar su resistencia y capacidad de carga. Cuanto m\u00e1s grande sea la caja, mayor ser\u00e1 la cantidad de esquinas protectoras intermedias que necesitar\u00e1.<\/p>\n<\/div>\n<p><!-- \u7b2c\u4e09\u680f --><\/p>\n<div style=\"flex: 1; text-align: center;\">\n<p><img decoding=\"async\" style=\"max-width: 100%; height: auto; margin-bottom: 10px;\" src=\"https:\/\/suncasesupply.com\/wp-content\/uploads\/2025\/03\/3-Protective-Foam.jpg\" alt=\"Espuma protectora\" \/><\/p>\n<p><b><\/b><strong><b>Espuma protectora<\/b><\/strong><\/p>\n<p>La espuma de la cubierta superior previene colisiones y protege los productos en su interior. Al mismo tiempo, la tapa inferior del estuche est\u00e1 equipada con espuma de bricolaje, que protege y ajusta los art\u00edculos correctamente.<\/p>\n<\/div>\n<p><!-- \u7b2c\u56db\u680f --><\/p>\n<div style=\"flex: 1; text-align: center;\">\n<p><img decoding=\"async\" style=\"max-width: 100%; height: auto; margin-bottom: 10px;\" src=\"https:\/\/suncasesupply.com\/wp-content\/uploads\/2025\/03\/4-Handle-2.jpg\" alt=\"Manejar\" \/><\/p>\n<p><strong><b>Manejar<\/b><\/strong><\/p>\n<p style=\"margin: 0;\">Con un asa met\u00e1lica resistente y ligera, este estuche de aluminio es muy pr\u00e1ctico y f\u00e1cil de transportar. Permite transportar f\u00e1cilmente sus pertenencias.<\/p>\n<\/div>\n<\/div>\n<h4><span style=\"color: #003366;\">Proceso de fabricaci\u00f3n:<\/span><\/h4>\n<p><img decoding=\"async\" style=\"max-width: 100%; height: auto; margin-bottom: 10px;\" src=\"https:\/\/suncasesupply.com\/wp-content\/uploads\/2025\/07\/Manufacturing-Process.png\" alt=\"Proceso de fabricaci\u00f3n de Suncase\" \/><\/p>\n<div style=\"display: flex; gap: 20px;\">\n<p><!-- \u7b2c\u4e00\u680f \u6d41\u7a0b1--><\/p>\n<div style=\"flex: 1; text-align: center;\"><\/div>\n<\/div>\n<div style=\"display: flex; gap: 20px;\">\n<div style=\"flex: 1; text-align: center;\">\n<p style=\"font-weight: bold; margin: 5px 0;\">\n<\/div>\n<\/div>\n<h4><span style=\"color: #003366;\">Informaci\u00f3n \u00fatil para compradores al por mayor:<\/span><\/h4>\n<ul>\n<li class=\"page-title\" title=\"\u00bfQu\u00e9 hace que las tarjetas deportivas sean tan valiosas?\">\n<p class=\"page-title\" title=\"Diferentes tipos de estuches de transporte de aluminio\"><a href=\"https:\/\/suncasesupply.com\/es\/blog\/custom-aluminum-case\/different-types-of-aluminum-carrying-cases\/\">Diferentes tipos de estuches de transporte de aluminio &gt;&gt;<\/a><\/p>\n<\/li>\n<li title=\"\u00bfQu\u00e9 hace que las tarjetas deportivas sean tan valiosas?\">\n<p class=\"page-title\" title=\"Todo lo que necesita saber sobre las cajas de aluminio\"><a href=\"https:\/\/suncasesupply.com\/es\/blog\/all-you-need-to-know-about-aluminum-cases\/\">Todo lo que necesita saber sobre las cajas de aluminio &gt;&gt;<\/a><\/p>\n<\/li>\n<li title=\"\u00bfQu\u00e9 hace que las tarjetas deportivas sean tan valiosas?\">\n<p class=\"page-title\" title=\"\u00bfC\u00f3mo elegir la carcasa de aluminio adecuada?\"><a href=\"https:\/\/suncasesupply.com\/es\/blog\/selection-of-aluminum-case\/\">\u00bfC\u00f3mo elegir la caja de aluminio adecuada? &gt;&gt;<\/a><\/p>\n<\/li>\n<\/ul>","protected":false},"excerpt":{"rendered":"<p>Modelo: KY-0090<\/p>\n<p>Tama\u00f1o: 41x30x12cm o tama\u00f1o personalizado<\/p>\n<p>Colores: Color plata, o Color negro<\/p>\n<p>Materiales: Marco de aluminio plateado, panel ABS negro, tablero MDF, espuma, herrajes.<\/p>\n<p>Logotipo: Logotipo de impresi\u00f3n en seda, logotipo de placa de metal.<\/p>\n<p>Cantidad m\u00ednima de pedido: 100 piezas<\/p>\n<p>Muestra: Disponible, tiempo de muestra aproximadamente 7 d\u00edas.<\/p>","protected":false},"featured_media":23055,"template":"","meta":{"_gspb_post_css":""},"product_cat":[42,80],"product_tag":[],"featured_image_urls":{"full":["https:\/\/suncasesupply.com\/wp-content\/uploads\/2024\/06\/7.jpg",1000,1000,false],"thumbnail":["https:\/\/suncasesupply.com\/wp-content\/uploads\/2024\/06\/7-150x150.jpg",150,150,true],"medium":["https:\/\/suncasesupply.com\/wp-content\/uploads\/2024\/06\/7-300x300.jpg",300,300,true],"medium_large":["https:\/\/suncasesupply.com\/wp-content\/uploads\/2024\/06\/7-768x768.jpg",768,768,true],"large":["https:\/\/suncasesupply.com\/wp-content\/uploads\/2024\/06\/7.jpg",1000,1000,false],"1536x1536":["https:\/\/suncasesupply.com\/wp-content\/uploads\/2024\/06\/7.jpg",1000,1000,false],"2048x2048":["https:\/\/suncasesupply.com\/wp-content\/uploads\/2024\/06\/7.jpg",1000,1000,false],"trp-custom-language-flag":["https:\/\/suncasesupply.com\/wp-content\/uploads\/2024\/06\/7-12x12.jpg",12,12,true],"woocommerce_thumbnail":["https:\/\/suncasesupply.com\/wp-content\/uploads\/2024\/06\/7-300x300.jpg",300,300,true],"woocommerce_single":["https:\/\/suncasesupply.com\/wp-content\/uploads\/2024\/06\/7-600x600.jpg",600,600,true],"woocommerce_gallery_thumbnail":["https:\/\/suncasesupply.com\/wp-content\/uploads\/2024\/06\/7-100x100.jpg",100,100,true]},"post_excerpt_stackable":"<p>Model:KY-0090<\/p>\n<p>Size: 41x30x12cm or customize size<\/p>\n<p>Colors: Silver color, or Black color<\/p>\n<p>Materials: Silver Aluminum\u00a0frame,\u00a0Black ABS Panel,\u00a0MDF Board,\u00a0Foam, Hardware.<\/p>\n<p>Logo: Silk Printing Logo, Metal Plate Logo..<\/p>\n<p>MOQ: 100pcs<\/p>\n<p>Sample: Available, sample time about 7 days.<\/p>\n","category_list":"","author_info":{"name":"","url":""},"comments_num":"0 comentarios","_links":{"self":[{"href":"https:\/\/suncasesupply.com\/es\/wp-json\/wp\/v2\/product\/23054"}],"collection":[{"href":"https:\/\/suncasesupply.com\/es\/wp-json\/wp\/v2\/product"}],"about":[{"href":"https:\/\/suncasesupply.com\/es\/wp-json\/wp\/v2\/types\/product"}],"wp:featuredmedia":[{"embeddable":true,"href":"https:\/\/suncasesupply.com\/es\/wp-json\/wp\/v2\/media\/23055"}],"wp:attachment":[{"href":"https:\/\/suncasesupply.com\/es\/wp-json\/wp\/v2\/media?parent=23054"}],"wp:term":[{"taxonomy":"product_cat","embeddable":true,"href":"https:\/\/suncasesupply.com\/es\/wp-json\/wp\/v2\/product_cat?post=23054"},{"taxonomy":"product_tag","embeddable":true,"href":"https:\/\/suncasesupply.com\/es\/wp-json\/wp\/v2\/product_tag?post=23054"}],"curies":[{"name":"wp","href":"https:\/\/api.w.org\/{rel}","templated":true}]}}