{"id":23035,"date":"2024-05-28T11:57:15","date_gmt":"2024-05-28T03:57:15","guid":{"rendered":"https:\/\/suncasesupply.com\/?post_type=product&#038;p=23035"},"modified":"2025-09-04T15:19:21","modified_gmt":"2025-09-04T07:19:21","slug":"aluminum-tool-case-carrying-hard-storage-case-with-foam-insert","status":"publish","type":"product","link":"https:\/\/suncasesupply.com\/es\/product\/aluminum-tool-case-carrying-hard-storage-case-with-foam-insert\/","title":{"rendered":"Caja de herramientas de aluminio que lleva un estuche r\u00edgido de almacenamiento con inserto de espuma"},"content":{"rendered":"<h4><span style=\"color: #003366;\">Caracter\u00edsticas:<\/span><\/h4>\n<ul>\n<li>\n<p data-start=\"77\" data-end=\"333\"><strong>Dise\u00f1o seguro:<\/strong> Estuche de aluminio con cerradura, dos candados y asa de goma, f\u00e1cil de llevar a cualquier lugar. El estuche de aluminio impermeable protege objetos de valor y fr\u00e1giles de la exposici\u00f3n accidental a la humedad.<\/p>\n<\/li>\n<li>\n<p data-start=\"77\" data-end=\"333\"><strong>Durabilidad y protecci\u00f3n:<\/strong> El estuche r\u00edgido ofrece una durabilidad a prueba de golpes y caracter\u00edsticas exclusivas, ideales para proteger equipos en sectores como la fotograf\u00eda, drones a\u00e9reos, computadoras port\u00e1tiles, herramientas, m\u00fasica y medicina. Muchos proveedores de estuches de aluminio recomiendan este tipo de dise\u00f1o para profesionales.<\/p>\n<\/li>\n<li>\n<p data-start=\"77\" data-end=\"333\"><strong>Interior de espuma personalizable:<\/strong> Espuma DIY. La cubierta superior interior est\u00e1 hecha de espuma de huevo para mayor protecci\u00f3n. La tapa inferior est\u00e1 hecha de espuma DIY (espuma de recogida y recogida). Es muy pr\u00e1ctico para que los clientes adapten el espacio y el tama\u00f1o de la espuma a sus art\u00edculos, lo que lo convierte en un excelente estuche de transporte de aluminio con espuma.<\/p>\n<\/li>\n<li>\n<p data-start=\"77\" data-end=\"333\"><strong>Disponibilidad al por mayor:<\/strong> Este dise\u00f1o tambi\u00e9n est\u00e1 ampliamente disponible a trav\u00e9s de canales mayoristas de estuches de transporte de aluminio, lo que ofrece a los usuarios tanto asequibilidad como calidad.<\/p>\n<\/li>\n<\/ul>\n<h4><span style=\"color: #003366;\">Detalles del producto:<\/span><\/h4>\n<div style=\"display: flex; gap: 20px;\">\n<p><!-- \u7b2c\u4e00\u680f --><\/p>\n<div style=\"flex: 1; text-align: center;\">\n<p><img decoding=\"async\" style=\"max-width: 100%; height: auto; margin-bottom: 10px;\" src=\"https:\/\/suncasesupply.com\/wp-content\/uploads\/2025\/03\/1-Feet-Mat.jpg\" alt=\"Alfombrilla para pies\" \/><\/p>\n<p><strong><b>Alfombrilla para pies<\/b><\/strong><\/p>\n<p style=\"margin: 0;\">La alfombrilla se encuentra en la parte inferior del malet\u00edn de aluminio. Al colocarlo horizontalmente, lo a\u00edsla del suelo, lo que reduce la probabilidad de que se ensucie. Adem\u00e1s, ofrece protecci\u00f3n anticolisi\u00f3n y otras funciones.<\/p>\n<p>&nbsp;<\/p>\n<\/div>\n<p><!-- \u7b2c\u4e8c\u680f --><\/p>\n<div style=\"flex: 1; text-align: center;\">\n<p><img decoding=\"async\" style=\"max-width: 100%; height: auto; margin-bottom: 10px;\" src=\"https:\/\/suncasesupply.com\/wp-content\/uploads\/2025\/03\/2-Locks-with-Key.jpg\" alt=\"Cerraduras con llave\" \/><\/p>\n<p><strong><b>Cerraduras con llave<\/b><\/strong><\/p>\n<p style=\"margin: 0;\">El malet\u00edn de aluminio incluye dos candados, cada uno con una llave. Esto mejora la seguridad general del malet\u00edn. Los candados para herramientas, como los de la imagen, o los de combinaci\u00f3n son los m\u00e1s comunes en los maletines de aluminio.<\/p>\n<\/div>\n<p><!-- \u7b2c\u4e09\u680f --><\/p>\n<div style=\"flex: 1; text-align: center;\">\n<p><img decoding=\"async\" style=\"max-width: 100%; height: auto; margin-bottom: 10px;\" src=\"https:\/\/suncasesupply.com\/wp-content\/uploads\/2025\/03\/3-Strong-Handle.jpg\" alt=\"Mango fuerte\" \/><\/p>\n<p><b><\/b><strong><b>Mango fuerte<\/b><\/strong><\/p>\n<p>Un asa resistente y c\u00f3moda es fundamental para el malet\u00edn de aluminio. Mejora la capacidad de carga y facilita su transporte al aire libre. Adem\u00e1s, el asa tambi\u00e9n es un elemento clave de su dise\u00f1o est\u00e9tico.<\/p>\n<\/div>\n<p><!-- \u7b2c\u56db\u680f --><\/p>\n<div style=\"flex: 1; text-align: center;\">\n<p><img decoding=\"async\" style=\"max-width: 100%; height: auto; margin-bottom: 10px;\" src=\"https:\/\/suncasesupply.com\/wp-content\/uploads\/2025\/03\/4-Back-Hinge.jpg\" alt=\"Bisagra trasera\" \/><\/p>\n<p><strong><b>Bisagra trasera<\/b><\/strong><\/p>\n<p style=\"margin: 0;\">Dos bisagras traseras para conectar las partes superior e inferior del malet\u00edn de aluminio. Es un accesorio necesario y suele estar fabricado con materiales resistentes y de alta calidad. Existen diferentes modelos de bisagras traseras, pero encontraremos la m\u00e1s adecuada seg\u00fan el tama\u00f1o y la carga del malet\u00edn.<\/p>\n<\/div>\n<\/div>\n<div style=\"background-color: #29599a; padding: 40px 20px; text-align: center; color: #ffffff; border-radius: 10px; margin: 40px auto; max-width: 960px;\">\n<h2 style=\"font-size: 22px; margin-bottom: 20px; font-weight: bold;\">Estuche de transporte de aluminio Sun Case, suministro al por mayor, pedido m\u00ednimo 100 para compradores B2B.<\/h2>\n<p><a style=\"display: inline-block; padding: 12px 28px; background-color: #ffffff; color: #29599a; text-decoration: none; border-radius: 6px; font-weight: bold;\" href=\"https:\/\/suncasesupply.com\/es\/contact-us\/\" target=\"_blank\" rel=\"noopener\">Obtenga una cotizaci\u00f3n hoy<br \/>\n<\/a><\/p>\n<\/div>\n<h4><span style=\"color: #003366;\">Proceso de fabricaci\u00f3n:<\/span><\/h4>\n<p><img decoding=\"async\" style=\"max-width: 100%; height: auto; margin-bottom: 10px;\" src=\"https:\/\/suncasesupply.com\/wp-content\/uploads\/2025\/07\/Manufacturing-Process.png\" alt=\"Proceso de fabricaci\u00f3n de Suncase\" \/><\/p>\n<div style=\"display: flex; gap: 20px;\"><\/div>\n<div style=\"display: flex; gap: 20px;\">\n<div style=\"flex: 1; text-align: center;\">\n<p style=\"font-weight: bold; margin: 5px 0;\">\n<\/div>\n<\/div>\n<h4><span style=\"color: #003366;\">Informaci\u00f3n \u00fatil para compradores al por mayor:<\/span><\/h4>\n<ul>\n<li class=\"page-title\" title=\"\u00bfQu\u00e9 hace que las tarjetas deportivas sean tan valiosas?\">\n<p class=\"page-title\" title=\"6 razones por las que deber\u00edas organizarte con cajas de almacenamiento de aluminio\"><a href=\"https:\/\/suncasesupply.com\/es\/blog\/custom-aluminum-case\/6-reasons-to-use-aluminum-storage-box-today\/\">6 razones por las que deber\u00edas organizarte con una caja de almacenamiento de aluminio &gt;&gt;<\/a><\/p>\n<\/li>\n<li title=\"\u00bfQu\u00e9 hace que las tarjetas deportivas sean tan valiosas?\">\n<p class=\"page-title\" title=\"\u00bfCu\u00e1les son las ventajas de una caja de aluminio?\"><a href=\"https:\/\/suncasesupply.com\/es\/blog\/advantages-of-aluminum-case\/\">\u00bfCu\u00e1les son las ventajas de una caja de aluminio? &gt;&gt;<\/a><\/p>\n<\/li>\n<\/ul>","protected":false},"excerpt":{"rendered":"<p>Modelo: KY-0089<\/p>\n<p>Tama\u00f1o: 356x256x96 mm o tama\u00f1o personalizado<\/p>\n<p>Colores: Color plata, u otros colores personalizados.<\/p>\n<p>Materiales: Marco de aluminio plateado, tablero MDF, panel ABS, espuma Pick&amp;Pluck, herrajes.<\/p>\n<p>Logotipo: Logotipo en placa de metal, logotipo impreso en seda.<\/p>\n<p>Cantidad m\u00ednima de pedido: 100 piezas<\/p>\n<p>Muestra: Disponible, tiempo de muestra aproximadamente 7 d\u00edas.<\/p>","protected":false},"featured_media":23036,"template":"","meta":{"_gspb_post_css":""},"product_cat":[42,80],"product_tag":[],"featured_image_urls":{"full":["https:\/\/suncasesupply.com\/wp-content\/uploads\/2024\/05\/aluminum-case.jpg",800,800,false],"thumbnail":["https:\/\/suncasesupply.com\/wp-content\/uploads\/2024\/05\/aluminum-case-150x150.jpg",150,150,true],"medium":["https:\/\/suncasesupply.com\/wp-content\/uploads\/2024\/05\/aluminum-case-300x300.jpg",300,300,true],"medium_large":["https:\/\/suncasesupply.com\/wp-content\/uploads\/2024\/05\/aluminum-case-768x768.jpg",768,768,true],"large":["https:\/\/suncasesupply.com\/wp-content\/uploads\/2024\/05\/aluminum-case.jpg",800,800,false],"1536x1536":["https:\/\/suncasesupply.com\/wp-content\/uploads\/2024\/05\/aluminum-case.jpg",800,800,false],"2048x2048":["https:\/\/suncasesupply.com\/wp-content\/uploads\/2024\/05\/aluminum-case.jpg",800,800,false],"trp-custom-language-flag":["https:\/\/suncasesupply.com\/wp-content\/uploads\/2024\/05\/aluminum-case-12x12.jpg",12,12,true],"woocommerce_thumbnail":["https:\/\/suncasesupply.com\/wp-content\/uploads\/2024\/05\/aluminum-case-300x300.jpg",300,300,true],"woocommerce_single":["https:\/\/suncasesupply.com\/wp-content\/uploads\/2024\/05\/aluminum-case-600x600.jpg",600,600,true],"woocommerce_gallery_thumbnail":["https:\/\/suncasesupply.com\/wp-content\/uploads\/2024\/05\/aluminum-case-100x100.jpg",100,100,true]},"post_excerpt_stackable":"<p>Model:KY-0089<\/p>\n<p>Size: 356x256x96mm or customize size<\/p>\n<p>Colors: Silver color, or other customized colors.<\/p>\n<p>Materials: Silver Aluminum\u00a0frame, MDF Board, ABS\u00a0Panel,\u00a0Pick&amp;Pluck Foam, Hardware.<\/p>\n<p>Logo: Metal plate logo, Silk Printing Logo.<\/p>\n<p>MOQ: 100pcs<\/p>\n<p>Sample: Available, sample time about 7 days.<\/p>\n","category_list":"","author_info":{"name":"","url":""},"comments_num":"0 comentarios","_links":{"self":[{"href":"https:\/\/suncasesupply.com\/es\/wp-json\/wp\/v2\/product\/23035"}],"collection":[{"href":"https:\/\/suncasesupply.com\/es\/wp-json\/wp\/v2\/product"}],"about":[{"href":"https:\/\/suncasesupply.com\/es\/wp-json\/wp\/v2\/types\/product"}],"wp:featuredmedia":[{"embeddable":true,"href":"https:\/\/suncasesupply.com\/es\/wp-json\/wp\/v2\/media\/23036"}],"wp:attachment":[{"href":"https:\/\/suncasesupply.com\/es\/wp-json\/wp\/v2\/media?parent=23035"}],"wp:term":[{"taxonomy":"product_cat","embeddable":true,"href":"https:\/\/suncasesupply.com\/es\/wp-json\/wp\/v2\/product_cat?post=23035"},{"taxonomy":"product_tag","embeddable":true,"href":"https:\/\/suncasesupply.com\/es\/wp-json\/wp\/v2\/product_tag?post=23035"}],"curies":[{"name":"wp","href":"https:\/\/api.w.org\/{rel}","templated":true}]}}