{"id":23025,"date":"2024-05-25T11:25:42","date_gmt":"2024-05-25T03:25:42","guid":{"rendered":"https:\/\/suncasesupply.com\/?post_type=product&#038;p=23025"},"modified":"2025-09-04T15:15:27","modified_gmt":"2025-09-04T07:15:27","slug":"aluminum-rolling-briefcase-trolley-pilot-case-with-combination-locks","status":"publish","type":"product","link":"https:\/\/suncasesupply.com\/es\/product\/aluminum-rolling-briefcase-trolley-pilot-case-with-combination-locks\/","title":{"rendered":"Malet\u00edn con ruedas de aluminio, Malet\u00edn piloto con ruedas y cerraduras de combinaci\u00f3n"},"content":{"rendered":"<h4><span style=\"color: #003366;\">Caracter\u00edsticas:<\/span><\/h4>\n<ul>\n<li><strong><b>Excelente durabilidad<\/b><\/strong>El malet\u00edn de piloto est\u00e1 fabricado principalmente en aluminio, tablero de MDF, revestimiento y otros accesorios. Adem\u00e1s, est\u00e1 equipado con un carrito y ruedas, lo que le confiere gran durabilidad y gran capacidad de carga. Esto lo convierte en el malet\u00edn de aluminio con ruedas ideal para profesionales.<\/li>\n<li><strong><b>Seguridad<\/b><\/strong><strong><b>:<\/b><\/strong><strong><b>\u00a0<\/b><\/strong>Dado que el Malet\u00edn Pilot suele usarse para transportar productos importantes, su seguridad fue un factor clave en su fabricaci\u00f3n. Su robusta construcci\u00f3n y sus cerraduras de combinaci\u00f3n seguras garantizan su seguridad b\u00e1sica, convirti\u00e9ndolo en un malet\u00edn de aluminio con ruedas confiable.<\/li>\n<li><strong><b>Transporte port\u00e1til: <\/b><\/strong>Cuenta con un asa resistente en la parte superior, adem\u00e1s de un carrito con ruedas en la parte posterior, lo que facilita su transporte. La barra de tracci\u00f3n facilita el manejo, por lo que muchos usuarios prefieren este tipo de malet\u00edn de aluminio con ruedas.<\/li>\n<\/ul>\n<div style=\"background-color: #29599a; padding: 40px 20px; text-align: center; color: #ffffff; border-radius: 10px; margin: 40px auto; max-width: 960px;\">\n<h2 style=\"font-size: 22px; margin-bottom: 20px; font-weight: bold;\">Malet\u00edn con ruedas de aluminio Sun Case, suministro al por mayor, pedido m\u00ednimo 100 solamente.<\/h2>\n<p><a style=\"display: inline-block; padding: 12px 28px; background-color: #ffffff; color: #29599a; text-decoration: none; border-radius: 6px; font-weight: bold;\" href=\"https:\/\/suncasesupply.com\/es\/contact-us\/\" target=\"_blank\" rel=\"noopener\">Obtenga una cotizaci\u00f3n hoy<br \/>\n<\/a><\/p>\n<\/div>\n<h4><span style=\"color: #003366;\">Detalles del producto:<\/span><\/h4>\n<div style=\"display: flex; gap: 20px;\">\n<p><!-- \u7b2c\u4e00\u680f --><\/p>\n<div style=\"flex: 1; text-align: center;\">\n<p><img decoding=\"async\" style=\"max-width: 100%; height: auto; margin-bottom: 10px;\" src=\"https:\/\/suncasesupply.com\/wp-content\/uploads\/2025\/01\/1-Combination-Locks.jpg\" alt=\"1-Cerraduras de combinaci\u00f3n\" \/><\/p>\n<p style=\"font-weight: bold; margin: 5px 0;\"><strong><b>Cerraduras de combinaci\u00f3n<\/b><\/strong><\/p>\n<p style=\"margin: 0;\">El Malet\u00edn Pilot suele contener archivos importantes y secretos, como computadoras port\u00e1tiles o equipos. Por lo tanto, est\u00e1 equipado con cerraduras de combinaci\u00f3n, lo que lo hace mucho m\u00e1s seguro. Consiste en diales que deben girarse a n\u00fameros espec\u00edficos en un orden espec\u00edfico para abrirse, lo que proporciona una excelente seguridad para un malet\u00edn de aluminio con ruedas para port\u00e1tiles.<\/p>\n<\/div>\n<p><!-- \u7b2c\u4e8c\u680f --><\/p>\n<div style=\"flex: 1; text-align: center;\">\n<p><img decoding=\"async\" style=\"max-width: 100%; height: auto; margin-bottom: 10px;\" src=\"https:\/\/suncasesupply.com\/wp-content\/uploads\/2025\/01\/2-Trolley.jpg\" alt=\"2-Carrito\" \/><\/p>\n<p style=\"font-weight: bold; margin: 5px 0;\"><strong><b>Carretilla<\/b><\/strong><\/p>\n<p style=\"margin: 0;\">El carrito integrado en el malet\u00edn resulta \u00fatil para transportarlo. Cuando se utiliza con ruedas, puede reducir en gran medida el uso de fuerza por parte del usuario. La altura del carrito se puede ajustar y el usuario puede ajustar la altura adecuada seg\u00fan su propia altura.<\/p>\n<\/div>\n<p><!-- \u7b2c\u4e09\u680f --><\/p>\n<div style=\"flex: 1; text-align: center;\">\n<p><img decoding=\"async\" style=\"max-width: 100%; height: auto; margin-bottom: 10px;\" src=\"https:\/\/suncasesupply.com\/wp-content\/uploads\/2025\/01\/3-Wheel.jpg\" alt=\"3 ruedas\" \/><\/p>\n<p style=\"font-weight: bold; margin: 5px 0;\"><strong><b>Ruedas<\/b><\/strong><\/p>\n<p style=\"margin: 0;\">Este estilo de ruedas incorporadas en la parte inferior del Pilot Case reduce el esfuerzo f\u00edsico asociado con el transporte de equipos pesados. Es resistente y adecuado para su uso en exteriores, lo que aumenta la eficiencia en el trabajo.<\/p>\n<\/div>\n<p><!-- \u7b2c\u56db\u680f --><\/p>\n<div style=\"flex: 1; text-align: center;\">\n<p><img decoding=\"async\" style=\"max-width: 100%; height: auto; margin-bottom: 10px;\" src=\"https:\/\/suncasesupply.com\/wp-content\/uploads\/2025\/01\/4-Lining.jpg\" alt=\"4-L\u00edneas\" \/><\/p>\n<p style=\"font-weight: bold; margin: 5px 0;\"><strong><b>Recubrimiento<\/b><\/strong><\/p>\n<p style=\"margin: 0;\">El forro de la maleta Pilot est\u00e1 hecho de poli\u00e9ster. Generalmente, tiene un estampado a cuadros, pero se puede personalizar con el logotipo de su marca. Este forro mejora la apariencia del interior y protege los objetos de almacenamiento, algo muy valioso en una maleta de aluminio con ruedas.<\/p>\n<\/div>\n<\/div>\n<div style=\"background-color: #29599a; padding: 40px 20px; text-align: center; color: #ffffff; border-radius: 10px; margin: 40px auto; max-width: 960px;\">\n<h2 style=\"font-size: 22px; margin-bottom: 20px; font-weight: bold;\">Ordene ahora el malet\u00edn de aluminio con ruedas Sun Case, pedido m\u00ednimo 100 piezas.<\/h2>\n<p><a style=\"display: inline-block; padding: 12px 28px; background-color: #ffffff; color: #29599a; text-decoration: none; border-radius: 6px; font-weight: bold;\" href=\"https:\/\/suncasesupply.com\/es\/contact-us\/\" target=\"_blank\" rel=\"noopener\">Obtenga una cotizaci\u00f3n hoy<br \/>\n<\/a><\/p>\n<\/div>\n<h4><span style=\"color: #003366;\">Proceso de fabricaci\u00f3n:<\/span><\/h4>\n<p><img decoding=\"async\" style=\"max-width: 100%; height: auto; margin-bottom: 10px;\" src=\"https:\/\/suncasesupply.com\/wp-content\/uploads\/2025\/07\/Manufacturing-Process.png\" alt=\"Proceso de fabricaci\u00f3n de Suncase\" \/><\/p>\n<div style=\"display: flex; gap: 20px;\">\n<p><!-- \u7b2c\u4e00\u680f \u6d41\u7a0b1--><\/p>\n<div style=\"flex: 1; text-align: center;\"><\/div>\n<\/div>\n<div style=\"display: flex; gap: 20px;\">\n<div style=\"flex: 1; text-align: center;\">\n<p style=\"font-weight: bold; margin: 5px 0;\">\n<\/div>\n<\/div>\n<h4><span style=\"color: #003366;\">Informaci\u00f3n \u00fatil para compradores al por mayor:<\/span><\/h4>\n<ul>\n<li class=\"page-title\" title=\"\u00bfQu\u00e9 hace que las tarjetas deportivas sean tan valiosas?\">\n<p class=\"page-title\" title=\"8 razones por las que los maletines de aluminio son la mejor opci\u00f3n para viajes de negocios\"><a href=\"https:\/\/suncasesupply.com\/es\/blog\/custom-aluminum-case\/8-reasons-why-aluminum-briefcases-is-your-best-choice-for-business-travel\/\">8 razones por las que los maletines de aluminio son la mejor opci\u00f3n para viajes de negocios &gt;&gt;<\/a><\/p>\n<\/li>\n<\/ul>","protected":false},"excerpt":{"rendered":"<p>Modelo: SC-BA003<\/p>\n<p>Tama\u00f1o: 485*230*390m<\/p>\n<p>Colores: Color plata<\/p>\n<p>Materiales: Marco de aluminio, Tablero MDF, Panel ABS, Carro, Ruedas, Accesorios.<\/p>\n<p>Logotipo: Logotipo en placa de metal, Logotipo serigrafiado<\/p>\n<p>Cantidad m\u00ednima de pedido: 100 piezas<\/p>\n<p>Muestra: Disponible<\/p>","protected":false},"featured_media":23026,"template":"","meta":{"_gspb_post_css":""},"product_cat":[82],"product_tag":[],"featured_image_urls":{"full":["https:\/\/suncasesupply.com\/wp-content\/uploads\/2024\/05\/1-1.jpg",800,800,false],"thumbnail":["https:\/\/suncasesupply.com\/wp-content\/uploads\/2024\/05\/1-1-150x150.jpg",150,150,true],"medium":["https:\/\/suncasesupply.com\/wp-content\/uploads\/2024\/05\/1-1-300x300.jpg",300,300,true],"medium_large":["https:\/\/suncasesupply.com\/wp-content\/uploads\/2024\/05\/1-1-768x768.jpg",768,768,true],"large":["https:\/\/suncasesupply.com\/wp-content\/uploads\/2024\/05\/1-1.jpg",800,800,false],"1536x1536":["https:\/\/suncasesupply.com\/wp-content\/uploads\/2024\/05\/1-1.jpg",800,800,false],"2048x2048":["https:\/\/suncasesupply.com\/wp-content\/uploads\/2024\/05\/1-1.jpg",800,800,false],"trp-custom-language-flag":["https:\/\/suncasesupply.com\/wp-content\/uploads\/2024\/05\/1-1-12x12.jpg",12,12,true],"woocommerce_thumbnail":["https:\/\/suncasesupply.com\/wp-content\/uploads\/2024\/05\/1-1-300x300.jpg",300,300,true],"woocommerce_single":["https:\/\/suncasesupply.com\/wp-content\/uploads\/2024\/05\/1-1-600x600.jpg",600,600,true],"woocommerce_gallery_thumbnail":["https:\/\/suncasesupply.com\/wp-content\/uploads\/2024\/05\/1-1-100x100.jpg",100,100,true]},"post_excerpt_stackable":"<p>Model :SC-BA003<\/p>\n<p>Size: 485*230*390m<\/p>\n<p>Colors: Silver color<\/p>\n<p>Materials: Aluminum\u00a0frame, MDF Board, ABS\u00a0Panel,\u00a0Trolley, Wheels, \u00a0Accessories.<\/p>\n<p>Logo: Metal plate logo, Silk screen printing logo<\/p>\n<p>MOQ: 100pcs<\/p>\n<p>Sample: Available<\/p>\n","category_list":"","author_info":{"name":"","url":""},"comments_num":"0 comentarios","_links":{"self":[{"href":"https:\/\/suncasesupply.com\/es\/wp-json\/wp\/v2\/product\/23025"}],"collection":[{"href":"https:\/\/suncasesupply.com\/es\/wp-json\/wp\/v2\/product"}],"about":[{"href":"https:\/\/suncasesupply.com\/es\/wp-json\/wp\/v2\/types\/product"}],"wp:featuredmedia":[{"embeddable":true,"href":"https:\/\/suncasesupply.com\/es\/wp-json\/wp\/v2\/media\/23026"}],"wp:attachment":[{"href":"https:\/\/suncasesupply.com\/es\/wp-json\/wp\/v2\/media?parent=23025"}],"wp:term":[{"taxonomy":"product_cat","embeddable":true,"href":"https:\/\/suncasesupply.com\/es\/wp-json\/wp\/v2\/product_cat?post=23025"},{"taxonomy":"product_tag","embeddable":true,"href":"https:\/\/suncasesupply.com\/es\/wp-json\/wp\/v2\/product_tag?post=23025"}],"curies":[{"name":"wp","href":"https:\/\/api.w.org\/{rel}","templated":true}]}}