{"id":22385,"date":"2023-11-13T11:39:00","date_gmt":"2023-11-13T03:39:00","guid":{"rendered":"https:\/\/suncasesupply.com\/?post_type=product&#038;p=22385"},"modified":"2026-03-16T23:59:25","modified_gmt":"2026-03-16T15:59:25","slug":"aluminum-transparent-acrylic-display-case-measures-24-long-by-20-wide-and-3-tall","status":"publish","type":"product","link":"https:\/\/suncasesupply.com\/es\/product\/aluminum-transparent-acrylic-display-case-measures-24-long-by-20-wide-and-3-tall\/","title":{"rendered":"La vitrina de acr\u00edlico transparente de aluminio mide 24 \u2033 de largo por 20 \u2033 de ancho y 3 \u2033 de alto."},"content":{"rendered":"<h4><span style=\"color: #003366;\">Caracter\u00edsticas:<\/span><\/h4>\n<ul>\n<li><strong>Transporte port\u00e1til:<\/strong> Esta vitrina de aluminio transparente y acr\u00edlico es port\u00e1til y permite exhibir tarjetas deportivas, joyas, colecciones de monedas, numism\u00e1tica, relojes y otros art\u00edculos.<\/li>\n<li><strong>Seguridad:<\/strong> Incluye 2 cerraduras con 2 llaves; si el cliente lo requiere, se permite agregar un candado.<\/li>\n<li><strong>Tapa de acr\u00edlico para ver el interior:<\/strong> La tapa transparente ofrece una excelente visibilidad, convirti\u00e9ndola en una vitrina de acr\u00edlico perfecta para exhibir joyas en ferias comerciales o mostradores de tiendas. Tambi\u00e9n funciona muy bien como vitrina de aluminio para ferias, ayudando a resaltar cada detalle de sus art\u00edculos.<\/li>\n<li><strong>Personalizaci\u00f3n<\/strong>Las dimensiones y el color se pueden personalizar seg\u00fan las necesidades del cliente.<\/li>\n<\/ul>\n<h4><span style=\"color: #003366;\">Detalles del producto:<\/span><\/h4>\n<div style=\"display: flex; gap: 20px;\">\n<p><!-- \u7b2c\u4e00\u680f --><\/p>\n<div style=\"flex: 1; text-align: center;\">\n<p><img decoding=\"async\" style=\"max-width: 100%; height: auto; margin-bottom: 10px;\" src=\"https:\/\/suncasesupply.com\/wp-content\/uploads\/2025\/03\/1-Acrylic-Side-Shield.jpg\" alt=\"Protector lateral de acr\u00edlico\" \/><\/p>\n<p><strong><b>Protector lateral de acr\u00edlico<\/b><\/strong><\/p>\n<p style=\"margin: 0;\">Cada vitrina acr\u00edlica con cerradura incluye dos protectores laterales acr\u00edlicos en forma de cu\u00f1a. Al usar la vitrina, coloque estos protectores a ambos lados para mantener la tapa entreabierta. De esta manera, se evita que el producto se caiga y se exhibe correctamente.<\/p>\n<p>&nbsp;<\/p>\n<\/div>\n<p><!-- \u7b2c\u4e8c\u680f --><\/p>\n<div style=\"flex: 1; text-align: center;\">\n<p><img decoding=\"async\" style=\"max-width: 100%; height: auto; margin-bottom: 10px;\" src=\"https:\/\/suncasesupply.com\/wp-content\/uploads\/2025\/03\/2-Clear-Top-Panel.jpg\" alt=\"Panel superior transparente\" \/><\/p>\n<p><b><\/b><strong><b>Panel superior transparente<\/b><\/strong><\/p>\n<p style=\"margin: 0;\">El panel superior de la vitrina de aluminio transparente con acr\u00edlico est\u00e1 fabricado con material acr\u00edlico resistente a los rayos UV. El panel acr\u00edlico es superior al de vidrio para esta vitrina, ya que este \u00faltimo es demasiado fr\u00e1gil y se raya con facilidad, por lo que no es adecuado para este uso.<\/p>\n<\/div>\n<p><!-- \u7b2c\u4e09\u680f --><\/p>\n<div style=\"flex: 1; text-align: center;\">\n<p><img decoding=\"async\" style=\"max-width: 100%; height: auto; margin-bottom: 10px;\" src=\"https:\/\/suncasesupply.com\/wp-content\/uploads\/2025\/03\/3-Support-Hinge.jpg\" alt=\"Bisagra de soporte\" \/><\/p>\n<p><b><\/b><strong><b>Bisagra de soporte<\/b><\/strong><\/p>\n<p>Cuando se abre la tapa superior de la caja, la bisagra de soporte tambi\u00e9n cumple la funci\u00f3n de sostener la tapa superior para mantenerla abierta y evitar que se caiga a la tapa inferior en cualquier momento.<\/p>\n<\/div>\n<p><!-- \u7b2c\u56db\u680f --><\/p>\n<div style=\"flex: 1; text-align: center;\">\n<p><img decoding=\"async\" style=\"max-width: 100%; height: auto; margin-bottom: 10px;\" src=\"https:\/\/suncasesupply.com\/wp-content\/uploads\/2025\/03\/4-Handle-1.jpg\" alt=\"Manejar\" \/><\/p>\n<p><strong><b>Manejar<\/b><\/strong><\/p>\n<p style=\"margin: 0;\">Esta vitrina con asa resistente y estructura de aluminio es f\u00e1cil de transportar. El asa suele ser de color negro, pero si el cliente prefiere otro color, no hay problema.<\/p>\n<\/div>\n<\/div>\n<div style=\"background-color: #29599a; padding: 40px 20px; text-align: center; color: #ffffff; border-radius: 10px; margin: 40px auto; max-width: 960px;\">\n<h2 style=\"font-size: 22px; margin-bottom: 20px; font-weight: bold;\"><span style=\"color: #ffffff;\">\u00a1Pide ya tu estuche de aluminio para discos de vinilo en Sun Case, pedido m\u00ednimo de 100 unidades!<\/span><\/h2>\n<p><a style=\"display: inline-block; padding: 12px 28px; background-color: #ffffff; color: #29599a; text-decoration: none; border-radius: 6px; font-weight: bold;\" href=\"https:\/\/suncasesupply.com\/es\/contact-us\/\" target=\"_blank\" rel=\"noopener\">Obtenga una cotizaci\u00f3n<br \/>\n<\/a><\/p>\n<\/div>\n<h4><span style=\"color: #003366;\">Proceso de fabricaci\u00f3n:<\/span><\/h4>\n<p><img decoding=\"async\" style=\"max-width: 100%; height: auto; margin-bottom: 10px;\" src=\"https:\/\/suncasesupply.com\/wp-content\/uploads\/2025\/07\/Manufacturing-Process.png\" alt=\"Proceso de fabricaci\u00f3n de Suncase\" \/><\/p>\n<div style=\"display: flex; gap: 20px;\">\n<p><!-- \u7b2c\u4e00\u680f \u6d41\u7a0b1--><\/p>\n<div style=\"flex: 1; text-align: center;\"><\/div>\n<\/div>\n<div style=\"display: flex; gap: 20px;\">\n<div style=\"flex: 1; text-align: center;\">\n<p style=\"font-weight: bold; margin: 5px 0;\">\n<\/div>\n<\/div>\n<h4><span style=\"color: #003366;\">Informaci\u00f3n \u00fatil para compradores al por mayor:<\/span><\/h4>\n<ul>\n<li class=\"page-title\" title=\"\u00bfQu\u00e9 hace que las tarjetas deportivas sean tan valiosas?\">\n<p class=\"page-title\" title=\"C\u00f3mo proteger su colecci\u00f3n de tarjetas coleccionables\"><a href=\"https:\/\/suncasesupply.com\/es\/blog\/how-protect-trading-cards-collection\/\">C\u00f3mo proteger su colecci\u00f3n de tarjetas coleccionables<\/a><\/p>\n<\/li>\n<li title=\"\u00bfQu\u00e9 hace que las tarjetas deportivas sean tan valiosas?\">\n<p class=\"page-title\" title=\"Pros y contras de las vitrinas de aluminio: una gu\u00eda completa\"><a href=\"https:\/\/suncasesupply.com\/es\/blog\/custom-aluminum-case\/pros-and-cons-of-aluminum-display-case\/\">Pros y contras de las vitrinas de aluminio: una gu\u00eda completa<\/a><\/p>\n<\/li>\n<\/ul>","protected":false},"excerpt":{"rendered":"<p>Modelo: BL-0089<\/p>\n<p>Tama\u00f1o: 24 x 20 x 3 pulgadas<\/p>\n<p>Colores: Color plata, o Color negro<\/p>\n<p>Materiales: Panel superior de acr\u00edlico UV, panel inferior de ABS, marco de aluminio, tablero MDF, herrajes.<\/p>\n<p>Logotipo: Logotipo de impresi\u00f3n en seda, Logotipo de impresi\u00f3n l\u00e1ser.<\/p>\n<p>Cantidad m\u00ednima de pedido: 100 piezas<\/p>\n<p>Muestra: Disponible, tiempo de muestra aproximadamente 7 d\u00edas.<\/p>","protected":false},"featured_media":22389,"template":"","meta":{"_gspb_post_css":""},"product_cat":[42,119],"product_tag":[],"featured_image_urls":{"full":["https:\/\/suncasesupply.com\/wp-content\/uploads\/2023\/11\/9-2.jpg",1000,1000,false],"thumbnail":["https:\/\/suncasesupply.com\/wp-content\/uploads\/2023\/11\/9-2-150x150.jpg",150,150,true],"medium":["https:\/\/suncasesupply.com\/wp-content\/uploads\/2023\/11\/9-2-300x300.jpg",300,300,true],"medium_large":["https:\/\/suncasesupply.com\/wp-content\/uploads\/2023\/11\/9-2-768x768.jpg",768,768,true],"large":["https:\/\/suncasesupply.com\/wp-content\/uploads\/2023\/11\/9-2.jpg",1000,1000,false],"1536x1536":["https:\/\/suncasesupply.com\/wp-content\/uploads\/2023\/11\/9-2.jpg",1000,1000,false],"2048x2048":["https:\/\/suncasesupply.com\/wp-content\/uploads\/2023\/11\/9-2.jpg",1000,1000,false],"trp-custom-language-flag":["https:\/\/suncasesupply.com\/wp-content\/uploads\/2023\/11\/9-2.jpg",12,12,false],"woocommerce_thumbnail":["https:\/\/suncasesupply.com\/wp-content\/uploads\/2023\/11\/9-2-300x300.jpg",300,300,true],"woocommerce_single":["https:\/\/suncasesupply.com\/wp-content\/uploads\/2023\/11\/9-2-600x600.jpg",600,600,true],"woocommerce_gallery_thumbnail":["https:\/\/suncasesupply.com\/wp-content\/uploads\/2023\/11\/9-2-100x100.jpg",100,100,true]},"post_excerpt_stackable":"<p>Model:BL-0089<\/p>\n<p>Size: 24x20x3 Inch<\/p>\n<p>Colors: Silver color, or Black color<\/p>\n<p>Materials: UV Acrylic Top Panel, ABS Bottom Panel, Aluminum frame, MDF Board, Hardware.<\/p>\n<p>Logo: Silk Printing Logo, Laser printing logo.<\/p>\n<p>MOQ: 100pcs<\/p>\n<p>Sample: Available, sample time about 7 days.<\/p>\n","category_list":"","author_info":{"name":"","url":""},"comments_num":"0 comentarios","_links":{"self":[{"href":"https:\/\/suncasesupply.com\/es\/wp-json\/wp\/v2\/product\/22385"}],"collection":[{"href":"https:\/\/suncasesupply.com\/es\/wp-json\/wp\/v2\/product"}],"about":[{"href":"https:\/\/suncasesupply.com\/es\/wp-json\/wp\/v2\/types\/product"}],"wp:featuredmedia":[{"embeddable":true,"href":"https:\/\/suncasesupply.com\/es\/wp-json\/wp\/v2\/media\/22389"}],"wp:attachment":[{"href":"https:\/\/suncasesupply.com\/es\/wp-json\/wp\/v2\/media?parent=22385"}],"wp:term":[{"taxonomy":"product_cat","embeddable":true,"href":"https:\/\/suncasesupply.com\/es\/wp-json\/wp\/v2\/product_cat?post=22385"},{"taxonomy":"product_tag","embeddable":true,"href":"https:\/\/suncasesupply.com\/es\/wp-json\/wp\/v2\/product_tag?post=22385"}],"curies":[{"name":"wp","href":"https:\/\/api.w.org\/{rel}","templated":true}]}}