{"id":22380,"date":"2023-11-13T11:27:34","date_gmt":"2023-11-13T03:27:34","guid":{"rendered":"https:\/\/suncasesupply.com\/?post_type=product&#038;p=22380"},"modified":"2025-08-21T14:04:55","modified_gmt":"2025-08-21T06:04:55","slug":"aluminum-acrylic-display-case-top-display-case","status":"publish","type":"product","link":"https:\/\/suncasesupply.com\/es\/product\/aluminum-acrylic-display-case-top-display-case\/","title":{"rendered":"Vitrina acr\u00edlica de aluminio Vitrina superior"},"content":{"rendered":"<h4><span style=\"color: #003366;\">Caracter\u00edsticas:<\/span><\/h4>\n<ul>\n<li data-start=\"99\" data-end=\"337\">\n<p data-start=\"101\" data-end=\"337\"><strong data-start=\"101\" data-end=\"131\">Dise\u00f1o duradero y elegante<\/strong>Esta vitrina de aluminio cuenta con una cubierta de panel acr\u00edlico que combina a la perfecci\u00f3n durabilidad y estilo. Forma parte de nuestra l\u00ednea de vitrinas acr\u00edlicas personalizadas, ideales tanto para tiendas como para uso personal.<\/p>\n<\/li>\n<li data-start=\"339\" data-end=\"540\">\n<p data-start=\"341\" data-end=\"540\"><strong data-start=\"341\" data-end=\"372\">Visibilidad mejorada del producto<\/strong>Dise\u00f1ado para resaltar sus art\u00edculos con elegancia, este expositor de joyas con cerradura es perfecto para exhibir objetos de valor como joyas, relojes y objetos de colecci\u00f3n.<\/p>\n<\/li>\n<li data-start=\"542\" data-end=\"746\">\n<p data-start=\"544\" data-end=\"746\"><strong data-start=\"544\" data-end=\"579\">Funcionalidad de visualizaci\u00f3n vers\u00e1til<\/strong>:Ideal para m\u00faltiples usos, incluidas vitrinas para joyas, vitrinas para relojes o incluso como vitrina de tarjetas de b\u00e9isbol para coleccionistas de tarjetas deportivas.<\/p>\n<\/li>\n<li data-start=\"748\" data-end=\"938\">\n<p data-start=\"750\" data-end=\"938\"><strong data-start=\"750\" data-end=\"778\">Panel de visualizaci\u00f3n protector<\/strong>:Equipado con un panel lateral de acr\u00edlico transparente, sus art\u00edculos permanecen completamente visibles mientras permanecen protegidos, ideal para exposiciones, tiendas o colecciones privadas.<\/p>\n<\/li>\n<li data-start=\"940\" data-end=\"1115\">\n<p data-start=\"942\" data-end=\"1115\"><strong data-start=\"942\" data-end=\"960\">Seguridad a\u00f1adida<\/strong>:Viene con dos cerraduras y llaves, lo que garantiza que sus objetos de valor est\u00e9n a salvo del acceso no autorizado, una caracter\u00edstica esencial para las vitrinas de joyer\u00eda profesionales.<\/p>\n<\/li>\n<\/ul>\n<div style=\"background-color: #29599a; padding: 40px 20px; text-align: center; color: #ffffff; border-radius: 10px; margin: 40px auto; max-width: 960px;\">\n<h2 style=\"font-size: 22px; margin-bottom: 20px; font-weight: bold;\"><span style=\"color: #ffffff;\">\u00a1Ordene hoy mismo su vitrina de aluminio acr\u00edlico Sun Case personalizada: pedido m\u00ednimo de solo 100 unidades!<\/span><\/h2>\n<p><a style=\"display: inline-block; padding: 12px 28px; background-color: #ffffff; color: #29599a; text-decoration: none; border-radius: 6px; font-weight: bold;\" href=\"https:\/\/suncasesupply.com\/es\/contact-us\/\" target=\"_blank\" rel=\"noopener\">Cont\u00e1ctenos ahora<br \/>\n<\/a><\/p>\n<\/div>\n<h4><span style=\"color: #003366;\">Detalles del producto:<\/span><\/h4>\n<div style=\"display: flex; gap: 20px;\">\n<p><!-- \u7b2c\u4e00\u680f --><\/p>\n<div style=\"flex: 1; text-align: center;\">\n<p><img decoding=\"async\" style=\"max-width: 100%; height: auto; margin-bottom: 10px;\" src=\"https:\/\/suncasesupply.com\/wp-content\/uploads\/2025\/03\/1-Locks-with-keys-1.jpg\" alt=\"Cerraduras con llaves\" \/><\/p>\n<p><strong><b>Cerraduras con llaves<\/b><\/strong><\/p>\n<p style=\"margin: 0;\">El malet\u00edn cuenta con dos cerraduras y dos llaves, lo que impide eficazmente su apertura por parte de personas no autorizadas. Las cerraduras no solo evitan el robo de los objetos, sino que tambi\u00e9n protegen eficazmente la privacidad de los objetos que contiene.<\/p>\n<p>&nbsp;<\/p>\n<\/div>\n<p><!-- \u7b2c\u4e8c\u680f --><\/p>\n<div style=\"flex: 1; text-align: center;\">\n<p><img decoding=\"async\" style=\"max-width: 100%; height: auto; margin-bottom: 10px;\" src=\"https:\/\/suncasesupply.com\/wp-content\/uploads\/2025\/03\/2-Acrylic-Top-Panel-1.jpg\" alt=\"Panel superior de acr\u00edlico\" \/><\/p>\n<p><b><\/b><b><\/b><strong><b>Panel superior de acr\u00edlico<\/b><\/strong><\/p>\n<p style=\"margin: 0;\">El panel superior de acr\u00edlico est\u00e1 fabricado con acr\u00edlico UV de 4 mm de espesor. Este componente, fabricado por nuestro reconocido fabricante de vitrinas de acr\u00edlico, garantiza una visibilidad impecable y durabilidad. Su transparencia permite una f\u00e1cil visualizaci\u00f3n externa de los productos expuestos.<\/p>\n<\/div>\n<p><!-- \u7b2c\u4e09\u680f --><\/p>\n<div style=\"flex: 1; text-align: center;\">\n<p><img decoding=\"async\" style=\"max-width: 100%; height: auto; margin-bottom: 10px;\" src=\"https:\/\/suncasesupply.com\/wp-content\/uploads\/2025\/03\/3-Support-Hinge-2.jpg\" alt=\"Bisagra de soporte\" \/><\/p>\n<p><b><\/b><strong><b>Bisagra de soporte<\/b><\/strong><\/p>\n<p>La bisagra de soporte, hecha de metal, es muy resistente y estable. Garantiza que la tapa superior no se caiga al abrir la caja.<\/p>\n<\/div>\n<p><!-- \u7b2c\u56db\u680f --><\/p>\n<div style=\"flex: 1; text-align: center;\">\n<p><img decoding=\"async\" style=\"max-width: 100%; height: auto; margin-bottom: 10px;\" src=\"https:\/\/suncasesupply.com\/wp-content\/uploads\/2025\/03\/4-Fabric-Lining-1.jpg\" alt=\"Forro de tela\" \/><\/p>\n<p><b><\/b><strong><b>Forro de tela<\/b><\/strong><\/p>\n<p style=\"margin: 0;\">El forro de tela act\u00faa como amortiguador para evitar que la base de la maleta se da\u00f1e por impactos externos. Adem\u00e1s, contribuye a modificar el interior de la maleta. El color del forro se puede personalizar seg\u00fan las necesidades del cliente. El negro y las telas con estampados a cuadros son los estilos m\u00e1s populares.<\/p>\n<\/div>\n<\/div>\n<div style=\"background-color: #29599a; padding: 40px 20px; text-align: center; color: #ffffff; border-radius: 10px; margin: 40px auto; max-width: 960px;\">\n<h2 style=\"font-size: 22px; margin-bottom: 20px; font-weight: bold;\"><span style=\"color: #ffffff;\">Muestre sus productos con estilo con Sun Case: expertos en soluciones de exhibici\u00f3n de acr\u00edlico y aluminio.<\/span><\/h2>\n<p><a style=\"display: inline-block; padding: 12px 28px; background-color: #ffffff; color: #29599a; text-decoration: none; border-radius: 6px; font-weight: bold;\" href=\"https:\/\/suncasesupply.com\/es\/contact-us\/\" target=\"_blank\" rel=\"noopener\">Cont\u00e1ctenos ahora<br \/>\n<\/a><\/p>\n<\/div>\n<h4><span style=\"color: #003366;\">Proceso de fabricaci\u00f3n:<\/span><\/h4>\n<p><img decoding=\"async\" style=\"max-width: 100%; height: auto; margin-bottom: 10px;\" src=\"https:\/\/suncasesupply.com\/wp-content\/uploads\/2025\/07\/Manufacturing-Process.png\" alt=\"Proceso de fabricaci\u00f3n de Suncase\" \/><\/p>\n<div style=\"display: flex; gap: 20px;\"><\/div>\n<div style=\"display: flex; gap: 20px;\">\n<div style=\"flex: 1; text-align: center;\">\n<p style=\"font-weight: bold; margin: 5px 0;\">\n<\/div>\n<\/div>\n<h4><span style=\"color: #003366;\">Informaci\u00f3n \u00fatil para compradores al por mayor:<\/span><\/h4>\n<ul>\n<li class=\"page-title\" title=\"\u00bfQu\u00e9 hace que las tarjetas deportivas sean tan valiosas?\">\n<p class=\"page-title\" title=\"C\u00f3mo proteger su colecci\u00f3n de tarjetas coleccionables\"><a href=\"https:\/\/suncasesupply.com\/es\/blog\/how-protect-trading-cards-collection\/\">C\u00f3mo proteger su colecci\u00f3n de tarjetas coleccionables<\/a><\/p>\n<\/li>\n<li title=\"\u00bfQu\u00e9 hace que las tarjetas deportivas sean tan valiosas?\">\n<p class=\"page-title\" title=\"Pros y contras de las vitrinas de aluminio: una gu\u00eda completa\"><a href=\"https:\/\/suncasesupply.com\/es\/blog\/custom-aluminum-case\/pros-and-cons-of-aluminum-display-case\/\">Pros y contras de las vitrinas de aluminio: una gu\u00eda completa<\/a><\/p>\n<\/li>\n<\/ul>","protected":false},"excerpt":{"rendered":"<p>Modelo: BL-0088<\/p>\n<p>Tama\u00f1o: 24 x 20 x 3 pulgadas<\/p>\n<p>Colores: Color plata<\/p>\n<p>Materiales: Panel superior de acr\u00edlico transparente, panel inferior de ABS, marco de aluminio, tablero MDF, herrajes.<\/p>\n<p>Logotipo: Logotipo de impresi\u00f3n en seda, Logotipo de impresi\u00f3n l\u00e1ser.<\/p>\n<p>Cantidad m\u00ednima de pedido: 100 piezas<\/p>\n<p>Muestra: Disponible, tiempo de muestra aproximadamente 7 d\u00edas.<\/p>","protected":false},"featured_media":22381,"template":"","meta":{"_gspb_post_css":""},"product_cat":[42,119],"product_tag":[],"featured_image_urls":{"full":["https:\/\/suncasesupply.com\/wp-content\/uploads\/2023\/11\/Al813-7.jpg",1000,1000,false],"thumbnail":["https:\/\/suncasesupply.com\/wp-content\/uploads\/2023\/11\/Al813-7-150x150.jpg",150,150,true],"medium":["https:\/\/suncasesupply.com\/wp-content\/uploads\/2023\/11\/Al813-7-300x300.jpg",300,300,true],"medium_large":["https:\/\/suncasesupply.com\/wp-content\/uploads\/2023\/11\/Al813-7-768x768.jpg",768,768,true],"large":["https:\/\/suncasesupply.com\/wp-content\/uploads\/2023\/11\/Al813-7.jpg",1000,1000,false],"1536x1536":["https:\/\/suncasesupply.com\/wp-content\/uploads\/2023\/11\/Al813-7.jpg",1000,1000,false],"2048x2048":["https:\/\/suncasesupply.com\/wp-content\/uploads\/2023\/11\/Al813-7.jpg",1000,1000,false],"trp-custom-language-flag":["https:\/\/suncasesupply.com\/wp-content\/uploads\/2023\/11\/Al813-7.jpg",12,12,false],"woocommerce_thumbnail":["https:\/\/suncasesupply.com\/wp-content\/uploads\/2023\/11\/Al813-7-300x300.jpg",300,300,true],"woocommerce_single":["https:\/\/suncasesupply.com\/wp-content\/uploads\/2023\/11\/Al813-7-600x600.jpg",600,600,true],"woocommerce_gallery_thumbnail":["https:\/\/suncasesupply.com\/wp-content\/uploads\/2023\/11\/Al813-7-100x100.jpg",100,100,true]},"post_excerpt_stackable":"<p>Model:BL-0088<\/p>\n<p>Size: 24x20x3 Inch<\/p>\n<p>Colors: Silver color<\/p>\n<p>Materials:Transparent Acrylic Top Panel, ABS\u00a0Bottom Panel, Aluminum\u00a0frame, MDF Board,\u00a0Hardware.<\/p>\n<p>Logo: Silk Printing Logo, Laser printing logo.<\/p>\n<p>MOQ: 100pcs<\/p>\n<p>Sample: Available, sample time about 7 days.<\/p>\n","category_list":"","author_info":{"name":"","url":""},"comments_num":"0 comentarios","_links":{"self":[{"href":"https:\/\/suncasesupply.com\/es\/wp-json\/wp\/v2\/product\/22380"}],"collection":[{"href":"https:\/\/suncasesupply.com\/es\/wp-json\/wp\/v2\/product"}],"about":[{"href":"https:\/\/suncasesupply.com\/es\/wp-json\/wp\/v2\/types\/product"}],"wp:featuredmedia":[{"embeddable":true,"href":"https:\/\/suncasesupply.com\/es\/wp-json\/wp\/v2\/media\/22381"}],"wp:attachment":[{"href":"https:\/\/suncasesupply.com\/es\/wp-json\/wp\/v2\/media?parent=22380"}],"wp:term":[{"taxonomy":"product_cat","embeddable":true,"href":"https:\/\/suncasesupply.com\/es\/wp-json\/wp\/v2\/product_cat?post=22380"},{"taxonomy":"product_tag","embeddable":true,"href":"https:\/\/suncasesupply.com\/es\/wp-json\/wp\/v2\/product_tag?post=22380"}],"curies":[{"name":"wp","href":"https:\/\/api.w.org\/{rel}","templated":true}]}}