{"id":22301,"date":"2023-11-04T20:36:53","date_gmt":"2023-11-04T12:36:53","guid":{"rendered":"https:\/\/suncasesupply.com\/?post_type=product&#038;p=22301"},"modified":"2025-02-20T10:46:05","modified_gmt":"2025-02-20T02:46:05","slug":"slab-coin-case-aluminum-coin-display-storage-case","status":"publish","type":"product","link":"https:\/\/suncasesupply.com\/es\/product\/slab-coin-case-aluminum-coin-display-storage-case\/","title":{"rendered":"Caja de moneda de losa Caja de almacenamiento de exhibici\u00f3n de moneda de aluminio"},"content":{"rendered":"<p>&nbsp;<\/p>\n<table width=\"774\">\n<tbody>\n<tr>\n<td width=\"177\">Art\u00edculo<\/td>\n<td width=\"597\">Caja de monedas de aluminio<\/td>\n<\/tr>\n<tr>\n<td>Dimensi\u00f3n<\/td>\n<td>Personalizar<\/td>\n<\/tr>\n<tr>\n<td>Colores<\/td>\n<td>Como muestran las im\u00e1genes o personalizar<\/td>\n<\/tr>\n<tr>\n<td>Materiales<\/td>\n<td>Aluminio, panel de ABS, tablero de MDF, forro de EVA\/espuma\/tela\/PU, herrajes<\/td>\n<\/tr>\n<tr>\n<td>Logo<\/td>\n<td>Logotipo de placa de metal, logotipo impreso, logotipo en relieve, logotipo l\u00e1ser<\/td>\n<\/tr>\n<tr>\n<td>tiempo de muestra<\/td>\n<td>7 d\u00edas<\/td>\n<\/tr>\n<tr>\n<td>Puerto de embarque<\/td>\n<td>Cant\u00f3n, Shenzhen<\/td>\n<\/tr>\n<tr>\n<td>T\u00e9rminos comerciales<\/td>\n<td>EXW, MANDO, CIF, DDU, DDP<\/td>\n<\/tr>\n<tr>\n<td>M\u00e9todos de pago<\/td>\n<td>T\/T, Efectivo, PayPal, Tarjeta de cr\u00e9dito<\/td>\n<\/tr>\n<\/tbody>\n<\/table>\n<p><span style=\"color: #003366;\">Caracter\u00edsticas:<\/span><\/p>\n<p>Esta elegante y espectacular caja de aluminio contiene monedas certificadas en soportes de tama\u00f1o est\u00e1ndar de cualquiera de los principales servicios de clasificaci\u00f3n o en soportes de estilo certificado de diferentes marcas. Construida con materiales resistentes, esta caja resistente est\u00e1 dise\u00f1ada con atractivos accesorios exteriores y tiene inserciones de espuma para facilitar el manejo de los portamonedas. Las cajas de losa de aluminio son perfectas para almacenamiento y viajes.<\/p>\n<p>Capacidad para 20 monedas certificadas o monedas en portamonedas de estilo certificado, asegur\u00e1ndolas en inserciones protectoras de espuma viscoel\u00e1stica.<br \/>\nLosas de monedas certificadas: NGC, PCGS, ANACS m\u00e1s nuevos y m\u00e1s<br \/>\nPoseedores de estilo certificado: Premier, Lighthouse, Ursae Minoris Elites y m\u00e1s<br \/>\nConstrucci\u00f3n robusta de aluminio con paneles de goma elegantes y coloridos para mayor resistencia a abolladuras y rayones.<br \/>\nNo se incluyen monedas ni lingotes con este art\u00edculo.<\/p>","protected":false},"excerpt":{"rendered":"<p>Modelo: KY207<\/p>\n<p>Tama\u00f1o: Personalizar<\/p>\n<p>Capacidad: Capacidad para 20 losas de monedas<\/p>\n<p>Cantidad m\u00ednima de pedido: 100 piezas<\/p>\n<p>Tiempo de entrega: 15-25 d\u00edas<\/p>\n<p>Muestra: Disponible<\/p>","protected":false},"featured_media":22302,"template":"","meta":{"_gspb_post_css":""},"product_cat":[84],"product_tag":[],"featured_image_urls":{"full":["https:\/\/suncasesupply.com\/wp-content\/uploads\/2023\/11\/s-l1600-1.jpg",1600,1600,false],"thumbnail":["https:\/\/suncasesupply.com\/wp-content\/uploads\/2023\/11\/s-l1600-1-150x150.jpg",150,150,true],"medium":["https:\/\/suncasesupply.com\/wp-content\/uploads\/2023\/11\/s-l1600-1-300x300.jpg",300,300,true],"medium_large":["https:\/\/suncasesupply.com\/wp-content\/uploads\/2023\/11\/s-l1600-1-768x768.jpg",768,768,true],"large":["https:\/\/suncasesupply.com\/wp-content\/uploads\/2023\/11\/s-l1600-1-1024x1024.jpg",1024,1024,true],"1536x1536":["https:\/\/suncasesupply.com\/wp-content\/uploads\/2023\/11\/s-l1600-1-1536x1536.jpg",1536,1536,true],"2048x2048":["https:\/\/suncasesupply.com\/wp-content\/uploads\/2023\/11\/s-l1600-1.jpg",1600,1600,false],"trp-custom-language-flag":["https:\/\/suncasesupply.com\/wp-content\/uploads\/2023\/11\/s-l1600-1.jpg",12,12,false],"woocommerce_thumbnail":["https:\/\/suncasesupply.com\/wp-content\/uploads\/2023\/11\/s-l1600-1-300x300.jpg",300,300,true],"woocommerce_single":["https:\/\/suncasesupply.com\/wp-content\/uploads\/2023\/11\/s-l1600-1-600x600.jpg",600,600,true],"woocommerce_gallery_thumbnail":["https:\/\/suncasesupply.com\/wp-content\/uploads\/2023\/11\/s-l1600-1-100x100.jpg",100,100,true]},"post_excerpt_stackable":"<p>Model : KY207<\/p>\n<p>Size: Customize<\/p>\n<p>Capacity: Holds 20 Coin slabs<\/p>\n<p>MOQ: 100pcs<\/p>\n<p>Delivery Time : 15-25 Days<\/p>\n<p>Sample : Available<\/p>\n","category_list":"","author_info":{"name":"","url":""},"comments_num":"0 comentarios","_links":{"self":[{"href":"https:\/\/suncasesupply.com\/es\/wp-json\/wp\/v2\/product\/22301"}],"collection":[{"href":"https:\/\/suncasesupply.com\/es\/wp-json\/wp\/v2\/product"}],"about":[{"href":"https:\/\/suncasesupply.com\/es\/wp-json\/wp\/v2\/types\/product"}],"wp:featuredmedia":[{"embeddable":true,"href":"https:\/\/suncasesupply.com\/es\/wp-json\/wp\/v2\/media\/22302"}],"wp:attachment":[{"href":"https:\/\/suncasesupply.com\/es\/wp-json\/wp\/v2\/media?parent=22301"}],"wp:term":[{"taxonomy":"product_cat","embeddable":true,"href":"https:\/\/suncasesupply.com\/es\/wp-json\/wp\/v2\/product_cat?post=22301"},{"taxonomy":"product_tag","embeddable":true,"href":"https:\/\/suncasesupply.com\/es\/wp-json\/wp\/v2\/product_tag?post=22301"}],"curies":[{"name":"wp","href":"https:\/\/api.w.org\/{rel}","templated":true}]}}