{"id":22256,"date":"2023-10-20T16:36:37","date_gmt":"2023-10-20T08:36:37","guid":{"rendered":"https:\/\/suncasesupply.com\/?post_type=product&#038;p=22256"},"modified":"2025-02-20T11:11:23","modified_gmt":"2025-02-20T03:11:23","slug":"aluminium-gun-case-for-pistol-titan-46-slim","status":"publish","type":"product","link":"https:\/\/suncasesupply.com\/es\/product\/aluminium-gun-case-for-pistol-titan-46-slim\/","title":{"rendered":"Malet\u00edn de aluminio para pistola Titan 46 Slim"},"content":{"rendered":"<p>&nbsp;<\/p>\n<table width=\"774\">\n<tbody>\n<tr>\n<td width=\"177\">Art\u00edculo<\/td>\n<td width=\"597\">ESTUCHE DE PISTOLA<\/td>\n<\/tr>\n<tr>\n<td>Dimensi\u00f3n<\/td>\n<td>45 x 32 x 11 cm o Personalizar<\/td>\n<\/tr>\n<tr>\n<td>Colores<\/td>\n<td>Como muestran las im\u00e1genes o personalizar<\/td>\n<\/tr>\n<tr>\n<td>Materiales<\/td>\n<td>Aluminio, madera contrachapada, EVA\/espuma\/tela\/revestimiento de PU, herrajes<\/td>\n<\/tr>\n<tr>\n<td>Logo<\/td>\n<td>Logotipo de placa de metal, logotipo impreso, logotipo en relieve, logotipo l\u00e1ser<\/td>\n<\/tr>\n<tr>\n<td>tiempo de muestra<\/td>\n<td>7 d\u00edas<\/td>\n<\/tr>\n<tr>\n<td>Puerto de embarque<\/td>\n<td>Cant\u00f3n, Shenzhen<\/td>\n<\/tr>\n<tr>\n<td>T\u00e9rminos comerciales<\/td>\n<td>EXW, MANDO, CIF, DDU, DDP<\/td>\n<\/tr>\n<tr>\n<td>M\u00e9todos de pago<\/td>\n<td>T\/T, Efectivo, PayPal, Tarjeta de cr\u00e9dito<\/td>\n<\/tr>\n<\/tbody>\n<\/table>\n<p><span style=\"color: #003366;\">Caracter\u00edsticas:<\/span><\/p>\n<p>Malet\u00edn resistente para el transporte seguro y legal de armas. Con el c\u00fater suministrado, la espuma se puede cortar de forma individual y precisa para adaptarse a la pistola (u otro objeto). Espuma extra\u00edble, cerraduras de combinaci\u00f3n de 3 d\u00edgitos, suministradas con correa de transporte.<\/p>","protected":false},"excerpt":{"rendered":"<p>Modelo: SC-FL0015<\/p>\n<p>Tama\u00f1o: 45x32x11cm<\/p>\n<p>Cantidad m\u00ednima de pedido: 100 piezas<\/p>\n<p>Tiempo de entrega: 15-25 d\u00edas<\/p>\n<p>Muestra: Disponible<\/p>","protected":false},"featured_media":22257,"template":"","meta":{"_gspb_post_css":""},"product_cat":[85],"product_tag":[],"featured_image_urls":{"full":["https:\/\/suncasesupply.com\/wp-content\/uploads\/2023\/10\/7.jpg",682,682,false],"thumbnail":["https:\/\/suncasesupply.com\/wp-content\/uploads\/2023\/10\/7-150x150.jpg",150,150,true],"medium":["https:\/\/suncasesupply.com\/wp-content\/uploads\/2023\/10\/7-300x300.jpg",300,300,true],"medium_large":["https:\/\/suncasesupply.com\/wp-content\/uploads\/2023\/10\/7.jpg",682,682,false],"large":["https:\/\/suncasesupply.com\/wp-content\/uploads\/2023\/10\/7.jpg",682,682,false],"1536x1536":["https:\/\/suncasesupply.com\/wp-content\/uploads\/2023\/10\/7.jpg",682,682,false],"2048x2048":["https:\/\/suncasesupply.com\/wp-content\/uploads\/2023\/10\/7.jpg",682,682,false],"trp-custom-language-flag":["https:\/\/suncasesupply.com\/wp-content\/uploads\/2023\/10\/7.jpg",12,12,false],"woocommerce_thumbnail":["https:\/\/suncasesupply.com\/wp-content\/uploads\/2023\/10\/7-300x300.jpg",300,300,true],"woocommerce_single":["https:\/\/suncasesupply.com\/wp-content\/uploads\/2023\/10\/7-600x600.jpg",600,600,true],"woocommerce_gallery_thumbnail":["https:\/\/suncasesupply.com\/wp-content\/uploads\/2023\/10\/7-100x100.jpg",100,100,true]},"post_excerpt_stackable":"<p>Model : SC-FL0015<\/p>\n<p>Size: 45 x 32 x 11 cm<\/p>\n<p>MOQ: 100pcs<\/p>\n<p>Delivery Time : 15-25 Days<\/p>\n<p>Sample : Available<\/p>\n","category_list":"","author_info":{"name":"","url":""},"comments_num":"0 comentarios","_links":{"self":[{"href":"https:\/\/suncasesupply.com\/es\/wp-json\/wp\/v2\/product\/22256"}],"collection":[{"href":"https:\/\/suncasesupply.com\/es\/wp-json\/wp\/v2\/product"}],"about":[{"href":"https:\/\/suncasesupply.com\/es\/wp-json\/wp\/v2\/types\/product"}],"wp:featuredmedia":[{"embeddable":true,"href":"https:\/\/suncasesupply.com\/es\/wp-json\/wp\/v2\/media\/22257"}],"wp:attachment":[{"href":"https:\/\/suncasesupply.com\/es\/wp-json\/wp\/v2\/media?parent=22256"}],"wp:term":[{"taxonomy":"product_cat","embeddable":true,"href":"https:\/\/suncasesupply.com\/es\/wp-json\/wp\/v2\/product_cat?post=22256"},{"taxonomy":"product_tag","embeddable":true,"href":"https:\/\/suncasesupply.com\/es\/wp-json\/wp\/v2\/product_tag?post=22256"}],"curies":[{"name":"wp","href":"https:\/\/api.w.org\/{rel}","templated":true}]}}