{"id":22243,"date":"2023-10-06T11:44:41","date_gmt":"2023-10-06T03:44:41","guid":{"rendered":"https:\/\/suncasesupply.com\/?post_type=product&#038;p=22243"},"modified":"2025-07-14T15:57:16","modified_gmt":"2025-07-14T07:57:16","slug":"barber-stylist-suitcase-aluminum-carrying-case-for-clipper-trimmer-scissor","status":"publish","type":"product","link":"https:\/\/suncasesupply.com\/es\/product\/barber-stylist-suitcase-aluminum-carrying-case-for-clipper-trimmer-scissor\/","title":{"rendered":"Maleta de peluquero y estilista, estuche de transporte de aluminio para cortadora de tijeras"},"content":{"rendered":"<h4><span style=\"color: #003366;\">Caracter\u00edsticas:<\/span><\/h4>\n<ul>\n<li><strong><b>Construcci\u00f3n fuerte: <\/b><\/strong>Acabado y construcci\u00f3n de aluminio de primera calidad, esquinas de acero reforzadas para mayor durabilidad, hermoso acabado negro suave.<\/li>\n<li><strong><b>Amplia aplicaci\u00f3n: <\/b><\/strong>Puede acomodar varios accesorios y herramientas de peluquer\u00eda: cortadoras, recortadoras, cuchillas, tijeras, peines, cepillos para el cabello, secador de pelo y otras herramientas de peinado.<\/li>\n<li><strong><b>Gran capacidad: <\/b><\/strong>El estuche de peluquer\u00eda tiene capacidad para 4 maquinillas el\u00e9ctricas de diferentes tama\u00f1os y 8 tijeras de diferentes tama\u00f1os. En su interior se pueden guardar ventiladores, varillas el\u00e9ctricas, peines, pa\u00f1os y otros art\u00edculos, y 5 peines de diferentes tama\u00f1os.<\/li>\n<li><strong><b>Transporte port\u00e1til: <\/b><\/strong>Estuche organizador de almacenamiento y exhibici\u00f3n para viajes y estilistas de barber\u00eda.<\/li>\n<li><strong><b>Personalizaci\u00f3n<\/b><\/strong>:Acepta personalizar el logotipo de tu marca en los estuches.<\/li>\n<\/ul>\n<h4><span style=\"color: #003366;\">Detalles del producto:<\/span><\/h4>\n<div style=\"display: flex; gap: 20px;\">\n<p><!-- \u7b2c\u4e00\u680f --><\/p>\n<div style=\"flex: 1; text-align: center;\">\n<p><img decoding=\"async\" style=\"max-width: 100%; height: auto; margin-bottom: 10px;\" src=\"https:\/\/suncasesupply.com\/wp-content\/uploads\/2025\/03\/1-Combination-Lock.jpg\" alt=\"Cerradura de combinaci\u00f3n\" \/><\/p>\n<p><b><\/b><strong><b>Cerradura de combinaci\u00f3n<\/b><\/strong><\/p>\n<p style=\"margin: 0;\">Candados de combinaci\u00f3n de aluminio de 3 d\u00edgitos para personalizar su cerradura de seguridad y proteger sus pertenencias. La contrase\u00f1a inicial es 000.<\/p>\n<p>&nbsp;<\/p>\n<\/div>\n<p><!-- \u7b2c\u4e8c\u680f --><\/p>\n<div style=\"flex: 1; text-align: center;\">\n<p><img decoding=\"async\" style=\"max-width: 100%; height: auto; margin-bottom: 10px;\" src=\"https:\/\/suncasesupply.com\/wp-content\/uploads\/2025\/03\/2-Storage-Slots.jpg\" alt=\"Ranuras de almacenamiento\" \/><\/p>\n<p><b><\/b><strong><b>Ranuras de almacenamiento<\/b><\/strong><\/p>\n<p style=\"margin: 0;\">En los lados de la tapa inferior interior del estuche de barber\u00eda, se encuentran las ranuras de almacenamiento con divisores, para guardar los art\u00edculos de peinado del barbero, manteniendo los productos en el interior almacenados de manera ordenada.<\/p>\n<\/div>\n<p><!-- \u7b2c\u4e09\u680f --><\/p>\n<div style=\"flex: 1; text-align: center;\">\n<p><img decoding=\"async\" style=\"max-width: 100%; height: auto; margin-bottom: 10px;\" src=\"https:\/\/suncasesupply.com\/wp-content\/uploads\/2025\/03\/3-Scissors-Holder.jpg\" alt=\"Porta tijeras\" \/><\/p>\n<p><b><\/b><strong><b>Porta tijeras<\/b><\/strong><\/p>\n<p>La tapa superior interior cuenta con 8 soportes para tijeras, hechos de banda el\u00e1stica, que permiten colocar 8 tijeras de diferentes tama\u00f1os. Por supuesto, tambi\u00e9n se pueden usar para colocar otros productos como peines.<\/p>\n<\/div>\n<p><!-- \u7b2c\u56db\u680f --><\/p>\n<div style=\"flex: 1; text-align: center;\">\n<p><img decoding=\"async\" style=\"max-width: 100%; height: auto; margin-bottom: 10px;\" src=\"https:\/\/suncasesupply.com\/wp-content\/uploads\/2025\/03\/4-Electric-Clippers-velcro.jpg\" alt=\"Cortapelos el\u00e9ctrico con velcro\" \/><\/p>\n<p><b><\/b><strong><b>Cortapelos el\u00e9ctrico con velcro<\/b><\/strong><\/p>\n<p style=\"margin: 0;\">En la base del estuche de peluquer\u00eda, hay varios cierres de velcro que permiten fijar firmemente las cortadoras el\u00e9ctricas. Ya no tendr\u00e1s que preocuparte por golpearlas, da\u00f1arlas ni que se estropeen.<\/p>\n<\/div>\n<\/div>\n<h4><span style=\"color: #003366;\">Proceso de fabricaci\u00f3n:<\/span><\/h4>\n<p><img decoding=\"async\" style=\"max-width: 100%; height: auto; margin-bottom: 10px;\" src=\"https:\/\/suncasesupply.com\/wp-content\/uploads\/2025\/07\/Manufacturing-Process.png\" alt=\"Proceso de fabricaci\u00f3n de Suncase\" \/><\/p>\n<div style=\"display: flex; gap: 20px;\">\n<p><!-- \u7b2c\u4e00\u680f \u6d41\u7a0b1--><\/p>\n<div style=\"flex: 1; text-align: center;\"><\/div>\n<\/div>\n<div style=\"display: flex; gap: 20px;\">\n<div style=\"flex: 1; text-align: center;\">\n<p style=\"font-weight: bold; margin: 5px 0;\">\n<\/div>\n<\/div>\n<h4><span style=\"color: #003366;\">Informaci\u00f3n \u00fatil para compradores al por mayor:<\/span><\/h4>\n<ul>\n<li class=\"page-title\" title=\"\u00bfQu\u00e9 hace que las tarjetas deportivas sean tan valiosas?\">\n<p class=\"page-title\" title=\"6 razones por las que deber\u00edas organizarte con cajas de almacenamiento de aluminio\"><a href=\"https:\/\/suncasesupply.com\/es\/blog\/custom-aluminum-case\/6-reasons-to-use-aluminum-storage-box-today\/\">6 razones por las que deber\u00edas organizarte con una caja de almacenamiento de aluminio &gt;&gt;<\/a><\/p>\n<\/li>\n<li title=\"\u00bfQu\u00e9 hace que las tarjetas deportivas sean tan valiosas?\">\n<p class=\"page-title\" title=\"Todo lo que necesita saber sobre las cajas de aluminio\"><a href=\"https:\/\/suncasesupply.com\/es\/blog\/all-you-need-to-know-about-aluminum-cases\/\">Todo lo que necesita saber sobre las cajas de aluminio &gt;&gt;<\/a><\/p>\n<\/li>\n<\/ul>","protected":false},"excerpt":{"rendered":"<p>Modelo: BL-0079<\/p>\n<p>Tama\u00f1o: 54x27x11cm<\/p>\n<p>Colores: Color negro, color dorado o color personalizado.<\/p>\n<p>Materiales: Marco de aluminio, Panel de Melamina, Tablero MDF, Herrajes.<\/p>\n<p>Logotipo: Logotipo de impresi\u00f3n en seda<\/p>\n<p>Cantidad m\u00ednima de pedido: 20 piezas<\/p>\n<p>Muestra: Disponible, tiempo de muestra aproximadamente 7 d\u00edas.<\/p>","protected":false},"featured_media":24890,"template":"","meta":{"_gspb_post_css":""},"product_cat":[42,80],"product_tag":[],"featured_image_urls":{"full":["https:\/\/suncasesupply.com\/wp-content\/uploads\/2025\/03\/barber-case-4.jpg",800,800,false],"thumbnail":["https:\/\/suncasesupply.com\/wp-content\/uploads\/2025\/03\/barber-case-4-150x150.jpg",150,150,true],"medium":["https:\/\/suncasesupply.com\/wp-content\/uploads\/2025\/03\/barber-case-4-300x300.jpg",300,300,true],"medium_large":["https:\/\/suncasesupply.com\/wp-content\/uploads\/2025\/03\/barber-case-4-768x768.jpg",768,768,true],"large":["https:\/\/suncasesupply.com\/wp-content\/uploads\/2025\/03\/barber-case-4.jpg",800,800,false],"1536x1536":["https:\/\/suncasesupply.com\/wp-content\/uploads\/2025\/03\/barber-case-4.jpg",800,800,false],"2048x2048":["https:\/\/suncasesupply.com\/wp-content\/uploads\/2025\/03\/barber-case-4.jpg",800,800,false],"trp-custom-language-flag":["https:\/\/suncasesupply.com\/wp-content\/uploads\/2025\/03\/barber-case-4-12x12.jpg",12,12,true],"woocommerce_thumbnail":["https:\/\/suncasesupply.com\/wp-content\/uploads\/2025\/03\/barber-case-4-300x300.jpg",300,300,true],"woocommerce_single":["https:\/\/suncasesupply.com\/wp-content\/uploads\/2025\/03\/barber-case-4-600x600.jpg",600,600,true],"woocommerce_gallery_thumbnail":["https:\/\/suncasesupply.com\/wp-content\/uploads\/2025\/03\/barber-case-4-100x100.jpg",100,100,true]},"post_excerpt_stackable":"<p>Model:BL-0079<\/p>\n<p>Size: 54x27x11cm<\/p>\n<p>Colors: Black color, Gold color or customized color.<\/p>\n<p>Materials: Aluminum\u00a0frame,\u00a0Melamine Panel,\u00a0MDF Board, Hardware.<\/p>\n<p>Logo: Silk Printing Logo<\/p>\n<p>MOQ: 20pcs<\/p>\n<p>Sample: Available, sample time about 7 days.<\/p>\n","category_list":"","author_info":{"name":"","url":""},"comments_num":"0 comentarios","_links":{"self":[{"href":"https:\/\/suncasesupply.com\/es\/wp-json\/wp\/v2\/product\/22243"}],"collection":[{"href":"https:\/\/suncasesupply.com\/es\/wp-json\/wp\/v2\/product"}],"about":[{"href":"https:\/\/suncasesupply.com\/es\/wp-json\/wp\/v2\/types\/product"}],"wp:featuredmedia":[{"embeddable":true,"href":"https:\/\/suncasesupply.com\/es\/wp-json\/wp\/v2\/media\/24890"}],"wp:attachment":[{"href":"https:\/\/suncasesupply.com\/es\/wp-json\/wp\/v2\/media?parent=22243"}],"wp:term":[{"taxonomy":"product_cat","embeddable":true,"href":"https:\/\/suncasesupply.com\/es\/wp-json\/wp\/v2\/product_cat?post=22243"},{"taxonomy":"product_tag","embeddable":true,"href":"https:\/\/suncasesupply.com\/es\/wp-json\/wp\/v2\/product_tag?post=22243"}],"curies":[{"name":"wp","href":"https:\/\/api.w.org\/{rel}","templated":true}]}}