{"id":22172,"date":"2023-09-20T16:05:40","date_gmt":"2023-09-20T08:05:40","guid":{"rendered":"https:\/\/suncasesupply.com\/?post_type=product&#038;p=22172"},"modified":"2025-02-26T11:27:58","modified_gmt":"2025-02-26T03:27:58","slug":"trolley-4-in-1-large-capacity-trolley-makeup-travel-case-pink","status":"publish","type":"product","link":"https:\/\/suncasesupply.com\/es\/product\/trolley-4-in-1-large-capacity-trolley-makeup-travel-case-pink\/","title":{"rendered":"Trolley 4 en 1 Estuche de viaje para maquillaje con carrito de gran capacidad Rosa"},"content":{"rendered":"<p>&nbsp;<\/p>\n<table width=\"774\">\n<tbody>\n<tr>\n<td width=\"177\">Art\u00edculo<\/td>\n<td width=\"597\">Estuche de maquillaje con ruedas<\/td>\n<\/tr>\n<tr>\n<td>Dimensi\u00f3n<\/td>\n<td>356*254*78cm o personalizar<\/td>\n<\/tr>\n<tr>\n<td>Colores<\/td>\n<td>Como muestran las im\u00e1genes o personalizar<\/td>\n<\/tr>\n<tr>\n<td>Materiales<\/td>\n<td>Aluminio, panel de ABS, tablero de MDF, forro de EVA\/espuma\/tela\/PU, herrajes<\/td>\n<\/tr>\n<tr>\n<td>Logo<\/td>\n<td>Logotipo de placa de metal, logotipo impreso, logotipo en relieve, logotipo l\u00e1ser<\/td>\n<\/tr>\n<tr>\n<td>tiempo de muestra<\/td>\n<td>7 d\u00edas<\/td>\n<\/tr>\n<tr>\n<td>Puerto de embarque<\/td>\n<td>Cant\u00f3n, Shenzhen<\/td>\n<\/tr>\n<tr>\n<td>T\u00e9rminos comerciales<\/td>\n<td>EXW, MANDO, CIF, DDU, DDP<\/td>\n<\/tr>\n<tr>\n<td>M\u00e9todos de pago<\/td>\n<td>T\/T, Efectivo, PayPal, Tarjeta de cr\u00e9dito<\/td>\n<\/tr>\n<\/tbody>\n<\/table>\n<p><span style=\"color: #003366;\">Caracter\u00edsticas:<\/span><\/p>\n<p>El cuerpo principal de este estuche de maquillaje est\u00e1 hecho de ABS y material MDF de alta densidad, mientras que el marco del borde y las esquinas est\u00e1n hechos de aluminio reforzado, los cuales garantizan una larga vida \u00fatil; El forro completo de terciopelo de alta calidad reduce la fricci\u00f3n y protege los cosm\u00e9ticos delicados, al mismo tiempo que brinda una sensaci\u00f3n agradable con un tacto suave. Los tirantes de aluminio proporcionan un funcionamiento suave y resistencia a la corrosi\u00f3n.<\/p>\n<p>El estuche de maquillaje 4 en 1 consta de 4 compartimentos desmontables que se pueden combinar libremente seg\u00fan sus necesidades. El compartimento superior se puede utilizar como un peque\u00f1o estuche de maquillaje; Los dos cajones del medio se pueden quitar para convertir este estuche de maquillaje 4 en 1 en un estuche 3 en 1\/2 en 1 seg\u00fan sus necesidades de trabajo.<\/p>\n<p>Este estuche de tren est\u00e1 equipado con cuatro ruedas giratorias de 360\u00b0 de alta calidad que brindan un movimiento suave y silencioso y ahorran m\u00e1s trabajo. Las ruedas desmontables se pueden quitar o reemplazar f\u00e1cilmente si es necesario.\u3002<\/p>\n<p>El malet\u00edn con ruedas para maquillaje con gran capacidad de carga de hasta 36 kg\/80 lb es un lugar de almacenamiento perfecto para una gran cantidad de utensilios para el cabello, cosm\u00e9ticos y utensilios para u\u00f1as. El gran espacio de almacenamiento en la capa inferior sin divisor le permite almacenar herramientas de maquillaje de gran tama\u00f1o. Dos abrazaderas con cerradura en la bandeja superior y otras tambi\u00e9n tienen cerraduras. Tambi\u00e9n se puede cerrar con llave para mayor privacidad. Ideal para llevar exactamente lo que necesitas, a cualquier lugar y en cualquier momento.<\/p>","protected":false},"excerpt":{"rendered":"<p>Modelo: SC-RM0023<\/p>\n<p>Tama\u00f1o: 356*254*78cm<\/p>\n<p>Cantidad m\u00ednima de pedido: 50 piezas<br \/>\nTiempo de entrega: 15-25 d\u00edas<\/p>\n<p>Muestra: Disponible<\/p>","protected":false},"featured_media":22173,"template":"","meta":{"_gspb_post_css":""},"product_cat":[97],"product_tag":[],"featured_image_urls":{"full":["https:\/\/suncasesupply.com\/wp-content\/uploads\/2023\/09\/1.jpg",800,800,false],"thumbnail":["https:\/\/suncasesupply.com\/wp-content\/uploads\/2023\/09\/1-150x150.jpg",150,150,true],"medium":["https:\/\/suncasesupply.com\/wp-content\/uploads\/2023\/09\/1-300x300.jpg",300,300,true],"medium_large":["https:\/\/suncasesupply.com\/wp-content\/uploads\/2023\/09\/1-768x768.jpg",768,768,true],"large":["https:\/\/suncasesupply.com\/wp-content\/uploads\/2023\/09\/1.jpg",800,800,false],"1536x1536":["https:\/\/suncasesupply.com\/wp-content\/uploads\/2023\/09\/1.jpg",800,800,false],"2048x2048":["https:\/\/suncasesupply.com\/wp-content\/uploads\/2023\/09\/1.jpg",800,800,false],"trp-custom-language-flag":["https:\/\/suncasesupply.com\/wp-content\/uploads\/2023\/09\/1.jpg",12,12,false],"woocommerce_thumbnail":["https:\/\/suncasesupply.com\/wp-content\/uploads\/2023\/09\/1-300x300.jpg",300,300,true],"woocommerce_single":["https:\/\/suncasesupply.com\/wp-content\/uploads\/2023\/09\/1-600x600.jpg",600,600,true],"woocommerce_gallery_thumbnail":["https:\/\/suncasesupply.com\/wp-content\/uploads\/2023\/09\/1-100x100.jpg",100,100,true]},"post_excerpt_stackable":"<p>Model : SC-RM0023<\/p>\n<p>Size: 356*254*78cm<\/p>\n<p>MOQ: 50pcs<br \/>\nDelivery Time : 15-25 Days<\/p>\n<p>Sample : Available<\/p>\n","category_list":"","author_info":{"name":"","url":""},"comments_num":"0 comentarios","_links":{"self":[{"href":"https:\/\/suncasesupply.com\/es\/wp-json\/wp\/v2\/product\/22172"}],"collection":[{"href":"https:\/\/suncasesupply.com\/es\/wp-json\/wp\/v2\/product"}],"about":[{"href":"https:\/\/suncasesupply.com\/es\/wp-json\/wp\/v2\/types\/product"}],"wp:featuredmedia":[{"embeddable":true,"href":"https:\/\/suncasesupply.com\/es\/wp-json\/wp\/v2\/media\/22173"}],"wp:attachment":[{"href":"https:\/\/suncasesupply.com\/es\/wp-json\/wp\/v2\/media?parent=22172"}],"wp:term":[{"taxonomy":"product_cat","embeddable":true,"href":"https:\/\/suncasesupply.com\/es\/wp-json\/wp\/v2\/product_cat?post=22172"},{"taxonomy":"product_tag","embeddable":true,"href":"https:\/\/suncasesupply.com\/es\/wp-json\/wp\/v2\/product_tag?post=22172"}],"curies":[{"name":"wp","href":"https:\/\/api.w.org\/{rel}","templated":true}]}}