{"id":22163,"date":"2023-09-19T17:39:34","date_gmt":"2023-09-19T09:39:34","guid":{"rendered":"https:\/\/suncasesupply.com\/?post_type=product&#038;p=22163"},"modified":"2025-07-15T10:54:12","modified_gmt":"2025-07-15T02:54:12","slug":"pick-foam-flight-case-multi-format-turntable-storage-case","status":"publish","type":"product","link":"https:\/\/suncasesupply.com\/es\/product\/pick-foam-flight-case-multi-format-turntable-storage-case\/","title":{"rendered":"Estuche para tocadiscos Technics 1200 Estuche de aluminio para almacenamiento de tocadiscos"},"content":{"rendered":"<h4><span style=\"color: #003366;\">Caracter\u00edsticas:<\/span><\/h4>\n<ul>\n<li><strong><b>Construcci\u00f3n fuerte<\/b><\/strong>La funda para tocadiscos Technics 1200, un tipo de funda de aluminio para tocadiscos, est\u00e1 fabricada con perfiles de aluminio resistentes a la corrosi\u00f3n con esquinas redondeadas. Esta resistente funda de aluminio para DJ ofrece protecci\u00f3n duradera para su valioso equipo.<\/li>\n<li><strong><b>Espumas de protecci\u00f3n<\/b><\/strong>:Totalmente revestido con relleno protector de espuma EVA de alta densidad y espuma tipo caja de huevos en la tapa, lo que lo hace ideal como contenedor de almacenamiento de plato giratorio.<\/li>\n<li><strong><b>Materiales fuertes<\/b><\/strong>:Dos cerraduras de mariposa laterales fuertes y bisagras de metal s\u00f3lido, como las que se utilizan en los dise\u00f1os de cajas de herramientas de aluminio profesionales.<\/li>\n<li><strong><b>De pie<\/b><\/strong>:Patas de goma en la parte inferior para brindar apoyo al estar de pie.<\/li>\n<li><strong><b>Apilado<\/b><\/strong>:La tapa superior y la parte inferior del plato giratorio con estuche de almacenamiento son completamente desmontables y se pueden apilar durante el trabajo, lo que mejora la funcionalidad para configuraciones m\u00f3viles o necesidades de almacenamiento de discos de DJ.<\/li>\n<\/ul>\n<h4><span style=\"color: #003366;\">Detalles del producto:<\/span><\/h4>\n<div style=\"display: flex; gap: 20px;\">\n<p><!-- \u7b2c\u4e00\u680f --><\/p>\n<div style=\"flex: 1; text-align: center;\">\n<p><img decoding=\"async\" style=\"max-width: 100%; height: auto; margin-bottom: 10px;\" src=\"https:\/\/suncasesupply.com\/wp-content\/uploads\/2025\/03\/1-Cable-Hole.jpg\" alt=\"Orificio para cable\" \/><\/p>\n<p><strong><b>Orificio para cable<\/b><\/strong><\/p>\n<p style=\"margin: 0;\">El orificio para cables se encuentra en el centro de la tapa trasera del estuche del tocadiscos. Al colocar el Technics 1200 dentro del tocadiscos para guardarlo, los cables pueden pasarse por este orificio y conectarse a otras fuentes de alimentaci\u00f3n. De esta forma, los cables se mantienen organizados y sin enredos, lo cual es fundamental para mantener ordenados los discos de vinilo y el tocadiscos.<\/p>\n<p>&nbsp;<\/p>\n<\/div>\n<p><!-- \u7b2c\u4e8c\u680f --><\/p>\n<div style=\"flex: 1; text-align: center;\">\n<p><img decoding=\"async\" style=\"max-width: 100%; height: auto; margin-bottom: 10px;\" src=\"https:\/\/suncasesupply.com\/wp-content\/uploads\/2025\/03\/2-Butterfly-Locks.jpg\" alt=\"Cerraduras de mariposa\" \/><\/p>\n<p><strong><b>Cerraduras de mariposa<\/b><\/strong><\/p>\n<p style=\"margin: 0;\">El dise\u00f1o del candado Butterfly Lock es complejo y consta de una tapa, un gancho, una base, remaches mec\u00e1nicos, conectores, placas m\u00f3viles giratorias, resortes, cabezales, manijas y placas de resorte. Se abre y se cierra con suavidad, firme y estable. Presenta resistencia a la corrosi\u00f3n y buena dureza, e incluso puede servir como elemento decorativo, com\u00fan en la construcci\u00f3n de cajas de discos de DJ.<\/p>\n<\/div>\n<p><!-- \u7b2c\u4e09\u680f --><\/p>\n<div style=\"flex: 1; text-align: center;\">\n<p><img decoding=\"async\" style=\"max-width: 100%; height: auto; margin-bottom: 10px;\" src=\"https:\/\/suncasesupply.com\/wp-content\/uploads\/2025\/03\/3-Spring-Handle.jpg\" alt=\"Mango de resorte\" \/><\/p>\n<p><b><\/b><strong><b>Mango de resorte<\/b><\/strong><\/p>\n<p>El mango plegable con resorte tiene funci\u00f3n de plegado. Est\u00e1 integrado en el interior del mango y lo mantiene plegado o desplegado gracias a su elasticidad. Cuando se necesita usar, se abre f\u00e1cilmente y el resorte lo vuelve a plegar autom\u00e1ticamente a su posici\u00f3n original al soltarlo.<\/p>\n<\/div>\n<p><!-- \u7b2c\u56db\u680f --><\/p>\n<div style=\"flex: 1; text-align: center;\">\n<p><img decoding=\"async\" style=\"max-width: 100%; height: auto; margin-bottom: 10px;\" src=\"https:\/\/suncasesupply.com\/wp-content\/uploads\/2025\/03\/4.jpg\" alt=\"Acolchado protector EVA\" \/><\/p>\n<p><strong><b>Acolchado protector EVA<\/b><\/strong><\/p>\n<p style=\"margin: 0;\">La cubierta superior del organizador del tocadiscos cuenta con un gran acolchado protector de espuma EVA, y en las cuatro esquinas inferiores hay cuatro piezas. Su funci\u00f3n principal es fijar el dispositivo. Al colocar el Technics 1200 dentro del estuche, el acolchado protector de espuma EVA evita que el dispositivo se mueva, brind\u00e1ndole protecci\u00f3n y evitando colisiones.<\/p>\n<\/div>\n<\/div>\n<div style=\"background-color: #29599a; padding: 40px 20px; text-align: center; color: #ffffff; border-radius: 10px; margin: 40px auto; max-width: 960px;\">\n<h2 style=\"font-size: 22px; margin-bottom: 20px; font-weight: bold;\"><span style=\"color: #ffffff;\">Comience su pedido al por mayor de estuche para tocadiscos Technics 1200: pedido m\u00ednimo de 100, \u00a1precio directo de f\u00e1brica!<\/span><\/h2>\n<p><a style=\"display: inline-block; padding: 12px 28px; background-color: #ffffff; color: #29599a; text-decoration: none; border-radius: 6px; font-weight: bold;\" href=\"https:\/\/suncasesupply.com\/es\/contact-us\/\" target=\"_blank\" rel=\"noopener\">Obtenga una cotizaci\u00f3n ahora<br \/>\n<\/a><\/p>\n<\/div>\n<h4><span style=\"color: #003366;\">Proceso de fabricaci\u00f3n:<\/span><\/h4>\n<p><img decoding=\"async\" style=\"max-width: 100%; height: auto; margin-bottom: 10px;\" src=\"https:\/\/suncasesupply.com\/wp-content\/uploads\/2025\/07\/Manufacturing-Process.png\" alt=\"Proceso de fabricaci\u00f3n de Suncase\" \/><\/p>\n<h4><span style=\"color: #003366;\">Informaci\u00f3n \u00fatil para compradores al por mayor:<\/span><\/h4>\n<ul>\n<li class=\"page-title\" title=\"\u00bfQu\u00e9 hace que las tarjetas deportivas sean tan valiosas?\">\n<p class=\"page-title\" title=\"6 razones por las que deber\u00edas organizarte con cajas de almacenamiento de aluminio\"><a href=\"https:\/\/suncasesupply.com\/es\/blog\/custom-aluminum-case\/6-reasons-to-use-aluminum-storage-box-today\/\">6 razones por las que deber\u00edas organizarte con una caja de almacenamiento de aluminio &gt;&gt;<\/a><\/p>\n<\/li>\n<li title=\"\u00bfQu\u00e9 hace que las tarjetas deportivas sean tan valiosas?\">\n<p class=\"page-title\" title=\"Todo lo que necesita saber sobre las cajas de aluminio\"><a href=\"https:\/\/suncasesupply.com\/es\/blog\/all-you-need-to-know-about-aluminum-cases\/\">Todo lo que necesita saber sobre las cajas de aluminio &gt;&gt;<\/a><\/p>\n<\/li>\n<li title=\"\u00bfQu\u00e9 hace que las tarjetas deportivas sean tan valiosas?\">\n<p class=\"page-title\" title=\"Dos formas de proteger tu equipo de DJ con un estuche para controlador de DJ\"><a href=\"https:\/\/suncasesupply.com\/es\/blog\/custom-aluminum-case\/two-ways-to-protect-your-dj-gear-with-a-dj-controller-case\/\">Dos formas de proteger tu equipo de DJ con un estuche para controlador de DJ &gt;&gt;<\/a><\/p>\n<\/li>\n<\/ul>","protected":false},"excerpt":{"rendered":"<p>Modelo: BA-25001<\/p>\n<p>Tama\u00f1o: 45 x 45 x 20 cm<\/p>\n<p>M\u00e1quina: Para sujetar Technics 1200<\/p>\n<p>Colores: Color negro<\/p>\n<p>Materiales: Madera contrachapada, aluminio con esquinas redondeadas, tablero MDF, herrajes.<\/p>\n<p>Logotipo: Logotipo impreso en seda \/ Logotipo impreso en placa de metal<\/p>\n<p>Cantidad m\u00ednima de pedido: 100 piezas<\/p>\n<p>Muestra: Disponible, tiempo de muestra aproximadamente 7 d\u00edas.<\/p>\n<p>Condiciones de pago: T\/T, dep\u00f3sito + saldo<\/p>","protected":false},"featured_media":25385,"template":"","meta":{"_gspb_post_css":""},"product_cat":[42,80],"product_tag":[],"featured_image_urls":{"full":["https:\/\/suncasesupply.com\/wp-content\/uploads\/2025\/05\/turntable-flight-case.jpg",800,800,false],"thumbnail":["https:\/\/suncasesupply.com\/wp-content\/uploads\/2025\/05\/turntable-flight-case-150x150.jpg",150,150,true],"medium":["https:\/\/suncasesupply.com\/wp-content\/uploads\/2025\/05\/turntable-flight-case-300x300.jpg",300,300,true],"medium_large":["https:\/\/suncasesupply.com\/wp-content\/uploads\/2025\/05\/turntable-flight-case-768x768.jpg",768,768,true],"large":["https:\/\/suncasesupply.com\/wp-content\/uploads\/2025\/05\/turntable-flight-case.jpg",800,800,false],"1536x1536":["https:\/\/suncasesupply.com\/wp-content\/uploads\/2025\/05\/turntable-flight-case.jpg",800,800,false],"2048x2048":["https:\/\/suncasesupply.com\/wp-content\/uploads\/2025\/05\/turntable-flight-case.jpg",800,800,false],"trp-custom-language-flag":["https:\/\/suncasesupply.com\/wp-content\/uploads\/2025\/05\/turntable-flight-case-12x12.jpg",12,12,true],"woocommerce_thumbnail":["https:\/\/suncasesupply.com\/wp-content\/uploads\/2025\/05\/turntable-flight-case-300x300.jpg",300,300,true],"woocommerce_single":["https:\/\/suncasesupply.com\/wp-content\/uploads\/2025\/05\/turntable-flight-case-600x600.jpg",600,600,true],"woocommerce_gallery_thumbnail":["https:\/\/suncasesupply.com\/wp-content\/uploads\/2025\/05\/turntable-flight-case-100x100.jpg",100,100,true]},"post_excerpt_stackable":"<p>Model:BA-25001<\/p>\n<p>Size: 45 x 45 x 20 cm<\/p>\n<p>Machine: To hold Technics 1200<\/p>\n<p>Colors: Black color<\/p>\n<p>Materials: Plywood, Round Corner Aluminum, MDF Board, Hardware.<\/p>\n<p>Logo: Silk Printing Logo \/ Metal Plate Logo<\/p>\n<p>MOQ: 100pcs<\/p>\n<p>Sample: Available, sample time about 7 days.<\/p>\n<p>Payment Terms: T\/T, Deposit+Balance<\/p>\n","category_list":"","author_info":{"name":"","url":""},"comments_num":"0 comentarios","_links":{"self":[{"href":"https:\/\/suncasesupply.com\/es\/wp-json\/wp\/v2\/product\/22163"}],"collection":[{"href":"https:\/\/suncasesupply.com\/es\/wp-json\/wp\/v2\/product"}],"about":[{"href":"https:\/\/suncasesupply.com\/es\/wp-json\/wp\/v2\/types\/product"}],"wp:featuredmedia":[{"embeddable":true,"href":"https:\/\/suncasesupply.com\/es\/wp-json\/wp\/v2\/media\/25385"}],"wp:attachment":[{"href":"https:\/\/suncasesupply.com\/es\/wp-json\/wp\/v2\/media?parent=22163"}],"wp:term":[{"taxonomy":"product_cat","embeddable":true,"href":"https:\/\/suncasesupply.com\/es\/wp-json\/wp\/v2\/product_cat?post=22163"},{"taxonomy":"product_tag","embeddable":true,"href":"https:\/\/suncasesupply.com\/es\/wp-json\/wp\/v2\/product_tag?post=22163"}],"curies":[{"name":"wp","href":"https:\/\/api.w.org\/{rel}","templated":true}]}}