{"id":22144,"date":"2023-08-30T17:47:51","date_gmt":"2023-08-30T09:47:51","guid":{"rendered":"https:\/\/suncasesupply.com\/?post_type=product&#038;p=22144"},"modified":"2025-02-26T11:01:44","modified_gmt":"2025-02-26T03:01:44","slug":"barber-chair-salon-chair-styling-heavy-duty-hydraulic-pump-stylist-chair-adjustable-hydraulic-chair","status":"publish","type":"product","link":"https:\/\/suncasesupply.com\/es\/product\/barber-chair-salon-chair-styling-heavy-duty-hydraulic-pump-stylist-chair-adjustable-hydraulic-chair\/","title":{"rendered":"Silla de peluquero, silla de sal\u00f3n de estilo, bomba hidr\u00e1ulica resistente, silla de estilista, silla hidr\u00e1ulica ajustable"},"content":{"rendered":"<p>&nbsp;<\/p>\n<table width=\"774\">\n<tbody>\n<tr>\n<td width=\"177\">Art\u00edculo<\/td>\n<td width=\"597\">Silla de maquillaje<\/td>\n<\/tr>\n<tr>\n<td>Dimensi\u00f3n<\/td>\n<td>50,8*50,8*89cm<\/td>\n<\/tr>\n<tr>\n<td>Colores<\/td>\n<td>Como muestran las im\u00e1genes o personalizar<\/td>\n<\/tr>\n<tr>\n<td>Materiales<\/td>\n<td>Metal, cuero PU, herrajes<\/td>\n<\/tr>\n<tr>\n<td>Logo<\/td>\n<td>Logotipo de placa de metal, logotipo impreso, logotipo en relieve, logotipo l\u00e1ser<\/td>\n<\/tr>\n<tr>\n<td>tiempo de muestra<\/td>\n<td>7 d\u00edas<\/td>\n<\/tr>\n<tr>\n<td>Puerto de embarque<\/td>\n<td>Cant\u00f3n, Shenzhen<\/td>\n<\/tr>\n<tr>\n<td>T\u00e9rminos comerciales<\/td>\n<td>EXW, MANDO, CIF, DDU, DDP<\/td>\n<\/tr>\n<tr>\n<td>M\u00e9todos de pago<\/td>\n<td>T\/T, Efectivo, PayPal, Tarjeta de cr\u00e9dito<\/td>\n<\/tr>\n<\/tbody>\n<\/table>\n<p><span style=\"color: #003366;\">Caracter\u00edsticas:<\/span><\/p>\n<p>M\u00c9TODO DE AJUSTE DE ALTURA.<\/p>\n<p>SILLA DE SAL\u00d3N RESISTENTE<\/p>\n<p>SILLA DE SAL\u00d3N DE RECICLADO.<\/p>\n<p>CHASIS ANTIDESLIZANTE DE GRAN TAMA\u00d1O.<\/p>","protected":false},"excerpt":{"rendered":"<p>Modelo: BL-0068<\/p>\n<p>Tama\u00f1o: 50,8*50,8*89cm<\/p>\n<p>Cantidad m\u00ednima de pedido: 5 piezas<\/p>\n<p>Tiempo de entrega: 15-25 d\u00edas<\/p>\n<p>Muestra: Disponible<\/p>","protected":false},"featured_media":22147,"template":"","meta":{"_gspb_post_css":""},"product_cat":[99],"product_tag":[],"featured_image_urls":{"full":["https:\/\/suncasesupply.com\/wp-content\/uploads\/2023\/08\/9-3-4.jpg",1000,1000,false],"thumbnail":["https:\/\/suncasesupply.com\/wp-content\/uploads\/2023\/08\/9-3-4-150x150.jpg",150,150,true],"medium":["https:\/\/suncasesupply.com\/wp-content\/uploads\/2023\/08\/9-3-4-300x300.jpg",300,300,true],"medium_large":["https:\/\/suncasesupply.com\/wp-content\/uploads\/2023\/08\/9-3-4-768x768.jpg",768,768,true],"large":["https:\/\/suncasesupply.com\/wp-content\/uploads\/2023\/08\/9-3-4.jpg",1000,1000,false],"1536x1536":["https:\/\/suncasesupply.com\/wp-content\/uploads\/2023\/08\/9-3-4.jpg",1000,1000,false],"2048x2048":["https:\/\/suncasesupply.com\/wp-content\/uploads\/2023\/08\/9-3-4.jpg",1000,1000,false],"trp-custom-language-flag":["https:\/\/suncasesupply.com\/wp-content\/uploads\/2023\/08\/9-3-4.jpg",12,12,false],"woocommerce_thumbnail":["https:\/\/suncasesupply.com\/wp-content\/uploads\/2023\/08\/9-3-4-300x300.jpg",300,300,true],"woocommerce_single":["https:\/\/suncasesupply.com\/wp-content\/uploads\/2023\/08\/9-3-4-600x600.jpg",600,600,true],"woocommerce_gallery_thumbnail":["https:\/\/suncasesupply.com\/wp-content\/uploads\/2023\/08\/9-3-4-100x100.jpg",100,100,true]},"post_excerpt_stackable":"<p>Model : BL-0068<\/p>\n<p>Size: 50.8*50.8*89cm<\/p>\n<p>MOQ:5pcs<\/p>\n<p>Delivery Time : 15-25 Days<\/p>\n<p>Sample : Available<\/p>\n","category_list":"","author_info":{"name":"","url":""},"comments_num":"0 comentarios","_links":{"self":[{"href":"https:\/\/suncasesupply.com\/es\/wp-json\/wp\/v2\/product\/22144"}],"collection":[{"href":"https:\/\/suncasesupply.com\/es\/wp-json\/wp\/v2\/product"}],"about":[{"href":"https:\/\/suncasesupply.com\/es\/wp-json\/wp\/v2\/types\/product"}],"wp:featuredmedia":[{"embeddable":true,"href":"https:\/\/suncasesupply.com\/es\/wp-json\/wp\/v2\/media\/22147"}],"wp:attachment":[{"href":"https:\/\/suncasesupply.com\/es\/wp-json\/wp\/v2\/media?parent=22144"}],"wp:term":[{"taxonomy":"product_cat","embeddable":true,"href":"https:\/\/suncasesupply.com\/es\/wp-json\/wp\/v2\/product_cat?post=22144"},{"taxonomy":"product_tag","embeddable":true,"href":"https:\/\/suncasesupply.com\/es\/wp-json\/wp\/v2\/product_tag?post=22144"}],"curies":[{"name":"wp","href":"https:\/\/api.w.org\/{rel}","templated":true}]}}