{"id":22097,"date":"2023-08-30T16:31:56","date_gmt":"2023-08-30T08:31:56","guid":{"rendered":"https:\/\/suncasesupply.com\/?post_type=product&#038;p=22097"},"modified":"2025-02-26T11:48:31","modified_gmt":"2025-02-26T03:48:31","slug":"dual-qsc-k12-speaker-ata-flight-case-holds-2-speakers","status":"publish","type":"product","link":"https:\/\/suncasesupply.com\/es\/product\/dual-qsc-k12-speaker-ata-flight-case-holds-2-speakers\/","title":{"rendered":"Altavoz dual QSC K12 ATA Flight Case con capacidad para 2 altavoces"},"content":{"rendered":"<p>&nbsp;<\/p>\n<table width=\"774\">\n<tbody>\n<tr>\n<td width=\"177\">Art\u00edculo<\/td>\n<td width=\"597\">Caja de vuelo del altavoz<\/td>\n<\/tr>\n<tr>\n<td>Dimensi\u00f3n<\/td>\n<td>660 x 559 x 355 mm o Personalizado<\/td>\n<\/tr>\n<tr>\n<td>Colores<\/td>\n<td>Como muestran las im\u00e1genes o personalizar<\/td>\n<\/tr>\n<tr>\n<td>Materiales<\/td>\n<td>Aluminio, madera contrachapada, EVA\/espuma\/tela\/revestimiento de PU, herrajes<\/td>\n<\/tr>\n<tr>\n<td>Logo<\/td>\n<td>Logotipo de placa de metal, logotipo impreso, logotipo en relieve, logotipo l\u00e1ser<\/td>\n<\/tr>\n<tr>\n<td>tiempo de muestra<\/td>\n<td>7 d\u00edas<\/td>\n<\/tr>\n<tr>\n<td>Puerto de embarque<\/td>\n<td>Cant\u00f3n, Shenzhen<\/td>\n<\/tr>\n<tr>\n<td>T\u00e9rminos comerciales<\/td>\n<td>EXW, MANDO, CIF, DDU, DDP<\/td>\n<\/tr>\n<tr>\n<td>M\u00e9todos de pago<\/td>\n<td>T\/T, Efectivo, PayPal, Tarjeta de cr\u00e9dito<\/td>\n<\/tr>\n<\/tbody>\n<\/table>\n<p><span style=\"color: #003366;\">Caracter\u00edsticas:<\/span><\/p>\n<p>Es un estuche de altavoz profesional que alberga 2 altavoces QSC-K12 y emplea madera contrachapada laminada que tiene una carcasa dura con acolchado interno para brindar la mejor protecci\u00f3n personalizada para su inversi\u00f3n. El malet\u00edn descansa sobre 4 ruedas dise\u00f1adas para facilitar su desplazamiento y tambi\u00e9n tiene platos en la parte superior para facilitar el apilamiento con otros Flightcases.<\/p>\n<ul>\n<li>Madera contrachapada de 3\/8 de pulgada con laminado negro.<\/li>\n<li>Interior forrado con goma dura duradera.<\/li>\n<li>Flight case estilo ATA.<\/li>\n<li>Asas empotradas con resorte.<\/li>\n<li>Pestillos giratorios de mariposa empotrados.<\/li>\n<li>Negro con acabado met\u00e1lico plateado.<\/li>\n<li>Esquinas de bolas de acero de alta resistencia.<\/li>\n<li>Extrusi\u00f3n de aluminio alrededor de la placa de ruedas.<\/li>\n<li>4 platos con ruedas en la cubierta superior para apilar.<\/li>\n<\/ul>","protected":false},"excerpt":{"rendered":"<p>Modelo : Z76<\/p>\n<p>Tama\u00f1o: 660x559x355mm<\/p>\n<p>Cantidad m\u00ednima de pedido: 5 piezas<\/p>\n<p>Tiempo de entrega: 15-25 d\u00edas<\/p>\n<p>Muestra: Disponible<\/p>","protected":false},"featured_media":22098,"template":"","meta":{"_gspb_post_css":""},"product_cat":[90],"product_tag":[],"featured_image_urls":{"full":["https:\/\/suncasesupply.com\/wp-content\/uploads\/2023\/08\/55-4.jpg",1600,1600,false],"thumbnail":["https:\/\/suncasesupply.com\/wp-content\/uploads\/2023\/08\/55-4-150x150.jpg",150,150,true],"medium":["https:\/\/suncasesupply.com\/wp-content\/uploads\/2023\/08\/55-4-300x300.jpg",300,300,true],"medium_large":["https:\/\/suncasesupply.com\/wp-content\/uploads\/2023\/08\/55-4-768x768.jpg",768,768,true],"large":["https:\/\/suncasesupply.com\/wp-content\/uploads\/2023\/08\/55-4-1024x1024.jpg",1024,1024,true],"1536x1536":["https:\/\/suncasesupply.com\/wp-content\/uploads\/2023\/08\/55-4-1536x1536.jpg",1536,1536,true],"2048x2048":["https:\/\/suncasesupply.com\/wp-content\/uploads\/2023\/08\/55-4.jpg",1600,1600,false],"trp-custom-language-flag":["https:\/\/suncasesupply.com\/wp-content\/uploads\/2023\/08\/55-4.jpg",12,12,false],"woocommerce_thumbnail":["https:\/\/suncasesupply.com\/wp-content\/uploads\/2023\/08\/55-4-300x300.jpg",300,300,true],"woocommerce_single":["https:\/\/suncasesupply.com\/wp-content\/uploads\/2023\/08\/55-4-600x600.jpg",600,600,true],"woocommerce_gallery_thumbnail":["https:\/\/suncasesupply.com\/wp-content\/uploads\/2023\/08\/55-4-100x100.jpg",100,100,true]},"post_excerpt_stackable":"<p>Model : Z76<\/p>\n<p>Size: 660 x 559 x 355 mm<\/p>\n<p>MOQ: 5pcs<\/p>\n<p>Delivery Time : 15-25 Days<\/p>\n<p>Sample : Available<\/p>\n","category_list":"","author_info":{"name":"","url":""},"comments_num":"0 comentarios","_links":{"self":[{"href":"https:\/\/suncasesupply.com\/es\/wp-json\/wp\/v2\/product\/22097"}],"collection":[{"href":"https:\/\/suncasesupply.com\/es\/wp-json\/wp\/v2\/product"}],"about":[{"href":"https:\/\/suncasesupply.com\/es\/wp-json\/wp\/v2\/types\/product"}],"wp:featuredmedia":[{"embeddable":true,"href":"https:\/\/suncasesupply.com\/es\/wp-json\/wp\/v2\/media\/22098"}],"wp:attachment":[{"href":"https:\/\/suncasesupply.com\/es\/wp-json\/wp\/v2\/media?parent=22097"}],"wp:term":[{"taxonomy":"product_cat","embeddable":true,"href":"https:\/\/suncasesupply.com\/es\/wp-json\/wp\/v2\/product_cat?post=22097"},{"taxonomy":"product_tag","embeddable":true,"href":"https:\/\/suncasesupply.com\/es\/wp-json\/wp\/v2\/product_tag?post=22097"}],"curies":[{"name":"wp","href":"https:\/\/api.w.org\/{rel}","templated":true}]}}