{"id":21970,"date":"2023-08-30T09:56:30","date_gmt":"2023-08-30T01:56:30","guid":{"rendered":"https:\/\/suncasesupply.com\/?post_type=product&#038;p=21970"},"modified":"2025-02-26T11:08:35","modified_gmt":"2025-02-26T03:08:35","slug":"beauty-makeup-train-case-for-lady-portable-cosmetic-box-jewelry-organizer-lockable-with-keys-and-mirror-2-tier-trays","status":"publish","type":"product","link":"https:\/\/suncasesupply.com\/es\/product\/beauty-makeup-train-case-for-lady-portable-cosmetic-box-jewelry-organizer-lockable-with-keys-and-mirror-2-tier-trays\/","title":{"rendered":"Estuche de tren de maquillaje de belleza para mujer, caja de cosm\u00e9ticos port\u00e1til, organizador de joyas con cerradura con llaves y espejo, bandejas de 2 niveles"},"content":{"rendered":"<p>&nbsp;<\/p>\n<table width=\"774\">\n<tbody>\n<tr>\n<td width=\"177\">Art\u00edculo<\/td>\n<td width=\"597\">Estuche de maquillaje de aluminio<\/td>\n<\/tr>\n<tr>\n<td>Dimensi\u00f3n<\/td>\n<td><span class=\"a-list-item\">9,44 pulgadas x 6,69 pulgadas x 7 pulgadas<\/span> o Personalizar<\/td>\n<\/tr>\n<tr>\n<td>Colores<\/td>\n<td>Como muestran las im\u00e1genes o personalizar<\/td>\n<\/tr>\n<tr>\n<td>Materiales<\/td>\n<td>Aluminio, panel de ABS, tablero de MDF, forro de EVA\/espuma\/tela\/PU, herrajes<\/td>\n<\/tr>\n<tr>\n<td>Logo<\/td>\n<td>Logotipo de placa de metal, logotipo impreso, logotipo en relieve, logotipo l\u00e1ser<\/td>\n<\/tr>\n<tr>\n<td>tiempo de muestra<\/td>\n<td>7 d\u00edas<\/td>\n<\/tr>\n<tr>\n<td>Puerto de embarque<\/td>\n<td>Cant\u00f3n, Shenzhen<\/td>\n<\/tr>\n<tr>\n<td>T\u00e9rminos comerciales<\/td>\n<td>EXW, MANDO, CIF, DDU, DDP<\/td>\n<\/tr>\n<tr>\n<td>M\u00e9todos de pago<\/td>\n<td>T\/T, Efectivo, PayPal, Tarjeta de cr\u00e9dito<\/td>\n<\/tr>\n<\/tbody>\n<\/table>\n<p><span style=\"color: #003366;\">Caracter\u00edsticas:<\/span><\/p>\n<ul id=\"bullets\">\n<li class=\"a-spacing-mini\"><span class=\"a-list-item\">Estilo Beauty Rose Gold: este estuche de maquillaje tiene un toque elegante con una superficie de aluminio especialmente dise\u00f1ada en oro rosa. Regalo perfecto para mujeres y ni\u00f1as.<\/span><\/li>\n<li class=\"a-spacing-mini\"><span class=\"a-list-item\">Panel de espejo grande: la bandeja voladiza extensible de 2 niveles junto con el espejo adjunto en la bandeja superior brindan una gran comodidad para maquillarse. Se puede colocar f\u00e1cilmente sobre la mesa y utilizar el espejo para maquillarse.<\/span><\/li>\n<li class=\"a-spacing-mini\"><span class=\"a-list-item\">Duradero y protector: estuche de maquillaje de calidad profesional fabricado con aluminio reforzado de grado A en todo el marco y estructura para mayor durabilidad y protecci\u00f3n. Tama\u00f1o port\u00e1til: 9,44 pulgadas x 6,69 pulgadas x 7 pulgadas.<\/span><\/li>\n<li class=\"a-spacing-mini\"><span class=\"a-list-item\">Port\u00e1til y con cerradura: este estuche para cosm\u00e9ticos tiene un pr\u00e1ctico asa rosa antideslizante grande adjunta. Tambi\u00e9n se puede cerrar con llave para mayor privacidad y seguridad en caso de viajar.<\/span><\/li>\n<li class=\"a-spacing-mini\"><span class=\"a-list-item\">Espacioso y pr\u00e1ctico: el almacenamiento es flexible para adaptarse a varios tama\u00f1os de productos cosm\u00e9ticos, como l\u00e1pices labiales, delineadores de ojos, brochas de maquillaje, esmaltes y aceites esenciales. Hay un gran espacio inferior para paletas e incluso botellas de tama\u00f1o de viaje.<\/span><\/li>\n<\/ul>","protected":false},"excerpt":{"rendered":"<p>Modelo : Z73<\/p>\n<p>Tama\u00f1o:\u00a0 <span class=\"a-list-item\">9,44 pulgadas x 6,69 pulgadas x 7 pulgadas<\/span> o personalizado<\/p>\n<p>Cantidad m\u00ednima de pedido: 100 piezas<\/p>\n<p>Tiempo de entrega: 15-25 d\u00edas<\/p>\n<p>Muestra: Disponible<\/p>","protected":false},"featured_media":21976,"template":"","meta":{"_gspb_post_css":""},"product_cat":[96],"product_tag":[],"featured_image_urls":{"full":["https:\/\/suncasesupply.com\/wp-content\/uploads\/2023\/08\/10-13.jpg",1500,1500,false],"thumbnail":["https:\/\/suncasesupply.com\/wp-content\/uploads\/2023\/08\/10-13-150x150.jpg",150,150,true],"medium":["https:\/\/suncasesupply.com\/wp-content\/uploads\/2023\/08\/10-13-300x300.jpg",300,300,true],"medium_large":["https:\/\/suncasesupply.com\/wp-content\/uploads\/2023\/08\/10-13-768x768.jpg",768,768,true],"large":["https:\/\/suncasesupply.com\/wp-content\/uploads\/2023\/08\/10-13-1024x1024.jpg",1024,1024,true],"1536x1536":["https:\/\/suncasesupply.com\/wp-content\/uploads\/2023\/08\/10-13.jpg",1500,1500,false],"2048x2048":["https:\/\/suncasesupply.com\/wp-content\/uploads\/2023\/08\/10-13.jpg",1500,1500,false],"trp-custom-language-flag":["https:\/\/suncasesupply.com\/wp-content\/uploads\/2023\/08\/10-13.jpg",12,12,false],"woocommerce_thumbnail":["https:\/\/suncasesupply.com\/wp-content\/uploads\/2023\/08\/10-13-300x300.jpg",300,300,true],"woocommerce_single":["https:\/\/suncasesupply.com\/wp-content\/uploads\/2023\/08\/10-13-600x600.jpg",600,600,true],"woocommerce_gallery_thumbnail":["https:\/\/suncasesupply.com\/wp-content\/uploads\/2023\/08\/10-13-100x100.jpg",100,100,true]},"post_excerpt_stackable":"<p>Model : Z73<\/p>\n<p>Size:\u00a0 <span class=\"a-list-item\">9.44 inch x 6.69 inch x 7 inch<\/span> or Customized<\/p>\n<p>MOQ: 100pcs<\/p>\n<p>Delivery Time : 15-25 Days<\/p>\n<p>Sample : Available<\/p>\n","category_list":"","author_info":{"name":"","url":""},"comments_num":"0 comentarios","_links":{"self":[{"href":"https:\/\/suncasesupply.com\/es\/wp-json\/wp\/v2\/product\/21970"}],"collection":[{"href":"https:\/\/suncasesupply.com\/es\/wp-json\/wp\/v2\/product"}],"about":[{"href":"https:\/\/suncasesupply.com\/es\/wp-json\/wp\/v2\/types\/product"}],"wp:featuredmedia":[{"embeddable":true,"href":"https:\/\/suncasesupply.com\/es\/wp-json\/wp\/v2\/media\/21976"}],"wp:attachment":[{"href":"https:\/\/suncasesupply.com\/es\/wp-json\/wp\/v2\/media?parent=21970"}],"wp:term":[{"taxonomy":"product_cat","embeddable":true,"href":"https:\/\/suncasesupply.com\/es\/wp-json\/wp\/v2\/product_cat?post=21970"},{"taxonomy":"product_tag","embeddable":true,"href":"https:\/\/suncasesupply.com\/es\/wp-json\/wp\/v2\/product_tag?post=21970"}],"curies":[{"name":"wp","href":"https:\/\/api.w.org\/{rel}","templated":true}]}}