{"id":21959,"date":"2023-08-30T09:20:24","date_gmt":"2023-08-30T01:20:24","guid":{"rendered":"https:\/\/suncasesupply.com\/?post_type=product&#038;p=21959"},"modified":"2025-02-26T11:08:50","modified_gmt":"2025-02-26T03:08:50","slug":"pro-aluminum-makeup-train-case-portable-jewelry-storage-box-with-trays","status":"publish","type":"product","link":"https:\/\/suncasesupply.com\/es\/product\/pro-aluminum-makeup-train-case-portable-jewelry-storage-box-with-trays\/","title":{"rendered":"Caja de almacenamiento de joyer\u00eda port\u00e1til con estuche de tren de maquillaje de aluminio profesional con bandejas"},"content":{"rendered":"<p>&nbsp;<\/p>\n<table width=\"774\">\n<tbody>\n<tr>\n<td width=\"177\">Art\u00edculo<\/td>\n<td width=\"597\">Estuche de maquillaje de aluminio<\/td>\n<\/tr>\n<tr>\n<td>Dimensi\u00f3n<\/td>\n<td>20 x 20 x 15 cm\/Personalizado<\/td>\n<\/tr>\n<tr>\n<td>Colores<\/td>\n<td>Como muestran las im\u00e1genes o personalizar<\/td>\n<\/tr>\n<tr>\n<td>Materiales<\/td>\n<td>Aluminio, panel de ABS, tablero de MDF, forro de EVA\/espuma\/tela\/PU, herrajes<\/td>\n<\/tr>\n<tr>\n<td>Logo<\/td>\n<td>Logotipo de placa de metal, logotipo impreso, logotipo en relieve, logotipo l\u00e1ser<\/td>\n<\/tr>\n<tr>\n<td>tiempo de muestra<\/td>\n<td>7 d\u00edas<\/td>\n<\/tr>\n<tr>\n<td>Puerto de embarque<\/td>\n<td>Cant\u00f3n, Shenzhen<\/td>\n<\/tr>\n<tr>\n<td>T\u00e9rminos comerciales<\/td>\n<td>EXW, MANDO, CIF, DDU, DDP<\/td>\n<\/tr>\n<tr>\n<td>M\u00e9todos de pago<\/td>\n<td>T\/T, Efectivo, PayPal, Tarjeta de cr\u00e9dito<\/td>\n<\/tr>\n<\/tbody>\n<\/table>\n<p><span style=\"color: #003366;\">Caracter\u00edsticas:<\/span><\/p>\n<p>Este estuche de maquillaje est\u00e1 hecho de aluminio de alta calidad y tablero MDF, por lo que su estructura es ideal para almacenamiento.<br \/>\nSuficiente capacidad de almacenamiento: este estuche es flexible para caber en varios tama\u00f1os de productos, como art\u00edculos de tocador, cosm\u00e9ticos, esmalte de u\u00f1as, aceites esenciales, joyas, brochas de maquillaje y herramientas para el cabello. Hay divisores extra\u00edbles en las bandejas superiores, puedes ordenar diferentes cosas en diferentes compartimentos.<br \/>\nPort\u00e1til y seguro: el estuche de maquillaje tiene un asa grande antideslizante, te sentir\u00e1s m\u00e1s c\u00f3modo sosteni\u00e9ndolo. Tambi\u00e9n dispone de cerradura con llave para mayor privacidad y seguridad en caso de viajar.<br \/>\nEl interior es f\u00e1cil de limpiar: el interior de este estuche est\u00e1 hecho de pl\u00e1stico tanto en la bandeja como en la parte inferior del estuche. Si accidentalmente mancha el estuche con maquillaje, solo necesita usar un pa\u00f1o h\u00famedo para limpiar la superficie. Quedar\u00e1 como nuevo.<\/p>","protected":false},"excerpt":{"rendered":"<p>Modelo: BL-0053<\/p>\n<p>Tama\u00f1o: 20 x 20 x 15 cm o tama\u00f1o personalizado<\/p>\n<p>Cantidad m\u00ednima de pedido: 100 piezas<\/p>\n<p>Tiempo de entrega: 15-25 d\u00edas<\/p>\n<p>Muestra: Disponible<\/p>","protected":false},"featured_media":21971,"template":"","meta":{"_gspb_post_css":""},"product_cat":[96],"product_tag":[],"featured_image_urls":{"full":["https:\/\/suncasesupply.com\/wp-content\/uploads\/2023\/08\/1-1-6.jpg",800,800,false],"thumbnail":["https:\/\/suncasesupply.com\/wp-content\/uploads\/2023\/08\/1-1-6-150x150.jpg",150,150,true],"medium":["https:\/\/suncasesupply.com\/wp-content\/uploads\/2023\/08\/1-1-6-300x300.jpg",300,300,true],"medium_large":["https:\/\/suncasesupply.com\/wp-content\/uploads\/2023\/08\/1-1-6-768x768.jpg",768,768,true],"large":["https:\/\/suncasesupply.com\/wp-content\/uploads\/2023\/08\/1-1-6.jpg",800,800,false],"1536x1536":["https:\/\/suncasesupply.com\/wp-content\/uploads\/2023\/08\/1-1-6.jpg",800,800,false],"2048x2048":["https:\/\/suncasesupply.com\/wp-content\/uploads\/2023\/08\/1-1-6.jpg",800,800,false],"trp-custom-language-flag":["https:\/\/suncasesupply.com\/wp-content\/uploads\/2023\/08\/1-1-6.jpg",12,12,false],"woocommerce_thumbnail":["https:\/\/suncasesupply.com\/wp-content\/uploads\/2023\/08\/1-1-6-300x300.jpg",300,300,true],"woocommerce_single":["https:\/\/suncasesupply.com\/wp-content\/uploads\/2023\/08\/1-1-6-600x600.jpg",600,600,true],"woocommerce_gallery_thumbnail":["https:\/\/suncasesupply.com\/wp-content\/uploads\/2023\/08\/1-1-6-100x100.jpg",100,100,true]},"post_excerpt_stackable":"<p>Model : BL-0053<\/p>\n<p>Size: 20 x 20 x 15 cm or Customized Size<\/p>\n<p>MOQ: 100pcs<\/p>\n<p>Delivery Time : 15-25 Days<\/p>\n<p>Sample : Available<\/p>\n","category_list":"","author_info":{"name":"","url":""},"comments_num":"0 comentarios","_links":{"self":[{"href":"https:\/\/suncasesupply.com\/es\/wp-json\/wp\/v2\/product\/21959"}],"collection":[{"href":"https:\/\/suncasesupply.com\/es\/wp-json\/wp\/v2\/product"}],"about":[{"href":"https:\/\/suncasesupply.com\/es\/wp-json\/wp\/v2\/types\/product"}],"wp:featuredmedia":[{"embeddable":true,"href":"https:\/\/suncasesupply.com\/es\/wp-json\/wp\/v2\/media\/21971"}],"wp:attachment":[{"href":"https:\/\/suncasesupply.com\/es\/wp-json\/wp\/v2\/media?parent=21959"}],"wp:term":[{"taxonomy":"product_cat","embeddable":true,"href":"https:\/\/suncasesupply.com\/es\/wp-json\/wp\/v2\/product_cat?post=21959"},{"taxonomy":"product_tag","embeddable":true,"href":"https:\/\/suncasesupply.com\/es\/wp-json\/wp\/v2\/product_tag?post=21959"}],"curies":[{"name":"wp","href":"https:\/\/api.w.org\/{rel}","templated":true}]}}