{"id":21919,"date":"2023-08-29T18:09:41","date_gmt":"2023-08-29T10:09:41","guid":{"rendered":"https:\/\/suncasesupply.com\/?post_type=product&#038;p=21919"},"modified":"2025-02-26T11:46:18","modified_gmt":"2025-02-26T03:46:18","slug":"cdj-djm-flight-case-fits-cdj-3000-cdj-2000nxs2-cdj-900nxs-xdj-1000mk2-sc6000-djm-750mk2-and-djm-900nxs2","status":"publish","type":"product","link":"https:\/\/suncasesupply.com\/es\/product\/cdj-djm-flight-case-fits-cdj-3000-cdj-2000nxs2-cdj-900nxs-xdj-1000mk2-sc6000-djm-750mk2-and-djm-900nxs2\/","title":{"rendered":"Estuche de vuelo CDJ\/DJM compatible con CDJ-3000 CDJ-2000NXS2 CDJ-900NXS XDJ-1000MK2 SC6000 DJM-750MK2 y DJM-900NXS2"},"content":{"rendered":"<p>&nbsp;<\/p>\n<table width=\"774\">\n<tbody>\n<tr>\n<td width=\"177\">Art\u00edculo<\/td>\n<td width=\"597\">caso de DJ<\/td>\n<\/tr>\n<tr>\n<td>Dimensi\u00f3n<\/td>\n<td>58 x 40,3 x 22,2 cm o Personalizar<\/td>\n<\/tr>\n<tr>\n<td>Colores<\/td>\n<td>Como muestran las im\u00e1genes o personalizar<\/td>\n<\/tr>\n<tr>\n<td>Materiales<\/td>\n<td>Aluminio, madera contrachapada, EVA\/espuma\/tela\/revestimiento de PU, herrajes<\/td>\n<\/tr>\n<tr>\n<td>Logo<\/td>\n<td>Logotipo de placa de metal, logotipo impreso, logotipo en relieve, logotipo l\u00e1ser<\/td>\n<\/tr>\n<tr>\n<td>tiempo de muestra<\/td>\n<td>7 d\u00edas<\/td>\n<\/tr>\n<tr>\n<td>Puerto de embarque<\/td>\n<td>Cant\u00f3n, Shenzhen<\/td>\n<\/tr>\n<tr>\n<td>T\u00e9rminos comerciales<\/td>\n<td>EXW, MANDO, CIF, DDU, DDP<\/td>\n<\/tr>\n<tr>\n<td>M\u00e9todos de pago<\/td>\n<td>T\/T, Efectivo, PayPal, Tarjeta de cr\u00e9dito<\/td>\n<\/tr>\n<\/tbody>\n<\/table>\n<p><span style=\"color: #003366;\">Caracter\u00edsticas:<\/span><\/p>\n<ul class=\"a-unordered-list a-vertical a-spacing-mini\">\n<li class=\"a-spacing-mini\"><span class=\"a-list-item\">Se adapta a la mayor\u00eda de reproductores multimedia y mezcladores de clubes est\u00e1ndar de Pioneer, Denon, Allen &amp; Heath y m\u00e1s, como CDJ-3000, CDJ-2000NXS2, CDJ-900NXS, XDJ-1000MK2, SC5000, SC5000M, SC6000, SC6000M, X1800 Prime, X1850. Prime, DJM-750MK2, DJM-900NXS2, Xone62, Xone92 y m\u00e1s<\/span><\/li>\n<li class=\"a-spacing-mini\"><span class=\"a-list-item\">Construcci\u00f3n resistente dise\u00f1ada para soportar los rigores de la carretera, que incluye madera contrachapada de 3\/8\u201d (9 mm) con exterior laminado hexagonal resistente e interior revestido de espuma de alta densidad, esquinas esf\u00e9ricas de acero de alta resistencia, perfiles de aluminio, acolchado empotrado con resorte. manijas, pestillos de mariposa empotrados con grapas para candados, forro interior de espuma de alta densidad y almohadillas de espuma debajo de la tapa para proteger los atenuadores y las perillas<\/span><\/li>\n<li class=\"a-spacing-mini\"><span class=\"a-list-item\">Adem\u00e1s de brindar la m\u00e1xima protecci\u00f3n para su equipo, el Headliner CDJ\/DJM Flight Case est\u00e1 dise\u00f1ado para ser f\u00e1cil de usar, cuenta con una tapa con leng\u00fceta y ranura de f\u00e1cil bloqueo y tiene un amplio espacio interior para la gesti\u00f3n de cables.<\/span><\/li>\n<li class=\"a-spacing-mini\"><span class=\"a-list-item\">Viene con almohadillas de espuma extra\u00edbles para adaptarse a varios modelos.<\/span><\/li>\n<li class=\"a-spacing-mini\"><span class=\"a-list-item\">Dimensiones externas: 22 3\/4\u201d x 15 7\/8\u201d x 8 3\/4\u201d \u2013 Dimensiones internas: 16 3\/4\u201d x 13\u201d x 6 1\/4\u201d \u2013 Peso: 17 lb<\/span><\/li>\n<\/ul>","protected":false},"excerpt":{"rendered":"<p>Modelo : Z68<\/p>\n<p>Tama\u00f1o: 58x40,3x22,2cm<\/p>\n<p>Cantidad m\u00ednima de pedido: 100 piezas<\/p>\n<p>Tiempo de entrega: 15-25 d\u00edas<\/p>\n<p>Muestra: Disponible<\/p>","protected":false},"featured_media":21920,"template":"","meta":{"_gspb_post_css":""},"product_cat":[93],"product_tag":[],"featured_image_urls":{"full":["https:\/\/suncasesupply.com\/wp-content\/uploads\/2023\/08\/10-12.jpg",1222,1222,false],"thumbnail":["https:\/\/suncasesupply.com\/wp-content\/uploads\/2023\/08\/10-12-150x150.jpg",150,150,true],"medium":["https:\/\/suncasesupply.com\/wp-content\/uploads\/2023\/08\/10-12-300x300.jpg",300,300,true],"medium_large":["https:\/\/suncasesupply.com\/wp-content\/uploads\/2023\/08\/10-12-768x768.jpg",768,768,true],"large":["https:\/\/suncasesupply.com\/wp-content\/uploads\/2023\/08\/10-12-1024x1024.jpg",1024,1024,true],"1536x1536":["https:\/\/suncasesupply.com\/wp-content\/uploads\/2023\/08\/10-12.jpg",1222,1222,false],"2048x2048":["https:\/\/suncasesupply.com\/wp-content\/uploads\/2023\/08\/10-12.jpg",1222,1222,false],"trp-custom-language-flag":["https:\/\/suncasesupply.com\/wp-content\/uploads\/2023\/08\/10-12.jpg",12,12,false],"woocommerce_thumbnail":["https:\/\/suncasesupply.com\/wp-content\/uploads\/2023\/08\/10-12-300x300.jpg",300,300,true],"woocommerce_single":["https:\/\/suncasesupply.com\/wp-content\/uploads\/2023\/08\/10-12-600x600.jpg",600,600,true],"woocommerce_gallery_thumbnail":["https:\/\/suncasesupply.com\/wp-content\/uploads\/2023\/08\/10-12-100x100.jpg",100,100,true]},"post_excerpt_stackable":"<p>Model : Z68<\/p>\n<p>Size: 58 x 40.3 x 22.2 cm<\/p>\n<p>MOQ: 100pcs<\/p>\n<p>Delivery Time : 15-25 Days<\/p>\n<p>Sample : Available<\/p>\n","category_list":"","author_info":{"name":"","url":""},"comments_num":"0 comentarios","_links":{"self":[{"href":"https:\/\/suncasesupply.com\/es\/wp-json\/wp\/v2\/product\/21919"}],"collection":[{"href":"https:\/\/suncasesupply.com\/es\/wp-json\/wp\/v2\/product"}],"about":[{"href":"https:\/\/suncasesupply.com\/es\/wp-json\/wp\/v2\/types\/product"}],"wp:featuredmedia":[{"embeddable":true,"href":"https:\/\/suncasesupply.com\/es\/wp-json\/wp\/v2\/media\/21920"}],"wp:attachment":[{"href":"https:\/\/suncasesupply.com\/es\/wp-json\/wp\/v2\/media?parent=21919"}],"wp:term":[{"taxonomy":"product_cat","embeddable":true,"href":"https:\/\/suncasesupply.com\/es\/wp-json\/wp\/v2\/product_cat?post=21919"},{"taxonomy":"product_tag","embeddable":true,"href":"https:\/\/suncasesupply.com\/es\/wp-json\/wp\/v2\/product_tag?post=21919"}],"curies":[{"name":"wp","href":"https:\/\/api.w.org\/{rel}","templated":true}]}}