{"id":21862,"date":"2023-08-29T16:36:14","date_gmt":"2023-08-29T08:36:14","guid":{"rendered":"https:\/\/suncasesupply.com\/?post_type=product&#038;p=21862"},"modified":"2025-02-26T11:51:15","modified_gmt":"2025-02-26T03:51:15","slug":"55-60-65-inch-tv-flight-case-double-screens-monitor-road-case","status":"publish","type":"product","link":"https:\/\/suncasesupply.com\/es\/product\/55-60-65-inch-tv-flight-case-double-screens-monitor-road-case\/","title":{"rendered":"55 60 caso del camino del monitor de las pantallas dobles del caso del vuelo de TV de 65 pulgadas"},"content":{"rendered":"<h4><span style=\"color: #003366;\">Caracter\u00edsticas:<\/span><\/h4>\n<ul>\n<li><strong><b>Seguridad:<\/b><\/strong> Este estuche de transporte para TV adopta un dise\u00f1o estructural resistente, est\u00e1 hecho de madera contrachapada de 9 mm o 12 mm de espesor y est\u00e1 equipado con un acolchado de EVA en el interior, que puede proteger bien las pantallas de su TV. Tambi\u00e9n est\u00e1 equipado con accesorios resistentes y resistentes, como un marco de aluminio, esquinas, cierres de mariposa, etc., que tienen un cierto grado de anticolisi\u00f3n y pueden garantizar que su TV no se da\u00f1e durante el uso diario y el transporte. Por lo tanto, este estuche es un almacenamiento seguro para la pantalla de su TV.<\/li>\n<li><strong><b>Conveniencia:<\/b><\/strong> Los cierres de mariposa hacen que sus cubiertas sean extra\u00edbles, tanto por delante como por detr\u00e1s, para que puedas acceder f\u00e1cilmente a tus televisores. Est\u00e1 equipado con cuatro ruedas de alta resistencia, dos de las cuales se pueden bloquear, lo que hace que este estuche sea m\u00f3vil y estable. Por lo tanto, puede satisfacer las necesidades de escenas de actuaci\u00f3n en diferentes distancias y entornos, lo que resulta muy conveniente.<\/li>\n<li><strong><b>Almacenamiento perfecto para TV<\/b><\/strong><strong><b>: <\/b><\/strong>Nuestro estuche de transporte proporciona una excelente soluci\u00f3n de almacenamiento para sus televisores, adecuado para pantallas de TV de varias marcas y tama\u00f1os. Un estuche puede albergar dos televisores, por supuesto, si desea albergar m\u00e1s televisores, tambi\u00e9n podemos personalizar la capacidad espec\u00edficamente para usted. Los materiales resistentes de buena calidad le otorgan una buena capacidad de carga, lo que puede garantizar la seguridad del televisor. Es una opci\u00f3n confiable para profesionales.<\/li>\n<\/ul>\n<h4><span style=\"color: #003366;\">Detalles del producto:<\/span><\/h4>\n<div style=\"display: flex; gap: 20px;\">\n<p><!-- \u7b2c\u4e00\u680f --><\/p>\n<div style=\"flex: 1; text-align: center;\">\n<p><img decoding=\"async\" style=\"max-width: 100%; height: auto; margin-bottom: 10px;\" src=\"https:\/\/suncasesupply.com\/wp-content\/uploads\/2024\/12\/1-Customized-and-Protective-foam.webp\" alt=\"Espuma personalizada y protectora\" \/><\/p>\n<p style=\"font-weight: bold; margin: 5px 0;\">Espuma personalizada y protectora<\/p>\n<p style=\"margin: 0;\">Este estuche de transporte est\u00e1 revestido con un acolchado de espuma r\u00edgida y protectora de alta densidad en el interior, que puede proteger las pantallas de su televisor de da\u00f1os. El espacio interior est\u00e1 completamente personalizado de acuerdo con sus televisores, lo que evita que su televisor se mueva durante el traslado y es el almacenamiento perfecto para el transporte de larga distancia.<\/p>\n<\/div>\n<p><!-- \u7b2c\u4e8c\u680f --><\/p>\n<div style=\"flex: 1; text-align: center;\">\n<p><img decoding=\"async\" style=\"max-width: 100%; height: auto; margin-bottom: 10px;\" src=\"https:\/\/suncasesupply.com\/wp-content\/uploads\/2024\/12\/2-Casters.webp\" alt=\"Ruedas\" \/><\/p>\n<p style=\"font-weight: bold; margin: 5px 0;\">Ruedas<\/p>\n<p style=\"margin: 0;\">Est\u00e1 equipado con cuatro ruedas de alta resistencia, dos de las cuales se pueden bloquear, lo que hace que este estuche sea m\u00f3vil y estable. Adem\u00e1s, las ruedas est\u00e1n hechas de hierro y caucho de buena calidad, que son resistentes y duraderas.<\/p>\n<\/div>\n<p><!-- \u7b2c\u4e09\u680f --><\/p>\n<div style=\"flex: 1; text-align: center;\">\n<p><img decoding=\"async\" style=\"max-width: 100%; height: auto; margin-bottom: 10px;\" src=\"https:\/\/suncasesupply.com\/wp-content\/uploads\/2024\/12\/3-Secure-Locking-System.webp\" alt=\"Sistema de bloqueo seguro\" \/><\/p>\n<p style=\"font-weight: bold; margin: 5px 0;\">Sistema de bloqueo seguro<\/p>\n<p style=\"margin: 0;\">Cuenta con un mecanismo de bloqueo estilo mariposa con orificios para candados para mantener sus pantallas seguras. Adem\u00e1s, sus candados tipo mariposa hacen que su cubierta sea removible por delante y por detr\u00e1s, para que pueda acceder f\u00e1cilmente a sus televisores.<\/p>\n<\/div>\n<p><!-- \u7b2c\u56db\u680f --><\/p>\n<div style=\"flex: 1; text-align: center;\">\n<p><img decoding=\"async\" style=\"max-width: 100%; height: auto; margin-bottom: 10px;\" src=\"https:\/\/suncasesupply.com\/wp-content\/uploads\/2024\/12\/4-Anti-collision-corners.webp\" alt=\"Esquinas anticolisi\u00f3n\" \/><\/p>\n<p style=\"font-weight: bold; margin: 5px 0;\">Esquinas anticolisi\u00f3n<\/p>\n<p style=\"margin: 0;\">Equipado con esquinas de metal resistentes y duraderas, mejora en gran medida la resistencia a la compresi\u00f3n y la durabilidad de la caja, lo que puede extender la vida \u00fatil de la caja y garantizar que la pantalla del televisor en el interior pueda estar bien protegida durante el transporte.<\/p>\n<\/div>\n<\/div>\n<h4><span style=\"color: #003366;\">Proceso de fabricaci\u00f3n de Flight Case para TV:<\/span><\/h4>\n<div style=\"display: flex; gap: 20px;\">\n<p><!-- \u7b2c\u4e00\u680f \u6d41\u7a0b1--><\/p>\n<div style=\"flex: 1; text-align: center;\">\n<p><img decoding=\"async\" style=\"max-width: 100%; height: auto; margin-bottom: 10px;\" src=\"https:\/\/suncasesupply.com\/wp-content\/uploads\/2024\/12\/1-Prepare-materials.webp\" alt=\"1-Preparar los materiales\" \/><\/p>\n<p style=\"font-weight: bold; margin: 5px 0;\">1. Preparar los materiales<\/p>\n<\/div>\n<p><!-- \u7b2c\u4e8c\u680f \u6d41\u7a0b2--><\/p>\n<div style=\"flex: 1; text-align: center;\">\n<p><img decoding=\"async\" style=\"max-width: 100%; height: auto; margin-bottom: 10px;\" src=\"https:\/\/suncasesupply.com\/wp-content\/uploads\/2024\/12\/2-Drill-Hole.webp\" alt=\"2 agujeros de perforaci\u00f3n\" \/><\/p>\n<p style=\"font-weight: bold; margin: 5px 0;\">2. Perforar un agujero<\/p>\n<\/div>\n<p><!-- \u7b2c\u4e09\u680f \u6d41\u7a0b3--><\/p>\n<div style=\"flex: 1; text-align: center;\">\n<p><img decoding=\"async\" style=\"max-width: 100%; height: auto; margin-bottom: 10px;\" src=\"https:\/\/suncasesupply.com\/wp-content\/uploads\/2024\/12\/3-Rivet.webp\" alt=\"3 remaches\" \/><\/p>\n<p style=\"font-weight: bold; margin: 5px 0;\">3. Remache<\/p>\n<\/div>\n<p><!-- \u7b2c\u56db\u680f \u6d41\u7a0b4--><\/p>\n<div style=\"flex: 1; text-align: center;\">\n<p><img decoding=\"async\" style=\"max-width: 100%; height: auto; margin-bottom: 10px;\" src=\"https:\/\/suncasesupply.com\/wp-content\/uploads\/2024\/12\/4-Assemble.webp\" alt=\"4-Montaje\" \/><\/p>\n<p style=\"font-weight: bold; margin: 5px 0;\">4. Ensamblar<\/p>\n<\/div>\n<\/div>\n<p>&nbsp;<\/p>\n<div style=\"display: flex; gap: 20px;\">\n<p><!-- \u7b2c\u4e00\u680f \u6d41\u7a0b5--><\/p>\n<div style=\"flex: 1; text-align: center;\">\n<p><img decoding=\"async\" style=\"max-width: 100%; height: auto; margin-bottom: 10px;\" src=\"https:\/\/suncasesupply.com\/wp-content\/uploads\/2024\/12\/5-glue-lining.webp\" alt=\"Forro de 5 pegamentos\" \/><\/p>\n<p style=\"font-weight: bold; margin: 5px 0;\">5. Forro de pegamento<\/p>\n<\/div>\n<p><!-- \u7b2c\u4e8c\u680f \u6d41\u7a0b6--><\/p>\n<div style=\"flex: 1; text-align: center;\">\n<p><img decoding=\"async\" style=\"max-width: 100%; height: auto; margin-bottom: 10px;\" src=\"https:\/\/suncasesupply.com\/wp-content\/uploads\/2024\/12\/6-Cleaning.webp\" alt=\"6-Limpieza\" \/><\/p>\n<p style=\"font-weight: bold; margin: 5px 0;\">6. Limpieza<\/p>\n<\/div>\n<p><!-- \u7b2c\u4e09\u680f \u6d41\u7a0b7--><\/p>\n<div style=\"flex: 1; text-align: center;\">\n<p><img decoding=\"async\" style=\"max-width: 100%; height: auto; margin-bottom: 10px;\" src=\"https:\/\/suncasesupply.com\/wp-content\/uploads\/2024\/12\/7-Package.webp\" alt=\"Paquete de 7\" \/><\/p>\n<p style=\"font-weight: bold; margin: 5px 0;\">7. Paquete<\/p>\n<\/div>\n<p><!-- \u7b2c\u56db\u680f \u6d41\u7a0b8--><\/p>\n<div style=\"flex: 1; text-align: center;\">\n<p><img decoding=\"async\" style=\"max-width: 100%; height: auto; margin-bottom: 10px;\" src=\"https:\/\/suncasesupply.com\/wp-content\/uploads\/2024\/12\/8-Loading.webp\" alt=\"8-Carga\" \/><\/p>\n<p style=\"font-weight: bold; margin: 5px 0;\">8. Cargando<\/p>\n<\/div>\n<\/div>\n<h4><span style=\"color: #003366;\">Informaci\u00f3n \u00fatil para compradores al por mayor:<\/span><\/h4>\n<ol>\n<li>\n<p class=\"page-title\" title=\"\u00bfCu\u00e1l es el mejor material para Flightcase?\"><a href=\"https:\/\/suncasesupply.com\/es\/blog\/flight-case\/best-material\/\">\u00bfCu\u00e1l es el mejor material para Flightcase?<\/a><\/p>\n<\/li>\n<li>\n<p class=\"page-title\" title=\"\u00bfQu\u00e9 hace que las tarjetas deportivas sean tan valiosas?\"><a href=\"https:\/\/suncasesupply.com\/es\/blog\/flight-case\/how-to-clean\/\">\u00bfC\u00f3mo se limpia un estuche de vuelo?<\/a><\/p>\n<\/li>\n<li>\n<p class=\"page-title\" title=\"C\u00f3mo elegir las mejores maletas de vuelo\"><a href=\"https:\/\/suncasesupply.com\/es\/blog\/flight-case\/how-to-choose\/\">C\u00f3mo elegir las mejores maletas de vuelo<\/a><\/p>\n<\/li>\n<li>\n<p class=\"page-title\" title=\"\u00bfSon seguras las maletas de vuelo?\"><a href=\"https:\/\/suncasesupply.com\/es\/blog\/flight-case\/safety\/\">\u00bfSon seguras las maletas de vuelo?<\/a><\/p>\n<\/li>\n<li>\n<p class=\"page-title\" title=\"\u00bfCu\u00e1l es el prop\u00f3sito de un Flight Case?\"><a href=\"https:\/\/suncasesupply.com\/es\/blog\/flight-case\/what-is-the-purpose\/\">\u00bfCu\u00e1l es el prop\u00f3sito de un Flight Case?<\/a><\/p>\n<\/li>\n<li>\n<p class=\"page-title\" title=\"Diferencias entre los casos EVA y ATA\"><a href=\"https:\/\/suncasesupply.com\/es\/blog\/the-differences-between-eva-and-ata-cases\/\">Diferencias entre los casos EVA y ATA<\/a><\/p>\n<\/li>\n<\/ol>","protected":false},"excerpt":{"rendered":"<p>Modelo : Z61<\/p>\n<p>Tama\u00f1o: Para televisores de 55\u201d a 85\u201d o personalizados<\/p>\n<p>Colores: Negro o personalizado<\/p>\n<p>Materiales: Aluminio, madera contrachapada, EVA.<\/p>\n<p>Logotipo: Logotipo en placa de metal, logotipo en serigraf\u00eda.<\/p>\n<p>Cantidad m\u00ednima de pedido: 5 piezas<\/p>","protected":false},"featured_media":21863,"template":"","meta":{"_gspb_post_css":""},"product_cat":[94],"product_tag":[],"featured_image_urls":{"full":["https:\/\/suncasesupply.com\/wp-content\/uploads\/2023\/08\/1-72.jpg",800,800,false],"thumbnail":["https:\/\/suncasesupply.com\/wp-content\/uploads\/2023\/08\/1-72-150x150.jpg",150,150,true],"medium":["https:\/\/suncasesupply.com\/wp-content\/uploads\/2023\/08\/1-72-300x300.jpg",300,300,true],"medium_large":["https:\/\/suncasesupply.com\/wp-content\/uploads\/2023\/08\/1-72-768x768.jpg",768,768,true],"large":["https:\/\/suncasesupply.com\/wp-content\/uploads\/2023\/08\/1-72.jpg",800,800,false],"1536x1536":["https:\/\/suncasesupply.com\/wp-content\/uploads\/2023\/08\/1-72.jpg",800,800,false],"2048x2048":["https:\/\/suncasesupply.com\/wp-content\/uploads\/2023\/08\/1-72.jpg",800,800,false],"trp-custom-language-flag":["https:\/\/suncasesupply.com\/wp-content\/uploads\/2023\/08\/1-72.jpg",12,12,false],"woocommerce_thumbnail":["https:\/\/suncasesupply.com\/wp-content\/uploads\/2023\/08\/1-72-300x300.jpg",300,300,true],"woocommerce_single":["https:\/\/suncasesupply.com\/wp-content\/uploads\/2023\/08\/1-72-600x600.jpg",600,600,true],"woocommerce_gallery_thumbnail":["https:\/\/suncasesupply.com\/wp-content\/uploads\/2023\/08\/1-72-100x100.jpg",100,100,true]},"post_excerpt_stackable":"<p>Model : Z61<\/p>\n<p>Size: For 55\u201d to 85\u201d TVs or Customized<\/p>\n<p>Colors: Black or customize<\/p>\n<p>Materials: Aluminum, plywood, EVA<\/p>\n<p>Logo: Metal plate logo, silk screen logo<\/p>\n<p>MOQ: 5pcs<\/p>\n","category_list":"","author_info":{"name":"","url":""},"comments_num":"0 comentarios","_links":{"self":[{"href":"https:\/\/suncasesupply.com\/es\/wp-json\/wp\/v2\/product\/21862"}],"collection":[{"href":"https:\/\/suncasesupply.com\/es\/wp-json\/wp\/v2\/product"}],"about":[{"href":"https:\/\/suncasesupply.com\/es\/wp-json\/wp\/v2\/types\/product"}],"wp:featuredmedia":[{"embeddable":true,"href":"https:\/\/suncasesupply.com\/es\/wp-json\/wp\/v2\/media\/21863"}],"wp:attachment":[{"href":"https:\/\/suncasesupply.com\/es\/wp-json\/wp\/v2\/media?parent=21862"}],"wp:term":[{"taxonomy":"product_cat","embeddable":true,"href":"https:\/\/suncasesupply.com\/es\/wp-json\/wp\/v2\/product_cat?post=21862"},{"taxonomy":"product_tag","embeddable":true,"href":"https:\/\/suncasesupply.com\/es\/wp-json\/wp\/v2\/product_tag?post=21862"}],"curies":[{"name":"wp","href":"https:\/\/api.w.org\/{rel}","templated":true}]}}