{"id":21836,"date":"2023-08-29T16:09:16","date_gmt":"2023-08-29T08:09:16","guid":{"rendered":"https:\/\/suncasesupply.com\/?post_type=product&#038;p=21836"},"modified":"2025-02-26T11:44:08","modified_gmt":"2025-02-26T03:44:08","slug":"photo-booth-printer-case-with-pullout-handle-and-wheels-trolley-flight-road-case-for-printer","status":"publish","type":"product","link":"https:\/\/suncasesupply.com\/es\/product\/photo-booth-printer-case-with-pullout-handle-and-wheels-trolley-flight-road-case-for-printer\/","title":{"rendered":"Estuche para impresora de fotomat\u00f3n con asa extra\u00edble y carrito con ruedas, estuche para impresora"},"content":{"rendered":"<p>&nbsp;<\/p>\n<table width=\"774\">\n<tbody>\n<tr>\n<td width=\"177\">Art\u00edculo<\/td>\n<td width=\"597\">Caso de vuelo<\/td>\n<\/tr>\n<tr>\n<td>Dimensi\u00f3n<\/td>\n<td>55,9 x 42,5 x 45,7 cm o Personalizar<\/td>\n<\/tr>\n<tr>\n<td>Colores<\/td>\n<td>Como muestran las im\u00e1genes o personalizar<\/td>\n<\/tr>\n<tr>\n<td>Materiales<\/td>\n<td>Aluminio, madera contrachapada, EVA\/espuma\/tela\/revestimiento de PU, herrajes<\/td>\n<\/tr>\n<tr>\n<td>Logo<\/td>\n<td>Logotipo de placa de metal, logotipo impreso, logotipo en relieve, logotipo l\u00e1ser<\/td>\n<\/tr>\n<tr>\n<td>tiempo de muestra<\/td>\n<td>7 d\u00edas<\/td>\n<\/tr>\n<tr>\n<td>Puerto de embarque<\/td>\n<td>Cant\u00f3n, Shenzhen<\/td>\n<\/tr>\n<tr>\n<td>T\u00e9rminos comerciales<\/td>\n<td>EXW, MANDO, CIF, DDU, DDP<\/td>\n<\/tr>\n<tr>\n<td>M\u00e9todos de pago<\/td>\n<td>T\/T, Efectivo, PayPal, Tarjeta de cr\u00e9dito<\/td>\n<\/tr>\n<\/tbody>\n<\/table>\n<p><span style=\"color: #003366;\">Caracter\u00edsticas:<\/span><\/p>\n<p>Almacene, proteja, transporte y utilice su HiTi P510 o una impresora de tama\u00f1o similar con el estuche de la impresora.<\/p>\n<p>Este estuche bien hecho cuenta con pestillos empotrados de alta resistencia, manijas dobles con resorte y un interior forrado de espuma. Debajo de la impresora hay espacio para guardar el cable de alimentaci\u00f3n. Las ruedas de esquina en combinaci\u00f3n con un mango telesc\u00f3pico extra\u00edble facilitan el desplazamiento sobre terreno plano. El estuche tiene pies de goma para mayor estabilidad vertical y mejor agarre.<\/p>\n<p>Tambi\u00e9n contiene las impresoras Hiti P510S y P510SI.<br \/>\nInterior completamente forrado de espuma<br \/>\nPestillos empotrados de alta resistencia y manijas dobles con resorte<br \/>\nEspacio para guardar el cable de alimentaci\u00f3n debajo de la impresora.<br \/>\nRuedas esquineras para un transporte c\u00f3modo<br \/>\nSaque el mango telesc\u00f3pico<br \/>\nEsquinas esf\u00e9ricas de alta resistencia<\/p>","protected":false},"excerpt":{"rendered":"<p>Modelo : Z59<\/p>\n<p>Tama\u00f1o: 55,9x42,5x45,7cm<\/p>\n<p>Cantidad m\u00ednima de pedido: 100 piezas<\/p>\n<p>Tiempo de entrega: 15-25 d\u00edas<\/p>\n<p>Muestra: Disponible<\/p>","protected":false},"featured_media":21837,"template":"","meta":{"_gspb_post_css":""},"product_cat":[88],"product_tag":[],"featured_image_urls":{"full":["https:\/\/suncasesupply.com\/wp-content\/uploads\/2023\/08\/1-70.jpg",1500,1500,false],"thumbnail":["https:\/\/suncasesupply.com\/wp-content\/uploads\/2023\/08\/1-70-150x150.jpg",150,150,true],"medium":["https:\/\/suncasesupply.com\/wp-content\/uploads\/2023\/08\/1-70-300x300.jpg",300,300,true],"medium_large":["https:\/\/suncasesupply.com\/wp-content\/uploads\/2023\/08\/1-70-768x768.jpg",768,768,true],"large":["https:\/\/suncasesupply.com\/wp-content\/uploads\/2023\/08\/1-70-1024x1024.jpg",1024,1024,true],"1536x1536":["https:\/\/suncasesupply.com\/wp-content\/uploads\/2023\/08\/1-70.jpg",1500,1500,false],"2048x2048":["https:\/\/suncasesupply.com\/wp-content\/uploads\/2023\/08\/1-70.jpg",1500,1500,false],"trp-custom-language-flag":["https:\/\/suncasesupply.com\/wp-content\/uploads\/2023\/08\/1-70.jpg",12,12,false],"woocommerce_thumbnail":["https:\/\/suncasesupply.com\/wp-content\/uploads\/2023\/08\/1-70-300x300.jpg",300,300,true],"woocommerce_single":["https:\/\/suncasesupply.com\/wp-content\/uploads\/2023\/08\/1-70-600x600.jpg",600,600,true],"woocommerce_gallery_thumbnail":["https:\/\/suncasesupply.com\/wp-content\/uploads\/2023\/08\/1-70-100x100.jpg",100,100,true]},"post_excerpt_stackable":"<p>Model : Z59<\/p>\n<p>Size: 55.9 x 42.5 x 45.7 cm<\/p>\n<p>MOQ: 100pcs<\/p>\n<p>Delivery Time : 15-25 Days<\/p>\n<p>Sample : Available<\/p>\n","category_list":"","author_info":{"name":"","url":""},"comments_num":"0 comentarios","_links":{"self":[{"href":"https:\/\/suncasesupply.com\/es\/wp-json\/wp\/v2\/product\/21836"}],"collection":[{"href":"https:\/\/suncasesupply.com\/es\/wp-json\/wp\/v2\/product"}],"about":[{"href":"https:\/\/suncasesupply.com\/es\/wp-json\/wp\/v2\/types\/product"}],"wp:featuredmedia":[{"embeddable":true,"href":"https:\/\/suncasesupply.com\/es\/wp-json\/wp\/v2\/media\/21837"}],"wp:attachment":[{"href":"https:\/\/suncasesupply.com\/es\/wp-json\/wp\/v2\/media?parent=21836"}],"wp:term":[{"taxonomy":"product_cat","embeddable":true,"href":"https:\/\/suncasesupply.com\/es\/wp-json\/wp\/v2\/product_cat?post=21836"},{"taxonomy":"product_tag","embeddable":true,"href":"https:\/\/suncasesupply.com\/es\/wp-json\/wp\/v2\/product_tag?post=21836"}],"curies":[{"name":"wp","href":"https:\/\/api.w.org\/{rel}","templated":true}]}}