{"id":21805,"date":"2023-08-29T15:19:55","date_gmt":"2023-08-29T07:19:55","guid":{"rendered":"https:\/\/suncasesupply.com\/?post_type=product&#038;p=21805"},"modified":"2025-02-26T11:44:20","modified_gmt":"2025-02-26T03:44:20","slug":"custom-made-keyboard-flight-case-with-heavy-duty-hardware","status":"publish","type":"product","link":"https:\/\/suncasesupply.com\/es\/product\/custom-made-keyboard-flight-case-with-heavy-duty-hardware\/","title":{"rendered":"Flight Case para teclado hecho a medida con hardware resistente"},"content":{"rendered":"<p>&nbsp;<\/p>\n<table width=\"774\">\n<tbody>\n<tr>\n<td width=\"177\">Art\u00edculo<\/td>\n<td width=\"597\">Caso de vuelo<\/td>\n<\/tr>\n<tr>\n<td>Dimensi\u00f3n<\/td>\n<td>Personalizar<\/td>\n<\/tr>\n<tr>\n<td>Colores<\/td>\n<td>Como muestran las im\u00e1genes o personalizar<\/td>\n<\/tr>\n<tr>\n<td>Materiales<\/td>\n<td>Aluminio, madera contrachapada, EVA\/espuma\/tela\/revestimiento de PU, herrajes<\/td>\n<\/tr>\n<tr>\n<td>Logo<\/td>\n<td>Logotipo de placa de metal, logotipo impreso, logotipo en relieve, logotipo l\u00e1ser<\/td>\n<\/tr>\n<tr>\n<td>tiempo de muestra<\/td>\n<td>7 d\u00edas<\/td>\n<\/tr>\n<tr>\n<td>Puerto de embarque<\/td>\n<td>Cant\u00f3n, Shenzhen<\/td>\n<\/tr>\n<tr>\n<td>T\u00e9rminos comerciales<\/td>\n<td>EXW, MANDO, CIF, DDU, DDP<\/td>\n<\/tr>\n<tr>\n<td>M\u00e9todos de pago<\/td>\n<td>T\/T, Efectivo, PayPal, Tarjeta de cr\u00e9dito<\/td>\n<\/tr>\n<\/tbody>\n<\/table>\n<p><span style=\"color: #003366;\">Caracter\u00edsticas:<\/span><\/p>\n<p>Los Flight Cases para teclado est\u00e1n fabricados con altos est\u00e1ndares de calidad. Es fuerte pero tambi\u00e9n liviano, lo que los hace ideales para proteger su valioso instrumento mientras toca o est\u00e1 de gira. Su construcci\u00f3n Astraboard de 7 mm y sus ruedas de arrastre hacen que sea f\u00e1cil de manejar, lo que significa menos problemas para transportar su instrumento a los lugares.<\/p>\n<p>Construcci\u00f3n de maleta de vuelo Astraboard de 7 mm, resistente y liviana.<br \/>\nEsquinas de acero y extrusi\u00f3n de aluminio.<br \/>\nCierres de mariposa empotrados con cerradura con candado<br \/>\nCompartimento principal acolchado con espacios de elevaci\u00f3n para retirar f\u00e1cilmente el teclado<br \/>\nCompartimento adicional de 100 mm de ancho para cables, pedales y accesorios<br \/>\nRuedas de arrastre integradas (opcional)<br \/>\nTapa con bisagras con soportes para sostener la tapa justo despu\u00e9s de los 90 grados.<br \/>\nAsas de transporte y asas de arrastre con resortes de acero.<br \/>\nSe suministra con espuma adaptable para brindar protecci\u00f3n adicional a su teclado.<\/p>","protected":false},"excerpt":{"rendered":"<p>Modelo : Z57<\/p>\n<p>Tama\u00f1o: Personalizar<\/p>\n<p>Cantidad m\u00ednima de pedido: 100 piezas<\/p>\n<p>Tiempo de entrega: 15-25 d\u00edas<\/p>\n<p>Muestra: Disponible<\/p>","protected":false},"featured_media":21813,"template":"","meta":{"_gspb_post_css":""},"product_cat":[88],"product_tag":[],"featured_image_urls":{"full":["https:\/\/suncasesupply.com\/wp-content\/uploads\/2023\/08\/1-9.png",1001,1001,false],"thumbnail":["https:\/\/suncasesupply.com\/wp-content\/uploads\/2023\/08\/1-9-150x150.png",150,150,true],"medium":["https:\/\/suncasesupply.com\/wp-content\/uploads\/2023\/08\/1-9-300x300.png",300,300,true],"medium_large":["https:\/\/suncasesupply.com\/wp-content\/uploads\/2023\/08\/1-9-768x768.png",768,768,true],"large":["https:\/\/suncasesupply.com\/wp-content\/uploads\/2023\/08\/1-9.png",1001,1001,false],"1536x1536":["https:\/\/suncasesupply.com\/wp-content\/uploads\/2023\/08\/1-9.png",1001,1001,false],"2048x2048":["https:\/\/suncasesupply.com\/wp-content\/uploads\/2023\/08\/1-9.png",1001,1001,false],"trp-custom-language-flag":["https:\/\/suncasesupply.com\/wp-content\/uploads\/2023\/08\/1-9.png",12,12,false],"woocommerce_thumbnail":["https:\/\/suncasesupply.com\/wp-content\/uploads\/2023\/08\/1-9-300x300.png",300,300,true],"woocommerce_single":["https:\/\/suncasesupply.com\/wp-content\/uploads\/2023\/08\/1-9-600x600.png",600,600,true],"woocommerce_gallery_thumbnail":["https:\/\/suncasesupply.com\/wp-content\/uploads\/2023\/08\/1-9-100x100.png",100,100,true]},"post_excerpt_stackable":"<p>Model : Z57<\/p>\n<p>Size: Customize<\/p>\n<p>MOQ: 100pcs<\/p>\n<p>Delivery Time : 15-25 Days<\/p>\n<p>Sample : Available<\/p>\n","category_list":"","author_info":{"name":"","url":""},"comments_num":"0 comentarios","_links":{"self":[{"href":"https:\/\/suncasesupply.com\/es\/wp-json\/wp\/v2\/product\/21805"}],"collection":[{"href":"https:\/\/suncasesupply.com\/es\/wp-json\/wp\/v2\/product"}],"about":[{"href":"https:\/\/suncasesupply.com\/es\/wp-json\/wp\/v2\/types\/product"}],"wp:featuredmedia":[{"embeddable":true,"href":"https:\/\/suncasesupply.com\/es\/wp-json\/wp\/v2\/media\/21813"}],"wp:attachment":[{"href":"https:\/\/suncasesupply.com\/es\/wp-json\/wp\/v2\/media?parent=21805"}],"wp:term":[{"taxonomy":"product_cat","embeddable":true,"href":"https:\/\/suncasesupply.com\/es\/wp-json\/wp\/v2\/product_cat?post=21805"},{"taxonomy":"product_tag","embeddable":true,"href":"https:\/\/suncasesupply.com\/es\/wp-json\/wp\/v2\/product_tag?post=21805"}],"curies":[{"name":"wp","href":"https:\/\/api.w.org\/{rel}","templated":true}]}}