{"id":21790,"date":"2023-08-29T15:08:35","date_gmt":"2023-08-29T07:08:35","guid":{"rendered":"https:\/\/suncasesupply.com\/?post_type=product&#038;p=21790"},"modified":"2025-02-26T11:51:22","modified_gmt":"2025-02-26T03:51:22","slug":"benq-sw321c-32-inch-computer-screen-monitor-flight-case","status":"publish","type":"product","link":"https:\/\/suncasesupply.com\/es\/product\/benq-sw321c-32-inch-computer-screen-monitor-flight-case\/","title":{"rendered":"BENQ SW321C Estuche de vuelo para monitor de pantalla de computadora de 32 pulgadas"},"content":{"rendered":"<p>&nbsp;<\/p>\n<table width=\"774\">\n<tbody>\n<tr>\n<td width=\"177\">Art\u00edculo<\/td>\n<td width=\"597\">Caso de vuelo<\/td>\n<\/tr>\n<tr>\n<td>Dimensi\u00f3n<\/td>\n<td>Personalizar<\/td>\n<\/tr>\n<tr>\n<td>Colores<\/td>\n<td>Como muestran las im\u00e1genes o personalizar<\/td>\n<\/tr>\n<tr>\n<td>Materiales<\/td>\n<td>Aluminio, madera contrachapada, EVA\/espuma\/tela\/revestimiento de PU, herrajes<\/td>\n<\/tr>\n<tr>\n<td>Logo<\/td>\n<td>Logotipo de placa de metal, logotipo impreso, logotipo en relieve, logotipo l\u00e1ser<\/td>\n<\/tr>\n<tr>\n<td>tiempo de muestra<\/td>\n<td>7 d\u00edas<\/td>\n<\/tr>\n<tr>\n<td>Puerto de embarque<\/td>\n<td>Cant\u00f3n, Shenzhen<\/td>\n<\/tr>\n<tr>\n<td>T\u00e9rminos comerciales<\/td>\n<td>EXW, MANDO, CIF, DDU, DDP<\/td>\n<\/tr>\n<tr>\n<td>M\u00e9todos de pago<\/td>\n<td>T\/T, Efectivo, PayPal, Tarjeta de cr\u00e9dito<\/td>\n<\/tr>\n<\/tbody>\n<\/table>\n<p><span style=\"color: #003366;\">Caracter\u00edsticas:<\/span><\/p>\n<p>Dise\u00f1ado para adaptarse al monitor BenQ SW321C de 32 pulgadas. Este nuevo estuche compacto ha sido dise\u00f1ado para ser asequible y al mismo tiempo ofrecer la m\u00e1xima protecci\u00f3n, albergando una estaci\u00f3n de trabajo todo en uno con un dise\u00f1o inteligente, simple y resistente.<\/p>\n<p>&nbsp;<\/p>","protected":false},"excerpt":{"rendered":"<p>Modelo: SC-TS001<\/p>\n<p>Tama\u00f1o: Personalizado<\/p>\n<p>Cantidad m\u00ednima de pedido: 5 piezas<\/p>\n<p>Tiempo de entrega: 15-25 d\u00edas<\/p>\n<p>Muestra: Disponible<\/p>","protected":false},"featured_media":21793,"template":"","meta":{"_gspb_post_css":""},"product_cat":[94],"product_tag":[],"featured_image_urls":{"full":["https:\/\/suncasesupply.com\/wp-content\/uploads\/2023\/08\/2-44.jpg",1299,1200,false],"thumbnail":["https:\/\/suncasesupply.com\/wp-content\/uploads\/2023\/08\/2-44-150x150.jpg",150,150,true],"medium":["https:\/\/suncasesupply.com\/wp-content\/uploads\/2023\/08\/2-44-300x277.jpg",300,277,true],"medium_large":["https:\/\/suncasesupply.com\/wp-content\/uploads\/2023\/08\/2-44-768x709.jpg",768,709,true],"large":["https:\/\/suncasesupply.com\/wp-content\/uploads\/2023\/08\/2-44-1024x946.jpg",1024,946,true],"1536x1536":["https:\/\/suncasesupply.com\/wp-content\/uploads\/2023\/08\/2-44.jpg",1299,1200,false],"2048x2048":["https:\/\/suncasesupply.com\/wp-content\/uploads\/2023\/08\/2-44.jpg",1299,1200,false],"trp-custom-language-flag":["https:\/\/suncasesupply.com\/wp-content\/uploads\/2023\/08\/2-44.jpg",13,12,false],"woocommerce_thumbnail":["https:\/\/suncasesupply.com\/wp-content\/uploads\/2023\/08\/2-44-300x300.jpg",300,300,true],"woocommerce_single":["https:\/\/suncasesupply.com\/wp-content\/uploads\/2023\/08\/2-44-600x554.jpg",600,554,true],"woocommerce_gallery_thumbnail":["https:\/\/suncasesupply.com\/wp-content\/uploads\/2023\/08\/2-44-100x100.jpg",100,100,true]},"post_excerpt_stackable":"<p>Model : SC-TS001<\/p>\n<p>Size: Customized<\/p>\n<p>MOQ: 5pcs<\/p>\n<p>Delivery Time : 15-25 Days<\/p>\n<p>Sample : Available<\/p>\n","category_list":"","author_info":{"name":"","url":""},"comments_num":"0 comentarios","_links":{"self":[{"href":"https:\/\/suncasesupply.com\/es\/wp-json\/wp\/v2\/product\/21790"}],"collection":[{"href":"https:\/\/suncasesupply.com\/es\/wp-json\/wp\/v2\/product"}],"about":[{"href":"https:\/\/suncasesupply.com\/es\/wp-json\/wp\/v2\/types\/product"}],"wp:featuredmedia":[{"embeddable":true,"href":"https:\/\/suncasesupply.com\/es\/wp-json\/wp\/v2\/media\/21793"}],"wp:attachment":[{"href":"https:\/\/suncasesupply.com\/es\/wp-json\/wp\/v2\/media?parent=21790"}],"wp:term":[{"taxonomy":"product_cat","embeddable":true,"href":"https:\/\/suncasesupply.com\/es\/wp-json\/wp\/v2\/product_cat?post=21790"},{"taxonomy":"product_tag","embeddable":true,"href":"https:\/\/suncasesupply.com\/es\/wp-json\/wp\/v2\/product_tag?post=21790"}],"curies":[{"name":"wp","href":"https:\/\/api.w.org\/{rel}","templated":true}]}}