{"id":21773,"date":"2023-08-29T14:29:52","date_gmt":"2023-08-29T06:29:52","guid":{"rendered":"https:\/\/suncasesupply.com\/?post_type=product&#038;p=21773"},"modified":"2025-02-26T11:34:25","modified_gmt":"2025-02-26T03:34:25","slug":"heavy-duty-flight-case-transport-flight-cable-storage-case-1800-x-580-x-580-mm","status":"publish","type":"product","link":"https:\/\/suncasesupply.com\/es\/product\/heavy-duty-flight-case-transport-flight-cable-storage-case-1800-x-580-x-580-mm\/","title":{"rendered":"Caja resistente del almacenamiento del cable del vuelo del transporte del caso del vuelo 1800 x 580 x 580 mil\u00edmetros"},"content":{"rendered":"<p>&nbsp;<\/p>\n<table width=\"774\">\n<tbody>\n<tr>\n<td width=\"177\">Art\u00edculo<\/td>\n<td width=\"597\">Caso de vuelo<\/td>\n<\/tr>\n<tr>\n<td>Dimensi\u00f3n<\/td>\n<td>1800 X 580 X 580 mm o Personalizar<\/td>\n<\/tr>\n<tr>\n<td>Colores<\/td>\n<td>Como muestran las im\u00e1genes o personalizar<\/td>\n<\/tr>\n<tr>\n<td>Materiales<\/td>\n<td>Aluminio, madera contrachapada, EVA\/espuma\/tela\/revestimiento de PU, herrajes<\/td>\n<\/tr>\n<tr>\n<td>Logo<\/td>\n<td>Logotipo de placa de metal, logotipo impreso, logotipo en relieve, logotipo l\u00e1ser<\/td>\n<\/tr>\n<tr>\n<td>tiempo de muestra<\/td>\n<td>7 d\u00edas<\/td>\n<\/tr>\n<tr>\n<td>Puerto de embarque<\/td>\n<td>Cant\u00f3n, Shenzhen<\/td>\n<\/tr>\n<tr>\n<td>T\u00e9rminos comerciales<\/td>\n<td>EXW, MANDO, CIF, DDU, DDP<\/td>\n<\/tr>\n<tr>\n<td>M\u00e9todos de pago<\/td>\n<td>T\/T, Efectivo, PayPal, Tarjeta de cr\u00e9dito<\/td>\n<\/tr>\n<\/tbody>\n<\/table>\n<p><span style=\"color: #003366;\">Caracter\u00edsticas:<\/span><\/p>\n<p>Los cables troncales son uno de los Flightcases m\u00e1s populares del mercado debido a su versatilidad. Los Road Trunks son adecuados para casi cualquier industria, incluidos los deportes de motor, la radiodifusi\u00f3n, los eventos audiovisuales y los espect\u00e1culos en vivo, por nombrar algunos, y hemos dise\u00f1ado nuestra gama de Trunks de servicio pesado para que sobreviva toda la vida. Hemos dise\u00f1ado este estuche para que ofrezca el mejor valor en En el mercado, pestillos de alta resistencia para una vida \u00fatil m\u00e1s larga y una sujeci\u00f3n m\u00e1s fuerte, bordes de aluminio de 35 mm de alta resistencia que hacen que la construcci\u00f3n sea ultra resistente, ruedas de goma del Reino Unido con una alta capacidad de carga.<\/p>\n<p>Nuestra gama de ba\u00fales resistentes est\u00e1 dise\u00f1ada para durar toda la vida.<\/p>\n<p>&nbsp;<\/p>","protected":false},"excerpt":{"rendered":"<p>Modelo: SC-FL0009<\/p>\n<p>Tama\u00f1o: 1800 X 580 X 580 mil\u00edmetros<\/p>\n<p>Cantidad m\u00ednima de pedido: 5 piezas<\/p>\n<p>Tiempo de entrega: 15-25 d\u00edas<\/p>\n<p>Muestra: Disponible<\/p>","protected":false},"featured_media":21785,"template":"","meta":{"_gspb_post_css":""},"product_cat":[91],"product_tag":[],"featured_image_urls":{"full":["https:\/\/suncasesupply.com\/wp-content\/uploads\/2023\/08\/1-66.jpg",1000,863,false],"thumbnail":["https:\/\/suncasesupply.com\/wp-content\/uploads\/2023\/08\/1-66-150x150.jpg",150,150,true],"medium":["https:\/\/suncasesupply.com\/wp-content\/uploads\/2023\/08\/1-66-300x259.jpg",300,259,true],"medium_large":["https:\/\/suncasesupply.com\/wp-content\/uploads\/2023\/08\/1-66-768x663.jpg",768,663,true],"large":["https:\/\/suncasesupply.com\/wp-content\/uploads\/2023\/08\/1-66.jpg",1000,863,false],"1536x1536":["https:\/\/suncasesupply.com\/wp-content\/uploads\/2023\/08\/1-66.jpg",1000,863,false],"2048x2048":["https:\/\/suncasesupply.com\/wp-content\/uploads\/2023\/08\/1-66.jpg",1000,863,false],"trp-custom-language-flag":["https:\/\/suncasesupply.com\/wp-content\/uploads\/2023\/08\/1-66.jpg",14,12,false],"woocommerce_thumbnail":["https:\/\/suncasesupply.com\/wp-content\/uploads\/2023\/08\/1-66-300x300.jpg",300,300,true],"woocommerce_single":["https:\/\/suncasesupply.com\/wp-content\/uploads\/2023\/08\/1-66-600x518.jpg",600,518,true],"woocommerce_gallery_thumbnail":["https:\/\/suncasesupply.com\/wp-content\/uploads\/2023\/08\/1-66-100x100.jpg",100,100,true]},"post_excerpt_stackable":"<p>Model : SC-FL0009<\/p>\n<p>Size: 1800 X 580 X 580 mm<\/p>\n<p>MOQ: 5pcs<\/p>\n<p>Delivery Time : 15-25 Days<\/p>\n<p>Sample : Available<\/p>\n","category_list":"","author_info":{"name":"","url":""},"comments_num":"0 comentarios","_links":{"self":[{"href":"https:\/\/suncasesupply.com\/es\/wp-json\/wp\/v2\/product\/21773"}],"collection":[{"href":"https:\/\/suncasesupply.com\/es\/wp-json\/wp\/v2\/product"}],"about":[{"href":"https:\/\/suncasesupply.com\/es\/wp-json\/wp\/v2\/types\/product"}],"wp:featuredmedia":[{"embeddable":true,"href":"https:\/\/suncasesupply.com\/es\/wp-json\/wp\/v2\/media\/21785"}],"wp:attachment":[{"href":"https:\/\/suncasesupply.com\/es\/wp-json\/wp\/v2\/media?parent=21773"}],"wp:term":[{"taxonomy":"product_cat","embeddable":true,"href":"https:\/\/suncasesupply.com\/es\/wp-json\/wp\/v2\/product_cat?post=21773"},{"taxonomy":"product_tag","embeddable":true,"href":"https:\/\/suncasesupply.com\/es\/wp-json\/wp\/v2\/product_tag?post=21773"}],"curies":[{"name":"wp","href":"https:\/\/api.w.org\/{rel}","templated":true}]}}