{"id":21727,"date":"2023-08-29T13:36:44","date_gmt":"2023-08-29T05:36:44","guid":{"rendered":"https:\/\/suncasesupply.com\/?post_type=product&#038;p=21727"},"modified":"2025-10-28T18:00:39","modified_gmt":"2025-10-28T10:00:39","slug":"aluminum-turntable-case-custom-carrying-case-with-with-side-compartment","status":"publish","type":"product","link":"https:\/\/suncasesupply.com\/es\/product\/aluminum-turntable-case-custom-carrying-case-with-with-side-compartment\/","title":{"rendered":"Estuche de aluminio para DJ Numark PT01 con compartimento lateral, estuche personalizado para tocadiscos"},"content":{"rendered":"<h4><span style=\"color: #003366;\">Caracter\u00edsticas:<\/span><\/h4>\n<ul>\n<li><strong><b>Almacenamiento<\/b><\/strong>:El revestimiento inferior de este estuche Turatable est\u00e1 hecho con espuma EVA moldeada de alta densidad, el lado izquierdo es apto para la m\u00e1quina Numark PT01 Turatable y el compartimento del lado derecho es adecuado para guardar mezcladores compactos de formato de 10 pulgadas, auriculares, parlantes Bluetooth, agujas de repuesto y otros elementos esenciales port\u00e1tiles.<\/li>\n<li><strong><b>Materiales<\/b><\/strong>:Acabado exterior negro e interior completamente revestido de espuma.<\/li>\n<li><strong><b>Personalizaci\u00f3n<\/b><\/strong>:El color, los materiales, el logotipo de la marca, etc., todo se puede personalizar seg\u00fan las solicitudes de los clientes.<\/li>\n<\/ul>\n<h4><span style=\"color: #003366;\">Detalles del producto:<\/span><\/h4>\n<div style=\"display: flex; gap: 20px;\">\n<p><!-- \u7b2c\u4e00\u680f --><\/p>\n<div style=\"flex: 1; text-align: center;\">\n<p><img decoding=\"async\" style=\"max-width: 100%; height: auto; margin-bottom: 10px;\" src=\"https:\/\/suncasesupply.com\/wp-content\/uploads\/2025\/03\/1-Moulded-EVA.jpg\" alt=\"EVA moldeada\" \/><\/p>\n<p><b><\/b><strong><b>EVA moldeada<\/b><\/strong><\/p>\n<p style=\"margin: 0;\">En la parte inferior del estuche Turatable del Numark PT01 se encuentra un molde personalizado de espuma EVA para ajustar y fijar el Numark PT01.<\/p>\n<p>&nbsp;<\/p>\n<\/div>\n<p><!-- \u7b2c\u4e8c\u680f --><\/p>\n<div style=\"flex: 1; text-align: center;\">\n<p><img decoding=\"async\" style=\"max-width: 100%; height: auto; margin-bottom: 10px;\" src=\"https:\/\/suncasesupply.com\/wp-content\/uploads\/2025\/03\/2-Protective-Foam.jpg\" alt=\"Espuma protectora\" \/><\/p>\n<p><b><\/b><strong><b>Espuma protectora<\/b><\/strong><\/p>\n<p style=\"margin: 0;\">La tapa interior de la cubierta superior est\u00e1 hecha de espuma de huevo, puede proteger los productos en el interior durante el transporte y, al mismo tiempo, tambi\u00e9n puede fijar la m\u00e1quina en el interior para que no se mueva.<\/p>\n<\/div>\n<p><!-- \u7b2c\u4e09\u680f --><\/p>\n<div style=\"flex: 1; text-align: center;\">\n<p><img decoding=\"async\" style=\"max-width: 100%; height: auto; margin-bottom: 10px;\" src=\"https:\/\/suncasesupply.com\/wp-content\/uploads\/2025\/03\/3-Locks-with-Key.jpg\" alt=\"Cerraduras con llave\" \/><\/p>\n<p><b><\/b><b><\/b><strong><b>Cerraduras con llave<\/b><\/strong><\/p>\n<p>Esta caja para tocadiscos cuenta con dos cerraduras de seguridad y dos llaves. Su funci\u00f3n principal es la protecci\u00f3n.<\/p>\n<\/div>\n<p><!-- \u7b2c\u56db\u680f --><\/p>\n<div style=\"flex: 1; text-align: center;\">\n<p><img decoding=\"async\" style=\"max-width: 100%; height: auto; margin-bottom: 10px;\" src=\"https:\/\/suncasesupply.com\/wp-content\/uploads\/2025\/03\/4-Stacking.jpg\" alt=\"Apilado\" \/><\/p>\n<p><strong><b>Apilado<\/b><\/strong><\/p>\n<p style=\"margin: 0;\">Gire la tapa del estuche desmontable hacia abajo, la parte inferior se apila muy bien y se asegura en la parte superior.<\/p>\n<\/div>\n<\/div>\n<h4><span style=\"color: #003366;\">Proceso de fabricaci\u00f3n:<\/span><\/h4>\n<p><img decoding=\"async\" style=\"max-width: 100%; height: auto; margin-bottom: 10px;\" src=\"https:\/\/suncasesupply.com\/wp-content\/uploads\/2025\/07\/Manufacturing-Process.png\" alt=\"Proceso de fabricaci\u00f3n de Suncase\" \/><\/p>\n<div style=\"display: flex; gap: 20px;\"><\/div>\n<div style=\"display: flex; gap: 20px;\">\n<div style=\"flex: 1; text-align: center;\">\n<p style=\"font-weight: bold; margin: 5px 0;\">\n<\/div>\n<\/div>\n<h4><span style=\"color: #003366;\">Informaci\u00f3n \u00fatil para compradores al por mayor:<\/span><\/h4>\n<ul>\n<li class=\"page-title\" title=\"\u00bfQu\u00e9 hace que las tarjetas deportivas sean tan valiosas?\">\n<p class=\"page-title\" title=\"6 razones por las que deber\u00edas organizarte con cajas de almacenamiento de aluminio\"><a href=\"https:\/\/suncasesupply.com\/es\/blog\/custom-aluminum-case\/6-reasons-to-use-aluminum-storage-box-today\/\">6 razones por las que deber\u00edas organizarte con una caja de almacenamiento de aluminio &gt;&gt;<\/a><\/p>\n<\/li>\n<li title=\"\u00bfQu\u00e9 hace que las tarjetas deportivas sean tan valiosas?\">\n<p class=\"page-title\" title=\"Todo lo que necesita saber sobre las cajas de aluminio\"><a href=\"https:\/\/suncasesupply.com\/es\/blog\/all-you-need-to-know-about-aluminum-cases\/\">Todo lo que necesita saber sobre las cajas de aluminio &gt;&gt;<\/a><\/p>\n<\/li>\n<li title=\"\u00bfQu\u00e9 hace que las tarjetas deportivas sean tan valiosas?\">\n<p class=\"page-title\" title=\"Dos formas de proteger tu equipo de DJ con un estuche para controlador de DJ\"><a href=\"https:\/\/suncasesupply.com\/es\/blog\/custom-aluminum-case\/two-ways-to-protect-your-dj-gear-with-a-dj-controller-case\/\">Dos formas de proteger tu equipo de DJ con un estuche para controlador de DJ &gt;&gt;<\/a><\/p>\n<\/li>\n<\/ul>","protected":false},"excerpt":{"rendered":"<p>Modelo: BA-25002<\/p>\n<p>Tama\u00f1o: 24,75\u2033 de ancho x 16,50\u2033 de profundidad x 5,75\u2033 de alto<\/p>\n<p>M\u00e1quina: Para sujetar Numark PT01<\/p>\n<p>Colores: Color plata<\/p>\n<p>Materiales: Madera contrachapada, aluminio K-Corner, tablero MDF, herrajes.<\/p>\n<p>Logotipo: Logotipo impreso en seda \/ Logotipo impreso en placa de metal<\/p>\n<p>Cantidad m\u00ednima de pedido: 100 piezas<\/p>\n<p>Condiciones de pago: T\/T, dep\u00f3sito + saldo<\/p>","protected":false},"featured_media":21728,"template":"","meta":{"_gspb_post_css":""},"product_cat":[42,80],"product_tag":[],"featured_image_urls":{"full":["https:\/\/suncasesupply.com\/wp-content\/uploads\/2023\/08\/2-8.png",1500,1500,false],"thumbnail":["https:\/\/suncasesupply.com\/wp-content\/uploads\/2023\/08\/2-8-150x150.png",150,150,true],"medium":["https:\/\/suncasesupply.com\/wp-content\/uploads\/2023\/08\/2-8-300x300.png",300,300,true],"medium_large":["https:\/\/suncasesupply.com\/wp-content\/uploads\/2023\/08\/2-8-768x768.png",768,768,true],"large":["https:\/\/suncasesupply.com\/wp-content\/uploads\/2023\/08\/2-8-1024x1024.png",1024,1024,true],"1536x1536":["https:\/\/suncasesupply.com\/wp-content\/uploads\/2023\/08\/2-8.png",1500,1500,false],"2048x2048":["https:\/\/suncasesupply.com\/wp-content\/uploads\/2023\/08\/2-8.png",1500,1500,false],"trp-custom-language-flag":["https:\/\/suncasesupply.com\/wp-content\/uploads\/2023\/08\/2-8.png",12,12,false],"woocommerce_thumbnail":["https:\/\/suncasesupply.com\/wp-content\/uploads\/2023\/08\/2-8-300x300.png",300,300,true],"woocommerce_single":["https:\/\/suncasesupply.com\/wp-content\/uploads\/2023\/08\/2-8-600x600.png",600,600,true],"woocommerce_gallery_thumbnail":["https:\/\/suncasesupply.com\/wp-content\/uploads\/2023\/08\/2-8-100x100.png",100,100,true]},"post_excerpt_stackable":"<p>Model:BA-25002<\/p>\n<p>Size: 24.75&#8243; W x 16.50&#8243; D x 5.75&#8243; H<\/p>\n<p>Machine: To hold Numark PT01<\/p>\n<p>Colors: Silver color<\/p>\n<p>Materials: Plywood,\u00a0K-Corner Aluminum, MDF Board,Hardware.<\/p>\n<p>Logo: Silk Printing Logo \/ Metal Plate Logo<\/p>\n<p>MOQ: 100pcs<\/p>\n<p>Payment Terms: T\/T, Deposit+Balance<\/p>\n","category_list":"","author_info":{"name":"","url":""},"comments_num":"0 comentarios","_links":{"self":[{"href":"https:\/\/suncasesupply.com\/es\/wp-json\/wp\/v2\/product\/21727"}],"collection":[{"href":"https:\/\/suncasesupply.com\/es\/wp-json\/wp\/v2\/product"}],"about":[{"href":"https:\/\/suncasesupply.com\/es\/wp-json\/wp\/v2\/types\/product"}],"wp:featuredmedia":[{"embeddable":true,"href":"https:\/\/suncasesupply.com\/es\/wp-json\/wp\/v2\/media\/21728"}],"wp:attachment":[{"href":"https:\/\/suncasesupply.com\/es\/wp-json\/wp\/v2\/media?parent=21727"}],"wp:term":[{"taxonomy":"product_cat","embeddable":true,"href":"https:\/\/suncasesupply.com\/es\/wp-json\/wp\/v2\/product_cat?post=21727"},{"taxonomy":"product_tag","embeddable":true,"href":"https:\/\/suncasesupply.com\/es\/wp-json\/wp\/v2\/product_tag?post=21727"}],"curies":[{"name":"wp","href":"https:\/\/api.w.org\/{rel}","templated":true}]}}