{"id":21718,"date":"2023-08-29T11:52:55","date_gmt":"2023-08-29T03:52:55","guid":{"rendered":"https:\/\/suncasesupply.com\/?post_type=product&#038;p=21718"},"modified":"2025-07-15T11:09:51","modified_gmt":"2025-07-15T03:09:51","slug":"wine-portable-aluminum-framed-wine-glass-carrying-case-with-custom-wine-glass-fit-foam-inserts","status":"publish","type":"product","link":"https:\/\/suncasesupply.com\/es\/product\/wine-portable-aluminum-framed-wine-glass-carrying-case-with-custom-wine-glass-fit-foam-inserts\/","title":{"rendered":"Estuche que lleva enmarcado de aluminio port\u00e1til de la copa de vino del vino con los partes movibles de encargo de la espuma del ajuste de la copa de vino"},"content":{"rendered":"<h4><span style=\"color: #003366;\">Caracter\u00edsticas:<\/span><\/h4>\n<ul>\n<li><strong><b>Durable:<\/b><\/strong>Esta caja de vino de aluminio cuenta con un marco de aluminio con esquinas de aluminio y paneles de melamina de alto impacto para mantenerla resistente a los impactos.<\/li>\n<li><strong><b>Personalizaci\u00f3n<\/b><\/strong>Las inserciones de espuma personalizadas y extra\u00edbles permiten un ajuste perfecto de dos copas de vino, ambas cubiertas por espuma en la parte inferior y superior del estuche, y evitan que se muevan durante el transporte. Las inserciones de espuma incluyen un espacio para un abridor de vino. Incluye cerradura y llave para asegurar el estuche durante el almacenamiento o el transporte. Tambi\u00e9n es ideal como caja o transportador para dos botellas de vino, tanto para uso personal como comercial.<\/li>\n<li><strong><b>F\u00e1cil de transportar<\/b><\/strong>Este estuche de viaje para vino es f\u00e1cil de transportar y pesa menos de 1.9 kg. Es perfecto para llevar a restaurantes, catas de vino o reuniones familiares donde se disfruta de un buen vino. Ya sea que lleve botellas de vino en un estuche o solo cristaler\u00eda, garantiza protecci\u00f3n y portabilidad.<\/li>\n<\/ul>\n<h4><span style=\"color: #003366;\">Detalles del producto:<\/span><\/h4>\n<p><!-- \u7b2c\u4e00\u680f --><\/p>\n<div style=\"display: flex; gap: 20px;\">\n<div style=\"flex: 1; text-align: center;\">\n<p><img decoding=\"async\" style=\"max-width: 100%; height: auto; margin-bottom: 10px;\" src=\"https:\/\/suncasesupply.com\/wp-content\/uploads\/2025\/05\/1-Egg-Foam.jpg\" alt=\"Espuma de huevo\" \/><\/p>\n<p style=\"font-weight: bold; margin: 5px 0;\"><strong><b>Espuma de huevo<\/b><\/strong><\/p>\n<p style=\"margin: 0;\">El interior de la tapa superior de la caja para guardar copas de vino est\u00e1 hecho de espuma de huevo, que se ajusta y protege las copas cuando la caja est\u00e1 cerrada. La altura y la densidad de la espuma de huevo se pueden personalizar, lo que la hace adecuada para diversas cajas de botellas.<\/p>\n<\/div>\n<p><!-- \u7b2c\u4e8c\u680f --><\/p>\n<div style=\"flex: 1; text-align: center;\">\n<p><img decoding=\"async\" style=\"max-width: 100%; height: auto; margin-bottom: 10px;\" src=\"https:\/\/suncasesupply.com\/wp-content\/uploads\/2025\/05\/2-Custom-Mould-Foam.jpg\" alt=\"Espuma de molde personalizada\" \/><\/p>\n<p style=\"font-weight: bold; margin: 5px 0;\"><strong><b>Espuma de molde personalizada<\/b><\/strong><\/p>\n<p data-start=\"1318\" data-end=\"1662\">Los clientes pueden elegir el material y el dise\u00f1o adecuados seg\u00fan el tama\u00f1o, el peso, la forma y el entorno de uso del producto para fabricar la espuma moldeada a medida. El interior de este estuche est\u00e1 hecho con espuma moldeada a medida, dise\u00f1ada espec\u00edficamente para copas de vino, pero tambi\u00e9n se puede adaptar para transportar una funda de viaje para champ\u00e1n o una funda para botellas de whisky.<\/p>\n<\/div>\n<p><!-- \u7b2c\u4e09\u680f --><\/p>\n<div style=\"flex: 1; text-align: center;\">\n<p><img decoding=\"async\" style=\"max-width: 100%; height: auto; margin-bottom: 10px;\" src=\"https:\/\/suncasesupply.com\/wp-content\/uploads\/2025\/05\/3-Strong-Panel.jpg\" alt=\"Panel fuerte\" \/><\/p>\n<p style=\"font-weight: bold; margin: 5px 0;\"><strong><b>Panel fuerte<\/b><\/strong><\/p>\n<p data-start=\"1689\" data-end=\"2022\">Las opciones de paneles externos para cajas de aluminio generalmente incluyen: panel de ABS, panel de melamina, panel de aluminio, panel de cuero sint\u00e9tico, etc. Esta vitrina para copas de vino est\u00e1 hecha de panel de melamina, un material suave al tacto, resistente y resistente a ca\u00eddas. Tambi\u00e9n es ideal como vitrina para champ\u00e1n, especialmente para eventos de alta gama o celebraciones.<\/p>\n<p style=\"margin: 0;\">.<\/p>\n<\/div>\n<p><!-- \u7b2c\u56db\u680f --><\/p>\n<div style=\"flex: 1; text-align: center;\">\n<p><img decoding=\"async\" style=\"max-width: 100%; height: auto; margin-bottom: 10px;\" src=\"https:\/\/suncasesupply.com\/wp-content\/uploads\/2025\/05\/4-Tool-Lock-with-key.jpg\" alt=\"Cerradura de herramientas con llave\" \/><\/p>\n<p style=\"font-weight: bold; margin: 5px 0;\"><strong><b>Cerradura de herramientas con llave<\/b><\/strong><\/p>\n<p style=\"margin: 0;\">Para proteger los productos dentro de la caja, la llave se ajustar\u00e1 a la cerradura de cada caja. La cerradura de esta caja, hecha con cerraduras para herramientas, ofrece buena protecci\u00f3n y capacidad de carga, garantizando la seguridad de su malet\u00edn de transporte de licores.<\/p>\n<\/div>\n<\/div>\n<div style=\"background-color: #29599a; padding: 40px 20px; text-align: center; color: #ffffff; border-radius: 10px; margin: 40px auto; max-width: 960px;\">\n<h2 style=\"font-size: 22px; margin-bottom: 20px; font-weight: bold;\"><span style=\"color: #ffffff;\">Comience su pedido personalizado hoy: pedido m\u00ednimo desde 200, precio directo de f\u00e1brica garantizado.<\/span><\/h2>\n<p><a style=\"display: inline-block; padding: 12px 28px; background-color: #ffffff; color: #29599a; text-decoration: none; border-radius: 6px; font-weight: bold;\" href=\"https:\/\/suncasesupply.com\/es\/contact-us\/\" target=\"_blank\" rel=\"noopener\">Obtenga una cotizaci\u00f3n<br \/>\n<\/a><\/p>\n<\/div>\n<h4><span style=\"color: #003366;\">Proceso de fabricaci\u00f3n:<\/span><\/h4>\n<p><img decoding=\"async\" style=\"max-width: 100%; height: auto; margin-bottom: 10px;\" src=\"https:\/\/suncasesupply.com\/wp-content\/uploads\/2025\/07\/Manufacturing-Process.png\" alt=\"Proceso de fabricaci\u00f3n de Suncase\" \/><\/p>\n<h4><span style=\"color: #003366;\">Informaci\u00f3n \u00fatil para compradores al por mayor:<\/span><\/h4>\n<ul>\n<li class=\"page-title\" title=\"\u00bfQu\u00e9 hace que las tarjetas deportivas sean tan valiosas?\">\n<p class=\"page-title\" title=\"\u00bfCu\u00e1l es el tama\u00f1o de la caja del disco de vinilo?\"><a href=\"https:\/\/suncasesupply.com\/es\/blog\/custom-aluminum-case\/types-of-materials-used-in-tool-cases\/\">Explorando cajas de herramientas de aluminio y otros tipos de materiales&gt;&gt;<\/a><\/p>\n<\/li>\n<li title=\"\u00bfQu\u00e9 hace que las tarjetas deportivas sean tan valiosas?\"><a href=\"https:\/\/suncasesupply.com\/es\/blog\/reason-to-have-aluminum-tool-case\/\">\u00bfPor qu\u00e9 necesitas una caja de herramientas de aluminio?<\/a><\/li>\n<\/ul>\n<p>Ya sea que necesites un <strong data-start=\"2725\" data-end=\"2752\">portador de vino para dos botellas<\/strong>, a <strong data-start=\"2756\" data-end=\"2788\">Estuche para transportar botellas de whisky<\/strong>, o una <strong data-start=\"2795\" data-end=\"2818\">caja de vino para dos botellas<\/strong>Sun Case lo tiene cubierto con opciones personalizables de alta calidad.<\/p>\n<p><a href=\"https:\/\/suncasesupply.com\/es\/contact-us\/\">\u00a1Solicite una cotizaci\u00f3n ahora! &gt;&gt;<\/a><\/p>","protected":false},"excerpt":{"rendered":"<p>Modelo: Z47<\/p>\n<p>Tama\u00f1o: 25,4x28x14cm<\/p>\n<p>Colores: Color plata<\/p>\n<p>Materiales: Marco de aluminio, Panel de Melamina, Tablero MDF, Herrajes.<\/p>\n<p>Logotipo: Logotipo impreso en placa de metal o seda<\/p>\n<p>Cantidad m\u00ednima de pedido: 200 piezas<\/p>\n<p>Muestra: Disponible, tiempo de muestra aproximadamente 7 d\u00edas.<\/p>\n<p>Tiempo de entrega: Aproximadamente 15 d\u00edas<\/p>","protected":false},"featured_media":21720,"template":"","meta":{"_gspb_post_css":""},"product_cat":[80],"product_tag":[],"featured_image_urls":{"full":["https:\/\/suncasesupply.com\/wp-content\/uploads\/2023\/08\/1-64.jpg",1548,1549,false],"thumbnail":["https:\/\/suncasesupply.com\/wp-content\/uploads\/2023\/08\/1-64-150x150.jpg",150,150,true],"medium":["https:\/\/suncasesupply.com\/wp-content\/uploads\/2023\/08\/1-64-300x300.jpg",300,300,true],"medium_large":["https:\/\/suncasesupply.com\/wp-content\/uploads\/2023\/08\/1-64-768x768.jpg",768,768,true],"large":["https:\/\/suncasesupply.com\/wp-content\/uploads\/2023\/08\/1-64-1024x1024.jpg",1024,1024,true],"1536x1536":["https:\/\/suncasesupply.com\/wp-content\/uploads\/2023\/08\/1-64-1536x1536.jpg",1536,1536,true],"2048x2048":["https:\/\/suncasesupply.com\/wp-content\/uploads\/2023\/08\/1-64.jpg",1548,1549,false],"trp-custom-language-flag":["https:\/\/suncasesupply.com\/wp-content\/uploads\/2023\/08\/1-64.jpg",12,12,false],"woocommerce_thumbnail":["https:\/\/suncasesupply.com\/wp-content\/uploads\/2023\/08\/1-64-300x300.jpg",300,300,true],"woocommerce_single":["https:\/\/suncasesupply.com\/wp-content\/uploads\/2023\/08\/1-64-600x600.jpg",600,600,true],"woocommerce_gallery_thumbnail":["https:\/\/suncasesupply.com\/wp-content\/uploads\/2023\/08\/1-64-100x100.jpg",100,100,true]},"post_excerpt_stackable":"<p>Model:Z47<\/p>\n<p>Size: 25.4 x 28 x 14 cm<\/p>\n<p>Colors:\u00a0Silver color<\/p>\n<p>Materials: Aluminum\u00a0frame,\u00a0Melamine Panel,\u00a0MDF Board, Hardware.<\/p>\n<p>Logo: Metal Plate\/Silk Printing logo<\/p>\n<p>MOQ: 200pcs<\/p>\n<p>Sample: Available, sample time about 7 days.<\/p>\n<p>Deliver Time: About 15 days<\/p>\n","category_list":"","author_info":{"name":"","url":""},"comments_num":"0 comentarios","_links":{"self":[{"href":"https:\/\/suncasesupply.com\/es\/wp-json\/wp\/v2\/product\/21718"}],"collection":[{"href":"https:\/\/suncasesupply.com\/es\/wp-json\/wp\/v2\/product"}],"about":[{"href":"https:\/\/suncasesupply.com\/es\/wp-json\/wp\/v2\/types\/product"}],"wp:featuredmedia":[{"embeddable":true,"href":"https:\/\/suncasesupply.com\/es\/wp-json\/wp\/v2\/media\/21720"}],"wp:attachment":[{"href":"https:\/\/suncasesupply.com\/es\/wp-json\/wp\/v2\/media?parent=21718"}],"wp:term":[{"taxonomy":"product_cat","embeddable":true,"href":"https:\/\/suncasesupply.com\/es\/wp-json\/wp\/v2\/product_cat?post=21718"},{"taxonomy":"product_tag","embeddable":true,"href":"https:\/\/suncasesupply.com\/es\/wp-json\/wp\/v2\/product_tag?post=21718"}],"curies":[{"name":"wp","href":"https:\/\/api.w.org\/{rel}","templated":true}]}}