{"id":21687,"date":"2023-08-29T11:13:17","date_gmt":"2023-08-29T03:13:17","guid":{"rendered":"https:\/\/suncasesupply.com\/?post_type=product&#038;p=21687"},"modified":"2025-02-20T09:37:40","modified_gmt":"2025-02-20T01:37:40","slug":"aluminum-case-with-compartment-for-mixer","status":"publish","type":"product","link":"https:\/\/suncasesupply.com\/es\/product\/aluminum-case-with-compartment-for-mixer\/","title":{"rendered":"Caja de aluminio con compartimento para caja giratoria mezcladora"},"content":{"rendered":"<p>&nbsp;<\/p>\n<table width=\"774\">\n<tbody>\n<tr>\n<td width=\"177\">Art\u00edculo<\/td>\n<td width=\"597\">Caja de aluminio<\/td>\n<\/tr>\n<tr>\n<td>Dimensi\u00f3n<\/td>\n<td>628*420*146 mm o personalizar<\/td>\n<\/tr>\n<tr>\n<td>Colores<\/td>\n<td>Como muestran las im\u00e1genes o personalizar<\/td>\n<\/tr>\n<tr>\n<td>Materiales<\/td>\n<td>Aluminio, madera contrachapada, EVA\/espuma\/tela\/revestimiento de PU, herrajes<\/td>\n<\/tr>\n<tr>\n<td>Logo<\/td>\n<td>Logotipo de placa de metal, logotipo impreso, logotipo en relieve, logotipo l\u00e1ser<\/td>\n<\/tr>\n<tr>\n<td>tiempo de muestra<\/td>\n<td>7 d\u00edas<\/td>\n<\/tr>\n<tr>\n<td>Puerto de embarque<\/td>\n<td>Cant\u00f3n, Shenzhen<\/td>\n<\/tr>\n<tr>\n<td>T\u00e9rminos comerciales<\/td>\n<td>EXW, MANDO, CIF, DDU, DDP<\/td>\n<\/tr>\n<tr>\n<td>M\u00e9todos de pago<\/td>\n<td>T\/T, Efectivo, PayPal, Tarjeta de cr\u00e9dito<\/td>\n<\/tr>\n<\/tbody>\n<\/table>\n<p><span style=\"color: #003366;\">Caracter\u00edsticas:<\/span><\/p>\n<p>Este estuche cuenta con un interior completamente forrado de espuma con un compartimento inferior para almacenamiento de discos de vinilo de 7\u2033 y un compartimento lateral que es perfecto para mezcladores compactos de formato de 10\u2033, aud\u00edfonos, parlantes Bluetooth, agujas y atenuadores de scratch de repuesto, y otros elementos esenciales del portablista. La parte superior protectora interior de espuma de huevo del estuche te permite transportar y guardar el PT01 Scratch en su interior sin su funda, pero si prefieres dejarlo puesto, simplemente retira la espuma de huevo y encajar\u00e1 perfectamente a\u00fan en el coj\u00edn protegido por el suave forro de espuma. interior de la caja. Para una configuraci\u00f3n cl\u00e1sica de tocadiscos y estuche, gire la tapa del estuche desmontable boca abajo y la parte inferior se apilar\u00e1 muy bien y de forma segura en la parte superior. El exterior resistente cuenta con un mango de agarre suave y pestillos con llave.<\/p>\n<p>\u2013 Acabado exterior negro<br \/>\n\u2013 Interior completamente forrado de espuma<br \/>\n\u2013 Puede sostener el Numark PT01 Scratch con o sin su cubierta<br \/>\n\u2013 El compartimento inferior tiene capacidad para discos de 7 \u2033<br \/>\n\u2013 Pestillos con llave<br \/>\n\u2013 Tapa desmontable<br \/>\n\u2013 Mango de agarre suave estilo malet\u00edn y patas de goma<br \/>\n\u2013 Dimensiones interiores del compartimento lateral: 9,25 \u2033 x 14,25 \u2033 con una parte inferior de 3,25 \u2033 H + tapa de 1,75 \u2033 H<\/p>\n<p>.<\/p>","protected":false},"excerpt":{"rendered":"<p>Modelo: SC-FL0009<\/p>\n<p>Tama\u00f1o: 628*420*146mm<\/p>\n<p>Cantidad m\u00ednima de pedido: 100 piezas<\/p>\n<p>Tiempo de entrega: 15-25 d\u00edas<\/p>\n<p>Muestra: Disponible<\/p>","protected":false},"featured_media":21689,"template":"","meta":{"_gspb_post_css":""},"product_cat":[80],"product_tag":[],"featured_image_urls":{"full":["https:\/\/suncasesupply.com\/wp-content\/uploads\/2023\/08\/1-5.png",1500,1500,false],"thumbnail":["https:\/\/suncasesupply.com\/wp-content\/uploads\/2023\/08\/1-5-150x150.png",150,150,true],"medium":["https:\/\/suncasesupply.com\/wp-content\/uploads\/2023\/08\/1-5-300x300.png",300,300,true],"medium_large":["https:\/\/suncasesupply.com\/wp-content\/uploads\/2023\/08\/1-5-768x768.png",768,768,true],"large":["https:\/\/suncasesupply.com\/wp-content\/uploads\/2023\/08\/1-5-1024x1024.png",1024,1024,true],"1536x1536":["https:\/\/suncasesupply.com\/wp-content\/uploads\/2023\/08\/1-5.png",1500,1500,false],"2048x2048":["https:\/\/suncasesupply.com\/wp-content\/uploads\/2023\/08\/1-5.png",1500,1500,false],"trp-custom-language-flag":["https:\/\/suncasesupply.com\/wp-content\/uploads\/2023\/08\/1-5.png",12,12,false],"woocommerce_thumbnail":["https:\/\/suncasesupply.com\/wp-content\/uploads\/2023\/08\/1-5-300x300.png",300,300,true],"woocommerce_single":["https:\/\/suncasesupply.com\/wp-content\/uploads\/2023\/08\/1-5-600x600.png",600,600,true],"woocommerce_gallery_thumbnail":["https:\/\/suncasesupply.com\/wp-content\/uploads\/2023\/08\/1-5-100x100.png",100,100,true]},"post_excerpt_stackable":"<p>Model : SC-FL0009<\/p>\n<p>Size: \u00a0628*420*146mm<\/p>\n<p>MOQ: 100pcs<\/p>\n<p>Delivery Time : 15-25 Days<\/p>\n<p>Sample : Available<\/p>\n","category_list":"","author_info":{"name":"","url":""},"comments_num":"0 comentarios","_links":{"self":[{"href":"https:\/\/suncasesupply.com\/es\/wp-json\/wp\/v2\/product\/21687"}],"collection":[{"href":"https:\/\/suncasesupply.com\/es\/wp-json\/wp\/v2\/product"}],"about":[{"href":"https:\/\/suncasesupply.com\/es\/wp-json\/wp\/v2\/types\/product"}],"wp:featuredmedia":[{"embeddable":true,"href":"https:\/\/suncasesupply.com\/es\/wp-json\/wp\/v2\/media\/21689"}],"wp:attachment":[{"href":"https:\/\/suncasesupply.com\/es\/wp-json\/wp\/v2\/media?parent=21687"}],"wp:term":[{"taxonomy":"product_cat","embeddable":true,"href":"https:\/\/suncasesupply.com\/es\/wp-json\/wp\/v2\/product_cat?post=21687"},{"taxonomy":"product_tag","embeddable":true,"href":"https:\/\/suncasesupply.com\/es\/wp-json\/wp\/v2\/product_tag?post=21687"}],"curies":[{"name":"wp","href":"https:\/\/api.w.org\/{rel}","templated":true}]}}