{"id":21680,"date":"2023-08-29T10:43:51","date_gmt":"2023-08-29T02:43:51","guid":{"rendered":"https:\/\/suncasesupply.com\/?post_type=product&#038;p=21680"},"modified":"2025-07-15T11:00:24","modified_gmt":"2025-07-15T03:00:24","slug":"aluminum-rolling-makeup-case-with-bluetooth-speakers-full-screen-lighted-mirror-3-light-colors","status":"publish","type":"product","link":"https:\/\/suncasesupply.com\/es\/product\/aluminum-rolling-makeup-case-with-bluetooth-speakers-full-screen-lighted-mirror-3-light-colors\/","title":{"rendered":"Estuche de maquillaje con ruedas de aluminio con altavoces Bluetooth, espejo iluminado de pantalla completa y 3 colores claros"},"content":{"rendered":"<h4><span style=\"color: #003366;\">Caracter\u00edsticas:<\/span><\/h4>\n<p><strong>1. Dise\u00f1o de barra de tracci\u00f3n ajustable<\/strong><\/p>\n<ul>\n<li><strong>Altamente flexible:<\/strong> Este estuche de maquillaje con ruedas de aluminio se ajusta libremente en altura mediante su barra telesc\u00f3pica para adaptarse a diferentes alturas y situaciones. Cuenta con 4 posiciones, lo que lo hace f\u00e1cil de transportar y guardar, ideal para trabajos al aire libre (como estudios fotogr\u00e1ficos o maquillaje de bodas).<\/li>\n<\/ul>\n<p><strong>2. Iluminaci\u00f3n profesional<\/strong><\/p>\n<ul>\n<li><strong>Luz uniforme:<\/strong> La luz LED de anillo incorporada o el panel de luz suave brindan una luz sin sombras y de alta reproducci\u00f3n de color, restauran el color real de la piel y evitan la diferencia de color del maquillaje.<\/li>\n<li><strong>Temperatura de color\/brillo ajustable:<\/strong> La mayor\u00eda de los productos admiten luz fr\u00eda, luz c\u00e1lida o ajuste de varias velocidades para adaptarse a las necesidades de diferentes entornos (como maquillaje natural o maquillaje de discoteca). Esta caracter\u00edstica los convierte en el estuche de maquillaje ideal con espejo LED.<\/li>\n<\/ul>\n<p><strong>3. Funciones pr\u00e1cticas adicionales<\/strong><\/p>\n<ul>\n<li><strong>Dise\u00f1o de almacenamiento:<\/strong> La bandeja inferior o el gancho lateral se pueden utilizar para colocar cosm\u00e9ticos y mantener el escritorio ordenado, ofreciendo un amplio espacio dentro de este estuche de cosm\u00e9ticos de aluminio.<\/li>\n<li><strong>Interfaz Bluetooth\/USB:<\/strong> Algunos modelos admiten la conexi\u00f3n a tel\u00e9fonos m\u00f3viles para reproducir m\u00fasica o como dispositivo de carga.<\/li>\n<li><strong>Material ligero:<\/strong> Fabricado con pl\u00e1stico ABS o un marco de aluminio duradero para estuche de maquillaje, que combina resistencia con portabilidad.<\/li>\n<\/ul>\n<p><strong>4. Amplia gama de escenarios aplicables<\/strong><\/p>\n<ul>\n<li>Maquillaje diario familiar, camerino profesional, backstage de cine y televisi\u00f3n, belleza en vivo, mesa de maquillaje de centro comercial, etc. Este estuche de maquillaje de aluminio se adapta perfectamente a todos estos entornos.<\/li>\n<\/ul>\n<div style=\"background-color: #29599a; padding: 40px 20px; text-align: center; color: #ffffff; border-radius: 10px; margin: 40px auto; max-width: 960px;\">\n<h2 style=\"font-size: 22px; margin-bottom: 20px; font-weight: bold;\"><span style=\"color: #ffffff;\">Estuche Trust Sun para estuches de maquillaje profesionales con ruedas: pedido m\u00ednimo de 10 unidades, \u00a1precio directo de f\u00e1brica!<\/span><\/h2>\n<p><a style=\"display: inline-block; padding: 12px 28px; background-color: #ffffff; color: #29599a; text-decoration: none; border-radius: 6px; font-weight: bold;\" href=\"https:\/\/suncasesupply.com\/es\/contact-us\/\" target=\"_blank\" rel=\"noopener\">Cont\u00e1ctenos ahora<br \/>\n<\/a><\/p>\n<\/div>\n<h4><span style=\"color: #003366;\">Detalles del producto:<\/span><\/h4>\n<div style=\"display: flex; gap: 20px;\">\n<p><!-- \u7b2c\u4e00\u680f --><\/p>\n<div style=\"flex: 1; text-align: center;\">\n<p><img decoding=\"async\" style=\"max-width: 100%; height: auto; margin-bottom: 10px;\" src=\"https:\/\/suncasesupply.com\/wp-content\/uploads\/2025\/05\/sturdy-back-hinges.jpg\" alt=\"bisagras traseras resistentes\" \/><\/p>\n<p style=\"font-weight: bold; margin: 5px 0;\">Bisagra trasera resistente<\/p>\n<p style=\"margin: 0;\">Adopta una hebilla trasera de seis orificios para mejorar la estabilidad estructural, y el dise\u00f1o de m\u00faltiples orificios permite a los usuarios ajustar la altura de cierre de la cubierta de acuerdo con el grosor de los art\u00edculos en la caja.<\/p>\n<\/div>\n<p><!-- \u7b2c\u4e8c\u680f --><\/p>\n<div style=\"flex: 1; text-align: center;\">\n<p><img decoding=\"async\" style=\"max-width: 100%; height: auto; margin-bottom: 10px;\" src=\"https:\/\/suncasesupply.com\/wp-content\/uploads\/2025\/05\/Combination-lock.jpg\" alt=\"Cerradura de combinaci\u00f3n\" \/><\/p>\n<p style=\"font-weight: bold; margin: 5px 0;\">Cerradura de combinaci\u00f3n<\/p>\n<p style=\"margin: 0;\">Equipada con un candado aduanero, protege eficazmente sus valiosos cosm\u00e9ticos. Durante el viaje, los agentes de aduanas pueden usar una llave universal para abrir el candado e inspeccionarlo sin da\u00f1arlo, evitando as\u00ed da\u00f1os violentos a la caja o al candado.<\/p>\n<\/div>\n<p><!-- \u7b2c\u4e09\u680f --><\/p>\n<div style=\"flex: 1; text-align: center;\">\n<p><img decoding=\"async\" style=\"max-width: 100%; height: auto; margin-bottom: 10px;\" src=\"https:\/\/suncasesupply.com\/wp-content\/uploads\/2025\/05\/LED-lighted-mirror.jpg\" alt=\"Espejo con iluminaci\u00f3n LED\" \/><\/p>\n<p style=\"font-weight: bold; margin: 5px 0;\">Espejo con luz LED<\/p>\n<p style=\"margin: 0;\">Equipado con un espejo de pantalla completa con 6 luces LED integradas, reemplaza la bombilla y ahorra espacio. El anillo de luz LED integrado o el panel de luz suave proporcionan una luz sin sombras y de alta reproducci\u00f3n crom\u00e1tica, restaurando el color real de la piel y evitando la diferencia de color del maquillaje. Admite luz fr\u00eda, luz c\u00e1lida o ajuste de varias velocidades para adaptarse a diferentes necesidades ambientales (como maquillaje natural o maquillaje de discoteca). La luz suave evita la fatiga visual tras un uso prolongado.<\/p>\n<\/div>\n<p><!-- \u7b2c\u56db\u680f --><\/p>\n<div style=\"flex: 1; text-align: center;\">\n<p><img decoding=\"async\" style=\"max-width: 100%; height: auto; margin-bottom: 10px;\" src=\"https:\/\/suncasesupply.com\/wp-content\/uploads\/2025\/05\/inner-trays.jpg\" alt=\"bandejas interiores\" \/><\/p>\n<p style=\"font-weight: bold; margin: 5px 0;\">Bandejas interiores<\/p>\n<p style=\"margin: 0;\">Las bandejas est\u00e1n revestidas de PU, un material suave que protege tus cosm\u00e9ticos y es f\u00e1cil de limpiar cuando se ensucia. Contiene 4 bandejas en su interior, lo que proporciona una gran capacidad para tus cosm\u00e9ticos y herramientas de belleza, igual que un estuche de aluminio profesional.<\/p>\n<\/div>\n<\/div>\n<div style=\"background-color: #29599a; padding: 40px 20px; text-align: center; color: #ffffff; border-radius: 10px; margin: 40px auto; max-width: 960px;\">\n<h2 style=\"font-size: 22px; margin-bottom: 20px; font-weight: bold;\"><span style=\"color: #ffffff;\">Ilumine su negocio de maquillaje con nuestro estuche con ruedas: pedido m\u00ednimo de 10, funciones LED premium y Bluetooth.<\/span><\/h2>\n<p><a style=\"display: inline-block; padding: 12px 28px; background-color: #ffffff; color: #29599a; text-decoration: none; border-radius: 6px; font-weight: bold;\" href=\"https:\/\/suncasesupply.com\/es\/contact-us\/\" target=\"_blank\" rel=\"noopener\">Obtenga una cotizaci\u00f3n hoy<br \/>\n<\/a><\/p>\n<\/div>\n<h4><span style=\"color: #003366;\">Proceso de fabricaci\u00f3n del estuche de maquillaje con ruedas iluminado:<\/span><\/h4>\n<p><img decoding=\"async\" style=\"max-width: 100%; height: auto; margin-bottom: 10px;\" src=\"https:\/\/suncasesupply.com\/wp-content\/uploads\/2025\/07\/Manufacturing-Process.png\" alt=\"Proceso de fabricaci\u00f3n de Suncase\" \/><\/p>\n<h4><span style=\"color: #003366;\">Informaci\u00f3n \u00fatil para compradores al por mayor:<\/span><\/h4>\n<p><a href=\"https:\/\/suncasesupply.com\/es\/blog\/makeup-case\/best-makeup-case-lighted-mirror\/\">1. Los 3 mejores estuches de maquillaje con espejo iluminado de 2024 &gt;&gt;<\/a><\/p>\n<p><a href=\"https:\/\/suncasesupply.com\/es\/blog\/makeup-case\/evolution-in-the-past-30-years\/\">2. La evoluci\u00f3n de los estuches de maquillaje &gt;&gt;<\/a><\/p>\n<p><a href=\"https:\/\/suncasesupply.com\/es\/blog\/makeup-case\/best-makeup-train-case\/\">3. Estuche de maquillaje: Nuestras recomendaciones para organizar tus cosm\u00e9ticos &gt;&gt;<\/a><\/p>\n<p>&nbsp;<\/p>","protected":false},"excerpt":{"rendered":"<p>Modelo: BL-0048<\/p>\n<p>Tama\u00f1o: 600*450*215cm<\/p>\n<p>Colores: Negro o personalizado<\/p>\n<p>Materiales: Aluminio, Panel ABS, Panel Acr\u00edlico<\/p>\n<p>Logotipo: Logotipo en placa de metal, logotipo en serigraf\u00eda.<\/p>\n<p>Cantidad m\u00ednima de pedido: 10 piezas<\/p>","protected":false},"featured_media":21681,"template":"","meta":{"_gspb_post_css":""},"product_cat":[98],"product_tag":[],"featured_image_urls":{"full":["https:\/\/suncasesupply.com\/wp-content\/uploads\/2023\/08\/11-5-2.jpg",1000,1000,false],"thumbnail":["https:\/\/suncasesupply.com\/wp-content\/uploads\/2023\/08\/11-5-2-150x150.jpg",150,150,true],"medium":["https:\/\/suncasesupply.com\/wp-content\/uploads\/2023\/08\/11-5-2-300x300.jpg",300,300,true],"medium_large":["https:\/\/suncasesupply.com\/wp-content\/uploads\/2023\/08\/11-5-2-768x768.jpg",768,768,true],"large":["https:\/\/suncasesupply.com\/wp-content\/uploads\/2023\/08\/11-5-2.jpg",1000,1000,false],"1536x1536":["https:\/\/suncasesupply.com\/wp-content\/uploads\/2023\/08\/11-5-2.jpg",1000,1000,false],"2048x2048":["https:\/\/suncasesupply.com\/wp-content\/uploads\/2023\/08\/11-5-2.jpg",1000,1000,false],"trp-custom-language-flag":["https:\/\/suncasesupply.com\/wp-content\/uploads\/2023\/08\/11-5-2.jpg",12,12,false],"woocommerce_thumbnail":["https:\/\/suncasesupply.com\/wp-content\/uploads\/2023\/08\/11-5-2-300x300.jpg",300,300,true],"woocommerce_single":["https:\/\/suncasesupply.com\/wp-content\/uploads\/2023\/08\/11-5-2-600x600.jpg",600,600,true],"woocommerce_gallery_thumbnail":["https:\/\/suncasesupply.com\/wp-content\/uploads\/2023\/08\/11-5-2-100x100.jpg",100,100,true]},"post_excerpt_stackable":"<p>Model : \u00a0BL-0048<\/p>\n<p>Size: \u00a0600*450*215cm<\/p>\n<p>Colors: Black or customize<\/p>\n<p>Materials: Aluminum, ABS panel, Acrylic Panel<\/p>\n<p>Logo: Metal plate logo, silk screen logo<\/p>\n<p>MOQ: 10pcs<\/p>\n","category_list":"","author_info":{"name":"","url":""},"comments_num":"0 comentarios","_links":{"self":[{"href":"https:\/\/suncasesupply.com\/es\/wp-json\/wp\/v2\/product\/21680"}],"collection":[{"href":"https:\/\/suncasesupply.com\/es\/wp-json\/wp\/v2\/product"}],"about":[{"href":"https:\/\/suncasesupply.com\/es\/wp-json\/wp\/v2\/types\/product"}],"wp:featuredmedia":[{"embeddable":true,"href":"https:\/\/suncasesupply.com\/es\/wp-json\/wp\/v2\/media\/21681"}],"wp:attachment":[{"href":"https:\/\/suncasesupply.com\/es\/wp-json\/wp\/v2\/media?parent=21680"}],"wp:term":[{"taxonomy":"product_cat","embeddable":true,"href":"https:\/\/suncasesupply.com\/es\/wp-json\/wp\/v2\/product_cat?post=21680"},{"taxonomy":"product_tag","embeddable":true,"href":"https:\/\/suncasesupply.com\/es\/wp-json\/wp\/v2\/product_tag?post=21680"}],"curies":[{"name":"wp","href":"https:\/\/api.w.org\/{rel}","templated":true}]}}