{"id":21630,"date":"2023-08-29T10:04:09","date_gmt":"2023-08-29T02:04:09","guid":{"rendered":"https:\/\/suncasesupply.com\/?post_type=product&#038;p=21630"},"modified":"2025-02-26T11:47:02","modified_gmt":"2025-02-26T03:47:02","slug":"aluminum-turntable-case-universal-1200-style-dj-turntable-ata-case-fitting-pioneer-technics-or-similar-size-turntables","status":"publish","type":"product","link":"https:\/\/suncasesupply.com\/es\/product\/aluminum-turntable-case-universal-1200-style-dj-turntable-ata-case-fitting-pioneer-technics-or-similar-size-turntables\/","title":{"rendered":"Estuche para tocadiscos de aluminio, tocadiscos universal para DJ estilo 1200, estuche ATA que se adapta a tocadiscos Pioneer, Technics o de tama\u00f1o similar"},"content":{"rendered":"<p>&nbsp;<\/p>\n<table width=\"774\">\n<tbody>\n<tr>\n<td width=\"177\">Art\u00edculo<\/td>\n<td width=\"597\">Estuche para tocadiscos<\/td>\n<\/tr>\n<tr>\n<td>Dimensi\u00f3n<\/td>\n<td>Personalizar<\/td>\n<\/tr>\n<tr>\n<td>Colores<\/td>\n<td>Como muestran las im\u00e1genes o personalizar<\/td>\n<\/tr>\n<tr>\n<td>Materiales<\/td>\n<td>Aluminio, panel de ABS, tablero de MDF, forro de EVA\/espuma\/tela\/PU, herrajes<\/td>\n<\/tr>\n<tr>\n<td>Logo<\/td>\n<td>Logotipo de placa de metal, logotipo impreso, logotipo en relieve, logotipo l\u00e1ser<\/td>\n<\/tr>\n<tr>\n<td>tiempo de muestra<\/td>\n<td>7 d\u00edas<\/td>\n<\/tr>\n<tr>\n<td>Puerto de embarque<\/td>\n<td>Cant\u00f3n, Shenzhen<\/td>\n<\/tr>\n<tr>\n<td>T\u00e9rminos comerciales<\/td>\n<td>EXW, MANDO, CIF, DDU, DDP<\/td>\n<\/tr>\n<tr>\n<td>M\u00e9todos de pago<\/td>\n<td>T\/T, Efectivo, PayPal, Tarjeta de cr\u00e9dito<\/td>\n<\/tr>\n<\/tbody>\n<\/table>\n<p><span style=\"color: #003366;\">Caracter\u00edsticas:<\/span><\/p>\n<p>Dise\u00f1o exterior Krom y Black<br \/>\nTapa extra\u00edble<br \/>\nHerrajes cromados.<br \/>\nInterior forrado de espuma.<br \/>\nPatas de goma<\/p>\n<p>Protege tus tocadiscos de cualquier percance y es ideal para almacenar y transportar. La s\u00f3lida estructura defender\u00e1 tu tocadiscos favorito de cualquier golpe, mientras que su interior acolchado evitar\u00e1 rayones mientras los transportas a cualquier lugar.<\/p>\n<p>Modelos compatibles:<br \/>\n-T\u00e9cnicas 1200<br \/>\n-Audio T\u00e9cnica LP 120<br \/>\n-Pionero PXL 1000<\/p>\n<p>Dimensiones:<br \/>\n*Longitud 45cm<br \/>\n*Ancho 45cm<br \/>\n*Altura 20cm<\/p>","protected":false},"excerpt":{"rendered":"<p>Modelo : Z45<\/p>\n<p>Tama\u00f1o: 45x45x20cm<\/p>\n<p>Cantidad m\u00ednima de pedido: 100 piezas<\/p>\n<p>Tiempo de entrega: 15-25 d\u00edas<\/p>\n<p>Muestra: Disponible<\/p>","protected":false},"featured_media":21658,"template":"","meta":{"_gspb_post_css":""},"product_cat":[93],"product_tag":[],"featured_image_urls":{"full":["https:\/\/suncasesupply.com\/wp-content\/uploads\/2023\/08\/D_NQ_NP_2X_634090-MLM69946781293_062023-F.jpg",1198,1198,false],"thumbnail":["https:\/\/suncasesupply.com\/wp-content\/uploads\/2023\/08\/D_NQ_NP_2X_634090-MLM69946781293_062023-F-150x150.jpg",150,150,true],"medium":["https:\/\/suncasesupply.com\/wp-content\/uploads\/2023\/08\/D_NQ_NP_2X_634090-MLM69946781293_062023-F-300x300.jpg",300,300,true],"medium_large":["https:\/\/suncasesupply.com\/wp-content\/uploads\/2023\/08\/D_NQ_NP_2X_634090-MLM69946781293_062023-F-768x768.jpg",768,768,true],"large":["https:\/\/suncasesupply.com\/wp-content\/uploads\/2023\/08\/D_NQ_NP_2X_634090-MLM69946781293_062023-F-1024x1024.jpg",1024,1024,true],"1536x1536":["https:\/\/suncasesupply.com\/wp-content\/uploads\/2023\/08\/D_NQ_NP_2X_634090-MLM69946781293_062023-F.jpg",1198,1198,false],"2048x2048":["https:\/\/suncasesupply.com\/wp-content\/uploads\/2023\/08\/D_NQ_NP_2X_634090-MLM69946781293_062023-F.jpg",1198,1198,false],"trp-custom-language-flag":["https:\/\/suncasesupply.com\/wp-content\/uploads\/2023\/08\/D_NQ_NP_2X_634090-MLM69946781293_062023-F.jpg",12,12,false],"woocommerce_thumbnail":["https:\/\/suncasesupply.com\/wp-content\/uploads\/2023\/08\/D_NQ_NP_2X_634090-MLM69946781293_062023-F-300x300.jpg",300,300,true],"woocommerce_single":["https:\/\/suncasesupply.com\/wp-content\/uploads\/2023\/08\/D_NQ_NP_2X_634090-MLM69946781293_062023-F-600x600.jpg",600,600,true],"woocommerce_gallery_thumbnail":["https:\/\/suncasesupply.com\/wp-content\/uploads\/2023\/08\/D_NQ_NP_2X_634090-MLM69946781293_062023-F-100x100.jpg",100,100,true]},"post_excerpt_stackable":"<p>Model : Z45<\/p>\n<p>Size:\u00a0 45 x 45 x 20 cm<\/p>\n<p>MOQ: 100pcs<\/p>\n<p>Delivery Time : 15-25 Days<\/p>\n<p>Sample : Available<\/p>\n","category_list":"","author_info":{"name":"","url":""},"comments_num":"0 comentarios","_links":{"self":[{"href":"https:\/\/suncasesupply.com\/es\/wp-json\/wp\/v2\/product\/21630"}],"collection":[{"href":"https:\/\/suncasesupply.com\/es\/wp-json\/wp\/v2\/product"}],"about":[{"href":"https:\/\/suncasesupply.com\/es\/wp-json\/wp\/v2\/types\/product"}],"wp:featuredmedia":[{"embeddable":true,"href":"https:\/\/suncasesupply.com\/es\/wp-json\/wp\/v2\/media\/21658"}],"wp:attachment":[{"href":"https:\/\/suncasesupply.com\/es\/wp-json\/wp\/v2\/media?parent=21630"}],"wp:term":[{"taxonomy":"product_cat","embeddable":true,"href":"https:\/\/suncasesupply.com\/es\/wp-json\/wp\/v2\/product_cat?post=21630"},{"taxonomy":"product_tag","embeddable":true,"href":"https:\/\/suncasesupply.com\/es\/wp-json\/wp\/v2\/product_tag?post=21630"}],"curies":[{"name":"wp","href":"https:\/\/api.w.org\/{rel}","templated":true}]}}