{"id":21520,"date":"2023-08-29T09:28:06","date_gmt":"2023-08-29T01:28:06","guid":{"rendered":"https:\/\/suncasesupply.com\/?post_type=product&#038;p=21520"},"modified":"2026-03-17T00:36:10","modified_gmt":"2026-03-16T16:36:10","slug":"aluminum-case-with-custom-size-color-locking-aluminum-box-for-storing-item","status":"publish","type":"product","link":"https:\/\/suncasesupply.com\/es\/product\/aluminum-case-with-custom-size-color-locking-aluminum-box-for-storing-item\/","title":{"rendered":"Caja de aluminio para almacenar art\u00edculos Estuche de aluminio con tama\u00f1o personalizado"},"content":{"rendered":"<h4><span style=\"color: #003366;\">Caracter\u00edsticas:<\/span><\/h4>\n<ul>\n<li><strong><b>Estilo<\/b><\/strong>Esta caja de aluminio personalizada tiene un estilo sencillo y elegante. Su acabado gris hierro, combinado con accesorios negros, le confiere un aspecto sofisticado y con textura.<\/li>\n<li><strong><b>Durabilidad<\/b><\/strong>La estructura completa de estas cajas de almacenamiento de aluminio est\u00e1 hecha de un marco robusto, con tres capas de material (material de superficie\/tablero MDF y espuma de revestimiento) y herrajes de alta calidad, por lo que la caja en su conjunto es muy resistente y tiene una capacidad de carga de m\u00e1s de 15 kg.<\/li>\n<li><strong><b>Funcionalidad: <\/b><\/strong>El interior de la caja de aluminio hecha a medida cuenta con espuma Egg Foam en la tapa superior y con inserciones de espuma Pick &amp; Pluck en la tapa inferior, que amortiguan y protegen tu equipo durante los viajes o el uso al aire libre.<\/li>\n<\/ul>\n<div style=\"display: flex; gap: 20px;\">\n<p><!-- \u7b2c\u4e00\u680f --><\/p>\n<div style=\"flex: 1; text-align: center;\">\n<p><img decoding=\"async\" style=\"max-width: 100%; height: auto; margin-bottom: 10px;\" src=\"https:\/\/suncasesupply.com\/wp-content\/uploads\/2025\/03\/1-Combination-Locks.jpg\" alt=\"Cerraduras de combinaci\u00f3n\" \/><\/p>\n<p><b><\/b><b><\/b><strong><b>Cerraduras de combinaci\u00f3n<\/b><\/strong><\/p>\n<p style=\"margin: 0;\">El sistema de cerradura de combinaci\u00f3n proporciona un m\u00e9todo de cierre m\u00e1s c\u00f3modo y seguro que las cerraduras tradicionales con llave, de modo que solo usted pueda abrir su malet\u00edn de herramientas de aluminio personalizado, mejorando enormemente la privacidad y las capacidades antirrobo.<\/p>\n<p>&nbsp;<\/p>\n<\/div>\n<p><!-- \u7b2c\u4e8c\u680f --><\/p>\n<div style=\"flex: 1; text-align: center;\">\n<p><img decoding=\"async\" style=\"max-width: 100%; height: auto; margin-bottom: 10px;\" src=\"https:\/\/suncasesupply.com\/wp-content\/uploads\/2025\/03\/2-DIY-Foam.jpg\" alt=\"Espuma casera\" \/><\/p>\n<p><b><\/b><b><\/b><strong><b>Espuma casera<\/b><\/strong><\/p>\n<p style=\"margin: 0;\">La tapa inferior interior est\u00e1 hecha de espuma moldeable, un material precortado que puedes personalizar en tama\u00f1o y forma para adaptarla a los art\u00edculos que quieras guardar en la caja. La espuma moldeable est\u00e1 disponible en diferentes densidades, lo que permite crear una caja de aluminio personalizada seg\u00fan tus necesidades.<\/p>\n<\/div>\n<p><!-- \u7b2c\u4e09\u680f --><\/p>\n<div style=\"flex: 1; text-align: center;\">\n<p><img decoding=\"async\" style=\"max-width: 100%; height: auto; margin-bottom: 10px;\" src=\"https:\/\/suncasesupply.com\/wp-content\/uploads\/2025\/03\/3-Back-Support-Hinge.jpg\" alt=\"Bisagra de soporte de espalda\" \/><\/p>\n<p><b><\/b><b><\/b><strong><b>Bisagra de soporte de espalda<\/b><\/strong><\/p>\n<p>Es un accesorio que se utiliza para conectar la tapa superior y la tapa inferior de la caja de aluminio y permitir la rotaci\u00f3n relativa entre ambas, lo que lo hace adecuado para maletas de viaje de aluminio personalizadas.<\/p>\n<\/div>\n<p><!-- \u7b2c\u56db\u680f --><\/p>\n<div style=\"flex: 1; text-align: center;\">\n<p><img decoding=\"async\" style=\"max-width: 100%; height: auto; margin-bottom: 10px;\" src=\"https:\/\/suncasesupply.com\/wp-content\/uploads\/2025\/03\/4-Handle-3.jpg\" alt=\"Manejar\" \/><\/p>\n<p><strong><b>Manejar<\/b><\/strong><\/p>\n<p style=\"margin: 0;\">La funci\u00f3n principal del asa es proporcionar un agarre firme y control, facilitando as\u00ed la manipulaci\u00f3n de objetos. Sus funciones son m\u00e1s diversas: adem\u00e1s de proporcionar agarre y control, tambi\u00e9n ofrece soporte, estabilidad y equilibrio, lo que la hace ideal para cualquier dise\u00f1o personalizado de estuches de aluminio.<\/p>\n<\/div>\n<\/div>\n<div style=\"background-color: #29599a; padding: 40px 20px; text-align: center; color: #ffffff; border-radius: 10px; margin: 40px auto; max-width: 960px;\">\n<h2 style=\"font-size: 22px; margin-bottom: 20px; font-weight: bold;\"><span style=\"color: #ffffff;\">\u00a1Consigue cajas de almacenamiento de aluminio de primera calidad en Sun Case, a partir de 100 unidades!<\/span><\/h2>\n<p><a style=\"display: inline-block; padding: 12px 28px; background-color: #ffffff; color: #29599a; text-decoration: none; border-radius: 6px; font-weight: bold;\" href=\"https:\/\/suncasesupply.com\/es\/contact-us\/\" target=\"_blank\" rel=\"noopener\">Obtenga una cotizaci\u00f3n<br \/>\n<\/a><\/p>\n<\/div>\n<h4><span style=\"color: #003366;\">Proceso de fabricaci\u00f3n:<\/span><\/h4>\n<p><img decoding=\"async\" style=\"max-width: 100%; height: auto; margin-bottom: 10px;\" src=\"https:\/\/suncasesupply.com\/wp-content\/uploads\/2025\/07\/Manufacturing-Process.png\" alt=\"Proceso de fabricaci\u00f3n de Suncase\" \/><\/p>\n<div style=\"display: flex; gap: 20px;\">\n<p><!-- \u7b2c\u4e00\u680f \u6d41\u7a0b1--><\/p>\n<div style=\"flex: 1; text-align: center;\"><\/div>\n<\/div>\n<div style=\"display: flex; gap: 20px;\">\n<div style=\"flex: 1; text-align: center;\">\n<p style=\"font-weight: bold; margin: 5px 0;\">\n<\/div>\n<\/div>\n<h4><span style=\"color: #003366;\">Informaci\u00f3n \u00fatil para compradores al por mayor:<\/span><\/h4>\n<ul>\n<li class=\"page-title\" title=\"\u00bfQu\u00e9 hace que las tarjetas deportivas sean tan valiosas?\">\n<p class=\"page-title\" title=\"Diferentes tipos de estuches de transporte de aluminio\"><a href=\"https:\/\/suncasesupply.com\/es\/blog\/custom-aluminum-case\/different-types-of-aluminum-carrying-cases\/\">Diferentes tipos de estuches de transporte de aluminio &gt;&gt;<\/a><\/p>\n<\/li>\n<li title=\"\u00bfQu\u00e9 hace que las tarjetas deportivas sean tan valiosas?\">\n<p class=\"page-title\" title=\"Todo lo que necesita saber sobre las cajas de aluminio\"><a href=\"https:\/\/suncasesupply.com\/es\/blog\/all-you-need-to-know-about-aluminum-cases\/\">Todo lo que necesita saber sobre las cajas de aluminio &gt;&gt;<\/a><\/p>\n<\/li>\n<li title=\"\u00bfQu\u00e9 hace que las tarjetas deportivas sean tan valiosas?\">\n<p class=\"page-title\" title=\"\u00bfC\u00f3mo elegir la carcasa de aluminio adecuada?\"><a href=\"https:\/\/suncasesupply.com\/es\/blog\/selection-of-aluminum-case\/\">\u00bfC\u00f3mo elegir la caja de aluminio adecuada? &gt;&gt;<\/a><\/p>\n<\/li>\n<\/ul>","protected":false},"excerpt":{"rendered":"<p>Modelo: BA-25003<\/p>\n<p>Tama\u00f1o: 450x330x120mm<\/p>\n<p>Colores: Color gris<\/p>\n<p>Materiales: Marco de aluminio, tablero MDF, panel de melamina, herrajes.<\/p>\n<p>Logotipo: Logotipo impreso en seda \/ Logotipo impreso en placa de metal<\/p>\n<p>Cantidad m\u00ednima de pedido: 100 piezas<\/p>\n<p>Condiciones de pago: T\/T, dep\u00f3sito + saldo<\/p>","protected":false},"featured_media":25288,"template":"","meta":{"_gspb_post_css":""},"product_cat":[80],"product_tag":[],"featured_image_urls":{"full":["https:\/\/suncasesupply.com\/wp-content\/uploads\/2023\/08\/aa-6.jpg",800,800,false],"thumbnail":["https:\/\/suncasesupply.com\/wp-content\/uploads\/2023\/08\/aa-6-150x150.jpg",150,150,true],"medium":["https:\/\/suncasesupply.com\/wp-content\/uploads\/2023\/08\/aa-6-300x300.jpg",300,300,true],"medium_large":["https:\/\/suncasesupply.com\/wp-content\/uploads\/2023\/08\/aa-6-768x768.jpg",768,768,true],"large":["https:\/\/suncasesupply.com\/wp-content\/uploads\/2023\/08\/aa-6.jpg",800,800,false],"1536x1536":["https:\/\/suncasesupply.com\/wp-content\/uploads\/2023\/08\/aa-6.jpg",800,800,false],"2048x2048":["https:\/\/suncasesupply.com\/wp-content\/uploads\/2023\/08\/aa-6.jpg",800,800,false],"trp-custom-language-flag":["https:\/\/suncasesupply.com\/wp-content\/uploads\/2023\/08\/aa-6-12x12.jpg",12,12,true],"woocommerce_thumbnail":["https:\/\/suncasesupply.com\/wp-content\/uploads\/2023\/08\/aa-6-300x300.jpg",300,300,true],"woocommerce_single":["https:\/\/suncasesupply.com\/wp-content\/uploads\/2023\/08\/aa-6-600x600.jpg",600,600,true],"woocommerce_gallery_thumbnail":["https:\/\/suncasesupply.com\/wp-content\/uploads\/2023\/08\/aa-6-100x100.jpg",100,100,true]},"post_excerpt_stackable":"<p>Model:BA-25003<\/p>\n<p>Size: 450x330x120mm<\/p>\n<p>Colors: Grey color<\/p>\n<p>Materials: Aluminum Frame, MDF Board, Melamine Panel, Hardware.<\/p>\n<p>Logo: Silk Printing Logo \/ Metal Plate Logo<\/p>\n<p>MOQ: 100pcs<\/p>\n<p>Payment Terms: T\/T, Deposit+Balance<\/p>\n","category_list":"","author_info":{"name":"","url":""},"comments_num":"0 comentarios","_links":{"self":[{"href":"https:\/\/suncasesupply.com\/es\/wp-json\/wp\/v2\/product\/21520"}],"collection":[{"href":"https:\/\/suncasesupply.com\/es\/wp-json\/wp\/v2\/product"}],"about":[{"href":"https:\/\/suncasesupply.com\/es\/wp-json\/wp\/v2\/types\/product"}],"wp:featuredmedia":[{"embeddable":true,"href":"https:\/\/suncasesupply.com\/es\/wp-json\/wp\/v2\/media\/25288"}],"wp:attachment":[{"href":"https:\/\/suncasesupply.com\/es\/wp-json\/wp\/v2\/media?parent=21520"}],"wp:term":[{"taxonomy":"product_cat","embeddable":true,"href":"https:\/\/suncasesupply.com\/es\/wp-json\/wp\/v2\/product_cat?post=21520"},{"taxonomy":"product_tag","embeddable":true,"href":"https:\/\/suncasesupply.com\/es\/wp-json\/wp\/v2\/product_tag?post=21520"}],"curies":[{"name":"wp","href":"https:\/\/api.w.org\/{rel}","templated":true}]}}