{"id":21446,"date":"2023-08-28T16:26:11","date_gmt":"2023-08-28T08:26:11","guid":{"rendered":"https:\/\/suncasesupply.com\/?post_type=product&#038;p=21446"},"modified":"2025-02-20T14:33:37","modified_gmt":"2025-02-20T06:33:37","slug":"black-7-inch-aluminum-storage-box-custom-size-lp-record-case-locking-heavy-duty-record-box","status":"publish","type":"product","link":"https:\/\/suncasesupply.com\/es\/product\/black-7-inch-aluminum-storage-box-custom-size-lp-record-case-locking-heavy-duty-record-box\/","title":{"rendered":"Caja de registro de LP de tama\u00f1o personalizado de caja de almacenamiento de aluminio negra de 7 pulgadas que cierra la caja de registro resistente"},"content":{"rendered":"<p>&nbsp;<\/p>\n<table width=\"774\">\n<tbody>\n<tr>\n<td width=\"177\">Art\u00edculo<\/td>\n<td width=\"597\">Caja de aluminio<\/td>\n<\/tr>\n<tr>\n<td>Dimensi\u00f3n<\/td>\n<td>\u00a043,5 x 22,5 x 22,5 cm o personalizar<\/td>\n<\/tr>\n<tr>\n<td>Colores<\/td>\n<td>Como muestran las im\u00e1genes o personalizar<\/td>\n<\/tr>\n<tr>\n<td>Materiales<\/td>\n<td>Aluminio, panel de ABS, tablero de MDF, forro de EVA\/espuma\/tela\/PU, herrajes<\/td>\n<\/tr>\n<tr>\n<td>Logo<\/td>\n<td>Logotipo de placa de metal, logotipo impreso, logotipo en relieve, logotipo l\u00e1ser<\/td>\n<\/tr>\n<tr>\n<td>tiempo de muestra<\/td>\n<td>7 d\u00edas<\/td>\n<\/tr>\n<tr>\n<td>Puerto de embarque<\/td>\n<td>Cant\u00f3n, Shenzhen<\/td>\n<\/tr>\n<tr>\n<td>T\u00e9rminos comerciales<\/td>\n<td>EXW, MANDO, CIF, DDU, DDP<\/td>\n<\/tr>\n<tr>\n<td>M\u00e9todos de pago<\/td>\n<td>T\/T, Efectivo, PayPal, Tarjeta de cr\u00e9dito<\/td>\n<\/tr>\n<\/tbody>\n<\/table>\n<p><span style=\"color: #003366;\">Caracter\u00edsticas:<\/span><\/p>\n<p>Con una capacidad de hasta 120 singles, la caja para discos de 7 pulgadas es imprescindible para cualquiera a quien le guste pinchar. La tapa de la caja de discos de DJ est\u00e1 firmemente instalada sobre 2 robustas bisagras de metal. La robusta construcci\u00f3n de aluminio, los paneles de MDF plastificados y el suave acolchado en el interior ofrecen a los individuales una excelente protecci\u00f3n contra los golpes, la luz y el calor. Un cierre a presi\u00f3n con llave protege a sus solteros del robo. El estuche para discos para solteros es f\u00e1cil de transportar mediante el asa. A pesar de su enorme capacidad, su construcci\u00f3n robusta y sus materiales de alta calidad, el estuche para discos de vinilo tiene un peso propio reducido.<\/p>","protected":false},"excerpt":{"rendered":"<p>Modelo : Z42<\/p>\n<p>Tama\u00f1o: 43,5 x 22,5 x 22,5 cm<\/p>\n<p>Capacidad: 120 LP de 7 \u2033<\/p>\n<p>Cantidad m\u00ednima de pedido: 100 piezas<\/p>\n<p>Tiempo de entrega: 15-25 d\u00edas<\/p>\n<p>Muestra: Disponible<\/p>","protected":false},"featured_media":21447,"template":"","meta":{"_gspb_post_css":""},"product_cat":[83],"product_tag":[],"featured_image_urls":{"full":["https:\/\/suncasesupply.com\/wp-content\/uploads\/2023\/08\/256.png",800,800,false],"thumbnail":["https:\/\/suncasesupply.com\/wp-content\/uploads\/2023\/08\/256-150x150.png",150,150,true],"medium":["https:\/\/suncasesupply.com\/wp-content\/uploads\/2023\/08\/256-300x300.png",300,300,true],"medium_large":["https:\/\/suncasesupply.com\/wp-content\/uploads\/2023\/08\/256-768x768.png",768,768,true],"large":["https:\/\/suncasesupply.com\/wp-content\/uploads\/2023\/08\/256.png",800,800,false],"1536x1536":["https:\/\/suncasesupply.com\/wp-content\/uploads\/2023\/08\/256.png",800,800,false],"2048x2048":["https:\/\/suncasesupply.com\/wp-content\/uploads\/2023\/08\/256.png",800,800,false],"trp-custom-language-flag":["https:\/\/suncasesupply.com\/wp-content\/uploads\/2023\/08\/256.png",12,12,false],"woocommerce_thumbnail":["https:\/\/suncasesupply.com\/wp-content\/uploads\/2023\/08\/256-300x300.png",300,300,true],"woocommerce_single":["https:\/\/suncasesupply.com\/wp-content\/uploads\/2023\/08\/256-600x600.png",600,600,true],"woocommerce_gallery_thumbnail":["https:\/\/suncasesupply.com\/wp-content\/uploads\/2023\/08\/256-100x100.png",100,100,true]},"post_excerpt_stackable":"<p>Model : Z42<\/p>\n<p>Size: \u00a043,5 x 22,5 x 22,5 cm<\/p>\n<p>Capacity: 120 x 7&#8243; LPs<\/p>\n<p>MOQ: 100pcs<\/p>\n<p>Delivery Time : 15-25 Days<\/p>\n<p>Sample : Available<\/p>\n","category_list":"","author_info":{"name":"","url":""},"comments_num":"0 comentarios","_links":{"self":[{"href":"https:\/\/suncasesupply.com\/es\/wp-json\/wp\/v2\/product\/21446"}],"collection":[{"href":"https:\/\/suncasesupply.com\/es\/wp-json\/wp\/v2\/product"}],"about":[{"href":"https:\/\/suncasesupply.com\/es\/wp-json\/wp\/v2\/types\/product"}],"wp:featuredmedia":[{"embeddable":true,"href":"https:\/\/suncasesupply.com\/es\/wp-json\/wp\/v2\/media\/21447"}],"wp:attachment":[{"href":"https:\/\/suncasesupply.com\/es\/wp-json\/wp\/v2\/media?parent=21446"}],"wp:term":[{"taxonomy":"product_cat","embeddable":true,"href":"https:\/\/suncasesupply.com\/es\/wp-json\/wp\/v2\/product_cat?post=21446"},{"taxonomy":"product_tag","embeddable":true,"href":"https:\/\/suncasesupply.com\/es\/wp-json\/wp\/v2\/product_tag?post=21446"}],"curies":[{"name":"wp","href":"https:\/\/api.w.org\/{rel}","templated":true}]}}