{"id":21440,"date":"2023-08-28T16:22:50","date_gmt":"2023-08-28T08:22:50","guid":{"rendered":"https:\/\/suncasesupply.com\/?post_type=product&#038;p=21440"},"modified":"2025-07-15T10:56:58","modified_gmt":"2025-07-15T02:56:58","slug":"acrylic-clear-display-vinyl-lp-record-case-aluminum-album-storage-box-for-12-record","status":"publish","type":"product","link":"https:\/\/suncasesupply.com\/es\/product\/acrylic-clear-display-vinyl-lp-record-case-aluminum-album-storage-box-for-12-record\/","title":{"rendered":"Caja de almacenamiento de \u00e1lbum de aluminio, caja de almacenamiento de \u00e1lbum de vinilo LP con pantalla transparente acr\u00edlica para discos de 12&quot;"},"content":{"rendered":"<h4><span style=\"color: #003366;\">Caracter\u00edsticas:<\/span><\/h4>\n<ul>\n<li><strong><b>Durabilidad y resistencia<\/b><\/strong>Una de las principales ventajas de las cajas de discos de acr\u00edlico sobre las de vidrio es su mayor durabilidad y resistencia. El acr\u00edlico es un material termopl\u00e1stico conocido por su resistencia a los impactos, lo que lo hace altamente resistente a roturas y grietas. Esto lo hace ideal para proteger su colecci\u00f3n en una caja de almacenamiento de discos de vinilo de acr\u00edlico transparente.<\/li>\n<li><strong><b>Claridad \u00f3ptica y transparencia<\/b><\/strong>El acr\u00edlico ofrece una excelente claridad \u00f3ptica, comparable a la del vidrio. Su transparencia lo hace perfecto para exhibiciones. Al usarlo para almacenar discos de vinilo acr\u00edlicos, permite ver su colecci\u00f3n con claridad y al mismo tiempo mantenerla completamente protegida, ideal tanto para coleccionistas como para minoristas.<\/li>\n<li><strong><b>Gran capacidad<\/b><\/strong>La capacidad y las dimensiones de la caja se pueden personalizar seg\u00fan sus necesidades. Estos estuches para discos de vinilo se utilizan com\u00fanmente para guardar y organizar \u00e1lbumes de vinilo de 7\u2033 y 12\u2033, combinando protecci\u00f3n y presentaci\u00f3n.<\/li>\n<li><strong><b>Ligero<\/b><\/strong>:La estructura de acr\u00edlico es significativamente m\u00e1s liviana que el vidrio, lo que hace que el estuche de transporte de discos de vinilo sea f\u00e1cil de transportar y exhibir en exposiciones, tiendas o instalaciones dom\u00e9sticas.<\/li>\n<\/ul>\n<h4><span style=\"color: #003366;\">Detalles del producto:<\/span><\/h4>\n<div style=\"display: flex; gap: 20px;\">\n<p><!-- \u7b2c\u4e00\u680f --><\/p>\n<div style=\"flex: 1; text-align: center;\">\n<p><img decoding=\"async\" style=\"max-width: 100%; height: auto; margin-bottom: 10px;\" src=\"https:\/\/suncasesupply.com\/wp-content\/uploads\/2024\/12\/1-Strong-Corner.webp\" alt=\"Rinc\u00f3n fuerte\" \/><\/p>\n<p style=\"font-weight: bold; margin: 5px 0;\"><strong><b>Rinc\u00f3n fuerte<\/b><\/strong><\/p>\n<p style=\"margin: 0;\">La funci\u00f3n principal de las esquinas es la protecci\u00f3n, ya que mantienen una uni\u00f3n protectora en los puntos de impacto m\u00e1s comunes de una carcasa. El material met\u00e1lico y la forma semicircular hacen que sea m\u00e1s resistente a los impactos. Su color se puede personalizar para que coincida con el color de la carcasa o el panel.<\/p>\n<\/div>\n<p><!-- \u7b2c\u4e8c\u680f --><\/p>\n<div style=\"flex: 1; text-align: center;\">\n<p><img decoding=\"async\" style=\"max-width: 100%; height: auto; margin-bottom: 10px;\" src=\"https:\/\/suncasesupply.com\/wp-content\/uploads\/2024\/12\/2-Butterfly-Latches.webp\" alt=\"2- Pestillos de mariposa\" \/><\/p>\n<p style=\"font-weight: bold; margin: 5px 0;\"><strong><b>Pestillos de mariposa<\/b><\/strong><\/p>\n<p style=\"margin: 0;\">Los nombres se identifican por su forma que se parece a la de una mariposa. Est\u00e1 hecho de acero inoxidable y acero de alta calidad. Es muy potente porque el ajuste se realiza girando la perilla. Por lo general, se le puede agregar un candado si es necesario para mayor seguridad. El color habitual es plateado, pero se puede fabricar en cualquier color que necesite.<\/p>\n<\/div>\n<p><!-- \u7b2c\u4e09\u680f --><\/p>\n<div style=\"flex: 1; text-align: center;\">\n<p><img decoding=\"async\" style=\"max-width: 100%; height: auto; margin-bottom: 10px;\" src=\"https:\/\/suncasesupply.com\/wp-content\/uploads\/2024\/12\/3-Aluminum-Frame.webp\" alt=\"Inserto de espuma personalizado (EVA)\" \/><\/p>\n<p style=\"font-weight: bold; margin: 5px 0;\">Marco de aluminio<\/p>\n<p style=\"margin: 0;\">El marco de aluminio forma la columna vertebral del estuche, brind\u00e1ndole resistencia estructural. El grosor y el ancho se adaptan a sus necesidades de almacenamiento de discos de acr\u00edlico, seg\u00fan el tama\u00f1o del estuche y la capacidad de carga. Los colores m\u00e1s comunes son el plateado y el negro.<\/p>\n<\/div>\n<p><!-- \u7b2c\u56db\u680f --><\/p>\n<div style=\"flex: 1; text-align: center;\">\n<p><img decoding=\"async\" style=\"max-width: 100%; height: auto; margin-bottom: 10px;\" src=\"https:\/\/suncasesupply.com\/wp-content\/uploads\/2024\/12\/4-Acrylic-Panel.webp\" alt=\"4-Panel acr\u00edlico\" \/><\/p>\n<p style=\"font-weight: bold; margin: 5px 0;\"><strong><b>4-Panel acr\u00edlico<\/b><\/strong><\/p>\n<p data-start=\"2082\" data-end=\"2362\">Los seis paneles est\u00e1n hechos de acr\u00edlico transparente de 4 mm, con una resistencia moderada a los ara\u00f1azos. El contenido del organizador de discos se puede ver y apreciar sin abrir el estuche: una soluci\u00f3n elegante para quienes buscan una caja de exhibici\u00f3n de acr\u00edlico funcional.<\/p>\n<\/div>\n<\/div>\n<div style=\"background-color: #29599a; padding: 40px 20px; text-align: center; color: #ffffff; border-radius: 10px; margin: 40px auto; max-width: 960px;\">\n<h2 style=\"font-size: 22px; margin-bottom: 20px; font-weight: bold;\"><span style=\"color: #ffffff;\">Proteja y exhiba su colecci\u00f3n de vinilos: pedido m\u00ednimo de 100, dise\u00f1o duradero de acr\u00edlico y aluminio.<\/span><\/h2>\n<p><a style=\"display: inline-block; padding: 12px 28px; background-color: #ffffff; color: #29599a; text-decoration: none; border-radius: 6px; font-weight: bold;\" href=\"https:\/\/suncasesupply.com\/es\/contact-us\/\" target=\"_blank\" rel=\"noopener\">Obtenga su cotizaci\u00f3n hoy<br \/>\n<\/a><\/p>\n<\/div>\n<h4><span style=\"color: #003366;\">Proceso de fabricaci\u00f3n de caja de almacenamiento de \u00e1lbumes de aluminio:<\/span><\/h4>\n<p><img decoding=\"async\" style=\"max-width: 100%; height: auto; margin-bottom: 10px;\" src=\"https:\/\/suncasesupply.com\/wp-content\/uploads\/2025\/07\/Manufacturing-Process.png\" alt=\"Proceso de fabricaci\u00f3n de Suncase\" \/><\/p>\n<h4><span style=\"color: #003366;\">Informaci\u00f3n \u00fatil para compradores al por mayor:<\/span><\/h4>\n<ul>\n<li class=\"page-title\" title=\"\u00bfQu\u00e9 hace que las tarjetas deportivas sean tan valiosas?\">\n<p class=\"page-title\" title=\"\u00bfCu\u00e1l es el tama\u00f1o de la caja del disco de vinilo?\"><a href=\"https:\/\/suncasesupply.com\/es\/blog\/size-of-the-vinyl-record-case\/\">\u00bfCu\u00e1l es el tama\u00f1o del estuche del disco de vinilo? &gt;&gt;<\/a><\/p>\n<\/li>\n<li class=\"page-title\" title=\"\u00bfQu\u00e9 hace que las tarjetas deportivas sean tan valiosas?\">\n<p class=\"page-title\" title=\"\u00bfCu\u00e1l es el tama\u00f1o de la caja del disco de vinilo?\"><a href=\"https:\/\/suncasesupply.com\/es\/blog\/what-vinyl-record-case-made-of\/\">\u00bfDe qu\u00e9 est\u00e1n hechos los estuches de discos de vinilo?<\/a><\/p>\n<\/li>\n<li title=\"\u00bfQu\u00e9 hace que las tarjetas deportivas sean tan valiosas?\"><a href=\"https:\/\/suncasesupply.com\/es\/blog\/custom-aluminum-case\/aluminum-storage-box-for-organization\/\">\u00bfC\u00f3mo almacenar discos de vinilo con un estuche de aluminio?<\/a><\/li>\n<\/ul>","protected":false},"excerpt":{"rendered":"<p>Modelo: SC-BA001<\/p>\n<p>Tama\u00f1o: 360*190*360 mm o personalizado<\/p>\n<p>Capacidad: 50 unidades de LP\/vinilos\/discos de 12 pulgadas<\/p>\n<p>Colores: Transparente<\/p>\n<p>Materiales: Aluminio, Panel acr\u00edlico, Panel ABS, Accesorios.<\/p>\n<p>Logotipo: Logotipo en placa de metal, logotipo en serigraf\u00eda.<\/p>\n<p>Cantidad m\u00ednima de pedido: 100 piezas<\/p>","protected":false},"featured_media":21443,"template":"","meta":{"_gspb_post_css":""},"product_cat":[83],"product_tag":[],"featured_image_urls":{"full":["https:\/\/suncasesupply.com\/wp-content\/uploads\/2023\/08\/230.jpg",800,800,false],"thumbnail":["https:\/\/suncasesupply.com\/wp-content\/uploads\/2023\/08\/230-150x150.jpg",150,150,true],"medium":["https:\/\/suncasesupply.com\/wp-content\/uploads\/2023\/08\/230-300x300.jpg",300,300,true],"medium_large":["https:\/\/suncasesupply.com\/wp-content\/uploads\/2023\/08\/230-768x768.jpg",768,768,true],"large":["https:\/\/suncasesupply.com\/wp-content\/uploads\/2023\/08\/230.jpg",800,800,false],"1536x1536":["https:\/\/suncasesupply.com\/wp-content\/uploads\/2023\/08\/230.jpg",800,800,false],"2048x2048":["https:\/\/suncasesupply.com\/wp-content\/uploads\/2023\/08\/230.jpg",800,800,false],"trp-custom-language-flag":["https:\/\/suncasesupply.com\/wp-content\/uploads\/2023\/08\/230.jpg",12,12,false],"woocommerce_thumbnail":["https:\/\/suncasesupply.com\/wp-content\/uploads\/2023\/08\/230-300x300.jpg",300,300,true],"woocommerce_single":["https:\/\/suncasesupply.com\/wp-content\/uploads\/2023\/08\/230-600x600.jpg",600,600,true],"woocommerce_gallery_thumbnail":["https:\/\/suncasesupply.com\/wp-content\/uploads\/2023\/08\/230-100x100.jpg",100,100,true]},"post_excerpt_stackable":"<p>Model: SC-BA001<\/p>\n<p>Size: 360*190*360mm or Customize<\/p>\n<p>Capacity: 50pcs x\u00a012inch LPs\/Vinyl\/Records<\/p>\n<p>Colors: Transparent<\/p>\n<p>Materials: Aluminum, Acrylic\u00a0panel, ABS\u00a0Panel, Accessories.<\/p>\n<p>Logo: Metal plate logo, silk screen logo<\/p>\n<p>MOQ: 100pcs<\/p>\n","category_list":"","author_info":{"name":"","url":""},"comments_num":"0 comentarios","_links":{"self":[{"href":"https:\/\/suncasesupply.com\/es\/wp-json\/wp\/v2\/product\/21440"}],"collection":[{"href":"https:\/\/suncasesupply.com\/es\/wp-json\/wp\/v2\/product"}],"about":[{"href":"https:\/\/suncasesupply.com\/es\/wp-json\/wp\/v2\/types\/product"}],"wp:featuredmedia":[{"embeddable":true,"href":"https:\/\/suncasesupply.com\/es\/wp-json\/wp\/v2\/media\/21443"}],"wp:attachment":[{"href":"https:\/\/suncasesupply.com\/es\/wp-json\/wp\/v2\/media?parent=21440"}],"wp:term":[{"taxonomy":"product_cat","embeddable":true,"href":"https:\/\/suncasesupply.com\/es\/wp-json\/wp\/v2\/product_cat?post=21440"},{"taxonomy":"product_tag","embeddable":true,"href":"https:\/\/suncasesupply.com\/es\/wp-json\/wp\/v2\/product_tag?post=21440"}],"curies":[{"name":"wp","href":"https:\/\/api.w.org\/{rel}","templated":true}]}}