{"id":21418,"date":"2023-08-28T16:18:31","date_gmt":"2023-08-28T08:18:31","guid":{"rendered":"https:\/\/suncasesupply.com\/?post_type=product&#038;p=21418"},"modified":"2025-02-20T11:28:05","modified_gmt":"2025-02-20T03:28:05","slug":"__trashed-6","status":"publish","type":"product","link":"https:\/\/suncasesupply.com\/es\/product\/__trashed-6\/","title":{"rendered":"Caja de almacenamiento de losas de tarjetas, caja de intercambio de tarjetas graduadas, 4 filas, color negro"},"content":{"rendered":"<p>&nbsp;<\/p>\n<table width=\"774\">\n<tbody>\n<tr>\n<td width=\"177\">Art\u00edculo<\/td>\n<td width=\"597\">Estuche para tarjetas deportivas de aluminio<\/td>\n<\/tr>\n<tr>\n<td>Dimensi\u00f3n<\/td>\n<td>45 x 25,4x 17,8 cm o personalizar<\/td>\n<\/tr>\n<tr>\n<td>Colores<\/td>\n<td>Como muestran las im\u00e1genes o personalizar<\/td>\n<\/tr>\n<tr>\n<td>Materiales<\/td>\n<td>Aluminio, panel de ABS, tablero de MDF, forro de EVA\/espuma\/tela\/PU, herrajes<\/td>\n<\/tr>\n<tr>\n<td>Logo<\/td>\n<td>Logotipo de placa de metal, logotipo impreso, logotipo en relieve, logotipo l\u00e1ser<\/td>\n<\/tr>\n<tr>\n<td>tiempo de muestra<\/td>\n<td>7 d\u00edas<\/td>\n<\/tr>\n<tr>\n<td>Puerto de embarque<\/td>\n<td>Cant\u00f3n, Shenzhen<\/td>\n<\/tr>\n<tr>\n<td>T\u00e9rminos comerciales<\/td>\n<td>EXW, MANDO, CIF, DDU, DDP<\/td>\n<\/tr>\n<tr>\n<td>M\u00e9todos de pago<\/td>\n<td>T\/T, Efectivo, PayPal, Tarjeta de cr\u00e9dito<\/td>\n<\/tr>\n<\/tbody>\n<\/table>\n<p><span style=\"color: #003366;\">Caracter\u00edsticas:<\/span><\/p>\n<p>Este estuche es una excelente caja de almacenamiento para coleccionistas de tarjetas deportivas que desean mantener seguras sus tarjetas con clasificaci\u00f3n PSA y BGS.<\/p>\n<p>Est\u00e1 hecho de material resistente para garantizar que sus tarjetas permanezcan seguras.<\/p>\n<p>Los insertos de espuma est\u00e1n dise\u00f1ados para mantener sus tarjetas seguras incluso si el estuche no est\u00e1 lleno al m\u00e1ximo.<\/p>\n<p>Es resistente al agua pero no impermeable.<\/p>\n<p>Tambi\u00e9n admite PSA y tarjetas calificadas con algo de espacio libre.<\/p>\n<p>Tiene capacidad para hasta 140 tarjetas calificadas.<\/p>","protected":false},"excerpt":{"rendered":"<p>Modelo: BL-0028<\/p>\n<p>Tama\u00f1o: 45 x 25,4 x 17,8 cm o personalizar<\/p>\n<p>Cantidad m\u00ednima de pedido: 100 piezas<\/p>\n<p>Tiempo de entrega: 15-25 d\u00edas<\/p>\n<p>Muestra: Disponible<\/p>","protected":false},"featured_media":21424,"template":"","meta":{"_gspb_post_css":""},"product_cat":[87],"product_tag":[],"featured_image_urls":{"full":["https:\/\/suncasesupply.com\/wp-content\/uploads\/2023\/08\/5-3-2.jpg",800,800,false],"thumbnail":["https:\/\/suncasesupply.com\/wp-content\/uploads\/2023\/08\/5-3-2-150x150.jpg",150,150,true],"medium":["https:\/\/suncasesupply.com\/wp-content\/uploads\/2023\/08\/5-3-2-300x300.jpg",300,300,true],"medium_large":["https:\/\/suncasesupply.com\/wp-content\/uploads\/2023\/08\/5-3-2-768x768.jpg",768,768,true],"large":["https:\/\/suncasesupply.com\/wp-content\/uploads\/2023\/08\/5-3-2.jpg",800,800,false],"1536x1536":["https:\/\/suncasesupply.com\/wp-content\/uploads\/2023\/08\/5-3-2.jpg",800,800,false],"2048x2048":["https:\/\/suncasesupply.com\/wp-content\/uploads\/2023\/08\/5-3-2.jpg",800,800,false],"trp-custom-language-flag":["https:\/\/suncasesupply.com\/wp-content\/uploads\/2023\/08\/5-3-2.jpg",12,12,false],"woocommerce_thumbnail":["https:\/\/suncasesupply.com\/wp-content\/uploads\/2023\/08\/5-3-2-300x300.jpg",300,300,true],"woocommerce_single":["https:\/\/suncasesupply.com\/wp-content\/uploads\/2023\/08\/5-3-2-600x600.jpg",600,600,true],"woocommerce_gallery_thumbnail":["https:\/\/suncasesupply.com\/wp-content\/uploads\/2023\/08\/5-3-2-100x100.jpg",100,100,true]},"post_excerpt_stackable":"<p>Model : BL-0028<\/p>\n<p>Size: 45 x 25.4x 17.8cm or customize<\/p>\n<p>MOQ: 100pcs<\/p>\n<p>Delivery Time : 15-25 Days<\/p>\n<p>Sample : Available<\/p>\n","category_list":"","author_info":{"name":"","url":""},"comments_num":"0 comentarios","_links":{"self":[{"href":"https:\/\/suncasesupply.com\/es\/wp-json\/wp\/v2\/product\/21418"}],"collection":[{"href":"https:\/\/suncasesupply.com\/es\/wp-json\/wp\/v2\/product"}],"about":[{"href":"https:\/\/suncasesupply.com\/es\/wp-json\/wp\/v2\/types\/product"}],"wp:featuredmedia":[{"embeddable":true,"href":"https:\/\/suncasesupply.com\/es\/wp-json\/wp\/v2\/media\/21424"}],"wp:attachment":[{"href":"https:\/\/suncasesupply.com\/es\/wp-json\/wp\/v2\/media?parent=21418"}],"wp:term":[{"taxonomy":"product_cat","embeddable":true,"href":"https:\/\/suncasesupply.com\/es\/wp-json\/wp\/v2\/product_cat?post=21418"},{"taxonomy":"product_tag","embeddable":true,"href":"https:\/\/suncasesupply.com\/es\/wp-json\/wp\/v2\/product_tag?post=21418"}],"curies":[{"name":"wp","href":"https:\/\/api.w.org\/{rel}","templated":true}]}}